{"id":14787,"date":"2025-10-31T11:24:32","date_gmt":"2025-10-31T04:24:32","guid":{"rendered":"https:\/\/web-ban-le.mbws.vn\/dung-cu-tien-ich\/?post_type=product&#038;p=14787"},"modified":"2025-10-31T11:25:44","modified_gmt":"2025-10-31T04:25:44","slug":"%e2%9c%a8%ef%b8%8f%e2%9c%a8%ef%b8%8fgia-ke-inox-de-xa-bong-dan-tuong-phong-tam-lap-de-dang-khong-khoan-duc","status":"publish","type":"product","link":"https:\/\/web-ban-le.mbws.vn\/dung-cu-tien-ich\/san-pham\/%e2%9c%a8%ef%b8%8f%e2%9c%a8%ef%b8%8fgia-ke-inox-de-xa-bong-dan-tuong-phong-tam-lap-de-dang-khong-khoan-duc\/","title":{"rendered":"\u2728\ufe0f\u2728\ufe0fGi\u00e1 K\u1ec7 Inox \u0110\u1ec3 X\u00e0 B\u00f4ng D\u00e1n T\u01b0\u1eddng Ph\u00f2ng T\u1eafm L\u1eafp D\u1ec5 D\u00e0ng, Kh\u00f4ng Khoan \u0110\u1ee5c"},"content":{"rendered":"<div class=\"e8lZp3\">\n<p class=\"QN2lPu\">H\u1ed9p \u0111\u1ef1ng x\u00e0 ph\u00f2ng treo t\u01b0\u1eddng kh\u00f4ng \u0111\u1ee5c l\u1ed7, gi\u00e1 \u0111\u1ef1ng x\u00e0 ph\u00f2ng ph\u00f2ng t\u1eafm, h\u1ed9p \u0111\u1ef1ng x\u00e0 ph\u00f2ng tho\u00e1t n\u01b0\u1edbc \u0111\u01a1n gi\u1ea3n<\/p>\n<p class=\"QN2lPu\">\n<p class=\"QN2lPu\">\u0110\u1eb7c \u0111i\u1ec3m<\/p>\n<p class=\"QN2lPu\">G\u1eafn t\u01b0\u1eddng, L\u01b0u tr\u1eef, Tho\u00e1t n\u01b0\u1edbc, Kh\u00f4ng \u0111\u1ee5c l\u1ed7<\/p>\n<p class=\"QN2lPu\">Thi\u1ebft k\u1ebf: Gi\u00e1 \u0111\u1ef1ng x\u00e0 ph\u00f2ng r\u1ed7ng c\u00f3 th\u1ec3 gi\u1eef x\u00e0 ph\u00f2ng kh\u00f4 v\u00e0 l\u1ecdc n\u01b0\u1edbc nhanh ch\u00f3ng. Thi\u1ebft k\u1ebf g\u1eafn t\u01b0\u1eddng kh\u00f4ng c\u1ea7n khoan c\u00f3 th\u1ec3 ti\u1ebft ki\u1ec7m kh\u00f4ng gian.<\/p>\n<p class=\"QN2lPu\">Ch\u1ea5t l\u01b0\u1ee3ng cao: H\u1ed9p \u0111\u1ef1ng x\u00e0 ph\u00f2ng \u0111\u01b0\u1ee3c l\u00e0m b\u1eb1ng ch\u1ea5t li\u1ec7u kim lo\u1ea1i, v\u1edbi c\u00e1c c\u1ea1nh nh\u1eb5n kh\u00f4ng tr\u1ea7y x\u01b0\u1edbc, ch\u1eafc ch\u1eafn v\u00e0 b\u1ec1n.<\/p>\n<p class=\"QN2lPu\">\n<p class=\"QN2lPu\">Th\u00f4ng s\u1ed1 k\u1ef9 thu\u1eadt<\/p>\n<p class=\"QN2lPu\">Ch\u1ea5t li\u1ec7u: Kim lo\u1ea1i<\/p>\n<p class=\"QN2lPu\">K\u00edch th\u01b0\u1edbc s\u1ea3n ph\u1ea9m: 14 x 9 x 3cm<\/p>\n<p class=\"QN2lPu\">\n<p class=\"QN2lPu\">G\u00f3i h\u00e0ng bao g\u1ed3m<\/p>\n<p class=\"QN2lPu\">1 x Gi\u00e1 \u0111\u1ef1ng x\u00e0 ph\u00f2ng<\/p>\n<p class=\"QN2lPu\">KH\u00d4NG c\u00f3 h\u1ed9p b\u00e1n l\u1ebb. \u0110\u00f3ng g\u00f3i an to\u00e0n trong t\u00fai.<\/p>\n<p class=\"QN2lPu\">\n<p class=\"QN2lPu\">L\u01b0u \u00fd:<\/p>\n<p class=\"QN2lPu\">C\u00f3 th\u1ec3 c\u00f3 m\u1ed9t s\u1ed1 kh\u00e1c bi\u1ec7t nh\u1ecf v\u1ec1 t\u00f4ng m\u00e0u gi\u1eefa h\u00ecnh \u1ea3nh v\u00e0 s\u1ea3n ph\u1ea9m th\u1ef1c t\u1ebf.<\/p>\n<p class=\"QN2lPu\">Vui l\u00f2ng cho ph\u00e9p ch\u00eanh l\u1ec7ch 1-2mm do \u0111o l\u01b0\u1eddng th\u1ee7 c\u00f4ng, c\u1ea3m \u01a1n.<\/p>\n<\/div>\n","protected":false},"excerpt":{"rendered":"<p>H\u1ed9p \u0111\u1ef1ng x\u00e0 ph\u00f2ng treo t\u01b0\u1eddng kh\u00f4ng \u0111\u1ee5c l\u1ed7, gi\u00e1 \u0111\u1ef1ng x\u00e0 ph\u00f2ng ph\u00f2ng t\u1eafm, h\u1ed9p \u0111\u1ef1ng x\u00e0 ph\u00f2ng tho\u00e1t n\u01b0\u1edbc \u0111\u01a1n gi\u1ea3n \u0110\u1eb7c \u0111i\u1ec3m G\u1eafn t\u01b0\u1eddng, L\u01b0u tr\u1eef, Tho\u00e1t n\u01b0\u1edbc, Kh\u00f4ng \u0111\u1ee5c l\u1ed7 Thi\u1ebft k\u1ebf: Gi\u00e1 \u0111\u1ef1ng x\u00e0 ph\u00f2ng r\u1ed7ng c\u00f3 th\u1ec3 gi\u1eef x\u00e0 ph\u00f2ng kh\u00f4 v\u00e0 l\u1ecdc n\u01b0\u1edbc nhanh ch\u00f3ng. Thi\u1ebft k\u1ebf g\u1eafn&#8230;<\/p>\n","protected":false},"featured_media":14866,"comment_status":"open","ping_status":"closed","template":"","meta":[],"product_brand":[],"product_cat":[1456],"product_tag":[],"class_list":{"0":"post-14787","1":"product","2":"type-product","3":"status-publish","4":"has-post-thumbnail","6":"product_cat-dung-cu-dung-xa-phong","8":"first","9":"instock","10":"sale","11":"shipping-taxable","12":"purchasable","13":"product-type-variable"},"_links":{"self":[{"href":"https:\/\/web-ban-le.mbws.vn\/dung-cu-tien-ich\/wp-json\/wp\/v2\/product\/14787","targetHints":{"allow":["GET"]}}],"collection":[{"href":"https:\/\/web-ban-le.mbws.vn\/dung-cu-tien-ich\/wp-json\/wp\/v2\/product"}],"about":[{"href":"https:\/\/web-ban-le.mbws.vn\/dung-cu-tien-ich\/wp-json\/wp\/v2\/types\/product"}],"replies":[{"embeddable":true,"href":"https:\/\/web-ban-le.mbws.vn\/dung-cu-tien-ich\/wp-json\/wp\/v2\/comments?post=14787"}],"wp:featuredmedia":[{"embeddable":true,"href":"https:\/\/web-ban-le.mbws.vn\/dung-cu-tien-ich\/wp-json\/wp\/v2\/media\/14866"}],"wp:attachment":[{"href":"https:\/\/web-ban-le.mbws.vn\/dung-cu-tien-ich\/wp-json\/wp\/v2\/media?parent=14787"}],"wp:term":[{"taxonomy":"product_brand","embeddable":true,"href":"https:\/\/web-ban-le.mbws.vn\/dung-cu-tien-ich\/wp-json\/wp\/v2\/product_brand?post=14787"},{"taxonomy":"product_cat","embeddable":true,"href":"https:\/\/web-ban-le.mbws.vn\/dung-cu-tien-ich\/wp-json\/wp\/v2\/product_cat?post=14787"},{"taxonomy":"product_tag","embeddable":true,"href":"https:\/\/web-ban-le.mbws.vn\/dung-cu-tien-ich\/wp-json\/wp\/v2\/product_tag?post=14787"}],"curies":[{"name":"wp","href":"https:\/\/api.w.org\/{rel}","templated":true}]}}