{"id":14821,"date":"2025-10-31T11:24:56","date_gmt":"2025-10-31T04:24:56","guid":{"rendered":"https:\/\/web-ban-le.mbws.vn\/dung-cu-tien-ich\/?post_type=product&#038;p=14821"},"modified":"2025-10-31T18:49:52","modified_gmt":"2025-10-31T11:49:52","slug":"%e2%9c%a8%ef%b8%8f%e2%9c%a8%ef%b8%8fmoc-treo-mu-muvako-moc-luu-tru-mu-chong-truot-gia-trung-bay-mu-vong-tron-thoi-trang","status":"publish","type":"product","link":"https:\/\/web-ban-le.mbws.vn\/dung-cu-tien-ich\/san-pham\/%e2%9c%a8%ef%b8%8f%e2%9c%a8%ef%b8%8fmoc-treo-mu-muvako-moc-luu-tru-mu-chong-truot-gia-trung-bay-mu-vong-tron-thoi-trang\/","title":{"rendered":"\u2728\ufe0f\u2728\ufe0fM\u00f3c treo m\u0169 MUVAKO, M\u00f3c l\u01b0u tr\u1eef m\u0169 ch\u1ed1ng tr\u01b0\u1ee3t, Gi\u00e1 tr\u01b0ng b\u00e0y m\u0169 v\u00f2ng tr\u00f2n th\u1eddi trang"},"content":{"rendered":"<div class=\"e8lZp3\">\n<p class=\"QN2lPu\">Gi\u00e1 treo qu\u1ea7n \u00e1o h\u00ecnh tr\u00f2n s\u00e1ng t\u1ea1o Gi\u00e1 treo m\u0169 ch\u1ed1ng tr\u01b0\u1ee3t Gi\u00e1 treo qu\u1ea7n \u00e1o m\u00f3c \u0111a n\u0103ng<\/p>\n<p class=\"QN2lPu\">\u0110\u1eb7c tr\u01b0ng<\/p>\n<p class=\"QN2lPu\">Ch\u1eafc ch\u1eafn, Kh\u00f4ng c\u1ea7n \u0111inh, Ch\u1ed1ng tr\u01b0\u1ee3t, \u0110a ch\u1ee9c n\u0103ng<\/p>\n<p class=\"QN2lPu\">Ch\u1ea5t l\u01b0\u1ee3ng cao: M\u00f3c kh\u00f4ng \u0111inh n\u00e0y \u0111\u01b0\u1ee3c ch\u1ebf t\u00e1c tinh x\u1ea3o, ch\u1ed1ng th\u1ea5m n\u01b0\u1edbc, nh\u1eb9 v\u00e0 b\u1ec1n. M\u00f3c tr\u00f2n tr\u01a1n tru \u0111\u1ea3m b\u1ea3o qu\u1ea7n \u00e1o kh\u00f4ng b\u1ecb tr\u1ea7y x\u01b0\u1edbc ho\u1eb7c bong ra.<\/p>\n<p class=\"QN2lPu\">D\u1ec5 l\u1eafp \u0111\u1eb7t: M\u00f3c n\u00e0y kh\u00f4ng c\u1ea7n khoan. C\u00f3 th\u1ec3 c\u1ed1 \u0111\u1ecbnh tr\u1ef1c ti\u1ebfp v\u00e0 d\u1ec5 th\u00e1o r\u1eddi. C\u00f3 th\u1ec3 c\u1ed1 \u0111\u1ecbnh sau c\u1eeda, c\u1eeda t\u1ee7, v.v., ti\u1ebft ki\u1ec7m kh\u00f4ng gian.<\/p>\n<p class=\"QN2lPu\">\u0110a n\u0103ng: M\u00f3c treo \u0111\u1ed3 h\u00ecnh m\u00f3c d\u1ec5 treo v\u00e0 l\u1ea5y ra, c\u00f3 th\u1ec3 treo kh\u0103n qu\u00e0ng c\u1ed5, m\u0169, \u00e1o hai d\u00e2y, v.v.<\/p>\n<p class=\"QN2lPu\">\u0110\u1eb7c \u0111i\u1ec3m k\u1ef9 thu\u1eadt<\/p>\n<p class=\"QN2lPu\">Ch\u1ea5t li\u1ec7u: Nh\u1ef1a, S\u1eaft<\/p>\n<p class=\"QN2lPu\">K\u00edch th\u01b0\u1edbc s\u1ea3n ph\u1ea9m: 15 x 14 x 0.3cm<\/p>\n<p class=\"QN2lPu\">G\u00f3i h\u00e0ng bao g\u1ed3m<\/p>\n<p class=\"QN2lPu\">1 x M\u00f3c treo qu\u1ea7n \u00e1o<\/p>\n<p class=\"QN2lPu\">KH\u00d4NG c\u00f3 h\u1ed9p b\u00e1n l\u1ebb. \u0110\u00f3ng g\u00f3i an to\u00e0n trong t\u00fai.<\/p>\n<p class=\"QN2lPu\">Ghi ch\u00fa:<\/p>\n<p class=\"QN2lPu\">C\u00f3 th\u1ec3 c\u00f3 m\u1ed9t s\u1ed1 kh\u00e1c bi\u1ec7t nh\u1ecf v\u1ec1 t\u00f4ng m\u00e0u gi\u1eefa h\u00ecnh \u1ea3nh v\u00e0 s\u1ea3n ph\u1ea9m th\u1ef1c t\u1ebf.<\/p>\n<p class=\"QN2lPu\">Xin vui l\u00f2ng cho ph\u00e9p sai s\u1ed1 k\u00edch th\u01b0\u1edbc trong kho\u1ea3ng 1-2mm do \u0111o l\u01b0\u1eddng th\u1ee7 c\u00f4ng, c\u1ea3m \u01a1n.<\/p>\n<\/div>\n","protected":false},"excerpt":{"rendered":"<p>Gi\u00e1 treo qu\u1ea7n \u00e1o h\u00ecnh tr\u00f2n s\u00e1ng t\u1ea1o Gi\u00e1 treo m\u0169 ch\u1ed1ng tr\u01b0\u1ee3t Gi\u00e1 treo qu\u1ea7n \u00e1o m\u00f3c \u0111a n\u0103ng \u0110\u1eb7c tr\u01b0ng Ch\u1eafc ch\u1eafn, Kh\u00f4ng c\u1ea7n \u0111inh, Ch\u1ed1ng tr\u01b0\u1ee3t, \u0110a ch\u1ee9c n\u0103ng Ch\u1ea5t l\u01b0\u1ee3ng cao: M\u00f3c kh\u00f4ng \u0111inh n\u00e0y \u0111\u01b0\u1ee3c ch\u1ebf t\u00e1c tinh x\u1ea3o, ch\u1ed1ng th\u1ea5m n\u01b0\u1edbc, nh\u1eb9 v\u00e0 b\u1ec1n. M\u00f3c tr\u00f2n tr\u01a1n tru \u0111\u1ea3m&#8230;<\/p>\n","protected":false},"featured_media":14908,"comment_status":"open","ping_status":"closed","template":"","meta":[],"product_brand":[1539],"product_cat":[1389],"product_tag":[],"class_list":{"0":"post-14821","1":"product","2":"type-product","3":"status-publish","4":"has-post-thumbnail","6":"product_brand-3m","7":"product_cat-moc-treo-chot-va-moc","9":"first","10":"instock","11":"sale","12":"shipping-taxable","13":"purchasable","14":"product-type-variable"},"_links":{"self":[{"href":"https:\/\/web-ban-le.mbws.vn\/dung-cu-tien-ich\/wp-json\/wp\/v2\/product\/14821","targetHints":{"allow":["GET"]}}],"collection":[{"href":"https:\/\/web-ban-le.mbws.vn\/dung-cu-tien-ich\/wp-json\/wp\/v2\/product"}],"about":[{"href":"https:\/\/web-ban-le.mbws.vn\/dung-cu-tien-ich\/wp-json\/wp\/v2\/types\/product"}],"replies":[{"embeddable":true,"href":"https:\/\/web-ban-le.mbws.vn\/dung-cu-tien-ich\/wp-json\/wp\/v2\/comments?post=14821"}],"wp:featuredmedia":[{"embeddable":true,"href":"https:\/\/web-ban-le.mbws.vn\/dung-cu-tien-ich\/wp-json\/wp\/v2\/media\/14908"}],"wp:attachment":[{"href":"https:\/\/web-ban-le.mbws.vn\/dung-cu-tien-ich\/wp-json\/wp\/v2\/media?parent=14821"}],"wp:term":[{"taxonomy":"product_brand","embeddable":true,"href":"https:\/\/web-ban-le.mbws.vn\/dung-cu-tien-ich\/wp-json\/wp\/v2\/product_brand?post=14821"},{"taxonomy":"product_cat","embeddable":true,"href":"https:\/\/web-ban-le.mbws.vn\/dung-cu-tien-ich\/wp-json\/wp\/v2\/product_cat?post=14821"},{"taxonomy":"product_tag","embeddable":true,"href":"https:\/\/web-ban-le.mbws.vn\/dung-cu-tien-ich\/wp-json\/wp\/v2\/product_tag?post=14821"}],"curies":[{"name":"wp","href":"https:\/\/api.w.org\/{rel}","templated":true}]}}