{"id":14822,"date":"2025-10-31T11:24:56","date_gmt":"2025-10-31T04:24:56","guid":{"rendered":"https:\/\/web-ban-le.mbws.vn\/dung-cu-tien-ich\/?post_type=product&#038;p=14822"},"modified":"2025-10-31T18:47:47","modified_gmt":"2025-10-31T11:47:47","slug":"%e2%9c%a8%ef%b8%8f%e2%9c%a8%ef%b8%8fmuong-com-doc-la-tu-dung-muoi-xoi-com-lat-dat-chong-dinh-muong-xoi-com-khong-dinh-hat-van-3d","status":"publish","type":"product","link":"https:\/\/web-ban-le.mbws.vn\/dung-cu-tien-ich\/san-pham\/%e2%9c%a8%ef%b8%8f%e2%9c%a8%ef%b8%8fmuong-com-doc-la-tu-dung-muoi-xoi-com-lat-dat-chong-dinh-muong-xoi-com-khong-dinh-hat-van-3d\/","title":{"rendered":"\u2728\ufe0f\u2728\ufe0fMu\u1ed7ng c\u01a1m \u0111\u1ed9c l\u1ea1 t\u1ef1 \u0111\u1ee9ng, mu\u00f4i x\u1edbi c\u01a1m l\u1eadt \u0111\u1eadt ch\u1ed1ng d\u00ednh, Mu\u1ed7ng x\u1edbi c\u01a1m kh\u00f4ng d\u00ednh h\u1ea1t v\u00e2n 3D"},"content":{"rendered":"<div class=\"e8lZp3\">\n<p class=\"QN2lPu\">Tumbler Mu\u1ed7ng C\u01a1m Trang Ch\u1ee7 Mu\u1ed7ng C\u01a1m Kh\u00f4ng D\u00ednh Mu\u1ed7ng C\u01a1m D\u1ecdc D\u00e0y Ch\u1ecbu Nhi\u1ec7t<\/p>\n<p class=\"QN2lPu\">\n<p class=\"QN2lPu\">t\u00ednh n\u0103ng<\/p>\n<p class=\"QN2lPu\">Th\u1eb3ng \u0111\u1ee9ng, ch\u1ed1ng d\u00ednh, Grad th\u1ef1c ph\u1ea9m, ch\u1ecbu nhi\u1ec7t<\/p>\n<p class=\"QN2lPu\">Ch\u1ea5t l\u01b0\u1ee3ng tuy\u1ec7t v\u1eddi: Mu\u1ed7ng c\u01a1m n\u00e0y \u0111\u01b0\u1ee3c l\u00e0m b\u1eb1ng v\u1eadt li\u1ec7u c\u1ea5p th\u1ef1c ph\u1ea9m, v\u1edbi ch\u1ea5t l\u01b0\u1ee3ng cao v\u00e0 v\u1eadt li\u1ec7u silicone, kh\u00f4ng d\u1ec5 tan ch\u1ea3y, th\u00e2n thi\u1ec7n v\u1edbi m\u00f4i tr\u01b0\u1eddng v\u00e0 ch\u1ecbu \u0111\u01b0\u1ee3c nhi\u1ec7t \u0111\u1ed9.<\/p>\n<p class=\"QN2lPu\">Thi\u1ebft k\u1ebf nh\u00e2n b\u1ea3n: Chi\u1ebfc th\u00eca \u0103n c\u01a1m n\u00e0y c\u00f3 thi\u1ebft k\u1ebf th\u1eb3ng \u0111\u1ee9ng, kh\u00f4ng ch\u1ec9 ti\u1ebft ki\u1ec7m kh\u00f4ng gian c\u1ea5t gi\u1eef m\u00e0 c\u00f2n c\u00f3 thi\u1ebft k\u1ebf \u0111\u1ebf c\u00f3 th\u1ec3 \u0111\u1eb7t d\u1ec5 d\u00e0ng v\u00e0 ch\u1eafc ch\u1eafn. Thi\u1ebft k\u1ebf \u0111i\u1ec3m s\u00f3ng khi\u1ebfn th\u1ee9c \u0103n kh\u00f3 b\u00e1m v\u00e0o b\u1ec1 m\u1eb7t th\u00eca, ti\u1ebft ki\u1ec7m th\u1eddi gian v\u1ec7 sinh.<\/p>\n<p class=\"QN2lPu\">\u0110a n\u0103ng: Chi\u1ebfc th\u00eca \u0103n c\u01a1m n\u00e0y r\u1ea5t th\u00edch h\u1ee3p cho c\u00e1c lo\u1ea1i th\u1ef1c ph\u1ea9m d\u00ednh nh\u01b0 c\u01a1m, c\u01a1m sushi, c\u01a1m ng\u1ecdt si\u00eau d\u00ednh, ph\u00f4 mai,&#8230; D\u1ec5 d\u00e0ng khu\u1ea5y v\u00e0 tr\u1ed9n, kh\u00f4ng l\u00e0m tr\u1ea7y x\u01b0\u1edbc c\u00e1c d\u1ee5ng c\u1ee5 kh\u00e1c.<\/p>\n<p class=\"QN2lPu\">\n<p class=\"QN2lPu\">\u0110\u1eb7c \u0111i\u1ec3m k\u1ef9 thu\u1eadt<\/p>\n<p class=\"QN2lPu\">V\u1eadt ch\u1ea5t: PP<\/p>\n<p class=\"QN2lPu\">K\u00edch th\u01b0\u1edbc s\u1ea3n ph\u1ea9m: 17 x 8 x 2cm<\/p>\n<p class=\"QN2lPu\">\n<p class=\"QN2lPu\">G\u00f3i bao g\u1ed3m<\/p>\n<p class=\"QN2lPu\">1 x Th\u00eca \u0103n c\u01a1m<\/p>\n<p class=\"QN2lPu\">Kh\u00f4ng c\u00f3 h\u1ed9p b\u00e1n l\u1ebb. \u0110\u00f3ng g\u00f3i an to\u00e0n trong t\u00fai OPP.<\/p>\n<p class=\"QN2lPu\">\n<p class=\"QN2lPu\">L\u01b0u \u00fd:<\/p>\n<p class=\"QN2lPu\">C\u00f3 th\u1ec3 c\u00f3 m\u1ed9t s\u1ed1 kh\u00e1c bi\u1ec7t nh\u1ecf trong t\u00f4ng m\u00e0u c\u1ee7a h\u00ecnh \u1ea3nh v\u00e0 m\u1eb7t h\u00e0ng th\u1ef1c t\u1ebf.<\/p>\n<p class=\"QN2lPu\">Vui l\u00f2ng cho ph\u00e9p ch\u00eanh l\u1ec7ch 1-2mm do \u0111o l\u01b0\u1eddng th\u1ee7 c\u00f4ng, c\u1ea3m \u01a1n.<\/p>\n<\/div>\n","protected":false},"excerpt":{"rendered":"<p>Tumbler Mu\u1ed7ng C\u01a1m Trang Ch\u1ee7 Mu\u1ed7ng C\u01a1m Kh\u00f4ng D\u00ednh Mu\u1ed7ng C\u01a1m D\u1ecdc D\u00e0y Ch\u1ecbu Nhi\u1ec7t t\u00ednh n\u0103ng Th\u1eb3ng \u0111\u1ee9ng, ch\u1ed1ng d\u00ednh, Grad th\u1ef1c ph\u1ea9m, ch\u1ecbu nhi\u1ec7t Ch\u1ea5t l\u01b0\u1ee3ng tuy\u1ec7t v\u1eddi: Mu\u1ed7ng c\u01a1m n\u00e0y \u0111\u01b0\u1ee3c l\u00e0m b\u1eb1ng v\u1eadt li\u1ec7u c\u1ea5p th\u1ef1c ph\u1ea9m, v\u1edbi ch\u1ea5t l\u01b0\u1ee3ng cao v\u00e0 v\u1eadt li\u1ec7u silicone, kh\u00f4ng d\u1ec5 tan ch\u1ea3y, th\u00e2n thi\u1ec7n&#8230;<\/p>\n","protected":false},"featured_media":14921,"comment_status":"open","ping_status":"closed","template":"","meta":[],"product_brand":[1541],"product_cat":[1442,1440,1441],"product_tag":[],"class_list":{"0":"post-14822","1":"product","2":"type-product","3":"status-publish","4":"has-post-thumbnail","6":"product_brand-locknlock","7":"product_cat-nia","8":"product_cat-dao","9":"product_cat-muong","11":"first","12":"instock","13":"sale","14":"shipping-taxable","15":"purchasable","16":"product-type-variable"},"_links":{"self":[{"href":"https:\/\/web-ban-le.mbws.vn\/dung-cu-tien-ich\/wp-json\/wp\/v2\/product\/14822","targetHints":{"allow":["GET"]}}],"collection":[{"href":"https:\/\/web-ban-le.mbws.vn\/dung-cu-tien-ich\/wp-json\/wp\/v2\/product"}],"about":[{"href":"https:\/\/web-ban-le.mbws.vn\/dung-cu-tien-ich\/wp-json\/wp\/v2\/types\/product"}],"replies":[{"embeddable":true,"href":"https:\/\/web-ban-le.mbws.vn\/dung-cu-tien-ich\/wp-json\/wp\/v2\/comments?post=14822"}],"wp:featuredmedia":[{"embeddable":true,"href":"https:\/\/web-ban-le.mbws.vn\/dung-cu-tien-ich\/wp-json\/wp\/v2\/media\/14921"}],"wp:attachment":[{"href":"https:\/\/web-ban-le.mbws.vn\/dung-cu-tien-ich\/wp-json\/wp\/v2\/media?parent=14822"}],"wp:term":[{"taxonomy":"product_brand","embeddable":true,"href":"https:\/\/web-ban-le.mbws.vn\/dung-cu-tien-ich\/wp-json\/wp\/v2\/product_brand?post=14822"},{"taxonomy":"product_cat","embeddable":true,"href":"https:\/\/web-ban-le.mbws.vn\/dung-cu-tien-ich\/wp-json\/wp\/v2\/product_cat?post=14822"},{"taxonomy":"product_tag","embeddable":true,"href":"https:\/\/web-ban-le.mbws.vn\/dung-cu-tien-ich\/wp-json\/wp\/v2\/product_tag?post=14822"}],"curies":[{"name":"wp","href":"https:\/\/api.w.org\/{rel}","templated":true}]}}