{"id":14857,"date":"2025-10-31T11:25:21","date_gmt":"2025-10-31T04:25:21","guid":{"rendered":"https:\/\/web-ban-le.mbws.vn\/dung-cu-tien-ich\/?post_type=product&#038;p=14857"},"modified":"2025-10-31T11:26:56","modified_gmt":"2025-10-31T04:26:56","slug":"%e2%9c%a8%ef%b8%8f%e2%9c%a8%ef%b8%8fnen-hinh-so-0-9-dung-trang-tri-banh-kem-sinh-nhat-tiec-trang-tri-banh","status":"publish","type":"product","link":"https:\/\/web-ban-le.mbws.vn\/dung-cu-tien-ich\/san-pham\/%e2%9c%a8%ef%b8%8f%e2%9c%a8%ef%b8%8fnen-hinh-so-0-9-dung-trang-tri-banh-kem-sinh-nhat-tiec-trang-tri-banh\/","title":{"rendered":"\u2728\ufe0f\u2728\ufe0fN\u1ebfn H\u00ecnh S\u1ed1 0-9 D\u00f9ng Trang Tr\u00ed B\u00e1nh Kem Sinh Nh\u1eadt Ti\u1ec7c Trang tr\u00ed b\u00e1nh"},"content":{"rendered":"<div class=\"e8lZp3\">\n<p class=\"QN2lPu\">N\u1ebfn k\u1ef9 thu\u1eadt s\u1ed1 Bow cho tr\u1ebb em Ti\u1ec7c sinh nh\u1eadt Trang tr\u00ed b\u00e1nh Plugin n\u1ebfn \u0111\u1ea7y m\u00e0u s\u1eafc <\/p>\n<p class=\"QN2lPu\">\n<p class=\"QN2lPu\">T\u00ednh n\u0103ng H\u00ecnh d\u1ea1ng k\u1ef9 thu\u1eadt s\u1ed1, \u0111a n\u0103ng, s\u00e1ng t\u1ea1o, kh\u00f4ng \u0111\u1ed9c h\u1ea1i <\/p>\n<p class=\"QN2lPu\">\n<p class=\"QN2lPu\">Thi\u1ebft k\u1ebf s\u00e1ng t\u1ea1o: Nh\u1eefng ng\u1ecdn n\u1ebfn n\u00e0y c\u00f3 h\u00ecnh d\u1ea1ng k\u1ef9 thu\u1eadt s\u1ed1, v\u1edbi m\u1ed9t chi\u1ebfc n\u01a1 \u0111eo tr\u00ean \u0111\u1ea7u k\u1ef9 thu\u1eadt s\u1ed1, r\u1ea5t s\u00e1ng t\u1ea1o v\u00e0 t\u01b0\u1ee3ng tr\u01b0ng cho ng\u00e0y sinh nh\u1eadt c\u1ee7a nh\u00e2n v\u1eadt ch\u00ednh.<\/p>\n<p class=\"QN2lPu\">\n<p class=\"QN2lPu\"> Lo\u1ea1i n\u1ebfn n\u00e0y c\u00f3 th\u1ec3 \u0111\u01b0\u1ee3c s\u1eed d\u1ee5ng trong c\u00e1c d\u1ecbp t\u1ee5 h\u1ecdp kh\u00e1c nhau \u0111\u1ec3 mang l\u1ea1i b\u1ea7u kh\u00f4ng kh\u00ed kh\u00e1c nhau. <\/p>\n<p class=\"QN2lPu\">\n<p class=\"QN2lPu\">V\u1eadt li\u1ec7u an to\u00e0n: Nh\u1eefng ng\u1ecdn n\u1ebfn k\u1ef9 thu\u1eadt s\u1ed1 n\u00e0y \u0111\u01b0\u1ee3c l\u00e0m t\u1eeb ch\u1ea5t li\u1ec7u parafin ch\u1ea5t l\u01b0\u1ee3ng cao, d\u1ec5 b\u1eaft l\u1eeda, kh\u00f4ng m\u00f9i v\u00e0 kh\u00f4ng kh\u00f3i.<\/p>\n<p class=\"QN2lPu\">\n<p class=\"QN2lPu\"> V\u00e0 n\u00f3 kh\u00f4ng \u0111\u1ed9c h\u1ea1i v\u00e0 s\u1ebd kh\u00f4ng l\u00e0m m\u1ea5t \u0111i h\u01b0\u01a1ng v\u1ecb c\u1ee7a b\u00e1nh. <\/p>\n<p class=\"QN2lPu\">\n<p class=\"QN2lPu\">T\u1eadn h\u01b0\u1edfng m\u1ed9t cu\u1ed9c t\u1ee5 t\u1eadp vui v\u1ebb m\u1ed9t c\u00e1ch tr\u1ecdn v\u1eb9n nh\u1ea5t. <\/p>\n<p class=\"QN2lPu\">\n<p class=\"QN2lPu\">B\u1ec1n b\u1ec9: Lo\u1ea1i n\u1ebfn n\u00e0y r\u1ea5t ch\u1eafc ch\u1eafn, c\u00f3 th\u1ec3 ch\u00e1y r\u1ea5t l\u00e2u v\u00e0 c\u00f3 ng\u1ecdn l\u1eeda \u1ed5n \u0111\u1ecbnh. <\/p>\n<p class=\"QN2lPu\">\n<p class=\"QN2lPu\">N\u00f3 c\u00f3 th\u1ec3 n\u00e2ng cao kh\u00f4ng kh\u00ed c\u1ee7a c\u00e1c b\u1eefa ti\u1ec7c sinh nh\u1eadt, \u0111\u1eb7c bi\u1ec7t l\u00e0 nh\u1eefng b\u1eefa ti\u1ec7c sinh nh\u1eadt \u0111\u1ea7u ti\u00ean c\u1ee7a tr\u1ebb em.<\/p>\n<p class=\"QN2lPu\">\n<p class=\"QN2lPu\"> Th\u00f4ng tin chi ti\u1ebft Ch\u1ea5t li\u1ec7u: Paraffin <\/p>\n<p class=\"QN2lPu\">\n<p class=\"QN2lPu\">K\u00edch th\u01b0\u1edbc s\u1ea3n ph\u1ea9m: 16 x 4,5 x 1cm <\/p>\n<p class=\"QN2lPu\">\n<p class=\"QN2lPu\">G\u00f3i h\u00e0ng bao g\u1ed3m 1 x N\u1ebfn Kh\u00f4ng c\u00f3 h\u1ed9p b\u00e1n l\u1ebb. \u0110\u00f3ng g\u00f3i An To\u00e0n trong T\u00fai OPP.<\/p>\n<p class=\"QN2lPu\">\n<p class=\"QN2lPu\"> L\u01b0u \u00fd: C\u00f3 th\u1ec3 c\u00f3 m\u1ed9t s\u1ed1 kh\u00e1c bi\u1ec7t nh\u1ecf v\u1ec1 t\u00f4ng m\u00e0u c\u1ee7a h\u00ecnh \u1ea3nh v\u00e0 s\u1ea3n ph\u1ea9m th\u1ef1c t\u1ebf. <\/p>\n<p class=\"QN2lPu\">\n<p class=\"QN2lPu\">Vui l\u00f2ng cho ph\u00e9p sai s\u1ed1 1-2mm do \u0111o l\u01b0\u1eddng th\u1ee7 c\u00f4ng, c\u1ea3m \u01a1n.<\/p>\n<\/div>\n","protected":false},"excerpt":{"rendered":"<p>N\u1ebfn k\u1ef9 thu\u1eadt s\u1ed1 Bow cho tr\u1ebb em Ti\u1ec7c sinh nh\u1eadt Trang tr\u00ed b\u00e1nh Plugin n\u1ebfn \u0111\u1ea7y m\u00e0u s\u1eafc T\u00ednh n\u0103ng H\u00ecnh d\u1ea1ng k\u1ef9 thu\u1eadt s\u1ed1, \u0111a n\u0103ng, s\u00e1ng t\u1ea1o, kh\u00f4ng \u0111\u1ed9c h\u1ea1i Thi\u1ebft k\u1ebf s\u00e1ng t\u1ea1o: Nh\u1eefng ng\u1ecdn n\u1ebfn n\u00e0y c\u00f3 h\u00ecnh d\u1ea1ng k\u1ef9 thu\u1eadt s\u1ed1, v\u1edbi m\u1ed9t chi\u1ebfc n\u01a1 \u0111eo tr\u00ean \u0111\u1ea7u k\u1ef9&#8230;<\/p>\n","protected":false},"featured_media":14952,"comment_status":"open","ping_status":"closed","template":"","meta":[],"product_brand":[],"product_cat":[1424],"product_tag":[],"class_list":{"0":"post-14857","1":"product","2":"type-product","3":"status-publish","4":"has-post-thumbnail","6":"product_cat-nen-va-phu-kien","8":"first","9":"instock","10":"sale","11":"shipping-taxable","12":"purchasable","13":"product-type-variable"},"_links":{"self":[{"href":"https:\/\/web-ban-le.mbws.vn\/dung-cu-tien-ich\/wp-json\/wp\/v2\/product\/14857","targetHints":{"allow":["GET"]}}],"collection":[{"href":"https:\/\/web-ban-le.mbws.vn\/dung-cu-tien-ich\/wp-json\/wp\/v2\/product"}],"about":[{"href":"https:\/\/web-ban-le.mbws.vn\/dung-cu-tien-ich\/wp-json\/wp\/v2\/types\/product"}],"replies":[{"embeddable":true,"href":"https:\/\/web-ban-le.mbws.vn\/dung-cu-tien-ich\/wp-json\/wp\/v2\/comments?post=14857"}],"wp:featuredmedia":[{"embeddable":true,"href":"https:\/\/web-ban-le.mbws.vn\/dung-cu-tien-ich\/wp-json\/wp\/v2\/media\/14952"}],"wp:attachment":[{"href":"https:\/\/web-ban-le.mbws.vn\/dung-cu-tien-ich\/wp-json\/wp\/v2\/media?parent=14857"}],"wp:term":[{"taxonomy":"product_brand","embeddable":true,"href":"https:\/\/web-ban-le.mbws.vn\/dung-cu-tien-ich\/wp-json\/wp\/v2\/product_brand?post=14857"},{"taxonomy":"product_cat","embeddable":true,"href":"https:\/\/web-ban-le.mbws.vn\/dung-cu-tien-ich\/wp-json\/wp\/v2\/product_cat?post=14857"},{"taxonomy":"product_tag","embeddable":true,"href":"https:\/\/web-ban-le.mbws.vn\/dung-cu-tien-ich\/wp-json\/wp\/v2\/product_tag?post=14857"}],"curies":[{"name":"wp","href":"https:\/\/api.w.org\/{rel}","templated":true}]}}