{"id":14891,"date":"2025-10-31T11:25:45","date_gmt":"2025-10-31T04:25:45","guid":{"rendered":"https:\/\/web-ban-le.mbws.vn\/dung-cu-tien-ich\/?post_type=product&#038;p=14891"},"modified":"2025-10-31T11:26:49","modified_gmt":"2025-10-31T04:26:49","slug":"%e2%9c%a8%e2%9c%a8kep-chong-muoi-hai-dau-kep-ca-sau-da-nang-bang-thep-khong-gi","status":"publish","type":"product","link":"https:\/\/web-ban-le.mbws.vn\/dung-cu-tien-ich\/san-pham\/%e2%9c%a8%e2%9c%a8kep-chong-muoi-hai-dau-kep-ca-sau-da-nang-bang-thep-khong-gi\/","title":{"rendered":"\u2728\u2728K\u1eb9p ch\u1ed1ng mu\u1ed7i hai \u0111\u1ea7u k\u1eb9p c\u00e1 s\u1ea5u \u0111a n\u0103ng b\u1eb1ng th\u00e9p kh\u00f4ng g\u1ec9"},"content":{"rendered":"<div class=\"e8lZp3\">\n<p class=\"QN2lPu\">K\u1eb9p ch\u1ed1ng mu\u1ed7i hai \u0111\u1ea7u K\u1eb9p ch\u1ed1ng mu\u1ed7i b\u1eb1ng th\u00e9p kh\u00f4ng g\u1ec9 K\u1eb9p c\u00e1 s\u1ea5u \u0111a n\u0103ng<\/p>\n<p class=\"QN2lPu\">\u0110\u1eb7c tr\u01b0ng<\/p>\n<p class=\"QN2lPu\">Hai \u0111\u1ea7u, Ch\u1ed1ng gi\u00f3, Ch\u1eafc ch\u1eafn, Di \u0111\u1ed9ng<\/p>\n<p class=\"QN2lPu\">Thi\u1ebft k\u1ebf hai \u0111\u1ea7u: K\u1eb9p nhang mu\u1ed7i n\u00e0y s\u1eed d\u1ee5ng thi\u1ebft k\u1ebf hai \u0111\u1ea7u v\u00e0 \u1ed1ng n\u1ed1i v\u1edbi k\u1eb9p c\u00f3 th\u1ec3 u\u1ed1n cong t\u1ef1 do, r\u1ea5t b\u1ec1n v\u00e0 thi\u1ebft th\u1ef1c.<\/p>\n<p class=\"QN2lPu\">S\u1ef1 ti\u1ec7n l\u1ee3i: Nhang mu\u1ed7i treo kh\u00f4ng chi\u1ebfm di\u1ec7n t\u00edch, r\u1ea5t ti\u1ec7n l\u1ee3i v\u00e0 thi\u1ebft th\u1ef1c.<\/p>\n<p class=\"QN2lPu\">\u0110\u1eb7c \u0111i\u1ec3m k\u1ef9 thu\u1eadt<\/p>\n<p class=\"QN2lPu\">Ch\u1ea5t li\u1ec7u: Kim lo\u1ea1i<\/p>\n<p class=\"QN2lPu\">K\u00edch th\u01b0\u1edbc s\u1ea3n ph\u1ea9m: 18 x 1 x 1cm<\/p>\n<p class=\"QN2lPu\">G\u00f3i bao g\u1ed3m<\/p>\n<p class=\"QN2lPu\">1 x K\u1eb9p mu\u1ed7i<\/p>\n<p class=\"QN2lPu\">KH\u00d4NG c\u00f3 h\u1ed9p b\u00e1n l\u1ebb. \u0110\u00f3ng g\u00f3i an to\u00e0n trong t\u00fai.<\/p>\n<p class=\"QN2lPu\">Ghi ch\u00fa:<\/p>\n<p class=\"QN2lPu\">C\u00f3 th\u1ec3 c\u00f3 m\u1ed9t s\u1ed1 kh\u00e1c bi\u1ec7t nh\u1ecf v\u1ec1 t\u00f4ng m\u00e0u gi\u1eefa h\u00ecnh \u1ea3nh v\u00e0 s\u1ea3n ph\u1ea9m th\u1ef1c t\u1ebf.<\/p>\n<p class=\"QN2lPu\">Xin vui l\u00f2ng cho ph\u00e9p sai s\u1ed1 k\u00edch th\u01b0\u1edbc t\u1eeb 1-2mm do \u0111o l\u01b0\u1eddng th\u1ee7 c\u00f4ng, c\u1ea3m \u01a1n.<\/p>\n<\/div>\n","protected":false},"excerpt":{"rendered":"<p>K\u1eb9p ch\u1ed1ng mu\u1ed7i hai \u0111\u1ea7u K\u1eb9p ch\u1ed1ng mu\u1ed7i b\u1eb1ng th\u00e9p kh\u00f4ng g\u1ec9 K\u1eb9p c\u00e1 s\u1ea5u \u0111a n\u0103ng \u0110\u1eb7c tr\u01b0ng Hai \u0111\u1ea7u, Ch\u1ed1ng gi\u00f3, Ch\u1eafc ch\u1eafn, Di \u0111\u1ed9ng Thi\u1ebft k\u1ebf hai \u0111\u1ea7u: K\u1eb9p nhang mu\u1ed7i n\u00e0y s\u1eed d\u1ee5ng thi\u1ebft k\u1ebf hai \u0111\u1ea7u v\u00e0 \u1ed1ng n\u1ed1i v\u1edbi k\u1eb9p c\u00f3 th\u1ec3 u\u1ed1n cong t\u1ef1 do, r\u1ea5t b\u1ec1n v\u00e0&#8230;<\/p>\n","protected":false},"featured_media":14983,"comment_status":"open","ping_status":"closed","template":"","meta":[],"product_brand":[],"product_cat":[1390],"product_tag":[],"class_list":{"0":"post-14891","1":"product","2":"type-product","3":"status-publish","4":"has-post-thumbnail","6":"product_cat-dung-cu-sap-xep","8":"first","9":"instock","10":"sale","11":"shipping-taxable","12":"purchasable","13":"product-type-simple"},"_links":{"self":[{"href":"https:\/\/web-ban-le.mbws.vn\/dung-cu-tien-ich\/wp-json\/wp\/v2\/product\/14891","targetHints":{"allow":["GET"]}}],"collection":[{"href":"https:\/\/web-ban-le.mbws.vn\/dung-cu-tien-ich\/wp-json\/wp\/v2\/product"}],"about":[{"href":"https:\/\/web-ban-le.mbws.vn\/dung-cu-tien-ich\/wp-json\/wp\/v2\/types\/product"}],"replies":[{"embeddable":true,"href":"https:\/\/web-ban-le.mbws.vn\/dung-cu-tien-ich\/wp-json\/wp\/v2\/comments?post=14891"}],"wp:featuredmedia":[{"embeddable":true,"href":"https:\/\/web-ban-le.mbws.vn\/dung-cu-tien-ich\/wp-json\/wp\/v2\/media\/14983"}],"wp:attachment":[{"href":"https:\/\/web-ban-le.mbws.vn\/dung-cu-tien-ich\/wp-json\/wp\/v2\/media?parent=14891"}],"wp:term":[{"taxonomy":"product_brand","embeddable":true,"href":"https:\/\/web-ban-le.mbws.vn\/dung-cu-tien-ich\/wp-json\/wp\/v2\/product_brand?post=14891"},{"taxonomy":"product_cat","embeddable":true,"href":"https:\/\/web-ban-le.mbws.vn\/dung-cu-tien-ich\/wp-json\/wp\/v2\/product_cat?post=14891"},{"taxonomy":"product_tag","embeddable":true,"href":"https:\/\/web-ban-le.mbws.vn\/dung-cu-tien-ich\/wp-json\/wp\/v2\/product_tag?post=14891"}],"curies":[{"name":"wp","href":"https:\/\/api.w.org\/{rel}","templated":true}]}}