{"id":14930,"date":"2025-10-31T11:26:14","date_gmt":"2025-10-31T04:26:14","guid":{"rendered":"https:\/\/web-ban-le.mbws.vn\/dung-cu-tien-ich\/?post_type=product&#038;p=14930"},"modified":"2025-10-31T11:27:24","modified_gmt":"2025-10-31T04:27:24","slug":"%e2%9c%a8%ef%b8%8f%e2%9c%a8%ef%b8%8fgia-do-luu-tru-chiahop-luu-tru-chia-treo-tuong-hop-luu-tru-phong-tam-ky-tuc-xa-hop-luu-tru-gia-dinh","status":"publish","type":"product","link":"https:\/\/web-ban-le.mbws.vn\/dung-cu-tien-ich\/san-pham\/%e2%9c%a8%ef%b8%8f%e2%9c%a8%ef%b8%8fgia-do-luu-tru-chiahop-luu-tru-chia-treo-tuong-hop-luu-tru-phong-tam-ky-tuc-xa-hop-luu-tru-gia-dinh\/","title":{"rendered":"\u2728\ufe0f\u2728\ufe0fGi\u00e1 \u0111\u1ee1 l\u01b0u tr\u1eef chiaH\u1ed9p l\u01b0u tr\u1eef chia treo t\u01b0\u1eddng H\u1ed9p l\u01b0u tr\u1eef ph\u00f2ng t\u1eafm K\u00fd t\u00fac x\u00e1 H\u1ed9p l\u01b0u tr\u1eef gia \u0111\u00ecnh"},"content":{"rendered":"<div class=\"e8lZp3\">\n<p class=\"QN2lPu\">H\u1ed9p l\u01b0u tr\u1eef chia ng\u0103n treo t\u01b0\u1eddng H\u1ed9p l\u01b0u tr\u1eef ph\u00f2ng t\u1eafm K\u00fd t\u00fac x\u00e1 H\u1ed9p l\u01b0u tr\u1eef gia \u0111\u00ecnh <\/p>\n<p class=\"QN2lPu\">\n<p class=\"QN2lPu\">T\u00ednh n\u0103ng D\u1ec5 lau ch\u00f9i, r\u1ed9ng r\u00e3i, kh\u1ea3 n\u0103ng ch\u1ecbu t\u1ea3i m\u1ea1nh, ti\u1ebft ki\u1ec7m <\/p>\n<p class=\"QN2lPu\">\n<p class=\"QN2lPu\">kh\u00f4ng gian trong su\u1ed1t: H\u1ed9p l\u01b0u tr\u1eef nh\u1ecf n\u00e0y c\u00f3 k\u00edch th\u01b0\u1edbc nh\u1ecf g\u1ecdn v\u00e0 vi\u1ec7c treo t\u01b0\u1eddng s\u1ebd kh\u00f4ng chi\u1ebfm qu\u00e1 nhi\u1ec1u kh\u00f4ng gian trong nh\u00e0 t\u1eafm. <\/p>\n<p class=\"QN2lPu\">\n<p class=\"QN2lPu\">H\u01a1n n\u1eefa, kh\u1ea3 n\u0103ng l\u01b0u tr\u1eef c\u1ee7a n\u00f3 r\u1ea5t t\u1ed1t, gi\u00fap b\u1ea1n d\u1ec5 d\u00e0ng s\u1eafp x\u1ebfp c\u00e1c v\u1eadt d\u1ee5ng c\u00e1 nh\u00e2n nh\u01b0 l\u01b0\u1ee3c, b\u00e0n ch\u1ea3i \u0111\u00e1nh r\u0103ng, kem \u0111\u00e1nh r\u0103ng, c\u1ecd trang \u0111i\u1ec3m, v.v.<\/p>\n<p class=\"QN2lPu\">\n<p class=\"QN2lPu\"> D\u1ec5 d\u00e0ng c\u00e0i \u0111\u1eb7t: H\u1ed9p l\u01b0u tr\u1eef ph\u00f2ng t\u1eafm n\u00e0y r\u1ea5t d\u1ec5 c\u00e0i \u0111\u1eb7t, ch\u1ec9 c\u1ea7n s\u1eed d\u1ee5ng mi\u1ebfng d\u00e1n kh\u00f4ng d\u1ea5u v\u1ebft \u0111\u1ec3 c\u00e0i \u0111\u1eb7t, <\/p>\n<p class=\"QN2lPu\">\n<p class=\"QN2lPu\">kh\u00f4ng c\u1ea7n c\u1ea7n khoan l\u1ed7 tr\u00ean t\u01b0\u1eddng v\u00e0 c\u00f3 th\u1ec3 treo ch\u1eafc ch\u1eafn l\u00ean t\u01b0\u1eddng m\u00e0 kh\u00f4ng b\u1ecb r\u01a1i hay l\u00e0m h\u1ecfng t\u01b0\u1eddng. <\/p>\n<p class=\"QN2lPu\">\n<p class=\"QN2lPu\">K\u1ebft h\u1ee3p mi\u1ec5n ph\u00ed: H\u1ed9p l\u01b0u tr\u1eef n\u00e0y c\u00f3 th\u1ec3 \u0111\u01b0\u1ee3c gh\u00e9p n\u1ed1i v\u00e0 s\u1eed d\u1ee5ng mi\u1ec5n ph\u00ed, <\/p>\n<p class=\"QN2lPu\">\n<p class=\"QN2lPu\">kh\u00f4ng ch\u1ec9 r\u00e8n luy\u1ec7n th\u00f3i quen l\u01b0u tr\u1eef c\u1ee7a b\u1ea1n m\u00e0 c\u00f2n \u0111\u00f3ng vai tr\u00f2 nh\u01b0 m\u1ed9t v\u1eadt trang tr\u00ed, <\/p>\n<p class=\"QN2lPu\">\n<p class=\"QN2lPu\">l\u00e0m cho ph\u00f2ng t\u1eafm c\u1ee7a b\u1ea1n tr\u00f4ng s\u1ea1ch s\u1ebd h\u01a1n. <\/p>\n<p class=\"QN2lPu\">\n<p class=\"QN2lPu\">Th\u00f4ng tin chi ti\u1ebft Ch\u1ea5t li\u1ec7u: PP K\u00edch th\u01b0\u1edbc s\u1ea3n ph\u1ea9m: 22 x 9,3 x 11,3cm G\u00f3i h\u00e0ng bao g\u1ed3m 1 x H\u1ed9p \u0111\u1ef1ng chia ng\u0103n <\/p>\n<p class=\"QN2lPu\">\n<p class=\"QN2lPu\">Kh\u00f4ng c\u00f3 h\u1ed9p b\u00e1n l\u1ebb.<\/p>\n<p class=\"QN2lPu\">\n<p class=\"QN2lPu\"> \u0110\u00f3ng g\u00f3i An To\u00e0n trong T\u00fai OPP.<\/p>\n<p class=\"QN2lPu\">\n<p class=\"QN2lPu\"> L\u01b0u \u00fd: C\u00f3 th\u1ec3 c\u00f3 m\u1ed9t s\u1ed1 kh\u00e1c bi\u1ec7t nh\u1ecf v\u1ec1 t\u00f4ng m\u00e0u c\u1ee7a h\u00ecnh \u1ea3nh v\u00e0 s\u1ea3n ph\u1ea9m th\u1ef1c t\u1ebf. <\/p>\n<p class=\"QN2lPu\">\n<p class=\"QN2lPu\">Vui l\u00f2ng cho ph\u00e9p sai s\u1ed1 1-2mm do \u0111o l\u01b0\u1eddng th\u1ee7 c\u00f4ng, c\u1ea3m \u01a1n.<\/p>\n<\/div>\n","protected":false},"excerpt":{"rendered":"<p>H\u1ed9p l\u01b0u tr\u1eef chia ng\u0103n treo t\u01b0\u1eddng H\u1ed9p l\u01b0u tr\u1eef ph\u00f2ng t\u1eafm K\u00fd t\u00fac x\u00e1 H\u1ed9p l\u01b0u tr\u1eef gia \u0111\u00ecnh T\u00ednh n\u0103ng D\u1ec5 lau ch\u00f9i, r\u1ed9ng r\u00e3i, kh\u1ea3 n\u0103ng ch\u1ecbu t\u1ea3i m\u1ea1nh, ti\u1ebft ki\u1ec7m kh\u00f4ng gian trong su\u1ed1t: H\u1ed9p l\u01b0u tr\u1eef nh\u1ecf n\u00e0y c\u00f3 k\u00edch th\u01b0\u1edbc nh\u1ecf g\u1ecdn v\u00e0 vi\u1ec7c treo t\u01b0\u1eddng s\u1ebd kh\u00f4ng chi\u1ebfm&#8230;<\/p>\n","protected":false},"featured_media":15009,"comment_status":"open","ping_status":"closed","template":"","meta":[],"product_brand":[],"product_cat":[1473,1474],"product_tag":[],"class_list":{"0":"post-14930","1":"product","2":"type-product","3":"status-publish","4":"has-post-thumbnail","6":"product_cat-ke","7":"product_cat-gia-tu-trong-phong-tam","9":"first","10":"instock","11":"sale","12":"shipping-taxable","13":"purchasable","14":"product-type-variable"},"_links":{"self":[{"href":"https:\/\/web-ban-le.mbws.vn\/dung-cu-tien-ich\/wp-json\/wp\/v2\/product\/14930","targetHints":{"allow":["GET"]}}],"collection":[{"href":"https:\/\/web-ban-le.mbws.vn\/dung-cu-tien-ich\/wp-json\/wp\/v2\/product"}],"about":[{"href":"https:\/\/web-ban-le.mbws.vn\/dung-cu-tien-ich\/wp-json\/wp\/v2\/types\/product"}],"replies":[{"embeddable":true,"href":"https:\/\/web-ban-le.mbws.vn\/dung-cu-tien-ich\/wp-json\/wp\/v2\/comments?post=14930"}],"wp:featuredmedia":[{"embeddable":true,"href":"https:\/\/web-ban-le.mbws.vn\/dung-cu-tien-ich\/wp-json\/wp\/v2\/media\/15009"}],"wp:attachment":[{"href":"https:\/\/web-ban-le.mbws.vn\/dung-cu-tien-ich\/wp-json\/wp\/v2\/media?parent=14930"}],"wp:term":[{"taxonomy":"product_brand","embeddable":true,"href":"https:\/\/web-ban-le.mbws.vn\/dung-cu-tien-ich\/wp-json\/wp\/v2\/product_brand?post=14930"},{"taxonomy":"product_cat","embeddable":true,"href":"https:\/\/web-ban-le.mbws.vn\/dung-cu-tien-ich\/wp-json\/wp\/v2\/product_cat?post=14930"},{"taxonomy":"product_tag","embeddable":true,"href":"https:\/\/web-ban-le.mbws.vn\/dung-cu-tien-ich\/wp-json\/wp\/v2\/product_tag?post=14930"}],"curies":[{"name":"wp","href":"https:\/\/api.w.org\/{rel}","templated":true}]}}