{"id":14932,"date":"2025-10-31T11:26:14","date_gmt":"2025-10-31T04:26:14","guid":{"rendered":"https:\/\/web-ban-le.mbws.vn\/dung-cu-tien-ich\/?post_type=product&#038;p=14932"},"modified":"2025-10-31T18:47:47","modified_gmt":"2025-10-31T11:47:47","slug":"de-thuong-trang-chu-spoon-pokonyan-spoon-inox-cartoon-spoon","status":"publish","type":"product","link":"https:\/\/web-ban-le.mbws.vn\/dung-cu-tien-ich\/san-pham\/de-thuong-trang-chu-spoon-pokonyan-spoon-inox-cartoon-spoon\/","title":{"rendered":"D\u1ec5 th\u01b0\u01a1ng Trang ch\u1ee7 Spoon Pokonyan Spoon Inox Cartoon Spoon"},"content":{"rendered":"<div class=\"e8lZp3\">\n<p class=\"QN2lPu\">Th\u00e9p kh\u00f4ng g\u1ec9 Cartoon Spoon D\u1ec5 th\u01b0\u01a1ng Trang ch\u1ee7 Spoon Pokonyan Spoon<\/p>\n<p class=\"QN2lPu\">\n<p class=\"QN2lPu\">T\u00ednh n\u0103ng<\/p>\n<p class=\"QN2lPu\">V\u1eadt li\u1ec7u ch\u1ea5t l\u01b0\u1ee3ng cao, s\u1eed d\u1ee5ng r\u1ed9ng r\u00e3i, tay c\u1ea7m d\u00e0i, thu\u1eadn ti\u1ec7n<\/p>\n<p class=\"QN2lPu\">Thi\u1ebft k\u1ebf: Chi\u1ebfc th\u00eca b\u1eb1ng th\u00e9p kh\u00f4ng g\u1ec9 n\u00e0y c\u00f3 thi\u1ebft k\u1ebf tay c\u1ea7m d\u00e0i, mu\u1ed7ng tr\u00f2n v\u1edbi m\u1eabu Doraemon. Thi\u1ebft k\u1ebf tay c\u1ea7m d\u00e0i \u0111\u1ec3 d\u1ec5 d\u00e0ng m\u00fac th\u1ee9c \u0103n, r\u1ea5t thu\u1eadn ti\u1ec7n.<\/p>\n<p class=\"QN2lPu\">Ch\u1ea5t li\u1ec7u cao c\u1ea5p: mu\u1ed7ng n\u00e0y \u0111\u01b0\u1ee3c l\u00e0m b\u1eb1ng th\u00e9p kh\u00f4ng g\u1ec9 ch\u1ea5t l\u01b0\u1ee3ng cao, s\u1ebd kh\u00f4ng b\u1ecb r\u1ec9 s\u00e9t v\u00e0 r\u1ea5t b\u1ec1n.<\/p>\n<p class=\"QN2lPu\">S\u1eed d\u1ee5ng r\u1ed9ng r\u00e3i: mu\u1ed7ng n\u00e0y c\u00f3 th\u1ec3 \u0111\u01b0\u1ee3c s\u1eed d\u1ee5ng \u0111\u1ec3 \u0103n, \u0103n s\u00fap, \u0103n tr\u00e1ng mi\u1ec7ng, vv Th\u00edch h\u1ee3p cho nh\u00e0 h\u00e0ng, c\u1eeda h\u00e0ng b\u00e1nh ng\u1ecdt, qu\u00e1n c\u00e0 ph\u00ea, nh\u00e0 h\u00e0ng gia \u0111\u00ecnh, vv<\/p>\n<p class=\"QN2lPu\">\n<p class=\"QN2lPu\">Th\u00f4ng s\u1ed1<\/p>\n<p class=\"QN2lPu\">V\u1eadt ch\u1ea5t: Th\u00e9p kh\u00f4ng g\u1ec9<\/p>\n<p class=\"QN2lPu\">K\u00edch th\u01b0\u1edbc s\u1ea3n ph\u1ea9m: 16 x 4,1 x 0,5 cm<\/p>\n<p class=\"QN2lPu\">\n<p class=\"QN2lPu\">G\u00f3i \u0111\u00e3 bao g\u1ed3m<\/p>\n<p class=\"QN2lPu\">1 mu\u1ed7ng<\/p>\n<p class=\"QN2lPu\">Kh\u00f4ng c\u00f3 h\u1ed9p b\u00e1n l\u1ebb. \u0110\u00f3ng g\u00f3i an to\u00e0n v\u1edbi t\u00fai OPP.<\/p>\n<p class=\"QN2lPu\">\n<p class=\"QN2lPu\">Ghi ch\u00fa:<\/p>\n<p class=\"QN2lPu\">C\u00f3 th\u1ec3 c\u00f3 m\u1ed9t s\u1ed1 kh\u00e1c bi\u1ec7t nh\u1ecf trong m\u00e0u s\u1eafc c\u1ee7a h\u00ecnh \u1ea3nh v\u00e0 c\u00e1c m\u1eb7t h\u00e0ng th\u1ef1c t\u1ebf.<\/p>\n<p class=\"QN2lPu\">Xin vui l\u00f2ng cho ph\u00e9p s\u1ef1 kh\u00e1c bi\u1ec7t 1-2mm do \u0111o th\u1ee7 c\u00f4ng, c\u1ea3m \u01a1n b\u1ea1n.<\/p>\n<\/div>\n","protected":false},"excerpt":{"rendered":"<p>Th\u00e9p kh\u00f4ng g\u1ec9 Cartoon Spoon D\u1ec5 th\u01b0\u01a1ng Trang ch\u1ee7 Spoon Pokonyan Spoon T\u00ednh n\u0103ng V\u1eadt li\u1ec7u ch\u1ea5t l\u01b0\u1ee3ng cao, s\u1eed d\u1ee5ng r\u1ed9ng r\u00e3i, tay c\u1ea7m d\u00e0i, thu\u1eadn ti\u1ec7n Thi\u1ebft k\u1ebf: Chi\u1ebfc th\u00eca b\u1eb1ng th\u00e9p kh\u00f4ng g\u1ec9 n\u00e0y c\u00f3 thi\u1ebft k\u1ebf tay c\u1ea7m d\u00e0i, mu\u1ed7ng tr\u00f2n v\u1edbi m\u1eabu Doraemon. Thi\u1ebft k\u1ebf tay c\u1ea7m d\u00e0i \u0111\u1ec3 d\u1ec5&#8230;<\/p>\n","protected":false},"featured_media":15035,"comment_status":"open","ping_status":"closed","template":"","meta":[],"product_brand":[1541],"product_cat":[1442,1440,1441],"product_tag":[],"class_list":{"0":"post-14932","1":"product","2":"type-product","3":"status-publish","4":"has-post-thumbnail","6":"product_brand-locknlock","7":"product_cat-nia","8":"product_cat-dao","9":"product_cat-muong","11":"first","12":"instock","13":"sale","14":"shipping-taxable","15":"purchasable","16":"product-type-variable"},"_links":{"self":[{"href":"https:\/\/web-ban-le.mbws.vn\/dung-cu-tien-ich\/wp-json\/wp\/v2\/product\/14932","targetHints":{"allow":["GET"]}}],"collection":[{"href":"https:\/\/web-ban-le.mbws.vn\/dung-cu-tien-ich\/wp-json\/wp\/v2\/product"}],"about":[{"href":"https:\/\/web-ban-le.mbws.vn\/dung-cu-tien-ich\/wp-json\/wp\/v2\/types\/product"}],"replies":[{"embeddable":true,"href":"https:\/\/web-ban-le.mbws.vn\/dung-cu-tien-ich\/wp-json\/wp\/v2\/comments?post=14932"}],"wp:featuredmedia":[{"embeddable":true,"href":"https:\/\/web-ban-le.mbws.vn\/dung-cu-tien-ich\/wp-json\/wp\/v2\/media\/15035"}],"wp:attachment":[{"href":"https:\/\/web-ban-le.mbws.vn\/dung-cu-tien-ich\/wp-json\/wp\/v2\/media?parent=14932"}],"wp:term":[{"taxonomy":"product_brand","embeddable":true,"href":"https:\/\/web-ban-le.mbws.vn\/dung-cu-tien-ich\/wp-json\/wp\/v2\/product_brand?post=14932"},{"taxonomy":"product_cat","embeddable":true,"href":"https:\/\/web-ban-le.mbws.vn\/dung-cu-tien-ich\/wp-json\/wp\/v2\/product_cat?post=14932"},{"taxonomy":"product_tag","embeddable":true,"href":"https:\/\/web-ban-le.mbws.vn\/dung-cu-tien-ich\/wp-json\/wp\/v2\/product_tag?post=14932"}],"curies":[{"name":"wp","href":"https:\/\/api.w.org\/{rel}","templated":true}]}}