{"id":14968,"date":"2025-10-31T11:26:35","date_gmt":"2025-10-31T04:26:35","guid":{"rendered":"https:\/\/web-ban-le.mbws.vn\/dung-cu-tien-ich\/?post_type=product&#038;p=14968"},"modified":"2025-10-31T18:47:47","modified_gmt":"2025-10-31T11:47:47","slug":"%e2%9c%a8%ef%b8%8f%e2%9c%a8%ef%b8%8fdao-phet-bo-bang-thep-khong-gi-tien-dung","status":"publish","type":"product","link":"https:\/\/web-ban-le.mbws.vn\/dung-cu-tien-ich\/san-pham\/%e2%9c%a8%ef%b8%8f%e2%9c%a8%ef%b8%8fdao-phet-bo-bang-thep-khong-gi-tien-dung\/","title":{"rendered":"\u2728\ufe0f\u2728\ufe0fDao Ph\u1ebft B\u01a1 B\u1eb1ng Th\u00e9p Kh\u00f4ng G\u1ec9 Ti\u1ec7n D\u1ee5ng"},"content":{"rendered":"<div class=\"e8lZp3\">\n<p class=\"QN2lPu\">Th\u00e9p kh\u00f4ng g\u1ec9 Butter Knife Nh\u00e0 h\u00e0ng Dao trang tr\u00ed kh\u00e1ch s\u1ea1n Jam Cream Knife<\/p>\n<p class=\"QN2lPu\">\n<p class=\"QN2lPu\">T\u00ednh n\u0103ng<\/p>\n<p class=\"QN2lPu\">Th\u00e9p kh\u00f4ng g\u1ec9, b\u1ec1n, nh\u1ecf g\u1ecdn, th\u1eddi trang<\/p>\n<p class=\"QN2lPu\">Ch\u1ea5t li\u1ec7u cao c\u1ea5p: Dao b\u01a1 n\u00e0y \u0111\u01b0\u1ee3c l\u00e0m b\u1eb1ng v\u1eadt li\u1ec7u th\u00e9p kh\u00f4ng g\u1ec9 ch\u1ea5t l\u01b0\u1ee3ng cao, b\u1ec1 m\u1eb7t \u0111\u01b0\u1ee3c \u0111\u00e1nh b\u00f3ng g\u01b0\u01a1ng, m\u1ecbn v\u00e0 tr\u00f2n, kh\u00f4ng c\u00f3 g\u1edd, kh\u00f4ng d\u1ec5 b\u1ecb bi\u1ebfn d\u1ea1ng, kh\u00f4ng d\u1ec5 r\u1ec9 s\u00e9t, b\u1ec1n v\u00e0 thi\u1ebft th\u1ef1c.<\/p>\n<p class=\"QN2lPu\">Thi\u1ebft k\u1ebf th\u1eddi trang: l\u01b0\u1ee1i cong \u0111\u1ec3 d\u1ec5 d\u00e0ng \u00e1p d\u1ee5ng b\u01a1, m\u1ee9t, vv Tay c\u1ea7m d\u00e0y, c\u1ea3m gi\u00e1c c\u1ea7m tho\u1ea3i m\u00e1i, s\u1eed d\u1ee5ng thu\u1eadn ti\u1ec7n.<\/p>\n<p class=\"QN2lPu\">\n<p class=\"QN2lPu\">Th\u00f4ng s\u1ed1<\/p>\n<p class=\"QN2lPu\">V\u1eadt ch\u1ea5t: Th\u00e9p kh\u00f4ng g\u1ec9<\/p>\n<p class=\"QN2lPu\">K\u00edch th\u01b0\u1edbc s\u1ea3n ph\u1ea9m: 17 x 2 x 1 cm<\/p>\n<p class=\"QN2lPu\">\n<p class=\"QN2lPu\">G\u00f3i \u0111\u00e3 bao g\u1ed3m<\/p>\n<p class=\"QN2lPu\">1 x Dao c\u1eaft b\u01a1<\/p>\n<p class=\"QN2lPu\">Kh\u00f4ng c\u00f3 h\u1ed9p b\u00e1n l\u1ebb. \u0110\u00f3ng g\u00f3i an to\u00e0n v\u1edbi t\u00fai OPP.<\/p>\n<p class=\"QN2lPu\">\n<p class=\"QN2lPu\">Ghi ch\u00fa:<\/p>\n<p class=\"QN2lPu\">C\u00f3 th\u1ec3 c\u00f3 m\u1ed9t s\u1ed1 kh\u00e1c bi\u1ec7t nh\u1ecf trong m\u00e0u s\u1eafc c\u1ee7a h\u00ecnh \u1ea3nh v\u00e0 c\u00e1c m\u1eb7t h\u00e0ng th\u1ef1c t\u1ebf.<\/p>\n<p class=\"QN2lPu\">Xin vui l\u00f2ng cho ph\u00e9p s\u1ef1 kh\u00e1c bi\u1ec7t 1-2mm do \u0111o th\u1ee7 c\u00f4ng, c\u1ea3m \u01a1n b\u1ea1n.<\/p>\n<\/div>\n","protected":false},"excerpt":{"rendered":"<p>Th\u00e9p kh\u00f4ng g\u1ec9 Butter Knife Nh\u00e0 h\u00e0ng Dao trang tr\u00ed kh\u00e1ch s\u1ea1n Jam Cream Knife T\u00ednh n\u0103ng Th\u00e9p kh\u00f4ng g\u1ec9, b\u1ec1n, nh\u1ecf g\u1ecdn, th\u1eddi trang Ch\u1ea5t li\u1ec7u cao c\u1ea5p: Dao b\u01a1 n\u00e0y \u0111\u01b0\u1ee3c l\u00e0m b\u1eb1ng v\u1eadt li\u1ec7u th\u00e9p kh\u00f4ng g\u1ec9 ch\u1ea5t l\u01b0\u1ee3ng cao, b\u1ec1 m\u1eb7t \u0111\u01b0\u1ee3c \u0111\u00e1nh b\u00f3ng g\u01b0\u01a1ng, m\u1ecbn v\u00e0 tr\u00f2n, kh\u00f4ng c\u00f3 g\u1edd,&#8230;<\/p>\n","protected":false},"featured_media":15070,"comment_status":"open","ping_status":"closed","template":"","meta":[],"product_brand":[1541],"product_cat":[1442,1440,1441],"product_tag":[],"class_list":{"0":"post-14968","1":"product","2":"type-product","3":"status-publish","4":"has-post-thumbnail","6":"product_brand-locknlock","7":"product_cat-nia","8":"product_cat-dao","9":"product_cat-muong","11":"first","12":"instock","13":"sale","14":"shipping-taxable","15":"purchasable","16":"product-type-variable"},"_links":{"self":[{"href":"https:\/\/web-ban-le.mbws.vn\/dung-cu-tien-ich\/wp-json\/wp\/v2\/product\/14968","targetHints":{"allow":["GET"]}}],"collection":[{"href":"https:\/\/web-ban-le.mbws.vn\/dung-cu-tien-ich\/wp-json\/wp\/v2\/product"}],"about":[{"href":"https:\/\/web-ban-le.mbws.vn\/dung-cu-tien-ich\/wp-json\/wp\/v2\/types\/product"}],"replies":[{"embeddable":true,"href":"https:\/\/web-ban-le.mbws.vn\/dung-cu-tien-ich\/wp-json\/wp\/v2\/comments?post=14968"}],"wp:featuredmedia":[{"embeddable":true,"href":"https:\/\/web-ban-le.mbws.vn\/dung-cu-tien-ich\/wp-json\/wp\/v2\/media\/15070"}],"wp:attachment":[{"href":"https:\/\/web-ban-le.mbws.vn\/dung-cu-tien-ich\/wp-json\/wp\/v2\/media?parent=14968"}],"wp:term":[{"taxonomy":"product_brand","embeddable":true,"href":"https:\/\/web-ban-le.mbws.vn\/dung-cu-tien-ich\/wp-json\/wp\/v2\/product_brand?post=14968"},{"taxonomy":"product_cat","embeddable":true,"href":"https:\/\/web-ban-le.mbws.vn\/dung-cu-tien-ich\/wp-json\/wp\/v2\/product_cat?post=14968"},{"taxonomy":"product_tag","embeddable":true,"href":"https:\/\/web-ban-le.mbws.vn\/dung-cu-tien-ich\/wp-json\/wp\/v2\/product_tag?post=14968"}],"curies":[{"name":"wp","href":"https:\/\/api.w.org\/{rel}","templated":true}]}}