{"id":15001,"date":"2025-10-31T11:26:57","date_gmt":"2025-10-31T04:26:57","guid":{"rendered":"https:\/\/web-ban-le.mbws.vn\/dung-cu-tien-ich\/?post_type=product&#038;p=15001"},"modified":"2025-10-31T11:28:15","modified_gmt":"2025-10-31T04:28:15","slug":"%e2%9c%a8%ef%b8%8f%e2%9c%a8%ef%b8%8fva-vot-mi-pho-bun-mien-muoi-vot-do-an-dang-luoi-co-lon","status":"publish","type":"product","link":"https:\/\/web-ban-le.mbws.vn\/dung-cu-tien-ich\/san-pham\/%e2%9c%a8%ef%b8%8f%e2%9c%a8%ef%b8%8fva-vot-mi-pho-bun-mien-muoi-vot-do-an-dang-luoi-co-lon\/","title":{"rendered":"\u2728\ufe0f\u2728\ufe0fV\u00e1 v\u1edbt m\u00ec ph\u1edf b\u00fan mi\u1ebfn &#8211; Mu\u00f4i v\u1edbt \u0111\u1ed3 \u0103n d\u1ea1ng l\u01b0\u1edbi c\u1ee1 l\u1edbn"},"content":{"rendered":"<div class=\"e8lZp3\">\n<p class=\"QN2lPu\">R\u00e2y l\u1ecdc l\u1edbn ch\u1ecbu nhi\u1ec7t \u0111\u1ed9 cao H\u1ed9 gia \u0111\u00ecnh R\u00e2y l\u1ecdc l\u1edbn L\u1ea9u nh\u00e0 b\u1ebfp T\u00ednh n\u0103ng R\u00e2y l\u1ecdc \u0111\u01b0\u1ee3c s\u1eed d\u1ee5ng r\u1ed9ng r\u00e3i, ti\u1ec7n l\u1ee3i, ch\u1ecbu nhi\u1ec7t \u0111\u1ed9 cao, b\u1ec1n, <\/p>\n<p class=\"QN2lPu\">\n<p class=\"QN2lPu\">\u0111a n\u0103ng Ch\u1ea5t l\u01b0\u1ee3ng cao: Chi\u1ebfc th\u00eca n\u00e0y \u0111\u01b0\u1ee3c l\u00e0m t\u1eeb ch\u1ea5t li\u1ec7u nylon cao c\u1ea5p v\u00e0 b\u1ec1n, ch\u1eafc ch\u1eafn v\u00e0 b\u1ec1n.<\/p>\n<p class=\"QN2lPu\">\n<p class=\"QN2lPu\"> N\u00f3 c\u00f3 th\u1ec3 ch\u1ecbu \u0111\u01b0\u1ee3c nhi\u1ec7t \u0111\u1ed9 cao v\u00e0 c\u00f3 th\u1ec3 s\u1eed d\u1ee5ng trong th\u1eddi gian d\u00e0i.<\/p>\n<p class=\"QN2lPu\">\n<p class=\"QN2lPu\"> Thi\u1ebft k\u1ebf: C\u00e1n th\u00eca d\u00e0i d\u1ec5 c\u1ea7m n\u1eafm, c\u00f3 l\u1ed7 treo \u1edf ph\u00eda tr\u00ean \u0111\u1ec3 d\u1ec5 d\u00e0ng treo v\u00e0 c\u1ea5t gi\u1eef m\u00e0 kh\u00f4ng t\u1ed1n di\u1ec7n t\u00edch.<\/p>\n<p class=\"QN2lPu\">\n<p class=\"QN2lPu\"> C\u00f4ng d\u1ee5ng r\u1ed9ng r\u00e3i: chi\u1ebfc th\u00eca b\u1ecb r\u00f2 r\u1ec9 n\u00e0y c\u00f3 th\u1ec3 d\u00f9ng \u0111\u1ec3 m\u00fac m\u00ec, b\u00e1nh bao v\u00e0 c\u00e1c th\u1ef1c ph\u1ea9m kh\u00e1c, nguy\u00ean li\u1ec7u l\u00e0m m\u00f3n l\u1ea9u, rau c\u1ee7, tr\u00e1i c\u00e2y, v.v., s\u1ea1ch s\u1ebd v\u00e0 ti\u1ec7n l\u1ee3i m\u00e0 kh\u00f4ng c\u1ea7n ti\u1ebfp x\u00fac tr\u1ef1c ti\u1ebfp v\u1edbi n\u01b0\u1edbc.<\/p>\n<p class=\"QN2lPu\">\n<p class=\"QN2lPu\"> Th\u00f4ng s\u1ed1 k\u1ef9 thu\u1eadt Ch\u1ea5t li\u1ec7u: Nylon<\/p>\n<p class=\"QN2lPu\">\n<p class=\"QN2lPu\"> K\u00edch th\u01b0\u1edbc s\u1ea3n ph\u1ea9m: 34,5 x 13,5 x 1,5cm <\/p>\n<p class=\"QN2lPu\">\n<p class=\"QN2lPu\">g\u00f3i bao g\u1ed3m 1 x R\u00e2y l\u1ecdc Kh\u00f4ng c\u00f3 h\u1ed9p b\u00e1n l\u1ebb. \u0110\u00f3ng g\u00f3i An To\u00e0n trong T\u00fai OPP.<\/p>\n<p class=\"QN2lPu\">\n<p class=\"QN2lPu\"> L\u01b0u \u00fd: C\u00f3 th\u1ec3 c\u00f3 m\u1ed9t s\u1ed1 kh\u00e1c bi\u1ec7t nh\u1ecf v\u1ec1 t\u00f4ng m\u00e0u c\u1ee7a h\u00ecnh \u1ea3nh v\u00e0 s\u1ea3n ph\u1ea9m th\u1ef1c t\u1ebf. Vui l\u00f2ng cho ph\u00e9p sai s\u1ed1 1-2mm do \u0111o l\u01b0\u1eddng th\u1ee7 c\u00f4ng, c\u1ea3m \u01a1n.<\/p>\n<\/div>\n","protected":false},"excerpt":{"rendered":"<p>R\u00e2y l\u1ecdc l\u1edbn ch\u1ecbu nhi\u1ec7t \u0111\u1ed9 cao H\u1ed9 gia \u0111\u00ecnh R\u00e2y l\u1ecdc l\u1edbn L\u1ea9u nh\u00e0 b\u1ebfp T\u00ednh n\u0103ng R\u00e2y l\u1ecdc \u0111\u01b0\u1ee3c s\u1eed d\u1ee5ng r\u1ed9ng r\u00e3i, ti\u1ec7n l\u1ee3i, ch\u1ecbu nhi\u1ec7t \u0111\u1ed9 cao, b\u1ec1n, \u0111a n\u0103ng Ch\u1ea5t l\u01b0\u1ee3ng cao: Chi\u1ebfc th\u00eca n\u00e0y \u0111\u01b0\u1ee3c l\u00e0m t\u1eeb ch\u1ea5t li\u1ec7u nylon cao c\u1ea5p v\u00e0 b\u1ec1n, ch\u1eafc ch\u1eafn v\u00e0 b\u1ec1n. N\u00f3&#8230;<\/p>\n","protected":false},"featured_media":15086,"comment_status":"open","ping_status":"closed","template":"","meta":[],"product_brand":[],"product_cat":[1423],"product_tag":[],"class_list":{"0":"post-15001","1":"product","2":"type-product","3":"status-publish","4":"has-post-thumbnail","6":"product_cat-phu-kien-va-do-dung-nha-bep","8":"first","9":"instock","10":"sale","11":"shipping-taxable","12":"purchasable","13":"product-type-variable"},"_links":{"self":[{"href":"https:\/\/web-ban-le.mbws.vn\/dung-cu-tien-ich\/wp-json\/wp\/v2\/product\/15001","targetHints":{"allow":["GET"]}}],"collection":[{"href":"https:\/\/web-ban-le.mbws.vn\/dung-cu-tien-ich\/wp-json\/wp\/v2\/product"}],"about":[{"href":"https:\/\/web-ban-le.mbws.vn\/dung-cu-tien-ich\/wp-json\/wp\/v2\/types\/product"}],"replies":[{"embeddable":true,"href":"https:\/\/web-ban-le.mbws.vn\/dung-cu-tien-ich\/wp-json\/wp\/v2\/comments?post=15001"}],"wp:featuredmedia":[{"embeddable":true,"href":"https:\/\/web-ban-le.mbws.vn\/dung-cu-tien-ich\/wp-json\/wp\/v2\/media\/15086"}],"wp:attachment":[{"href":"https:\/\/web-ban-le.mbws.vn\/dung-cu-tien-ich\/wp-json\/wp\/v2\/media?parent=15001"}],"wp:term":[{"taxonomy":"product_brand","embeddable":true,"href":"https:\/\/web-ban-le.mbws.vn\/dung-cu-tien-ich\/wp-json\/wp\/v2\/product_brand?post=15001"},{"taxonomy":"product_cat","embeddable":true,"href":"https:\/\/web-ban-le.mbws.vn\/dung-cu-tien-ich\/wp-json\/wp\/v2\/product_cat?post=15001"},{"taxonomy":"product_tag","embeddable":true,"href":"https:\/\/web-ban-le.mbws.vn\/dung-cu-tien-ich\/wp-json\/wp\/v2\/product_tag?post=15001"}],"curies":[{"name":"wp","href":"https:\/\/api.w.org\/{rel}","templated":true}]}}