{"id":15002,"date":"2025-10-31T11:26:57","date_gmt":"2025-10-31T04:26:57","guid":{"rendered":"https:\/\/web-ban-le.mbws.vn\/dung-cu-tien-ich\/?post_type=product&#038;p=15002"},"modified":"2025-10-31T11:28:15","modified_gmt":"2025-10-31T04:28:15","slug":"%e2%9c%a8%e2%9c%a8mieng-dang-khu-mui-hoat-hinh-trang-tri-nha-ve-sinh-phong-tam-tu-giay","status":"publish","type":"product","link":"https:\/\/web-ban-le.mbws.vn\/dung-cu-tien-ich\/san-pham\/%e2%9c%a8%e2%9c%a8mieng-dang-khu-mui-hoat-hinh-trang-tri-nha-ve-sinh-phong-tam-tu-giay\/","title":{"rendered":"\u2728\u2728Mi\u1ebfng D\u00e1ng Kh\u1eed M\u00f9i Ho\u1ea1t H\u00ecnh  Trang Tr\u00ed Nh\u00e0 V\u1ec7 Sinh, Ph\u00f2ng T\u1eafm, T\u1ee7 Gi\u1ea7y"},"content":{"rendered":"<div class=\"e8lZp3\">\n<p class=\"QN2lPu\">Nh\u00e3n d\u00e1n nh\u00e0 v\u1ec7 sinh t\u1ef1 d\u00ednh ho\u1ea1t h\u00ecnh Nh\u00e3n d\u00e1n kh\u1eed m\u00f9i d\u1ec5 th\u01b0\u01a1ng Nh\u00e3n d\u00e1n kh\u1eed m\u00f9i nh\u00e0 v\u1ec7 sinh T\u00ednh n\u0103ng H\u1ecda ti\u1ebft ho\u1ea1t h\u00ecnh, Kh\u00f4ng kh\u00f3i, <\/p>\n<p class=\"QN2lPu\">\n<p class=\"QN2lPu\">Kh\u00f4ng kh\u00ed trong l\u00e0nh Thi\u1ebft k\u1ebf s\u00e1ng t\u1ea1o: Li\u1ec7u ph\u00e1p h\u01b0\u01a1ng th\u01a1m n\u00e0y s\u1eed d\u1ee5ng h\u1ecda ti\u1ebft ho\u1ea1t h\u00ecnh. <\/p>\n<p class=\"QN2lPu\">\n<p class=\"QN2lPu\">Thi\u1ebft k\u1ebf t\u1ef1 d\u00ednh c\u00f3 th\u1ec3 \u0111\u01b0\u1ee3c \u00e1p d\u1ee5ng \u0111\u1ec3 kh\u1eed m\u00f9i nh\u00e0 v\u1ec7 sinh ho\u1eb7c t\u1ee7 qu\u1ea7n \u00e1o m\u00e0 kh\u00f4ng chi\u1ebfm kh\u00f4ng gian.<\/p>\n<p class=\"QN2lPu\">\n<p class=\"QN2lPu\">Li\u1ec7u ph\u00e1p h\u01b0\u01a1ng th\u01a1m d\u1ea1ng r\u1eafn c\u00f3 th\u1ec3 duy tr\u00ec h\u01b0\u01a1ng th\u01a1m trong th\u1eddi gian d\u00e0i h\u01a1n v\u00e0 l\u00e2u tr\u00f4i h\u01a1n li\u1ec7u ph\u00e1p h\u01b0\u01a1ng th\u01a1m d\u1ea1ng l\u1ecfng.<\/p>\n<p class=\"QN2lPu\">\n<p class=\"QN2lPu\"> Ch\u1ea5t li\u1ec7u an to\u00e0n: Li\u1ec7u ph\u00e1p h\u01b0\u01a1ng th\u01a1m n\u00e0y \u0111\u01b0\u1ee3c l\u00e0m b\u1eb1ng ch\u1ea5t li\u1ec7u n\u1ec9, v\u00ec v\u1eady kh\u00f4ng c\u1ea7n ph\u1ea3i lo l\u1eafng v\u1ec1 vi\u1ec7c g\u00e2y h\u1ea1i cho c\u01a1 th\u1ec3. <\/p>\n<p class=\"QN2lPu\">\n<p class=\"QN2lPu\">\u0110\u1eb7c \u0111i\u1ec3m k\u1ef9 thu\u1eadt Ch\u1ea5t li\u1ec7u: N\u1ec9 <\/p>\n<p class=\"QN2lPu\">K\u00edch th\u01b0\u1edbc s\u1ea3n ph\u1ea9m: 17 x 12 x 0,3cm <\/p>\n<p class=\"QN2lPu\">\n<p class=\"QN2lPu\">G\u00f3i h\u00e0ng bao g\u1ed3m 1 x Nh\u00e3n d\u00e1n nh\u00e0 v\u1ec7 sinh KH\u00d4NG C\u00d3 H\u1ed9p b\u00e1n l\u1ebb. \u0110\u00f3ng g\u00f3i an to\u00e0n trong T\u00fai OPP.<\/p>\n<p class=\"QN2lPu\">\n<p class=\"QN2lPu\"> L\u01b0u \u00fd: C\u00f3 th\u1ec3 c\u00f3 m\u1ed9t s\u1ed1 kh\u00e1c bi\u1ec7t nh\u1ecf trong t\u00f4ng m\u00e0u c\u1ee7a h\u00ecnh \u1ea3nh v\u00e0 s\u1ea3n ph\u1ea9m th\u1ef1c t\u1ebf. <\/p>\n<p class=\"QN2lPu\">Vui l\u00f2ng cho ph\u00e9p ch\u00eanh l\u1ec7ch 1-2mm do \u0111o l\u01b0\u1eddng th\u1ee7 c\u00f4ng, xin c\u1ea3m \u01a1n.<\/p>\n<\/div>\n","protected":false},"excerpt":{"rendered":"<p>Nh\u00e3n d\u00e1n nh\u00e0 v\u1ec7 sinh t\u1ef1 d\u00ednh ho\u1ea1t h\u00ecnh Nh\u00e3n d\u00e1n kh\u1eed m\u00f9i d\u1ec5 th\u01b0\u01a1ng Nh\u00e3n d\u00e1n kh\u1eed m\u00f9i nh\u00e0 v\u1ec7 sinh T\u00ednh n\u0103ng H\u1ecda ti\u1ebft ho\u1ea1t h\u00ecnh, Kh\u00f4ng kh\u00f3i, Kh\u00f4ng kh\u00ed trong l\u00e0nh Thi\u1ebft k\u1ebf s\u00e1ng t\u1ea1o: Li\u1ec7u ph\u00e1p h\u01b0\u01a1ng th\u01a1m n\u00e0y s\u1eed d\u1ee5ng h\u1ecda ti\u1ebft ho\u1ea1t h\u00ecnh. Thi\u1ebft k\u1ebf t\u1ef1 d\u00ednh c\u00f3 th\u1ec3&#8230;<\/p>\n","protected":false},"featured_media":15098,"comment_status":"open","ping_status":"closed","template":"","meta":[],"product_brand":[],"product_cat":[1492,1493],"product_tag":[],"class_list":{"0":"post-15002","1":"product","2":"type-product","3":"status-publish","4":"has-post-thumbnail","6":"product_cat-chau-ve-sinh","7":"product_cat-ghe-ngoi-nap-day","9":"first","10":"instock","11":"sale","12":"shipping-taxable","13":"purchasable","14":"product-type-variable"},"_links":{"self":[{"href":"https:\/\/web-ban-le.mbws.vn\/dung-cu-tien-ich\/wp-json\/wp\/v2\/product\/15002","targetHints":{"allow":["GET"]}}],"collection":[{"href":"https:\/\/web-ban-le.mbws.vn\/dung-cu-tien-ich\/wp-json\/wp\/v2\/product"}],"about":[{"href":"https:\/\/web-ban-le.mbws.vn\/dung-cu-tien-ich\/wp-json\/wp\/v2\/types\/product"}],"replies":[{"embeddable":true,"href":"https:\/\/web-ban-le.mbws.vn\/dung-cu-tien-ich\/wp-json\/wp\/v2\/comments?post=15002"}],"wp:featuredmedia":[{"embeddable":true,"href":"https:\/\/web-ban-le.mbws.vn\/dung-cu-tien-ich\/wp-json\/wp\/v2\/media\/15098"}],"wp:attachment":[{"href":"https:\/\/web-ban-le.mbws.vn\/dung-cu-tien-ich\/wp-json\/wp\/v2\/media?parent=15002"}],"wp:term":[{"taxonomy":"product_brand","embeddable":true,"href":"https:\/\/web-ban-le.mbws.vn\/dung-cu-tien-ich\/wp-json\/wp\/v2\/product_brand?post=15002"},{"taxonomy":"product_cat","embeddable":true,"href":"https:\/\/web-ban-le.mbws.vn\/dung-cu-tien-ich\/wp-json\/wp\/v2\/product_cat?post=15002"},{"taxonomy":"product_tag","embeddable":true,"href":"https:\/\/web-ban-le.mbws.vn\/dung-cu-tien-ich\/wp-json\/wp\/v2\/product_tag?post=15002"}],"curies":[{"name":"wp","href":"https:\/\/api.w.org\/{rel}","templated":true}]}}