{"id":15003,"date":"2025-10-31T11:26:57","date_gmt":"2025-10-31T04:26:57","guid":{"rendered":"https:\/\/web-ban-le.mbws.vn\/dung-cu-tien-ich\/?post_type=product&#038;p=15003"},"modified":"2025-10-31T11:28:15","modified_gmt":"2025-10-31T04:28:15","slug":"%e2%9c%a8%ef%b8%8f%e2%9c%a8%ef%b8%8fmoc-khoa-crayon-xiaoxin-de-thuong-ban-be-gia-dinh-moc-khoa-qua-tang-tot-nhat-de-ngan-ngua-mat-chia-khoa","status":"publish","type":"product","link":"https:\/\/web-ban-le.mbws.vn\/dung-cu-tien-ich\/san-pham\/%e2%9c%a8%ef%b8%8f%e2%9c%a8%ef%b8%8fmoc-khoa-crayon-xiaoxin-de-thuong-ban-be-gia-dinh-moc-khoa-qua-tang-tot-nhat-de-ngan-ngua-mat-chia-khoa\/","title":{"rendered":"\u2728\ufe0f\u2728\ufe0fM\u00f3c kh\u00f3a Crayon Xiaoxin d\u1ec5 th\u01b0\u01a1ng B\u1ea1n b\u00e8 gia \u0111\u00ecnh M\u00f3c kh\u00f3a Qu\u00e0 t\u1eb7ng t\u1ed1t nh\u1ea5t \u0111\u1ec3 ng\u0103n ng\u1eeba m\u1ea5t ch\u00eca kh\u00f3a"},"content":{"rendered":"<div class=\"e8lZp3\">\n<p class=\"QN2lPu\">M\u00f3c ch\u00eca kh\u00f3a nh\u1ecf m\u00e0u tr\u1eafng M\u00f3c treo trang tr\u00ed ch\u1eefa b\u1ec7nh Trang tr\u00ed m\u00f3c ch\u00eca kh\u00f3a ng\u00f4i nh\u00e0 s\u00e1ng t\u1ea1o T\u00ednh n\u0103ng Nh\u1ecf m\u00e0u tr\u1eafng, s\u00e1ng t\u1ea1o, tinh t\u1ebf, \u0111\u00e1ng y\u00eau, ch\u1ed1ng th\u1ea5t l\u1ea1c, si\u00eau d\u1ec5 th\u01b0\u01a1ng <\/p>\n<p class=\"QN2lPu\">\n<p class=\"QN2lPu\">Thi\u1ebft k\u1ebf si\u00eau d\u1ec5 th\u01b0\u01a1ng: M\u1ed9t m\u00f3c ch\u00eca kh\u00f3a m\u00e0u tr\u1eafng d\u1ec5 th\u01b0\u01a1ng v\u00e0 phong c\u00e1ch, k\u1ebft h\u1ee3p v\u1edbi gi\u00e1 \u0111\u1ef1ng \u0111\u1ed3 trong nh\u00e0, r\u1ea5t s\u00e1ng t\u1ea1o, th\u1ec3 hi\u1ec7n phong c\u00e1ch \u0111\u1ed9c \u0111\u00e1o c\u1ee7a b\u1ea1n, mang l\u1ea1i cho b\u1ea1n ni\u1ec1m vui v\u00e0 h\u1ea1nh ph\u00fac, l\u00e0m cho c\u0103n ph\u00f2ng c\u1ee7a b\u1ea1n tr\u00f4ng tinh t\u1ebf, d\u1ec5 th\u01b0\u01a1ng v\u00e0 th\u1eddi trang. <\/p>\n<p class=\"QN2lPu\">\n<p class=\"QN2lPu\">Ch\u1ea5t l\u01b0\u1ee3ng cao: M\u00f3c ch\u00eca kh\u00f3a n\u00e0y \u0111\u01b0\u1ee3c l\u00e0m b\u1eb1ng nh\u1ef1a ch\u1ea5t l\u01b0\u1ee3ng cao, th\u00e2n thi\u1ec7n v\u1edbi m\u00f4i tr\u01b0\u1eddng v\u00e0 b\u1ec1n, cho c\u1ea3m gi\u00e1c ch\u1ea1m m\u01b0\u1ee3t m\u00e0 v\u00e0 tho\u1ea3i m\u00e1i, d\u1ec5 c\u1ea7m n\u1eafm.<\/p>\n<p class=\"QN2lPu\">\n<p class=\"QN2lPu\"> N\u00f3 s\u1ebd l\u00e0 s\u1ef1 l\u1ef1a ch\u1ecdn ph\u1ee5 ki\u1ec7n ho\u00e0n h\u1ea3o \u0111\u1ec3 l\u01b0u tr\u1eef ch\u00eca kh\u00f3a c\u1ee7a b\u1ea1n.<\/p>\n<p class=\"QN2lPu\">\n<p class=\"QN2lPu\"> Th\u00f4ng tin chi ti\u1ebft Ch\u1ea5t li\u1ec7u: Nh\u1ef1a K\u00edch th\u01b0\u1edbc s\u1ea3n ph\u1ea9m: 7 x 6 x 4,5cm <\/p>\n<p class=\"QN2lPu\">\n<p class=\"QN2lPu\">G\u00f3i h\u00e0ng bao g\u1ed3m 1 x M\u00f3c ch\u00eca kh\u00f3a 1 x \u0110\u1ed3 trang tr\u00ed nh\u00e0 1 x Ch\u1ea5t k\u1ebft d\u00ednh Kh\u00f4ng c\u00f3 h\u1ed9p b\u00e1n l\u1ebb. \u0110\u00f3ng g\u00f3i An To\u00e0n trong T\u00fai OPP.<\/p>\n<p class=\"QN2lPu\">\n<p class=\"QN2lPu\"> L\u01b0u \u00fd: C\u00f3 th\u1ec3 c\u00f3 m\u1ed9t s\u1ed1 kh\u00e1c bi\u1ec7t nh\u1ecf v\u1ec1 t\u00f4ng m\u00e0u c\u1ee7a h\u00ecnh \u1ea3nh v\u00e0 s\u1ea3n ph\u1ea9m th\u1ef1c t\u1ebf. <\/p>\n<p class=\"QN2lPu\">\n<p class=\"QN2lPu\">Vui l\u00f2ng cho ph\u00e9p sai s\u1ed1 1-2mm do \u0111o l\u01b0\u1eddng th\u1ee7 c\u00f4ng, c\u1ea3m \u01a1n.<\/p>\n<\/div>\n","protected":false},"excerpt":{"rendered":"<p>M\u00f3c ch\u00eca kh\u00f3a nh\u1ecf m\u00e0u tr\u1eafng M\u00f3c treo trang tr\u00ed ch\u1eefa b\u1ec7nh Trang tr\u00ed m\u00f3c ch\u00eca kh\u00f3a ng\u00f4i nh\u00e0 s\u00e1ng t\u1ea1o T\u00ednh n\u0103ng Nh\u1ecf m\u00e0u tr\u1eafng, s\u00e1ng t\u1ea1o, tinh t\u1ebf, \u0111\u00e1ng y\u00eau, ch\u1ed1ng th\u1ea5t l\u1ea1c, si\u00eau d\u1ec5 th\u01b0\u01a1ng Thi\u1ebft k\u1ebf si\u00eau d\u1ec5 th\u01b0\u01a1ng: M\u1ed9t m\u00f3c ch\u00eca kh\u00f3a m\u00e0u tr\u1eafng d\u1ec5 th\u01b0\u01a1ng v\u00e0 phong c\u00e1ch, k\u1ebft&#8230;<\/p>\n","protected":false},"featured_media":15109,"comment_status":"open","ping_status":"closed","template":"","meta":[],"product_brand":[],"product_cat":[1495],"product_tag":[],"class_list":{"0":"post-15003","1":"product","2":"type-product","3":"status-publish","4":"has-post-thumbnail","6":"product_cat-moc-khoa","8":"first","9":"instock","10":"sale","11":"shipping-taxable","12":"purchasable","13":"product-type-simple"},"_links":{"self":[{"href":"https:\/\/web-ban-le.mbws.vn\/dung-cu-tien-ich\/wp-json\/wp\/v2\/product\/15003","targetHints":{"allow":["GET"]}}],"collection":[{"href":"https:\/\/web-ban-le.mbws.vn\/dung-cu-tien-ich\/wp-json\/wp\/v2\/product"}],"about":[{"href":"https:\/\/web-ban-le.mbws.vn\/dung-cu-tien-ich\/wp-json\/wp\/v2\/types\/product"}],"replies":[{"embeddable":true,"href":"https:\/\/web-ban-le.mbws.vn\/dung-cu-tien-ich\/wp-json\/wp\/v2\/comments?post=15003"}],"wp:featuredmedia":[{"embeddable":true,"href":"https:\/\/web-ban-le.mbws.vn\/dung-cu-tien-ich\/wp-json\/wp\/v2\/media\/15109"}],"wp:attachment":[{"href":"https:\/\/web-ban-le.mbws.vn\/dung-cu-tien-ich\/wp-json\/wp\/v2\/media?parent=15003"}],"wp:term":[{"taxonomy":"product_brand","embeddable":true,"href":"https:\/\/web-ban-le.mbws.vn\/dung-cu-tien-ich\/wp-json\/wp\/v2\/product_brand?post=15003"},{"taxonomy":"product_cat","embeddable":true,"href":"https:\/\/web-ban-le.mbws.vn\/dung-cu-tien-ich\/wp-json\/wp\/v2\/product_cat?post=15003"},{"taxonomy":"product_tag","embeddable":true,"href":"https:\/\/web-ban-le.mbws.vn\/dung-cu-tien-ich\/wp-json\/wp\/v2\/product_tag?post=15003"}],"curies":[{"name":"wp","href":"https:\/\/api.w.org\/{rel}","templated":true}]}}