{"id":15004,"date":"2025-10-31T11:26:57","date_gmt":"2025-10-31T04:26:57","guid":{"rendered":"https:\/\/web-ban-le.mbws.vn\/dung-cu-tien-ich\/?post_type=product&#038;p=15004"},"modified":"2025-10-31T11:28:41","modified_gmt":"2025-10-31T04:28:41","slug":"%e2%9c%a8%ef%b8%8f%e2%9c%a8%ef%b8%8fnut-nhan-xa-nuoc-bon-cau-hinh-trai-tim-nhieu-mau-sang-tao","status":"publish","type":"product","link":"https:\/\/web-ban-le.mbws.vn\/dung-cu-tien-ich\/san-pham\/%e2%9c%a8%ef%b8%8f%e2%9c%a8%ef%b8%8fnut-nhan-xa-nuoc-bon-cau-hinh-trai-tim-nhieu-mau-sang-tao\/","title":{"rendered":"\u2728\ufe0f\u2728\ufe0fN\u00fat Nh\u1ea5n X\u1ea3 N\u01b0\u1edbc B\u1ed3n C\u1ea7u H\u00ecnh Tr\u00e1i Tim Nhi\u1ec1u M\u00e0u S\u00e1ng T\u1ea1o"},"content":{"rendered":"<div class=\"e8lZp3\">\n<p class=\"QN2lPu\">M\u00e1y \u00e9p b\u1ed3n c\u1ea7u \u0111\u1ea7y m\u00e0u s\u1eafc N\u00fat b\u1ed3n c\u1ea7u s\u00e1ng t\u1ea1o N\u00fat tr\u00e1i tim th\u1eddi trang T\u00ednh n\u0103ng, \u0111\u1eb7c \u0111i\u1ec3m N\u00fat b\u00ecnh n\u01b0\u1edbc s\u00e1ng t\u1ea1o, <\/p>\n<p class=\"QN2lPu\">\n<p class=\"QN2lPu\">h\u00ecnh tr\u00e1i tim, thi\u1ebft k\u1ebf ti\u1ec7n l\u1ee3i: Tr\u1ee3 l\u00fd n\u00fat b\u00ecnh n\u01b0\u1edbc n\u00e0y c\u00f3 h\u00ecnh tr\u00e1i tim, c\u00f3 th\u1ec3 r\u1ea5t ti\u1ec7n l\u1ee3i v\u00e0 thi\u1ebft th\u1ef1c. <\/p>\n<p class=\"QN2lPu\">\n<p class=\"QN2lPu\">\u0110\u00f3 l\u00e0 m\u1ed9t n\u00fat t\u00ecnh y\u00eau th\u1eddi trang v\u00e0 h\u1ee3p th\u1eddi trang. <\/p>\n<p class=\"QN2lPu\">\n<p class=\"QN2lPu\">L\u00e0 m\u1ed9t v\u1eadt trang tr\u00ed trong nh\u00e0, n\u00f3 c\u00f3 th\u1ec3 n\u00e2ng cao h\u1ea1nh ph\u00fac v\u00e0 s\u1ef1 thu\u1eadn l\u1ee3i trong cu\u1ed9c s\u1ed1ng h\u00e0ng ng\u00e0y. <\/p>\n<p class=\"QN2lPu\">\n<p class=\"QN2lPu\">Ti\u1ec7n d\u1ee5ng: Tr\u1ee3 l\u00fd n\u00fat t\u00ecnh y\u00eau n\u00e0y d\u1ec5 b\u1ea5m h\u01a1n nhi\u1ec1u so v\u1edbi n\u00fat g\u1ed1c, \u0111\u1eb7c bi\u1ec7t ph\u00f9 h\u1ee3p v\u1edbi nh\u1eefng ng\u01b0\u1eddi \u0111\u00e3 l\u00e0m m\u00f3ng tay l\u00e2u. <\/p>\n<p class=\"QN2lPu\">\n<p class=\"QN2lPu\">B\u1ea1n kh\u00f4ng c\u1ea7n ph\u1ea3i lo l\u1eafng m\u00f3ng tay c\u1ee7a m\u00ecnh b\u1ecb k\u1eb9t hay g\u00e3y. <\/p>\n<p class=\"QN2lPu\">\n<p class=\"QN2lPu\">H\u01a1n n\u1eefa, n\u1ebfu t\u1ee7 qu\u1ea7n \u00e1o ho\u1eb7c t\u1ee7 \u0111\u1ef1ng \u0111\u1ed3 c\u1ee7a b\u1ea1n kh\u00f4ng c\u00f3 n\u00fat b\u1ea5m c\u1eeda th\u00ec c\u00f3 th\u1ec3 l\u1eafp hai n\u00fat nh\u01b0 v\u1eady tr\u00ean c\u1eeda \u0111\u1ec3 m\u1edf c\u1eeda t\u1ee7 d\u1ec5 d\u00e0ng. <\/p>\n<p class=\"QN2lPu\">\n<p class=\"QN2lPu\">Th\u00f4ng s\u1ed1 k\u1ef9 thu\u1eadt Ch\u1ea5t li\u1ec7u: Nh\u1ef1a <\/p>\n<p class=\"QN2lPu\">\n<p class=\"QN2lPu\">K\u00edch th\u01b0\u1edbc s\u1ea3n ph\u1ea9m: 3 x 3,2 x 3,2cm <\/p>\n<p class=\"QN2lPu\">G\u00f3i h\u00e0ng bao g\u1ed3m 1 x M\u00e1y \u00e9p Kh\u00f4ng c\u00f3 h\u1ed9p b\u00e1n l\u1ebb. \u0110\u00f3ng g\u00f3i An To\u00e0n trong T\u00fai OPP. <\/p>\n<p class=\"QN2lPu\">\n<p class=\"QN2lPu\">L\u01b0u \u00fd: C\u00f3 th\u1ec3 c\u00f3 m\u1ed9t s\u1ed1 kh\u00e1c bi\u1ec7t nh\u1ecf v\u1ec1 t\u00f4ng m\u00e0u c\u1ee7a h\u00ecnh \u1ea3nh v\u00e0 s\u1ea3n ph\u1ea9m th\u1ef1c t\u1ebf. Vui l\u00f2ng cho ph\u00e9p sai s\u1ed1 1-2mm do \u0111o l\u01b0\u1eddng th\u1ee7 c\u00f4ng, c\u1ea3m \u01a1n.<\/p>\n<\/div>\n","protected":false},"excerpt":{"rendered":"<p>M\u00e1y \u00e9p b\u1ed3n c\u1ea7u \u0111\u1ea7y m\u00e0u s\u1eafc N\u00fat b\u1ed3n c\u1ea7u s\u00e1ng t\u1ea1o N\u00fat tr\u00e1i tim th\u1eddi trang T\u00ednh n\u0103ng, \u0111\u1eb7c \u0111i\u1ec3m N\u00fat b\u00ecnh n\u01b0\u1edbc s\u00e1ng t\u1ea1o, h\u00ecnh tr\u00e1i tim, thi\u1ebft k\u1ebf ti\u1ec7n l\u1ee3i: Tr\u1ee3 l\u00fd n\u00fat b\u00ecnh n\u01b0\u1edbc n\u00e0y c\u00f3 h\u00ecnh tr\u00e1i tim, c\u00f3 th\u1ec3 r\u1ea5t ti\u1ec7n l\u1ee3i v\u00e0 thi\u1ebft th\u1ef1c. \u0110\u00f3 l\u00e0 m\u1ed9t n\u00fat&#8230;<\/p>\n","protected":false},"featured_media":15121,"comment_status":"open","ping_status":"closed","template":"","meta":[],"product_brand":[],"product_cat":[1457],"product_tag":[],"class_list":{"0":"post-15004","1":"product","2":"type-product","3":"status-publish","4":"has-post-thumbnail","6":"product_cat-thiet-bi-khac","8":"first","9":"instock","10":"sale","11":"shipping-taxable","12":"purchasable","13":"product-type-variable"},"_links":{"self":[{"href":"https:\/\/web-ban-le.mbws.vn\/dung-cu-tien-ich\/wp-json\/wp\/v2\/product\/15004","targetHints":{"allow":["GET"]}}],"collection":[{"href":"https:\/\/web-ban-le.mbws.vn\/dung-cu-tien-ich\/wp-json\/wp\/v2\/product"}],"about":[{"href":"https:\/\/web-ban-le.mbws.vn\/dung-cu-tien-ich\/wp-json\/wp\/v2\/types\/product"}],"replies":[{"embeddable":true,"href":"https:\/\/web-ban-le.mbws.vn\/dung-cu-tien-ich\/wp-json\/wp\/v2\/comments?post=15004"}],"wp:featuredmedia":[{"embeddable":true,"href":"https:\/\/web-ban-le.mbws.vn\/dung-cu-tien-ich\/wp-json\/wp\/v2\/media\/15121"}],"wp:attachment":[{"href":"https:\/\/web-ban-le.mbws.vn\/dung-cu-tien-ich\/wp-json\/wp\/v2\/media?parent=15004"}],"wp:term":[{"taxonomy":"product_brand","embeddable":true,"href":"https:\/\/web-ban-le.mbws.vn\/dung-cu-tien-ich\/wp-json\/wp\/v2\/product_brand?post=15004"},{"taxonomy":"product_cat","embeddable":true,"href":"https:\/\/web-ban-le.mbws.vn\/dung-cu-tien-ich\/wp-json\/wp\/v2\/product_cat?post=15004"},{"taxonomy":"product_tag","embeddable":true,"href":"https:\/\/web-ban-le.mbws.vn\/dung-cu-tien-ich\/wp-json\/wp\/v2\/product_tag?post=15004"}],"curies":[{"name":"wp","href":"https:\/\/api.w.org\/{rel}","templated":true}]}}