{"id":15044,"date":"2025-10-31T11:27:26","date_gmt":"2025-10-31T04:27:26","guid":{"rendered":"https:\/\/web-ban-le.mbws.vn\/dung-cu-tien-ich\/?post_type=product&#038;p=15044"},"modified":"2025-10-31T18:47:47","modified_gmt":"2025-10-31T11:47:47","slug":"%e2%9c%a8%ef%b8%8f%e2%9c%a8%ef%b8%8fdua-inox-sus-304-han-quoc-chong-truot-cao-cap-khang-khuan","status":"publish","type":"product","link":"https:\/\/web-ban-le.mbws.vn\/dung-cu-tien-ich\/san-pham\/%e2%9c%a8%ef%b8%8f%e2%9c%a8%ef%b8%8fdua-inox-sus-304-han-quoc-chong-truot-cao-cap-khang-khuan\/","title":{"rendered":"\u2728\ufe0f\u2728\ufe0f\u0110\u0169a Inox SUS 304 H\u00e0n Qu\u1ed1c Ch\u1ed1ng Tr\u01b0\u1ee3t Cao C\u1ea5p Kh\u00e1ng Khu\u1ea9n"},"content":{"rendered":"<div class=\"e8lZp3\">\n<p class=\"QN2lPu\">Ch\u1ea5t li\u1ec7u: Th\u00e9p kh\u00f4ng g\u1ec9<\/p>\n<p class=\"QN2lPu\">\n<p class=\"QN2lPu\"> Phong c\u00e1ch: Trung Qu\u1ed1c <\/p>\n<p class=\"QN2lPu\">\n<p class=\"QN2lPu\">Hoa v\u0103n: Nguy\u00ean b\u1ea3n<\/p>\n<p class=\"QN2lPu\">\n<p class=\"QN2lPu\"> M\u00e0u s\u1eafc: S\u1ee9 tr\u1eafng xanh s\u1ed1 l\u01b0\u1ee3ng l\u1edbn, s\u1ed1 l\u01b0\u1ee3ng l\u1edbn<\/p>\n<p class=\"QN2lPu\">\n<p class=\"QN2lPu\"> \u0110\u1eb7c \u0111i\u1ec3m: \u01afu \u0111i\u1ec3m c\u1ee7a \u0111\u0169a inox l\u00e0 kh\u00f4ng d\u1ec5 m\u1ed1c v\u00e0 d\u1ec5 lau ch\u00f9i. <\/p>\n<p class=\"QN2lPu\">\n<p class=\"QN2lPu\">M\u1ec1m m\u1ea1i v\u00e0 tinh t\u1ebf, c\u1ea3m gi\u00e1c d\u1ec5 ch\u1ecbu, b\u1ec1 ngo\u00e0i m\u00e0u tr\u1eafng b\u1ea1c, \u00e1nh s\u00e1ng r\u1ef1c r\u1ee1, c\u00f3 ch\u00fat kh\u00f4ng kh\u00ed v\u00e0 sang tr\u1ecdng. Nh\u1eefng \u0111\u01b0\u1eddng n\u00e9t \u0111\u01a1n gi\u1ea3n v\u00e0 tinh t\u1ebf c\u00f3 th\u1ec3 tr\u1edf n\u00ean tinh t\u1ebf v\u00e0 thanh l\u1ecbch h\u01a1n. <\/p>\n<p class=\"QN2lPu\">\n<p class=\"QN2lPu\">L\u01b0u \u00fd: V\u1ec1 k\u00edch th\u01b0\u1edbc, do sai s\u1ed1 1-3mm gi\u1eefa ph\u00e9p \u0111o th\u1ee7 c\u00f4ng v\u00e0 s\u1ea3n ph\u1ea9m th\u1ef1c t\u1ebf, n\u00ean l\u1ea5y s\u1ea3n ph\u1ea9m th\u1ef1c t\u1ebf l\u00e0m chu\u1ea9n.<\/p>\n<\/div>\n","protected":false},"excerpt":{"rendered":"<p>Ch\u1ea5t li\u1ec7u: Th\u00e9p kh\u00f4ng g\u1ec9 Phong c\u00e1ch: Trung Qu\u1ed1c Hoa v\u0103n: Nguy\u00ean b\u1ea3n M\u00e0u s\u1eafc: S\u1ee9 tr\u1eafng xanh s\u1ed1 l\u01b0\u1ee3ng l\u1edbn, s\u1ed1 l\u01b0\u1ee3ng l\u1edbn \u0110\u1eb7c \u0111i\u1ec3m: \u01afu \u0111i\u1ec3m c\u1ee7a \u0111\u0169a inox l\u00e0 kh\u00f4ng d\u1ec5 m\u1ed1c v\u00e0 d\u1ec5 lau ch\u00f9i. M\u1ec1m m\u1ea1i v\u00e0 tinh t\u1ebf, c\u1ea3m gi\u00e1c d\u1ec5 ch\u1ecbu, b\u1ec1 ngo\u00e0i m\u00e0u tr\u1eafng b\u1ea1c, \u00e1nh s\u00e1ng&#8230;<\/p>\n","protected":false},"featured_media":15138,"comment_status":"open","ping_status":"closed","template":"","meta":[],"product_brand":[1541],"product_cat":[1442,1440,1441],"product_tag":[],"class_list":{"0":"post-15044","1":"product","2":"type-product","3":"status-publish","4":"has-post-thumbnail","6":"product_brand-locknlock","7":"product_cat-nia","8":"product_cat-dao","9":"product_cat-muong","11":"first","12":"instock","13":"sale","14":"shipping-taxable","15":"purchasable","16":"product-type-simple"},"_links":{"self":[{"href":"https:\/\/web-ban-le.mbws.vn\/dung-cu-tien-ich\/wp-json\/wp\/v2\/product\/15044","targetHints":{"allow":["GET"]}}],"collection":[{"href":"https:\/\/web-ban-le.mbws.vn\/dung-cu-tien-ich\/wp-json\/wp\/v2\/product"}],"about":[{"href":"https:\/\/web-ban-le.mbws.vn\/dung-cu-tien-ich\/wp-json\/wp\/v2\/types\/product"}],"replies":[{"embeddable":true,"href":"https:\/\/web-ban-le.mbws.vn\/dung-cu-tien-ich\/wp-json\/wp\/v2\/comments?post=15044"}],"wp:featuredmedia":[{"embeddable":true,"href":"https:\/\/web-ban-le.mbws.vn\/dung-cu-tien-ich\/wp-json\/wp\/v2\/media\/15138"}],"wp:attachment":[{"href":"https:\/\/web-ban-le.mbws.vn\/dung-cu-tien-ich\/wp-json\/wp\/v2\/media?parent=15044"}],"wp:term":[{"taxonomy":"product_brand","embeddable":true,"href":"https:\/\/web-ban-le.mbws.vn\/dung-cu-tien-ich\/wp-json\/wp\/v2\/product_brand?post=15044"},{"taxonomy":"product_cat","embeddable":true,"href":"https:\/\/web-ban-le.mbws.vn\/dung-cu-tien-ich\/wp-json\/wp\/v2\/product_cat?post=15044"},{"taxonomy":"product_tag","embeddable":true,"href":"https:\/\/web-ban-le.mbws.vn\/dung-cu-tien-ich\/wp-json\/wp\/v2\/product_tag?post=15044"}],"curies":[{"name":"wp","href":"https:\/\/api.w.org\/{rel}","templated":true}]}}