{"id":15046,"date":"2025-10-31T11:27:26","date_gmt":"2025-10-31T04:27:26","guid":{"rendered":"https:\/\/web-ban-le.mbws.vn\/dung-cu-tien-ich\/?post_type=product&#038;p=15046"},"modified":"2025-10-31T11:29:02","modified_gmt":"2025-10-31T04:29:02","slug":"%e2%9c%a8%ef%b8%8f%e2%9c%a8%ef%b8%8fbo-tang-do-keo-day-bo-cang-day-nha-vuon-gia-co-cong-trinh-chat-lieu-kim-loai","status":"publish","type":"product","link":"https:\/\/web-ban-le.mbws.vn\/dung-cu-tien-ich\/san-pham\/%e2%9c%a8%ef%b8%8f%e2%9c%a8%ef%b8%8fbo-tang-do-keo-day-bo-cang-day-nha-vuon-gia-co-cong-trinh-chat-lieu-kim-loai\/","title":{"rendered":"\u2728\ufe0f\u2728\ufe0fB\u1ed9 t\u0103ng \u0111\u01a1 k\u00e9o d\u00e2y b\u1ed9 c\u0103ng d\u00e2y nh\u00e0 v\u01b0\u1eddn gia c\u1ed1 c\u00f4ng tr\u00ecnh ch\u1ea5t li\u1ec7u kim lo\u1ea1i"},"content":{"rendered":"<div class=\"e8lZp3\">\n<p class=\"QN2lPu\">M\u00e1y c\u0103ng l\u01b0\u1edbi nho M\u00e1y c\u0103ng d\u00e2y th\u00e9p nh\u00e0 k\u00ednh M\u00e1y c\u0103ng d\u00e2y s\u1eaft<\/p>\n<p class=\"QN2lPu\">\u0110\u1eb7c tr\u01b0ng<\/p>\n<p class=\"QN2lPu\">Ch\u1eafc ch\u1eafn, B\u1ec1n b\u1ec9, Ti\u1ebft ki\u1ec7m nh\u00e2n c\u00f4ng, Ch\u1ed1ng g\u1ec9<\/p>\n<p class=\"QN2lPu\">V\u1eadt li\u1ec7u ch\u1ea5t l\u01b0\u1ee3ng cao: B\u1ed9 si\u1ebft ch\u1eb7t n\u00e0y \u0111\u01b0\u1ee3c l\u00e0m b\u1eb1ng v\u1eadt li\u1ec7u th\u00e9p cacbon cao, c\u00f3 b\u1ec1 m\u1eb7t m\u1ea1 k\u1ebdm \u0111\u1ec3 ch\u1ed1ng \u0103n m\u00f2n v\u00e0 r\u1ec9 s\u00e9t, ch\u1eafc ch\u1eafn v\u00e0 b\u1ec1n.<\/p>\n<p class=\"QN2lPu\">D\u00e2y th\u00e9p si\u1ebft ch\u1eb7t: B\u1ed9 si\u1ebft ch\u1eb7t n\u00e0y c\u00f3 th\u1ec3 k\u1ebft n\u1ed1i d\u00e2y th\u00e9p nh\u1ef1a, d\u00e2y th\u00e9p kh\u00f4ng g\u1ec9, v.v. N\u00f3 \u0111i k\u00e8m v\u1edbi m\u1ed9t tr\u1ee5c c\u00f3 th\u1ec3 si\u1ebft ch\u1eb7t, ti\u1ebft ki\u1ec7m th\u1eddi gian v\u00e0 c\u00f4ng s\u1ee9c. Tr\u1ee5c hoa \u00e1p d\u1ee5ng thi\u1ebft k\u1ebf ch\u1ed1ng xoay, c\u00f3 ngh\u0129a l\u00e0 khi d\u00e2y \u0111\u01b0\u1ee3c si\u1ebft ch\u1eb7t, s\u1ebd c\u00f3 m\u1ed9t l\u1ef1c ng\u01b0\u1ee3c l\u1ea1i v\u1edbi d\u00e2y k\u00e9o tr\u1ee5c vu\u00f4ng v\u00e0o khe, ng\u0103n tr\u1ee5c vu\u00f4ng quay.<\/p>\n<p class=\"QN2lPu\">\u0110\u1eb7c \u0111i\u1ec3m k\u1ef9 thu\u1eadt<\/p>\n<p class=\"QN2lPu\">Ch\u1ea5t li\u1ec7u: Th\u00e9p Carbon cao<\/p>\n<p class=\"QN2lPu\">K\u00edch th\u01b0\u1edbc s\u1ea3n ph\u1ea9m: 12 x 4.5 x 3cm<\/p>\n<p class=\"QN2lPu\">G\u00f3i h\u00e0ng bao g\u1ed3m<\/p>\n<p class=\"QN2lPu\">1 x D\u1ee5ng c\u1ee5 si\u1ebft ch\u1eb7t d\u00e2y th\u00e9p<\/p>\n<p class=\"QN2lPu\">KH\u00d4NG c\u00f3 h\u1ed9p b\u00e1n l\u1ebb. \u0110\u00f3ng g\u00f3i an to\u00e0n trong t\u00fai.<\/p>\n<p class=\"QN2lPu\">Ghi ch\u00fa:<\/p>\n<p class=\"QN2lPu\">C\u00f3 th\u1ec3 c\u00f3 m\u1ed9t s\u1ed1 kh\u00e1c bi\u1ec7t nh\u1ecf v\u1ec1 t\u00f4ng m\u00e0u gi\u1eefa h\u00ecnh \u1ea3nh v\u00e0 s\u1ea3n ph\u1ea9m th\u1ef1c t\u1ebf.<\/p>\n<p class=\"QN2lPu\">Xin vui l\u00f2ng cho ph\u00e9p sai s\u1ed1 k\u00edch th\u01b0\u1edbc trong kho\u1ea3ng 1-2mm do \u0111o l\u01b0\u1eddng th\u1ee7 c\u00f4ng, c\u1ea3m \u01a1n.<\/p>\n<\/div>\n","protected":false},"excerpt":{"rendered":"<p>M\u00e1y c\u0103ng l\u01b0\u1edbi nho M\u00e1y c\u0103ng d\u00e2y th\u00e9p nh\u00e0 k\u00ednh M\u00e1y c\u0103ng d\u00e2y s\u1eaft \u0110\u1eb7c tr\u01b0ng Ch\u1eafc ch\u1eafn, B\u1ec1n b\u1ec9, Ti\u1ebft ki\u1ec7m nh\u00e2n c\u00f4ng, Ch\u1ed1ng g\u1ec9 V\u1eadt li\u1ec7u ch\u1ea5t l\u01b0\u1ee3ng cao: B\u1ed9 si\u1ebft ch\u1eb7t n\u00e0y \u0111\u01b0\u1ee3c l\u00e0m b\u1eb1ng v\u1eadt li\u1ec7u th\u00e9p cacbon cao, c\u00f3 b\u1ec1 m\u1eb7t m\u1ea1 k\u1ebdm \u0111\u1ec3 ch\u1ed1ng \u0103n m\u00f2n v\u00e0 r\u1ec9 s\u00e9t,&#8230;<\/p>\n","protected":false},"featured_media":15163,"comment_status":"open","ping_status":"closed","template":"","meta":[],"product_brand":[],"product_cat":[1390],"product_tag":[],"class_list":{"0":"post-15046","1":"product","2":"type-product","3":"status-publish","4":"has-post-thumbnail","6":"product_cat-dung-cu-sap-xep","8":"first","9":"instock","10":"sale","11":"shipping-taxable","12":"purchasable","13":"product-type-variable"},"_links":{"self":[{"href":"https:\/\/web-ban-le.mbws.vn\/dung-cu-tien-ich\/wp-json\/wp\/v2\/product\/15046","targetHints":{"allow":["GET"]}}],"collection":[{"href":"https:\/\/web-ban-le.mbws.vn\/dung-cu-tien-ich\/wp-json\/wp\/v2\/product"}],"about":[{"href":"https:\/\/web-ban-le.mbws.vn\/dung-cu-tien-ich\/wp-json\/wp\/v2\/types\/product"}],"replies":[{"embeddable":true,"href":"https:\/\/web-ban-le.mbws.vn\/dung-cu-tien-ich\/wp-json\/wp\/v2\/comments?post=15046"}],"wp:featuredmedia":[{"embeddable":true,"href":"https:\/\/web-ban-le.mbws.vn\/dung-cu-tien-ich\/wp-json\/wp\/v2\/media\/15163"}],"wp:attachment":[{"href":"https:\/\/web-ban-le.mbws.vn\/dung-cu-tien-ich\/wp-json\/wp\/v2\/media?parent=15046"}],"wp:term":[{"taxonomy":"product_brand","embeddable":true,"href":"https:\/\/web-ban-le.mbws.vn\/dung-cu-tien-ich\/wp-json\/wp\/v2\/product_brand?post=15046"},{"taxonomy":"product_cat","embeddable":true,"href":"https:\/\/web-ban-le.mbws.vn\/dung-cu-tien-ich\/wp-json\/wp\/v2\/product_cat?post=15046"},{"taxonomy":"product_tag","embeddable":true,"href":"https:\/\/web-ban-le.mbws.vn\/dung-cu-tien-ich\/wp-json\/wp\/v2\/product_tag?post=15046"}],"curies":[{"name":"wp","href":"https:\/\/api.w.org\/{rel}","templated":true}]}}