{"id":15079,"date":"2025-10-31T11:27:51","date_gmt":"2025-10-31T04:27:51","guid":{"rendered":"https:\/\/web-ban-le.mbws.vn\/dung-cu-tien-ich\/?post_type=product&#038;p=15079"},"modified":"2025-10-31T18:47:47","modified_gmt":"2025-10-31T11:47:47","slug":"%e2%9c%a8%ef%b8%8f%e2%9c%a8%ef%b8%8fthia-inox-an-com-tay-cam-ngoc-trai-muong-an-chao-sup-inox-khong-ricao-caploai-day-can-dai","status":"publish","type":"product","link":"https:\/\/web-ban-le.mbws.vn\/dung-cu-tien-ich\/san-pham\/%e2%9c%a8%ef%b8%8f%e2%9c%a8%ef%b8%8fthia-inox-an-com-tay-cam-ngoc-trai-muong-an-chao-sup-inox-khong-ricao-caploai-day-can-dai\/","title":{"rendered":"\u2728\ufe0f\u2728\ufe0fTh\u00eca Inox \u0102n C\u01a1m Tay C\u1ea7m Ng\u1ecdc Trai &#8211; Mu\u1ed7ng \u0102n Ch\u00e1o S\u00fap Inox Kh\u00f4ng R\u1ec9,Cao c\u1ea5p,Lo\u1ea1i d\u00e0y C\u00e1n D\u00e0i"},"content":{"rendered":"<div class=\"e8lZp3\">\n<p class=\"QN2lPu\">Th\u00eca tr\u00e1ng mi\u1ec7ng b\u1eb1ng th\u00e9p kh\u00f4ng g\u1ec9  Style c\u00f3 tay c\u1ea7m b\u1eb1ng ng\u1ecdc trai Th\u00eca tr\u00f2n d\u00f9ng c\u01a1m gia \u0111\u00ecnh \u0110\u1eb7c \u0111i\u1ec3m Ch\u1ea5t li\u1ec7u cao c\u1ea5p, S\u1eed d\u1ee5ng r\u1ed9ng r\u00e3i, Tay c\u1ea7m d\u00e0i, <\/p>\n<p class=\"QN2lPu\">Thi\u1ebft k\u1ebf ti\u1ec7n l\u1ee3i: Chi\u1ebfc th\u00eca b\u1eb1ng th\u00e9p kh\u00f4ng g\u1ec9 n\u00e0y c\u00f3 thi\u1ebft k\u1ebf tay c\u1ea7m d\u00e0i, \u0111\u00e1y tr\u00f2n v\u00e0 r\u1ea5t s\u00e2u, th\u00edch h\u1ee3p \u0111\u1ec3 m\u00fac s\u00fap , \u0103n u\u1ed1ng, v.v., r\u1ea5t thu\u1eadn ti\u1ec7n. <\/p>\n<p class=\"QN2lPu\">\n<p class=\"QN2lPu\">Ch\u1ea5t li\u1ec7u cao c\u1ea5p: Chi\u1ebfc th\u00eca n\u00e0y \u0111\u01b0\u1ee3c l\u00e0m b\u1eb1ng th\u00e9p kh\u00f4ng g\u1ec9 ch\u1ea5t l\u01b0\u1ee3ng cao, kh\u00f4ng b\u1ecb r\u1ec9 s\u00e9t v\u00e0 r\u1ea5t b\u1ec1n. <\/p>\n<p class=\"QN2lPu\">\n<p class=\"QN2lPu\">N\u00f3 \u00e1p d\u1ee5ng quy tr\u00ecnh \u0111\u00e1nh b\u00f3ng cao, kh\u00f4ng l\u00e0m x\u01b0\u1edbc mi\u1ec7ng khi s\u1eed d\u1ee5ng v\u00e0 kh\u00f4ng \u1ea3nh h\u01b0\u1edfng \u0111\u1ebfn m\u00f9i v\u1ecb c\u1ee7a th\u1ef1c ph\u1ea9m. <\/p>\n<p class=\"QN2lPu\">\n<p class=\"QN2lPu\">\u0110\u01b0\u1ee3c s\u1eed d\u1ee5ng r\u1ed9ng r\u00e3i: Chi\u1ebfc th\u00eca n\u00e0y c\u00f3 th\u1ec3 d\u00f9ng \u0111\u1ec3 \u0103n, u\u1ed1ng s\u00fap, \u0103n tr\u00e1ng mi\u1ec7ng, v.v. <\/p>\n<p class=\"QN2lPu\">\n<p class=\"QN2lPu\">Th\u00edch h\u1ee3p cho nh\u00e0 h\u00e0ng, qu\u00e1n tr\u00e1ng mi\u1ec7ng, qu\u00e1n c\u00e0 ph\u00ea, nh\u00e0 h\u00e0ng gia \u0111\u00ecnh, v.v. <\/p>\n<p class=\"QN2lPu\">\n<p class=\"QN2lPu\">Th\u00f4ng s\u1ed1 k\u1ef9 thu\u1eadt Ch\u1ea5t li\u1ec7u: Th\u00e9p kh\u00f4ng g\u1ec9, Nh\u1ef1a<\/p>\n<p class=\"QN2lPu\">\n<p class=\"QN2lPu\"> K\u00edch th\u01b0\u1edbc s\u1ea3n ph\u1ea9m: 17,7 x 4 x 1,5cm<\/p>\n<p class=\"QN2lPu\"> g\u00f3i bao g\u1ed3m 1 x Mu\u1ed7ng Kh\u00f4ng c\u00f3 h\u1ed9p b\u00e1n l\u1ebb. <\/p>\n<p class=\"QN2lPu\">\u0110\u00f3ng g\u00f3i An To\u00e0n trong T\u00fai OPP. <\/p>\n<p class=\"QN2lPu\">\n<p class=\"QN2lPu\">L\u01b0u \u00fd: C\u00f3 th\u1ec3 c\u00f3 m\u1ed9t s\u1ed1 kh\u00e1c bi\u1ec7t nh\u1ecf v\u1ec1 t\u00f4ng m\u00e0u c\u1ee7a h\u00ecnh \u1ea3nh v\u00e0 s\u1ea3n ph\u1ea9m th\u1ef1c t\u1ebf.<\/p>\n<p class=\"QN2lPu\">\n<p class=\"QN2lPu\"> Vui l\u00f2ng cho ph\u00e9p sai s\u1ed1 1-2mm do \u0111o l\u01b0\u1eddng th\u1ee7 c\u00f4ng, c\u1ea3m \u01a1n.<\/p>\n<\/div>\n","protected":false},"excerpt":{"rendered":"<p>Th\u00eca tr\u00e1ng mi\u1ec7ng b\u1eb1ng th\u00e9p kh\u00f4ng g\u1ec9 Style c\u00f3 tay c\u1ea7m b\u1eb1ng ng\u1ecdc trai Th\u00eca tr\u00f2n d\u00f9ng c\u01a1m gia \u0111\u00ecnh \u0110\u1eb7c \u0111i\u1ec3m Ch\u1ea5t li\u1ec7u cao c\u1ea5p, S\u1eed d\u1ee5ng r\u1ed9ng r\u00e3i, Tay c\u1ea7m d\u00e0i, Thi\u1ebft k\u1ebf ti\u1ec7n l\u1ee3i: Chi\u1ebfc th\u00eca b\u1eb1ng th\u00e9p kh\u00f4ng g\u1ec9 n\u00e0y c\u00f3 thi\u1ebft k\u1ebf tay c\u1ea7m d\u00e0i, \u0111\u00e1y tr\u00f2n v\u00e0 r\u1ea5t s\u00e2u,&#8230;<\/p>\n","protected":false},"featured_media":15176,"comment_status":"open","ping_status":"closed","template":"","meta":[],"product_brand":[1541],"product_cat":[1442,1440,1441],"product_tag":[],"class_list":{"0":"post-15079","1":"product","2":"type-product","3":"status-publish","4":"has-post-thumbnail","6":"product_brand-locknlock","7":"product_cat-nia","8":"product_cat-dao","9":"product_cat-muong","11":"first","12":"instock","13":"sale","14":"shipping-taxable","15":"purchasable","16":"product-type-variable"},"_links":{"self":[{"href":"https:\/\/web-ban-le.mbws.vn\/dung-cu-tien-ich\/wp-json\/wp\/v2\/product\/15079","targetHints":{"allow":["GET"]}}],"collection":[{"href":"https:\/\/web-ban-le.mbws.vn\/dung-cu-tien-ich\/wp-json\/wp\/v2\/product"}],"about":[{"href":"https:\/\/web-ban-le.mbws.vn\/dung-cu-tien-ich\/wp-json\/wp\/v2\/types\/product"}],"replies":[{"embeddable":true,"href":"https:\/\/web-ban-le.mbws.vn\/dung-cu-tien-ich\/wp-json\/wp\/v2\/comments?post=15079"}],"wp:featuredmedia":[{"embeddable":true,"href":"https:\/\/web-ban-le.mbws.vn\/dung-cu-tien-ich\/wp-json\/wp\/v2\/media\/15176"}],"wp:attachment":[{"href":"https:\/\/web-ban-le.mbws.vn\/dung-cu-tien-ich\/wp-json\/wp\/v2\/media?parent=15079"}],"wp:term":[{"taxonomy":"product_brand","embeddable":true,"href":"https:\/\/web-ban-le.mbws.vn\/dung-cu-tien-ich\/wp-json\/wp\/v2\/product_brand?post=15079"},{"taxonomy":"product_cat","embeddable":true,"href":"https:\/\/web-ban-le.mbws.vn\/dung-cu-tien-ich\/wp-json\/wp\/v2\/product_cat?post=15079"},{"taxonomy":"product_tag","embeddable":true,"href":"https:\/\/web-ban-le.mbws.vn\/dung-cu-tien-ich\/wp-json\/wp\/v2\/product_tag?post=15079"}],"curies":[{"name":"wp","href":"https:\/\/api.w.org\/{rel}","templated":true}]}}