{"id":15118,"date":"2025-10-31T11:28:16","date_gmt":"2025-10-31T04:28:16","guid":{"rendered":"https:\/\/web-ban-le.mbws.vn\/dung-cu-tien-ich\/?post_type=product&#038;p=15118"},"modified":"2025-10-31T11:29:16","modified_gmt":"2025-10-31T04:29:16","slug":"%e2%9c%a8%ef%b8%8f%e2%9c%a8%ef%b8%8fke-dan-tuong-de-remote-do-dung-gia-do-sac-dien-thoai-co-moc-treo-giu-day-dienchu-nhat","status":"publish","type":"product","link":"https:\/\/web-ban-le.mbws.vn\/dung-cu-tien-ich\/san-pham\/%e2%9c%a8%ef%b8%8f%e2%9c%a8%ef%b8%8fke-dan-tuong-de-remote-do-dung-gia-do-sac-dien-thoai-co-moc-treo-giu-day-dienchu-nhat\/","title":{"rendered":"\u2728\ufe0f\u2728\ufe0fK\u1ec7 D\u00e1n T\u01b0\u1eddng \u0110\u1ec3 Remote, \u0110\u1ed3 D\u00f9ng\/ Gi\u00e1 \u0110\u1ee1 S\u1ea1c \u0110i\u1ec7n Tho\u1ea1i C\u00f3 M\u00f3c Treo Gi\u1eef D\u00e2y \u0110i\u1ec7n(ch\u1eef nh\u1eadt)"},"content":{"rendered":"<div class=\"e8lZp3\">\n<p class=\"QN2lPu\">T\u00ednh n\u0103ng, \u0111\u1eb7c \u0111i\u1ec3m Treo t\u01b0\u1eddng, gi\u00e1 \u0111\u1eb7t s\u1ea1c, \u0111\u1ea7u gi\u01b0\u1eddng, d\u00e1n c\u1ed1 \u0111\u1ecbnh, ph\u00f2ng t\u1eafm, nh\u00e0 b\u1ebfp Quy tr\u00ecnh c\u1eaft Qingzhan, \u0111\u01a1n gi\u1ea3n v\u00e0 \u0111\u1eb9p, phong c\u00e1ch th\u1eddi trang m\u1ea1nh m\u1ebd <\/p>\n<p class=\"QN2lPu\">\n<p class=\"QN2lPu\">Th\u1eddi trang v\u00e0 c\u1ea3m gi\u00e1c m\u01b0\u1ee3t m\u00e0, c\u1ea3m gi\u00e1c ch\u1eafc ch\u1eafn v\u1ec1 ch\u1ea5t l\u01b0\u1ee3ng, c\u1ea3m gi\u00e1c tho\u1ea3i m\u00e1i<\/p>\n<p class=\"QN2lPu\">\n<p class=\"QN2lPu\"> Thi\u1ebft k\u1ebf c\u1ea1nh cong \u0111\u1eb9p m\u1eaft, kh\u00f4ng c\u00f3 c\u1ea1nh v\u00e0 g\u00f3c xung quanh, kh\u00f4ng b\u1ecb th\u01b0\u01a1ng \u1edf tay <\/p>\n<p class=\"QN2lPu\">\n<p class=\"QN2lPu\">\u0110\u1ed9 r\u1ed7ng h\u1ee3p l\u00fd \u0111\u1ec3 tr\u00e1nh \u0111\u01b0\u1eddng k\u1ebb, \u0111\u1eb7t ch\u1ed7 r\u1ed7ng h\u1ee3p l\u00fd Th\u00edch h\u1ee3p cho nhi\u1ec1u lo\u1ea1i t\u01b0\u1eddng kh\u00e1c nhau, ch\u1eb3ng h\u1ea1n nh\u01b0 g\u1ea1ch, g\u1ed7, \u0111\u00e1 c\u1ea9m th\u1ea1ch, k\u00ednh, kim lo\u1ea1i v\u00e0 c\u00e1c lo\u1ea1i t\u01b0\u1eddng kh\u00e1c.<\/p>\n<p class=\"QN2lPu\">\n<p class=\"QN2lPu\"> Ch\u1ea5t li\u1ec7u: PP G\u00f3i h\u00e0ng bao g\u1ed3m 1 x Gi\u00e1 \u0111\u1ee1 \u0111i\u1ec7n tho\u1ea1i di \u0111\u1ed9ng Kh\u00f4ng c\u00f3 h\u1ed9p b\u00e1n l\u1ebb. <\/p>\n<p class=\"QN2lPu\">\n<p class=\"QN2lPu\">\u0110\u00f3ng g\u00f3i An To\u00e0n trong T\u00fai OPP. <\/p>\n<p class=\"QN2lPu\">\n<p class=\"QN2lPu\">L\u01b0u \u00fd: C\u00f3 th\u1ec3 c\u00f3 m\u1ed9t s\u1ed1 kh\u00e1c bi\u1ec7t nh\u1ecf v\u1ec1 t\u00f4ng m\u00e0u c\u1ee7a h\u00ecnh \u1ea3nh v\u00e0 s\u1ea3n ph\u1ea9m th\u1ef1c t\u1ebf.<\/p>\n<p class=\"QN2lPu\">\n<p class=\"QN2lPu\"> Vui l\u00f2ng cho ph\u00e9p sai s\u1ed1 1-2mm do \u0111o l\u01b0\u1eddng th\u1ee7 c\u00f4ng, c\u1ea3m \u01a1n.<\/p>\n<\/div>\n","protected":false},"excerpt":{"rendered":"<p>T\u00ednh n\u0103ng, \u0111\u1eb7c \u0111i\u1ec3m Treo t\u01b0\u1eddng, gi\u00e1 \u0111\u1eb7t s\u1ea1c, \u0111\u1ea7u gi\u01b0\u1eddng, d\u00e1n c\u1ed1 \u0111\u1ecbnh, ph\u00f2ng t\u1eafm, nh\u00e0 b\u1ebfp Quy tr\u00ecnh c\u1eaft Qingzhan, \u0111\u01a1n gi\u1ea3n v\u00e0 \u0111\u1eb9p, phong c\u00e1ch th\u1eddi trang m\u1ea1nh m\u1ebd Th\u1eddi trang v\u00e0 c\u1ea3m gi\u00e1c m\u01b0\u1ee3t m\u00e0, c\u1ea3m gi\u00e1c ch\u1eafc ch\u1eafn v\u1ec1 ch\u1ea5t l\u01b0\u1ee3ng, c\u1ea3m gi\u00e1c tho\u1ea3i m\u00e1i Thi\u1ebft k\u1ebf c\u1ea1nh cong \u0111\u1eb9p&#8230;<\/p>\n","protected":false},"featured_media":15206,"comment_status":"open","ping_status":"closed","template":"","meta":[],"product_brand":[],"product_cat":[1393],"product_tag":[],"class_list":{"0":"post-15118","1":"product","2":"type-product","3":"status-publish","4":"has-post-thumbnail","6":"product_cat-hop-luu-tru","8":"first","9":"instock","10":"sale","11":"shipping-taxable","12":"purchasable","13":"product-type-simple"},"_links":{"self":[{"href":"https:\/\/web-ban-le.mbws.vn\/dung-cu-tien-ich\/wp-json\/wp\/v2\/product\/15118","targetHints":{"allow":["GET"]}}],"collection":[{"href":"https:\/\/web-ban-le.mbws.vn\/dung-cu-tien-ich\/wp-json\/wp\/v2\/product"}],"about":[{"href":"https:\/\/web-ban-le.mbws.vn\/dung-cu-tien-ich\/wp-json\/wp\/v2\/types\/product"}],"replies":[{"embeddable":true,"href":"https:\/\/web-ban-le.mbws.vn\/dung-cu-tien-ich\/wp-json\/wp\/v2\/comments?post=15118"}],"wp:featuredmedia":[{"embeddable":true,"href":"https:\/\/web-ban-le.mbws.vn\/dung-cu-tien-ich\/wp-json\/wp\/v2\/media\/15206"}],"wp:attachment":[{"href":"https:\/\/web-ban-le.mbws.vn\/dung-cu-tien-ich\/wp-json\/wp\/v2\/media?parent=15118"}],"wp:term":[{"taxonomy":"product_brand","embeddable":true,"href":"https:\/\/web-ban-le.mbws.vn\/dung-cu-tien-ich\/wp-json\/wp\/v2\/product_brand?post=15118"},{"taxonomy":"product_cat","embeddable":true,"href":"https:\/\/web-ban-le.mbws.vn\/dung-cu-tien-ich\/wp-json\/wp\/v2\/product_cat?post=15118"},{"taxonomy":"product_tag","embeddable":true,"href":"https:\/\/web-ban-le.mbws.vn\/dung-cu-tien-ich\/wp-json\/wp\/v2\/product_tag?post=15118"}],"curies":[{"name":"wp","href":"https:\/\/api.w.org\/{rel}","templated":true}]}}