{"id":15119,"date":"2025-10-31T11:28:16","date_gmt":"2025-10-31T04:28:16","guid":{"rendered":"https:\/\/web-ban-le.mbws.vn\/dung-cu-tien-ich\/?post_type=product&#038;p=15119"},"modified":"2025-10-31T18:49:52","modified_gmt":"2025-10-31T11:49:52","slug":"%e2%9c%a8%e2%9c%a8moc-doi-khong-duc-lo-moc-treo-ba-lo-co-the-thao-roi-moc-treo-canh-ban-co-the-dieu-chinh","status":"publish","type":"product","link":"https:\/\/web-ban-le.mbws.vn\/dung-cu-tien-ich\/san-pham\/%e2%9c%a8%e2%9c%a8moc-doi-khong-duc-lo-moc-treo-ba-lo-co-the-thao-roi-moc-treo-canh-ban-co-the-dieu-chinh\/","title":{"rendered":"\u2728\u2728M\u00f3c \u0110\u00f4i Kh\u00f4ng \u0110\u1ee5c L\u1ed7 M\u00f3c Treo Ba L\u00f4 C\u00f3 Th\u1ec3 Th\u00e1o R\u1eddi M\u00f3c Treo C\u1ea1nh B\u00e0n C\u00f3 Th\u1ec3 \u0110i\u1ec1u Ch\u1ec9nh"},"content":{"rendered":"<div class=\"e8lZp3\">\n<p class=\"QN2lPu\">M\u00f3c treo ba l\u00f4 kh\u00f4ng \u0111\u1ee5c l\u1ed7 c\u00f3 th\u1ec3 th\u00e1o r\u1eddi, m\u00f3c treo b\u00ean h\u00f4ng b\u00e0n c\u00f3 th\u1ec3 \u0111i\u1ec1u ch\u1ec9nh<\/p>\n<p class=\"QN2lPu\">\n<p class=\"QN2lPu\">\u0110\u1eb7c tr\u01b0ng<\/p>\n<p class=\"QN2lPu\">Ch\u1eafc ch\u1eafn, kh\u00f4ng c\u00f3 \u0111inh, \u0111\u01a1n gi\u1ea3n, li\u1ec1n m\u1ea1ch<\/p>\n<p class=\"QN2lPu\">Ch\u1ea5t l\u01b0\u1ee3ng cao: M\u00f3c treo kh\u00f4ng \u0111inh n\u00e0y \u0111\u01b0\u1ee3c ch\u1ebf t\u00e1c tinh x\u1ea3o, ch\u1ed1ng th\u1ea5m n\u01b0\u1edbc, nh\u1eb9 v\u00e0 b\u1ec1n. M\u00f3c treo \u0111i k\u00e8m v\u1edbi l\u1edbp v\u1ecf ch\u1ed1ng tr\u1ea7y x\u01b0\u1edbc \u0111\u1ec3 \u0111\u1ea3m b\u1ea3o s\u1ea3n ph\u1ea9m kh\u00f4ng b\u1ecb tr\u1ea7y x\u01b0\u1edbc ho\u1eb7c bong tr\u00f3c.<\/p>\n<p class=\"QN2lPu\">D\u1ec5 d\u00e0ng l\u1eafp \u0111\u1eb7t: M\u00f3c n\u00e0y kh\u00f4ng c\u1ea7n khoan. Ch\u1ec9 c\u1ea7n b\u1eaft v\u00edt c\u1ed1 \u0111\u1ecbnh m\u00f3c. Ngo\u00e0i ra, \u0111\u1ec7m kh\u00ed gi\u1ea3m x\u00f3c \u0111\u01b0\u1ee3c thi\u1ebft k\u1ebf \u1edf ph\u00eda tr\u00ean \u0111\u1ec3 tr\u00e1nh tr\u01a1n tr\u01b0\u1ee3t v\u00e0 h\u01b0 h\u1ecfng b\u00e0n.<\/p>\n<p class=\"QN2lPu\">\u0110a n\u0103ng: M\u00f3c n\u00e0y ph\u00f9 h\u1ee3p v\u1edbi b\u00e0n c\u00f3 \u0111\u1ed9 d\u00e0y t\u1eeb 1,4-3,1cm. D\u00f9ng \u0111\u1ec3 treo ba l\u00f4, t\u00fai \u0111\u1ef1ng m\u00e1y t\u00ednh, v.v. trong ph\u00f2ng ng\u1ee7, l\u1edbp h\u1ecdc, v\u0103n ph\u00f2ng v\u00e0 nh\u1eefng n\u01a1i kh\u00e1c.<\/p>\n<p class=\"QN2lPu\">\n<p class=\"QN2lPu\">\u0110\u1eb7c \u0111i\u1ec3m k\u1ef9 thu\u1eadt<\/p>\n<p class=\"QN2lPu\">V\u1eadt li\u1ec7u: Th\u00e9p m\u1ea1 k\u1ebdm<\/p>\n<p class=\"QN2lPu\">K\u00edch th\u01b0\u1edbc s\u1ea3n ph\u1ea9m: 8 x 2,2 x 3cm<\/p>\n<p class=\"QN2lPu\">\n<p class=\"QN2lPu\">G\u00f3i bao g\u1ed3m<\/p>\n<p class=\"QN2lPu\">1 x M\u00f3c<\/p>\n<p class=\"QN2lPu\">KH\u00d4NG C\u00d3 H\u1ed9p B\u00e1n L\u1ebb. \u0110\u00f3ng g\u00f3i an to\u00e0n trong T\u00fai OPP.<\/p>\n<p class=\"QN2lPu\">\n<p class=\"QN2lPu\">Ghi ch\u00fa:<\/p>\n<p class=\"QN2lPu\">C\u00f3 th\u1ec3 c\u00f3 m\u1ed9t s\u1ed1 kh\u00e1c bi\u1ec7t nh\u1ecf v\u1ec1 t\u00f4ng m\u00e0u gi\u1eefa h\u00ecnh \u1ea3nh v\u00e0 s\u1ea3n ph\u1ea9m th\u1ef1c t\u1ebf.<\/p>\n<p class=\"QN2lPu\">Vui l\u00f2ng cho ph\u00e9p sai s\u1ed1 1-2mm do \u0111o l\u01b0\u1eddng th\u1ee7 c\u00f4ng, c\u1ea3m \u01a1n.<\/p>\n<\/div>\n","protected":false},"excerpt":{"rendered":"<p>M\u00f3c treo ba l\u00f4 kh\u00f4ng \u0111\u1ee5c l\u1ed7 c\u00f3 th\u1ec3 th\u00e1o r\u1eddi, m\u00f3c treo b\u00ean h\u00f4ng b\u00e0n c\u00f3 th\u1ec3 \u0111i\u1ec1u ch\u1ec9nh \u0110\u1eb7c tr\u01b0ng Ch\u1eafc ch\u1eafn, kh\u00f4ng c\u00f3 \u0111inh, \u0111\u01a1n gi\u1ea3n, li\u1ec1n m\u1ea1ch Ch\u1ea5t l\u01b0\u1ee3ng cao: M\u00f3c treo kh\u00f4ng \u0111inh n\u00e0y \u0111\u01b0\u1ee3c ch\u1ebf t\u00e1c tinh x\u1ea3o, ch\u1ed1ng th\u1ea5m n\u01b0\u1edbc, nh\u1eb9 v\u00e0 b\u1ec1n. M\u00f3c treo \u0111i k\u00e8m v\u1edbi&#8230;<\/p>\n","protected":false},"featured_media":15214,"comment_status":"open","ping_status":"closed","template":"","meta":[],"product_brand":[1539],"product_cat":[1389],"product_tag":[],"class_list":{"0":"post-15119","1":"product","2":"type-product","3":"status-publish","4":"has-post-thumbnail","6":"product_brand-3m","7":"product_cat-moc-treo-chot-va-moc","9":"first","10":"instock","11":"sale","12":"shipping-taxable","13":"purchasable","14":"product-type-simple"},"_links":{"self":[{"href":"https:\/\/web-ban-le.mbws.vn\/dung-cu-tien-ich\/wp-json\/wp\/v2\/product\/15119","targetHints":{"allow":["GET"]}}],"collection":[{"href":"https:\/\/web-ban-le.mbws.vn\/dung-cu-tien-ich\/wp-json\/wp\/v2\/product"}],"about":[{"href":"https:\/\/web-ban-le.mbws.vn\/dung-cu-tien-ich\/wp-json\/wp\/v2\/types\/product"}],"replies":[{"embeddable":true,"href":"https:\/\/web-ban-le.mbws.vn\/dung-cu-tien-ich\/wp-json\/wp\/v2\/comments?post=15119"}],"wp:featuredmedia":[{"embeddable":true,"href":"https:\/\/web-ban-le.mbws.vn\/dung-cu-tien-ich\/wp-json\/wp\/v2\/media\/15214"}],"wp:attachment":[{"href":"https:\/\/web-ban-le.mbws.vn\/dung-cu-tien-ich\/wp-json\/wp\/v2\/media?parent=15119"}],"wp:term":[{"taxonomy":"product_brand","embeddable":true,"href":"https:\/\/web-ban-le.mbws.vn\/dung-cu-tien-ich\/wp-json\/wp\/v2\/product_brand?post=15119"},{"taxonomy":"product_cat","embeddable":true,"href":"https:\/\/web-ban-le.mbws.vn\/dung-cu-tien-ich\/wp-json\/wp\/v2\/product_cat?post=15119"},{"taxonomy":"product_tag","embeddable":true,"href":"https:\/\/web-ban-le.mbws.vn\/dung-cu-tien-ich\/wp-json\/wp\/v2\/product_tag?post=15119"}],"curies":[{"name":"wp","href":"https:\/\/api.w.org\/{rel}","templated":true}]}}