{"id":15120,"date":"2025-10-31T11:28:16","date_gmt":"2025-10-31T04:28:16","guid":{"rendered":"https:\/\/web-ban-le.mbws.vn\/dung-cu-tien-ich\/?post_type=product&#038;p=15120"},"modified":"2025-10-31T11:29:54","modified_gmt":"2025-10-31T04:29:54","slug":"%e2%9c%a8%ef%b8%8f%e2%9c%a8%ef%b8%8fspongebob-cong-tac-nha-ve-sinh-nut-tu-tay-nam-cua-nha-ve-sinh-may-bom-nuoc-nap-bam-nut-trang-tri-phong-tam","status":"publish","type":"product","link":"https:\/\/web-ban-le.mbws.vn\/dung-cu-tien-ich\/san-pham\/%e2%9c%a8%ef%b8%8f%e2%9c%a8%ef%b8%8fspongebob-cong-tac-nha-ve-sinh-nut-tu-tay-nam-cua-nha-ve-sinh-may-bom-nuoc-nap-bam-nut-trang-tri-phong-tam\/","title":{"rendered":"\u2728\ufe0f\u2728\ufe0fSpongebob C\u00f4ng T\u1eafc Nh\u00e0 V\u1ec7 Sinh N\u00fat T\u1ee7 Tay N\u1eafm C\u1eeda Nh\u00e0 V\u1ec7 Sinh M\u00e1y B\u01a1m N\u01b0\u1edbc N\u1eafp B\u1ea5m N\u00fat Trang Tr\u00ed Ph\u00f2ng T\u1eafm"},"content":{"rendered":"<div class=\"e8lZp3\">\n<p class=\"QN2lPu\">Patrick Star Toilet Press Phim ho\u1ea1t h\u00ecnh s\u00e1ng t\u1ea1o Sponge Bob Press C\u00f4ng t\u1eafc ph\u1ee5 tr\u1ee3 x\u1ea3 b\u1ed3n c\u1ea7u T\u00ednh n\u0103ng s\u00e1ng t\u1ea1o, Sponge Bob v\u00e0 Patrick Star, Press toilet, <\/p>\n<p class=\"QN2lPu\">\n<p class=\"QN2lPu\">Thi\u1ebft k\u1ebf ti\u1ec7n l\u1ee3i: N\u00fat h\u1ed7 tr\u1ee3 b\u00ecnh ch\u1ee9a n\u01b0\u1edbc n\u00e0y c\u00f3 h\u00ecnh d\u1ea1ng SpongeBob SquarePants v\u00e0 Pegasus, r\u1ea5t ti\u1ec7n l\u1ee3i v\u00e0 thi\u1ebft th\u1ef1c. \u0110\u00e2y l\u00e0 m\u1ed9t n\u00fat phong c\u00e1ch.<\/p>\n<p class=\"QN2lPu\">\n<p class=\"QN2lPu\"> L\u00e0 m\u1ed9t v\u1eadt trang tr\u00ed nh\u00e0 c\u1eeda, n\u00f3 c\u00f3 th\u1ec3 n\u00e2ng cao h\u1ea1nh ph\u00fac v\u00e0 s\u1ef1 thu\u1eadn l\u1ee3i trong cu\u1ed9c s\u1ed1ng h\u00e0ng ng\u00e0y. <\/p>\n<p class=\"QN2lPu\">\n<p class=\"QN2lPu\">Ti\u1ec7n d\u1ee5ng: C\u00f4ng t\u1eafc ph\u1ee5 n\u00e0y d\u1ec5 b\u1ea5m h\u01a1n n\u00fat g\u1ed1c, \u0111\u1eb7c bi\u1ec7t ph\u00f9 h\u1ee3p v\u1edbi nh\u1eefng ng\u01b0\u1eddi c\u00f3 m\u00f3ng tay d\u00e0i. <\/p>\n<p class=\"QN2lPu\">\n<p class=\"QN2lPu\">B\u1ea1n kh\u00f4ng c\u1ea7n ph\u1ea3i lo l\u1eafng m\u00f3ng tay c\u1ee7a m\u00ecnh b\u1ecb k\u1eb9t hay g\u00e3y. <\/p>\n<p class=\"QN2lPu\">\n<p class=\"QN2lPu\">Ngo\u00e0i ra, n\u1ebfu t\u1ee7 qu\u1ea7n \u00e1o ho\u1eb7c t\u1ee7 nh\u00e0 b\u1ea1n kh\u00f4ng c\u00f3 n\u00fat g\u00f5 c\u1eeda, b\u1ea1n c\u00f3 th\u1ec3 l\u1eafp 2 n\u00fat b\u1ea5m nh\u01b0 v\u1eady tr\u00ean c\u1eeda \u0111\u1ec3 m\u1edf c\u1eeda t\u1ee7 d\u1ec5 d\u00e0ng. <\/p>\n<p class=\"QN2lPu\">\n<p class=\"QN2lPu\">Th\u00f4ng tin chi ti\u1ebft Ch\u1ea5t li\u1ec7u: Nh\u1ef1a <\/p>\n<p class=\"QN2lPu\">\n<p class=\"QN2lPu\">K\u00edch th\u01b0\u1edbc s\u1ea3n ph\u1ea9m: 3,8 x 3,2 x 3,2cm<\/p>\n<p class=\"QN2lPu\">\n<p class=\"QN2lPu\"> G\u00f3i h\u00e0ng bao g\u1ed3m 1 x B\u00e0n \u00e9p b\u1ed3n c\u1ea7u Kh\u00f4ng c\u00f3 h\u1ed9p b\u00e1n l\u1ebb. \u0110\u00f3ng g\u00f3i An To\u00e0n trong T\u00fai OPP. <\/p>\n<p class=\"QN2lPu\">\n<p class=\"QN2lPu\">L\u01b0u \u00fd: C\u00f3 th\u1ec3 c\u00f3 m\u1ed9t s\u1ed1 kh\u00e1c bi\u1ec7t nh\u1ecf v\u1ec1 t\u00f4ng m\u00e0u c\u1ee7a h\u00ecnh \u1ea3nh v\u00e0 s\u1ea3n ph\u1ea9m th\u1ef1c t\u1ebf. Vui l\u00f2ng cho ph\u00e9p sai s\u1ed1 1-2mm do \u0111o l\u01b0\u1eddng th\u1ee7 c\u00f4ng, c\u1ea3m \u01a1n.<\/p>\n<\/div>\n","protected":false},"excerpt":{"rendered":"<p>Patrick Star Toilet Press Phim ho\u1ea1t h\u00ecnh s\u00e1ng t\u1ea1o Sponge Bob Press C\u00f4ng t\u1eafc ph\u1ee5 tr\u1ee3 x\u1ea3 b\u1ed3n c\u1ea7u T\u00ednh n\u0103ng s\u00e1ng t\u1ea1o, Sponge Bob v\u00e0 Patrick Star, Press toilet, Thi\u1ebft k\u1ebf ti\u1ec7n l\u1ee3i: N\u00fat h\u1ed7 tr\u1ee3 b\u00ecnh ch\u1ee9a n\u01b0\u1edbc n\u00e0y c\u00f3 h\u00ecnh d\u1ea1ng SpongeBob SquarePants v\u00e0 Pegasus, r\u1ea5t ti\u1ec7n l\u1ee3i v\u00e0 thi\u1ebft th\u1ef1c. \u0110\u00e2y&#8230;<\/p>\n","protected":false},"featured_media":15223,"comment_status":"open","ping_status":"closed","template":"","meta":[],"product_brand":[],"product_cat":[1492,1493],"product_tag":[],"class_list":{"0":"post-15120","1":"product","2":"type-product","3":"status-publish","4":"has-post-thumbnail","6":"product_cat-chau-ve-sinh","7":"product_cat-ghe-ngoi-nap-day","9":"first","10":"instock","11":"sale","12":"shipping-taxable","13":"purchasable","14":"product-type-variable"},"_links":{"self":[{"href":"https:\/\/web-ban-le.mbws.vn\/dung-cu-tien-ich\/wp-json\/wp\/v2\/product\/15120","targetHints":{"allow":["GET"]}}],"collection":[{"href":"https:\/\/web-ban-le.mbws.vn\/dung-cu-tien-ich\/wp-json\/wp\/v2\/product"}],"about":[{"href":"https:\/\/web-ban-le.mbws.vn\/dung-cu-tien-ich\/wp-json\/wp\/v2\/types\/product"}],"replies":[{"embeddable":true,"href":"https:\/\/web-ban-le.mbws.vn\/dung-cu-tien-ich\/wp-json\/wp\/v2\/comments?post=15120"}],"wp:featuredmedia":[{"embeddable":true,"href":"https:\/\/web-ban-le.mbws.vn\/dung-cu-tien-ich\/wp-json\/wp\/v2\/media\/15223"}],"wp:attachment":[{"href":"https:\/\/web-ban-le.mbws.vn\/dung-cu-tien-ich\/wp-json\/wp\/v2\/media?parent=15120"}],"wp:term":[{"taxonomy":"product_brand","embeddable":true,"href":"https:\/\/web-ban-le.mbws.vn\/dung-cu-tien-ich\/wp-json\/wp\/v2\/product_brand?post=15120"},{"taxonomy":"product_cat","embeddable":true,"href":"https:\/\/web-ban-le.mbws.vn\/dung-cu-tien-ich\/wp-json\/wp\/v2\/product_cat?post=15120"},{"taxonomy":"product_tag","embeddable":true,"href":"https:\/\/web-ban-le.mbws.vn\/dung-cu-tien-ich\/wp-json\/wp\/v2\/product_tag?post=15120"}],"curies":[{"name":"wp","href":"https:\/\/api.w.org\/{rel}","templated":true}]}}