{"id":15158,"date":"2025-10-31T11:28:42","date_gmt":"2025-10-31T04:28:42","guid":{"rendered":"https:\/\/web-ban-le.mbws.vn\/dung-cu-tien-ich\/?post_type=product&#038;p=15158"},"modified":"2025-10-31T11:30:02","modified_gmt":"2025-10-31T04:30:02","slug":"%e2%9c%a8%ef%b8%8f%e2%9c%a8%ef%b8%8fkeo-cat-ga-nhat-khong-gi-manh-me-keo-thep-cao-cap-cat-xuong-cat-thit-sieu-ben","status":"publish","type":"product","link":"https:\/\/web-ban-le.mbws.vn\/dung-cu-tien-ich\/san-pham\/%e2%9c%a8%ef%b8%8f%e2%9c%a8%ef%b8%8fkeo-cat-ga-nhat-khong-gi-manh-me-keo-thep-cao-cap-cat-xuong-cat-thit-sieu-ben\/","title":{"rendered":"\u2728\ufe0f\u2728\ufe0fK\u00e9o C\u1eaft G\u00e0 Nh\u1eadt Kh\u00f4ng G\u1ec9 M\u1ea1nh M\u1ebd K\u00e9o Th\u00e9p Cao C\u1ea5p C\u1eaft X\u01b0\u01a1ng, C\u1eaft Th\u1ecbt Si\u00eau B\u1ec1n"},"content":{"rendered":"<div class=\"e8lZp3\">\n<p class=\"QN2lPu\">K\u00e9o x\u01b0\u01a1ng g\u00e0 m\u1ea1nh m\u1ebd \u0111a ch\u1ee9c n\u0103ng K\u00e9o th\u1ef1c ph\u1ea9m nh\u00e0 b\u1ebfp K\u00e9o th\u00e9p kh\u00f4ng g\u1ec9<\/p>\n<p class=\"QN2lPu\">\n<p class=\"QN2lPu\">T\u00ednh n\u0103ng<\/p>\n<p class=\"QN2lPu\">Th\u00e9p kh\u00f4ng g\u1ec9, s\u1eafc n\u00e9t, \u0111a ch\u1ee9c n\u0103ng, m\u1ea1nh m\u1ebd<\/p>\n<p class=\"QN2lPu\">Sharp: C\u1eb7p k\u00e9o n\u00e0y \u0111\u01b0\u1ee3c thi\u1ebft k\u1ebf b\u1eb1ng th\u00e9p kh\u00f4ng g\u1ec9, v\u1edbi h\u00ecnh d\u1ea1ng ho\u00e0n ch\u1ec9nh, ch\u1eafc ch\u1eafn v\u00e0 s\u1eafc n\u00e9t, kh\u00f4ng d\u1ec5 g\u1ec9, d\u1ec5 l\u00e0m s\u1ea1ch, v\u00e0 s\u1ebd kh\u00f4ng \u0111\u1ec3 l\u1ea1i b\u1ea5t k\u1ef3 m\u00f9i n\u00e0o.<\/p>\n<p class=\"QN2lPu\">T\u00ednh \u1ed5n \u0111\u1ecbnh: K\u00e9o \u0111\u01b0\u1ee3c c\u1ed1 \u0111\u1ecbnh b\u1eb1ng \u1ed1c v\u00edt \u1edf gi\u1eefa, ch\u1eafc ch\u1eafn, \u1ed5n \u0111\u1ecbnh, d\u1ec5 chuy\u1ec3n \u0111\u1ed5i v\u00e0 kh\u00f4ng b\u1ecb g\u00e3y.<\/p>\n<p class=\"QN2lPu\">\u0110a ch\u1ee9c n\u0103ng: C\u1eb7p k\u00e9o n\u00e0y c\u00f3 th\u1ec3 x\u1eed l\u00fd rau n\u1ea5u ch\u00edn, x\u01b0\u01a1ng gia c\u1ea7m, v\u00e0 th\u1eadm ch\u00ed c\u1eaft th\u1ecbt n\u01b0\u1edbng, l\u00e0m cho n\u00f3 thu\u1eadn ti\u1ec7n v\u00e0 thi\u1ebft th\u1ef1c.<\/p>\n<p class=\"QN2lPu\">\n<p class=\"QN2lPu\">\u0110\u1eb7c \u0111i\u1ec3m k\u1ef9 thu\u1eadt<\/p>\n<p class=\"QN2lPu\">V\u1eadt li\u1ec7u: Th\u00e9p kh\u00f4ng g\u1ec9<\/p>\n<p class=\"QN2lPu\">K\u00edch th\u01b0\u1edbc s\u1ea3n ph\u1ea9m: 23 x 10 x 1,5cm<\/p>\n<p class=\"QN2lPu\">\n<p class=\"QN2lPu\">G\u00f3i bao g\u1ed3m<\/p>\n<p class=\"QN2lPu\">1 x C\u1eb7p k\u00e9o<\/p>\n<p class=\"QN2lPu\">Kh\u00f4ng c\u00f3 h\u1ed9p b\u00e1n l\u1ebb.\u0110\u00f3ng g\u00f3i an to\u00e0n trong t\u00fai OPP.<\/p>\n<p class=\"QN2lPu\">\n<p class=\"QN2lPu\">L\u01b0u \u00fd:<\/p>\n<p class=\"QN2lPu\">C\u00f3 th\u1ec3 c\u00f3 m\u1ed9t s\u1ed1 s\u1ef1 kh\u00e1c bi\u1ec7t nh\u1ecf trong t\u00f4ng m\u00e0u c\u1ee7a h\u00ecnh \u1ea3nh v\u00e0 m\u1eb7t h\u00e0ng th\u1ef1c t\u1ebf.<\/p>\n<p class=\"QN2lPu\">Xin cho ph\u00e9p 1-2mm kh\u00e1c nhau do \u0111o b\u1eb1ng tay, c\u1ea3m \u01a1n.<\/p>\n<\/div>\n","protected":false},"excerpt":{"rendered":"<p>K\u00e9o x\u01b0\u01a1ng g\u00e0 m\u1ea1nh m\u1ebd \u0111a ch\u1ee9c n\u0103ng K\u00e9o th\u1ef1c ph\u1ea9m nh\u00e0 b\u1ebfp K\u00e9o th\u00e9p kh\u00f4ng g\u1ec9 T\u00ednh n\u0103ng Th\u00e9p kh\u00f4ng g\u1ec9, s\u1eafc n\u00e9t, \u0111a ch\u1ee9c n\u0103ng, m\u1ea1nh m\u1ebd Sharp: C\u1eb7p k\u00e9o n\u00e0y \u0111\u01b0\u1ee3c thi\u1ebft k\u1ebf b\u1eb1ng th\u00e9p kh\u00f4ng g\u1ec9, v\u1edbi h\u00ecnh d\u1ea1ng ho\u00e0n ch\u1ec9nh, ch\u1eafc ch\u1eafn v\u00e0 s\u1eafc n\u00e9t, kh\u00f4ng d\u1ec5 g\u1ec9, d\u1ec5 l\u00e0m&#8230;<\/p>\n","protected":false},"featured_media":15273,"comment_status":"open","ping_status":"closed","template":"","meta":[],"product_brand":[],"product_cat":[1423],"product_tag":[],"class_list":{"0":"post-15158","1":"product","2":"type-product","3":"status-publish","4":"has-post-thumbnail","6":"product_cat-phu-kien-va-do-dung-nha-bep","8":"first","9":"instock","10":"sale","11":"shipping-taxable","12":"purchasable","13":"product-type-simple"},"_links":{"self":[{"href":"https:\/\/web-ban-le.mbws.vn\/dung-cu-tien-ich\/wp-json\/wp\/v2\/product\/15158","targetHints":{"allow":["GET"]}}],"collection":[{"href":"https:\/\/web-ban-le.mbws.vn\/dung-cu-tien-ich\/wp-json\/wp\/v2\/product"}],"about":[{"href":"https:\/\/web-ban-le.mbws.vn\/dung-cu-tien-ich\/wp-json\/wp\/v2\/types\/product"}],"replies":[{"embeddable":true,"href":"https:\/\/web-ban-le.mbws.vn\/dung-cu-tien-ich\/wp-json\/wp\/v2\/comments?post=15158"}],"wp:featuredmedia":[{"embeddable":true,"href":"https:\/\/web-ban-le.mbws.vn\/dung-cu-tien-ich\/wp-json\/wp\/v2\/media\/15273"}],"wp:attachment":[{"href":"https:\/\/web-ban-le.mbws.vn\/dung-cu-tien-ich\/wp-json\/wp\/v2\/media?parent=15158"}],"wp:term":[{"taxonomy":"product_brand","embeddable":true,"href":"https:\/\/web-ban-le.mbws.vn\/dung-cu-tien-ich\/wp-json\/wp\/v2\/product_brand?post=15158"},{"taxonomy":"product_cat","embeddable":true,"href":"https:\/\/web-ban-le.mbws.vn\/dung-cu-tien-ich\/wp-json\/wp\/v2\/product_cat?post=15158"},{"taxonomy":"product_tag","embeddable":true,"href":"https:\/\/web-ban-le.mbws.vn\/dung-cu-tien-ich\/wp-json\/wp\/v2\/product_tag?post=15158"}],"curies":[{"name":"wp","href":"https:\/\/api.w.org\/{rel}","templated":true}]}}