{"id":15189,"date":"2025-10-31T11:29:04","date_gmt":"2025-10-31T04:29:04","guid":{"rendered":"https:\/\/web-ban-le.mbws.vn\/dung-cu-tien-ich\/?post_type=product&#038;p=15189"},"modified":"2025-10-31T18:47:47","modified_gmt":"2025-10-31T11:47:47","slug":"%e2%9c%a8%ef%b8%8f%e2%9c%a8%ef%b8%8fmuong-com-inox-304-sau-long-loai-day-tay-cam-dai-15-17cm-muong-com-gia-dinh-thia-com-em-be-nhan-bong-khong-bam-b","status":"publish","type":"product","link":"https:\/\/web-ban-le.mbws.vn\/dung-cu-tien-ich\/san-pham\/%e2%9c%a8%ef%b8%8f%e2%9c%a8%ef%b8%8fmuong-com-inox-304-sau-long-loai-day-tay-cam-dai-15-17cm-muong-com-gia-dinh-thia-com-em-be-nhan-bong-khong-bam-b\/","title":{"rendered":"\u2728\ufe0f\u2728\ufe0fMu\u1ed7ng C\u01a1m Inox 304 S\u00e2u L\u00f2ng LO\u1ea0I D\u00c0Y, Tay C\u1ea7m D\u00e0i 15-17cm, Mu\u1ed7ng C\u01a1m Gia \u0110\u00ecnh, Th\u00eca C\u01a1m Em B\u00e9 Nh\u1eb5n B\u00f3ng, Kh\u00f4ng B\u00e1m B"},"content":{"rendered":"<div class=\"e8lZp3\">\n<p class=\"QN2lPu\">Stainless Steel Children Rice Spoon Household Spoon Baby Young Children Ingot Spoon<\/p>\n<p class=\"QN2lPu\">\n<p class=\"QN2lPu\">Features<\/p>\n<p class=\"QN2lPu\">High Quality Material\uff0c Widely Uses\uff0c Long Handle\uff0c Convenient<\/p>\n<p class=\"QN2lPu\">Design: This stainless steel spoon features a long handle design\uff0c a square bottom\uff0c and is very deep\uff0c suitable for scooping soup\uff0c eating\uff0c and more\uff0c making it very convenient.<\/p>\n<p class=\"QN2lPu\">High Quality Material: This spoon is made of high-quality stainless steel\uff0c which will not rust and is very durable. It adopts a highly polished process\uff0c which will not scratch the mouth when used and will not affect the taste of food.<\/p>\n<p class=\"QN2lPu\">Widely Used: This spoon can be used for eating\uff0c drinking soup\uff0c eating desserts\uff0c etc. Suitable for restaurants\uff0c dessert shops\uff0c coffee shops\uff0c family restaurants\uff0c etc.<\/p>\n<p class=\"QN2lPu\">\n<p class=\"QN2lPu\">Specifications<\/p>\n<p class=\"QN2lPu\">Material: Stainless Steel<\/p>\n<p class=\"QN2lPu\">Product Size: <\/p>\n<p class=\"QN2lPu\">Large: 17 x 3.7 x 0.3cm<\/p>\n<p class=\"QN2lPu\">Small: 15 x 3 x 0.3cm<\/p>\n<p class=\"QN2lPu\">\n<p class=\"QN2lPu\">Package Included<\/p>\n<p class=\"QN2lPu\">1 x Spoon<\/p>\n<p class=\"QN2lPu\">NO Retail Box. Packed Safely in OPP Bag.<\/p>\n<p class=\"QN2lPu\">\n<p class=\"QN2lPu\">Note:<\/p>\n<p class=\"QN2lPu\">There could be some slight differences in the color tone of the pictures and the actual item.<\/p>\n<p class=\"QN2lPu\">Please allow 1-2mm differs due to manual measurement\uff0c thanks.<\/p>\n<\/div>\n","protected":false},"excerpt":{"rendered":"<p>Stainless Steel Children Rice Spoon Household Spoon Baby Young Children Ingot Spoon Features High Quality Material\uff0c Widely Uses\uff0c Long Handle\uff0c Convenient Design: This stainless steel spoon features a long handle design\uff0c a square bottom\uff0c and is very deep\uff0c suitable for scooping soup\uff0c eating\uff0c and more\uff0c making it very convenient. High Quality Material: This spoon is&#8230;<\/p>\n","protected":false},"featured_media":15282,"comment_status":"open","ping_status":"closed","template":"","meta":[],"product_brand":[1541],"product_cat":[1442,1440,1441],"product_tag":[],"class_list":{"0":"post-15189","1":"product","2":"type-product","3":"status-publish","4":"has-post-thumbnail","6":"product_brand-locknlock","7":"product_cat-nia","8":"product_cat-dao","9":"product_cat-muong","11":"first","12":"instock","13":"sale","14":"shipping-taxable","15":"purchasable","16":"product-type-variable"},"_links":{"self":[{"href":"https:\/\/web-ban-le.mbws.vn\/dung-cu-tien-ich\/wp-json\/wp\/v2\/product\/15189","targetHints":{"allow":["GET"]}}],"collection":[{"href":"https:\/\/web-ban-le.mbws.vn\/dung-cu-tien-ich\/wp-json\/wp\/v2\/product"}],"about":[{"href":"https:\/\/web-ban-le.mbws.vn\/dung-cu-tien-ich\/wp-json\/wp\/v2\/types\/product"}],"replies":[{"embeddable":true,"href":"https:\/\/web-ban-le.mbws.vn\/dung-cu-tien-ich\/wp-json\/wp\/v2\/comments?post=15189"}],"wp:featuredmedia":[{"embeddable":true,"href":"https:\/\/web-ban-le.mbws.vn\/dung-cu-tien-ich\/wp-json\/wp\/v2\/media\/15282"}],"wp:attachment":[{"href":"https:\/\/web-ban-le.mbws.vn\/dung-cu-tien-ich\/wp-json\/wp\/v2\/media?parent=15189"}],"wp:term":[{"taxonomy":"product_brand","embeddable":true,"href":"https:\/\/web-ban-le.mbws.vn\/dung-cu-tien-ich\/wp-json\/wp\/v2\/product_brand?post=15189"},{"taxonomy":"product_cat","embeddable":true,"href":"https:\/\/web-ban-le.mbws.vn\/dung-cu-tien-ich\/wp-json\/wp\/v2\/product_cat?post=15189"},{"taxonomy":"product_tag","embeddable":true,"href":"https:\/\/web-ban-le.mbws.vn\/dung-cu-tien-ich\/wp-json\/wp\/v2\/product_tag?post=15189"}],"curies":[{"name":"wp","href":"https:\/\/api.w.org\/{rel}","templated":true}]}}