{"id":15190,"date":"2025-10-31T11:29:04","date_gmt":"2025-10-31T04:29:04","guid":{"rendered":"https:\/\/web-ban-le.mbws.vn\/dung-cu-tien-ich\/?post_type=product&#038;p=15190"},"modified":"2025-10-31T11:30:39","modified_gmt":"2025-10-31T04:30:39","slug":"%e2%9c%a8%e2%9c%a8then-cai-khoa-cua-chot-khoa-cua-chat-inox-ben-bi-va-chac-chan","status":"publish","type":"product","link":"https:\/\/web-ban-le.mbws.vn\/dung-cu-tien-ich\/san-pham\/%e2%9c%a8%e2%9c%a8then-cai-khoa-cua-chot-khoa-cua-chat-inox-ben-bi-va-chac-chan\/","title":{"rendered":"\u2728\u2728Then c\u00e0i kh\u00f3a c\u1eeda, ch\u1ed1t kh\u00f3a c\u1eeda ch\u1ea5t inox b\u1ec1n b\u1ec9 v\u00e0 ch\u1eafc ch\u1eafn."},"content":{"rendered":"<div class=\"e8lZp3\">\n<p class=\"QN2lPu\">Kh\u00f3a c\u1eeda kho Kh\u00f3a g\u00f3c ph\u1ea3i \u0110\u1ea9y-k\u00e9o C\u1eeda chuy\u1ec3n \u0111\u1ed5i Ki\u1ec3u c\u0169 Ch\u1ed1t c\u1eeda T\u00ednh n\u0103ng <\/p>\n<p class=\"QN2lPu\">\n<p class=\"QN2lPu\">&#8211; G\u00f3c vu\u00f4ng 90 \u0111\u1ed9, Ch\u1ed1ng \u0103n m\u00f2n, Ch\u1ed1ng g\u1ec9, D\u1ec5 l\u1eafp \u0111\u1eb7t, C\u1ea1nh m\u1ecbn, Ch\u1eafc ch\u1eafn, \u0110\u1ed9 c\u1ee9ng cao<\/p>\n<p class=\"QN2lPu\">\n<p class=\"QN2lPu\">&#8211; Ch\u1ed1t c\u1eeda n\u00e0y \u0111\u01b0\u1ee3c t\u1ea1o th\u00e0nh li\u1ec1n kh\u1ed1i, ch\u1ed1ng g\u1ec9 v\u00e0 ch\u1ed1ng m\u00e0i m\u00f2n, b\u1ec1n v\u00e0 ch\u1ed1ng \u0103n m\u00f2n.<\/p>\n<p class=\"QN2lPu\">\n<p class=\"QN2lPu\"> &#8211; S\u1ea3n ph\u1ea9m n\u00e0y ph\u00f9 h\u1ee3p v\u1edbi ng\u0103n k\u00e9o, c\u1eeda t\u1ee7, c\u1eeda ra v\u00e0o, t\u1ee7, c\u1eeda s\u1ed5, v.v. <\/p>\n<p class=\"QN2lPu\">\n<p class=\"QN2lPu\">Th\u00f4ng s\u1ed1 k\u1ef9 thu\u1eadt Ch\u1ea5t li\u1ec7u: Th\u00e9p kh\u00f4ng g\u1ec9 <\/p>\n<p class=\"QN2lPu\">\n<p class=\"QN2lPu\">K\u00edch th\u01b0\u1edbc g\u00f3i h\u00e0ng: 5 x 4 x 3cm <\/p>\n<p class=\"QN2lPu\">\n<p class=\"QN2lPu\">G\u00f3i h\u00e0ng bao g\u1ed3m 1 x b\u1ed9 Ch\u1ed1t c\u1eeda KH\u00d4NG C\u00d3 H\u1ed9p b\u00e1n l\u1ebb. <\/p>\n<p class=\"QN2lPu\">\u0110\u00f3ng g\u00f3i an to\u00e0n trong T\u00fai. <\/p>\n<p class=\"QN2lPu\">\n<p class=\"QN2lPu\">L\u01b0u \u00fd: C\u00f3 th\u1ec3 c\u00f3 m\u1ed9t s\u1ed1 kh\u00e1c bi\u1ec7t nh\u1ecf v\u1ec1 t\u00f4ng m\u00e0u c\u1ee7a h\u00ecnh \u1ea3nh v\u00e0 s\u1ea3n ph\u1ea9m th\u1ef1c t\u1ebf. <\/p>\n<p class=\"QN2lPu\">Vui l\u00f2ng cho ph\u00e9p ch\u00eanh l\u1ec7ch 1-2mm do \u0111o l\u01b0\u1eddng th\u1ee7 c\u00f4ng, c\u1ea3m \u01a1n.<\/p>\n<\/div>\n","protected":false},"excerpt":{"rendered":"<p>Kh\u00f3a c\u1eeda kho Kh\u00f3a g\u00f3c ph\u1ea3i \u0110\u1ea9y-k\u00e9o C\u1eeda chuy\u1ec3n \u0111\u1ed5i Ki\u1ec3u c\u0169 Ch\u1ed1t c\u1eeda T\u00ednh n\u0103ng &#8211; G\u00f3c vu\u00f4ng 90 \u0111\u1ed9, Ch\u1ed1ng \u0103n m\u00f2n, Ch\u1ed1ng g\u1ec9, D\u1ec5 l\u1eafp \u0111\u1eb7t, C\u1ea1nh m\u1ecbn, Ch\u1eafc ch\u1eafn, \u0110\u1ed9 c\u1ee9ng cao &#8211; Ch\u1ed1t c\u1eeda n\u00e0y \u0111\u01b0\u1ee3c t\u1ea1o th\u00e0nh li\u1ec1n kh\u1ed1i, ch\u1ed1ng g\u1ec9 v\u00e0 ch\u1ed1ng m\u00e0i m\u00f2n, b\u1ec1n v\u00e0 ch\u1ed1ng \u0103n&#8230;<\/p>\n","protected":false},"featured_media":15295,"comment_status":"open","ping_status":"closed","template":"","meta":[],"product_brand":[],"product_cat":[1471,1472],"product_tag":[],"class_list":{"0":"post-15190","1":"product","2":"type-product","3":"status-publish","4":"has-post-thumbnail","6":"product_cat-khoa","7":"product_cat-o-khoa","9":"first","10":"instock","11":"sale","12":"shipping-taxable","13":"purchasable","14":"product-type-variable"},"_links":{"self":[{"href":"https:\/\/web-ban-le.mbws.vn\/dung-cu-tien-ich\/wp-json\/wp\/v2\/product\/15190","targetHints":{"allow":["GET"]}}],"collection":[{"href":"https:\/\/web-ban-le.mbws.vn\/dung-cu-tien-ich\/wp-json\/wp\/v2\/product"}],"about":[{"href":"https:\/\/web-ban-le.mbws.vn\/dung-cu-tien-ich\/wp-json\/wp\/v2\/types\/product"}],"replies":[{"embeddable":true,"href":"https:\/\/web-ban-le.mbws.vn\/dung-cu-tien-ich\/wp-json\/wp\/v2\/comments?post=15190"}],"wp:featuredmedia":[{"embeddable":true,"href":"https:\/\/web-ban-le.mbws.vn\/dung-cu-tien-ich\/wp-json\/wp\/v2\/media\/15295"}],"wp:attachment":[{"href":"https:\/\/web-ban-le.mbws.vn\/dung-cu-tien-ich\/wp-json\/wp\/v2\/media?parent=15190"}],"wp:term":[{"taxonomy":"product_brand","embeddable":true,"href":"https:\/\/web-ban-le.mbws.vn\/dung-cu-tien-ich\/wp-json\/wp\/v2\/product_brand?post=15190"},{"taxonomy":"product_cat","embeddable":true,"href":"https:\/\/web-ban-le.mbws.vn\/dung-cu-tien-ich\/wp-json\/wp\/v2\/product_cat?post=15190"},{"taxonomy":"product_tag","embeddable":true,"href":"https:\/\/web-ban-le.mbws.vn\/dung-cu-tien-ich\/wp-json\/wp\/v2\/product_tag?post=15190"}],"curies":[{"name":"wp","href":"https:\/\/api.w.org\/{rel}","templated":true}]}}