{"id":15191,"date":"2025-10-31T11:29:04","date_gmt":"2025-10-31T04:29:04","guid":{"rendered":"https:\/\/web-ban-le.mbws.vn\/dung-cu-tien-ich\/?post_type=product&#038;p=15191"},"modified":"2025-11-04T13:45:00","modified_gmt":"2025-11-04T06:45:00","slug":"%e2%9c%a8%ef%b8%8f%e2%9c%a8%ef%b8%8fhop-dung-xa-phong-du-lich-co-nap-day-kin-hop-chong-ro-ri","status":"publish","type":"product","link":"https:\/\/web-ban-le.mbws.vn\/dung-cu-tien-ich\/san-pham\/%e2%9c%a8%ef%b8%8f%e2%9c%a8%ef%b8%8fhop-dung-xa-phong-du-lich-co-nap-day-kin-hop-chong-ro-ri\/","title":{"rendered":"\u2728\ufe0f\u2728\ufe0fH\u1ed9p \u0111\u1ef1ng x\u00e0 ph\u00f2ng du l\u1ecbch c\u00f3 n\u1eafp \u0111\u1eady k\u00edn h\u1ed9p ch\u1ed1ng r\u00f2 r\u1ec9"},"content":{"rendered":"<div class=\"e8lZp3\">\n<p class=\"QN2lPu\">M\u00f4 t\u1ea3: H\u1ed9p x\u00e0 ph\u00f2ng \u0111\u01b0\u1ee3c l\u00e0m t\u1eeb ch\u1ea5t li\u1ec7u PP, nh\u1eb9, b\u1ec1n v\u00e0 ch\u1ed1ng m\u00e0i m\u00f2n. <\/p>\n<p class=\"QN2lPu\">\n<p class=\"QN2lPu\">H\u1ed9p x\u00e0 ph\u00f2ng b\u1ecbt k\u00edn ch\u1ed1ng n\u01b0\u1edbc c\u00f3 k\u00edch th\u01b0\u1edbc di \u0111\u1ed9ng, th\u00edch h\u1ee3p cho du l\u1ecbch, k\u1ef3 ngh\u1ec9, v.v.<\/p>\n<p class=\"QN2lPu\">\n<p class=\"QN2lPu\"> H\u1ed9p \u0111\u1ef1ng x\u00e0 ph\u00f2ng di \u0111\u1ed9ng c\u00f3 thi\u1ebft k\u1ebf n\u1eafp k\u00edn, kh\u00f4ng th\u1ea5m n\u01b0\u1edbc, c\u00f3 th\u1ec3 b\u1ea3o v\u1ec7 x\u00e0 ph\u00f2ng c\u1ee7a b\u1ea1n tr\u00e1nh xa n\u01b0\u1edbc.<\/p>\n<p class=\"QN2lPu\">\n<p class=\"QN2lPu\"> H\u1ed9p \u0111\u1ef1ng x\u00e0 ph\u00f2ng k\u00edn c\u00f3 thi\u1ebft k\u1ebf kh\u00f3a n\u1eafp l\u1eadt, x\u00e0 ph\u00f2ng \u0111\u01b0\u1ee3c kh\u00f3a ch\u1eafc ch\u1eafn trong h\u1ed9p, d\u1ec5 d\u00e0ng mang ra ngo\u00e0i. <\/p>\n<p class=\"QN2lPu\">\n<p class=\"QN2lPu\">V\u1ecf x\u00e0 ph\u00f2ng b\u1eb1ng nh\u1ef1a c\u00f3 k\u1ebft c\u1ea5u m\u1edd, h\u00ecnh th\u1ee9c \u0111\u1eb9p, nhi\u1ec1u m\u00e0u s\u1eafc t\u00f9y ch\u1ecdn, th\u00edch h\u1ee3p cho ph\u00f2ng t\u1eafm, nh\u00e0 b\u1ebfp, v.v. <\/p>\n<p class=\"QN2lPu\">\n<p class=\"QN2lPu\">Th\u00f4ng tin chi ti\u1ebft: Ch\u1ea5t li\u1ec7u: PP. M\u00e0u s\u1eafc: xanh l\u00e1, xanh d\u01b0\u01a1ng, h\u1ed3ng. <\/p>\n<p class=\"QN2lPu\">\n<p class=\"QN2lPu\">K\u00edch th\u01b0\u1edbc: 11&#215;7,8x5cm.<\/p>\n<p class=\"QN2lPu\">\n<p class=\"QN2lPu\"> L\u01b0u \u00fd: C\u00f3 th\u1ec3 c\u00f3 m\u1ed9t ch\u00fat sai l\u1ec7ch v\u1ec1 m\u00e0u s\u1eafc do \u0111\u1ed9 ph\u00e2n gi\u1ea3i m\u00e1y t\u00ednh kh\u00e1c nhau. <\/p>\n<p class=\"QN2lPu\">C\u00f3 th\u1ec3 c\u00f3 m\u1ed9t ch\u00fat sai s\u00f3t do \u0111o l\u01b0\u1eddng th\u1ee7 c\u00f4ng kh\u00e1c nhau. G\u00f3i h\u00e0ng bao g\u1ed3m: 1 x H\u1ed9p x\u00e0 ph\u00f2ng.<\/p>\n<\/div>\n","protected":false},"excerpt":{"rendered":"<p>M\u00f4 t\u1ea3: H\u1ed9p x\u00e0 ph\u00f2ng \u0111\u01b0\u1ee3c l\u00e0m t\u1eeb ch\u1ea5t li\u1ec7u PP, nh\u1eb9, b\u1ec1n v\u00e0 ch\u1ed1ng m\u00e0i m\u00f2n. H\u1ed9p x\u00e0 ph\u00f2ng b\u1ecbt k\u00edn ch\u1ed1ng n\u01b0\u1edbc c\u00f3 k\u00edch th\u01b0\u1edbc di \u0111\u1ed9ng, th\u00edch h\u1ee3p cho du l\u1ecbch, k\u1ef3 ngh\u1ec9, v.v. H\u1ed9p \u0111\u1ef1ng x\u00e0 ph\u00f2ng di \u0111\u1ed9ng c\u00f3 thi\u1ebft k\u1ebf n\u1eafp k\u00edn, kh\u00f4ng th\u1ea5m n\u01b0\u1edbc, c\u00f3 th\u1ec3 b\u1ea3o v\u1ec7&#8230;<\/p>\n","protected":false},"featured_media":15310,"comment_status":"open","ping_status":"closed","template":"","meta":[],"product_brand":[],"product_cat":[1456],"product_tag":[],"class_list":{"0":"post-15191","1":"product","2":"type-product","3":"status-publish","4":"has-post-thumbnail","6":"product_cat-dung-cu-dung-xa-phong","8":"first","9":"instock","10":"sale","11":"featured","12":"shipping-taxable","13":"purchasable","14":"product-type-simple"},"_links":{"self":[{"href":"https:\/\/web-ban-le.mbws.vn\/dung-cu-tien-ich\/wp-json\/wp\/v2\/product\/15191","targetHints":{"allow":["GET"]}}],"collection":[{"href":"https:\/\/web-ban-le.mbws.vn\/dung-cu-tien-ich\/wp-json\/wp\/v2\/product"}],"about":[{"href":"https:\/\/web-ban-le.mbws.vn\/dung-cu-tien-ich\/wp-json\/wp\/v2\/types\/product"}],"replies":[{"embeddable":true,"href":"https:\/\/web-ban-le.mbws.vn\/dung-cu-tien-ich\/wp-json\/wp\/v2\/comments?post=15191"}],"wp:featuredmedia":[{"embeddable":true,"href":"https:\/\/web-ban-le.mbws.vn\/dung-cu-tien-ich\/wp-json\/wp\/v2\/media\/15310"}],"wp:attachment":[{"href":"https:\/\/web-ban-le.mbws.vn\/dung-cu-tien-ich\/wp-json\/wp\/v2\/media?parent=15191"}],"wp:term":[{"taxonomy":"product_brand","embeddable":true,"href":"https:\/\/web-ban-le.mbws.vn\/dung-cu-tien-ich\/wp-json\/wp\/v2\/product_brand?post=15191"},{"taxonomy":"product_cat","embeddable":true,"href":"https:\/\/web-ban-le.mbws.vn\/dung-cu-tien-ich\/wp-json\/wp\/v2\/product_cat?post=15191"},{"taxonomy":"product_tag","embeddable":true,"href":"https:\/\/web-ban-le.mbws.vn\/dung-cu-tien-ich\/wp-json\/wp\/v2\/product_tag?post=15191"}],"curies":[{"name":"wp","href":"https:\/\/api.w.org\/{rel}","templated":true}]}}