{"id":15271,"date":"2025-10-31T11:29:55","date_gmt":"2025-10-31T04:29:55","guid":{"rendered":"https:\/\/web-ban-le.mbws.vn\/dung-cu-tien-ich\/?post_type=product&#038;p=15271"},"modified":"2025-11-04T13:44:59","modified_gmt":"2025-11-04T06:44:59","slug":"%e2%9c%a8%ef%b8%8f%e2%9c%a8%ef%b8%8fbo-dung-cu-nau-an-bang-silicone-can-go-chong-dinh-phong-cach-trung-hoa","status":"publish","type":"product","link":"https:\/\/web-ban-le.mbws.vn\/dung-cu-tien-ich\/san-pham\/%e2%9c%a8%ef%b8%8f%e2%9c%a8%ef%b8%8fbo-dung-cu-nau-an-bang-silicone-can-go-chong-dinh-phong-cach-trung-hoa\/","title":{"rendered":"\u2728\ufe0f\u2728\ufe0fB\u1ed9 D\u1ee5ng C\u1ee5 N\u1ea5u \u0102n B\u1eb1ng silicone C\u00e1n G\u1ed7 Ch\u1ed1ng D\u00ednh Phong C\u00e1ch Trung Hoa"},"content":{"rendered":"<div class=\"e8lZp3\">\n<p class=\"QN2lPu\">D\u1ee5ng c\u1ee5 nh\u00e0 b\u1ebfp ch\u1ecbu nhi\u1ec7t \u0111\u1ed9 cao Th\u00eca ch\u1ed1ng d\u00ednh Th\u00eca n\u1ea5u \u0103n gia \u0111\u00ecnh T\u00ednh n\u0103ng Ch\u1ecbu nhi\u1ec7t \u0111\u1ed9 cao, kh\u00f4ng m\u00f9i, Tay c\u1ea7m b\u1eb1ng g\u1ed7, Ch\u1ea3o ch\u1ed1ng d\u00ednh, <\/p>\n<p class=\"QN2lPu\">Ch\u1ed1ng b\u1ecfng t\u1ed1t h\u01a1n T\u00e1c d\u1ee5ng b\u1ea3o v\u1ec7 n\u1ed3i: D\u1ee5ng c\u1ee5 nh\u00e0 b\u1ebfp b\u1eb1ng silicon kh\u00f4ng l\u00e0m h\u1ecfng n\u1ed3i khi chi\u00ean rau v\u00e0 n\u1ed3i hi\u1ec7u qu\u1ea3 b\u1ea3o v\u1ec7 t\u1ed1t h\u01a1n so v\u1edbi x\u1ebbng th\u00e9p kh\u00f4ng g\u1ec9. <\/p>\n<p class=\"QN2lPu\">\n<p class=\"QN2lPu\">Ch\u1ecbu nhi\u1ec7t \u0111\u1ed9 cao: Kh\u1ea3 n\u0103ng ch\u1ecbu nhi\u1ec7t \u1ed5n \u0111\u1ecbnh, kh\u00f4ng d\u1ec5 bi\u1ebfn d\u1ea1ng, kh\u00f4ng b\u1ecb cong v\u00eanh, b\u00e1m ch\u1eb7t v\u00e0o b\u1ec1 m\u1eb7t n\u1ed3i.<\/p>\n<p class=\"QN2lPu\">\n<p class=\"QN2lPu\">\u0110\u1eb7c \u0111i\u1ec3m k\u1ef9 thu\u1eadt Ch\u1ea5t li\u1ec7u: G\u1ed7 s\u1ed3i, Silicone<\/p>\n<p class=\"QN2lPu\">\n<p class=\"QN2lPu\"> K\u00edch th\u01b0\u1edbc s\u1ea3n ph\u1ea9m:<\/p>\n<p class=\"QN2lPu\"> Th\u00eca: 31,5 x 8 x 3cm <\/p>\n<p class=\"QN2lPu\">Th\u00eca chi\u00ean: 31,5 x 8 x 3cm<\/p>\n<p class=\"QN2lPu\"> Mu\u1ed7ng s\u00fap: 31,5 x 7,5 x 3cm <\/p>\n<p class=\"QN2lPu\">\n<p class=\"QN2lPu\"> T\u1eaft ti\u1ebfng: C\u00e1c c\u1ea1nh c\u1ee7a th\u00eca m\u1ec1m, kh\u00f4ng g\u00e2y ti\u1ebfng \u1ed3n khi x\u00e0o v\u00e0 kh\u00f4ng c\u00f3 ti\u1ebfng d\u1ee5ng c\u1ee5 nh\u00e0 b\u1ebfp va ch\u1ea1m. Ch\u1ea5t t\u1ea9y r\u1eeda: Ch\u1ea5t li\u1ec7u silicon \u01b0a n\u01b0\u1edbc v\u00e0 k\u1ef5 d\u1ea7u, c\u00f3 th\u1ec3 d\u1ec5 d\u00e0ng l\u00e0m s\u1ea1ch ch\u1ec9 b\u1eb1ng m\u1ed9t l\u1ea7n r\u1eeda.<\/p>\n<p class=\"QN2lPu\">\n<p class=\"QN2lPu\"> Ch\u1ed1ng b\u1ecfng: Tay c\u1ea7m b\u1eb1ng g\u1ed7 v\u00e0 ch\u1ea5t li\u1ec7u silicon c\u00f3 th\u1ec3 \u0111\u1ea3m b\u1ea3o r\u1eb1ng n\u1ebfu \u0111\u1ec3 d\u1ee5ng c\u1ee5 nh\u00e0 b\u1ebfp trong h\u1ed9p qu\u00e1 l\u00e2u trong khi n\u1ea5u ho\u1eb7c n\u1ea5u s\u00fap, tay c\u1ea7m s\u1ebd n\u00f3ng v\u00e0o tay.<\/p>\n<p class=\"QN2lPu\">\n<p class=\"QN2lPu\">\n<p class=\"QN2lPu\">G\u00f3i h\u00e0ng bao g\u1ed3m 1 x D\u1ee5ng c\u1ee5 nh\u00e0 b\u1ebfp Kh\u00f4ng c\u00f3 h\u1ed9p b\u00e1n l\u1ebb. <\/p>\n<p class=\"QN2lPu\">\u0110\u00f3ng g\u00f3i An To\u00e0n trong T\u00fai OPP. <\/p>\n<p class=\"QN2lPu\">\n<p class=\"QN2lPu\">L\u01b0u \u00fd: C\u00f3 th\u1ec3 c\u00f3 m\u1ed9t s\u1ed1 kh\u00e1c bi\u1ec7t nh\u1ecf v\u1ec1 t\u00f4ng m\u00e0u c\u1ee7a h\u00ecnh \u1ea3nh v\u00e0 s\u1ea3n ph\u1ea9m th\u1ef1c t\u1ebf. Vui l\u00f2ng cho ph\u00e9p sai s\u1ed1 1-2mm do \u0111o l\u01b0\u1eddng th\u1ee7 c\u00f4ng, c\u1ea3m \u01a1n.<\/p>\n<\/div>\n","protected":false},"excerpt":{"rendered":"<p>D\u1ee5ng c\u1ee5 nh\u00e0 b\u1ebfp ch\u1ecbu nhi\u1ec7t \u0111\u1ed9 cao Th\u00eca ch\u1ed1ng d\u00ednh Th\u00eca n\u1ea5u \u0103n gia \u0111\u00ecnh T\u00ednh n\u0103ng Ch\u1ecbu nhi\u1ec7t \u0111\u1ed9 cao, kh\u00f4ng m\u00f9i, Tay c\u1ea7m b\u1eb1ng g\u1ed7, Ch\u1ea3o ch\u1ed1ng d\u00ednh, Ch\u1ed1ng b\u1ecfng t\u1ed1t h\u01a1n T\u00e1c d\u1ee5ng b\u1ea3o v\u1ec7 n\u1ed3i: D\u1ee5ng c\u1ee5 nh\u00e0 b\u1ebfp b\u1eb1ng silicon kh\u00f4ng l\u00e0m h\u1ecfng n\u1ed3i khi chi\u00ean rau v\u00e0 n\u1ed3i&#8230;<\/p>\n","protected":false},"featured_media":15377,"comment_status":"open","ping_status":"closed","template":"","meta":[],"product_brand":[],"product_cat":[1423],"product_tag":[],"class_list":{"0":"post-15271","1":"product","2":"type-product","3":"status-publish","4":"has-post-thumbnail","6":"product_cat-phu-kien-va-do-dung-nha-bep","8":"first","9":"instock","10":"sale","11":"featured","12":"shipping-taxable","13":"purchasable","14":"product-type-variable"},"_links":{"self":[{"href":"https:\/\/web-ban-le.mbws.vn\/dung-cu-tien-ich\/wp-json\/wp\/v2\/product\/15271","targetHints":{"allow":["GET"]}}],"collection":[{"href":"https:\/\/web-ban-le.mbws.vn\/dung-cu-tien-ich\/wp-json\/wp\/v2\/product"}],"about":[{"href":"https:\/\/web-ban-le.mbws.vn\/dung-cu-tien-ich\/wp-json\/wp\/v2\/types\/product"}],"replies":[{"embeddable":true,"href":"https:\/\/web-ban-le.mbws.vn\/dung-cu-tien-ich\/wp-json\/wp\/v2\/comments?post=15271"}],"wp:featuredmedia":[{"embeddable":true,"href":"https:\/\/web-ban-le.mbws.vn\/dung-cu-tien-ich\/wp-json\/wp\/v2\/media\/15377"}],"wp:attachment":[{"href":"https:\/\/web-ban-le.mbws.vn\/dung-cu-tien-ich\/wp-json\/wp\/v2\/media?parent=15271"}],"wp:term":[{"taxonomy":"product_brand","embeddable":true,"href":"https:\/\/web-ban-le.mbws.vn\/dung-cu-tien-ich\/wp-json\/wp\/v2\/product_brand?post=15271"},{"taxonomy":"product_cat","embeddable":true,"href":"https:\/\/web-ban-le.mbws.vn\/dung-cu-tien-ich\/wp-json\/wp\/v2\/product_cat?post=15271"},{"taxonomy":"product_tag","embeddable":true,"href":"https:\/\/web-ban-le.mbws.vn\/dung-cu-tien-ich\/wp-json\/wp\/v2\/product_tag?post=15271"}],"curies":[{"name":"wp","href":"https:\/\/api.w.org\/{rel}","templated":true}]}}