{"id":15272,"date":"2025-10-31T11:29:55","date_gmt":"2025-10-31T04:29:55","guid":{"rendered":"https:\/\/web-ban-le.mbws.vn\/dung-cu-tien-ich\/?post_type=product&#038;p=15272"},"modified":"2025-11-04T13:44:59","modified_gmt":"2025-11-04T06:44:59","slug":"%e2%9c%a8%ef%b8%8f%e2%9c%a8%ef%b8%8fvan-thao-ren-voi-nuoc-gay-kieu-moi","status":"publish","type":"product","link":"https:\/\/web-ban-le.mbws.vn\/dung-cu-tien-ich\/san-pham\/%e2%9c%a8%ef%b8%8f%e2%9c%a8%ef%b8%8fvan-thao-ren-voi-nuoc-gay-kieu-moi\/","title":{"rendered":"\u2728\ufe0f\u2728\ufe0fV\u1eb7n th\u00e1o ren v\u00f2i n\u01b0\u1edbc g\u00e3y ki\u1ec3u m\u1edbi"},"content":{"rendered":"<div class=\"e8lZp3\">\n<p class=\"QN2lPu\">B\u1ed9 th\u00e1o van tam gi\u00e1c B\u1ed9 th\u00e1o van 4\/6 \u0111i\u1ec3m B\u1ed9 th\u00e1o \u1ed1ng n\u01b0\u1edbc b\u1ecb v\u1ee1<\/p>\n<p class=\"QN2lPu\">\u0110\u1eb7c tr\u01b0ng<\/p>\n<p class=\"QN2lPu\">B\u1ec1n v\u00e0 ch\u1eafc ch\u1eafn, Hai \u0111\u1ea7u, Nhanh ch\u00f3ng, Kh\u00f4ng t\u1ed1n s\u1ee9c, Ti\u1ec7n l\u1ee3i<\/p>\n<p class=\"QN2lPu\">Th\u00e1o v\u00f2i n\u01b0\u1edbc b\u1ecb h\u1ecfng: s\u1eed d\u1ee5ng d\u1ee5ng c\u1ee5 \u0111i\u1ec7n\/th\u1ee7 c\u00f4ng \u0111\u1ec3 th\u00e1o nhanh v\u00e0 d\u1ec5 d\u00e0ng c\u00e1c \u1ed1c v\u00edt b\u1ecb g\u1ec9 v\u00e0 b\u1ecb h\u1ecfng. T\u01b0\u01a1ng th\u00edch v\u1edbi \u0111\u01b0\u1eddng \u1ed1ng n\u01b0\u1edbc gia d\u1ee5ng v\u00e0 van delta.<\/p>\n<p class=\"QN2lPu\">B\u1ec1n v\u00e0 ch\u1eafc ch\u1eafn: M\u00e1y h\u00fat m\u00f9i \u0111\u01b0\u1ee3c l\u00e0m b\u1eb1ng v\u1eadt li\u1ec7u th\u00e9p h\u1ee3p kim v\u00e0 \u0111\u00e3 tr\u1ea3i qua qu\u00e1 tr\u00ecnh x\u1eed l\u00fd nhi\u1ec7t to\u00e0n di\u1ec7n \u0111\u1ec3 c\u00f3 \u0111\u1ed9 b\u1ec1n l\u00e2u d\u00e0i.<\/p>\n<p class=\"QN2lPu\">4\/6 \u0111i\u1ec3m ph\u1ed5 qu\u00e1t: Thi\u1ebft k\u1ebf hai v\u00edt, k\u00edch th\u01b0\u1edbc m\u1edf c\u00f3 th\u1ec3 \u0111i\u1ec1u ch\u1ec9nh, giao di\u1ec7n b\u1ed1n v\u00e0 s\u00e1u \u0111i\u1ec3m ph\u1ed5 qu\u00e1t, c\u00f3 th\u1ec3 \u0111\u1ea1t \u0111\u01b0\u1ee3c b\u1eb1ng d\u1ee5ng c\u1ee5 chi\u1ebft xu\u1ea5t n\u00e0y.<\/p>\n<p class=\"QN2lPu\">\u0110\u1eb7c \u0111i\u1ec3m k\u1ef9 thu\u1eadt<\/p>\n<p class=\"QN2lPu\">Ch\u1ea5t li\u1ec7u: Th\u00e9p h\u1ee3p kim<\/p>\n<p class=\"QN2lPu\">K\u00edch th\u01b0\u1edbc s\u1ea3n ph\u1ea9m: 9 x 5 x 1cm<\/p>\n<p class=\"QN2lPu\">G\u00f3i h\u00e0ng bao g\u1ed3m<\/p>\n<p class=\"QN2lPu\">1 x D\u1ee5ng c\u1ee5 th\u00e1o v\u00f2i n\u01b0\u1edbc b\u1ecb h\u1ecfng<\/p>\n<p class=\"QN2lPu\">KH\u00d4NG c\u00f3 h\u1ed9p b\u00e1n l\u1ebb. \u0110\u00f3ng g\u00f3i an to\u00e0n trong t\u00fai OPP.<\/p>\n<p class=\"QN2lPu\">Ghi ch\u00fa:<\/p>\n<p class=\"QN2lPu\">C\u00f3 th\u1ec3 c\u00f3 m\u1ed9t s\u1ed1 kh\u00e1c bi\u1ec7t nh\u1ecf v\u1ec1 t\u00f4ng m\u00e0u gi\u1eefa h\u00ecnh \u1ea3nh v\u00e0 s\u1ea3n ph\u1ea9m th\u1ef1c t\u1ebf.<\/p>\n<p class=\"QN2lPu\">Xin vui l\u00f2ng cho ph\u00e9p sai s\u1ed1 k\u00edch th\u01b0\u1edbc trong kho\u1ea3ng 1-2mm do \u0111o l\u01b0\u1eddng th\u1ee7 c\u00f4ng, c\u1ea3m \u01a1n.<\/p>\n<\/div>\n","protected":false},"excerpt":{"rendered":"<p>B\u1ed9 th\u00e1o van tam gi\u00e1c B\u1ed9 th\u00e1o van 4\/6 \u0111i\u1ec3m B\u1ed9 th\u00e1o \u1ed1ng n\u01b0\u1edbc b\u1ecb v\u1ee1 \u0110\u1eb7c tr\u01b0ng B\u1ec1n v\u00e0 ch\u1eafc ch\u1eafn, Hai \u0111\u1ea7u, Nhanh ch\u00f3ng, Kh\u00f4ng t\u1ed1n s\u1ee9c, Ti\u1ec7n l\u1ee3i Th\u00e1o v\u00f2i n\u01b0\u1edbc b\u1ecb h\u1ecfng: s\u1eed d\u1ee5ng d\u1ee5ng c\u1ee5 \u0111i\u1ec7n\/th\u1ee7 c\u00f4ng \u0111\u1ec3 th\u00e1o nhanh v\u00e0 d\u1ec5 d\u00e0ng c\u00e1c \u1ed1c v\u00edt b\u1ecb g\u1ec9 v\u00e0 b\u1ecb&#8230;<\/p>\n","protected":false},"featured_media":15392,"comment_status":"open","ping_status":"closed","template":"","meta":[],"product_brand":[],"product_cat":[1406],"product_tag":[],"class_list":{"0":"post-15272","1":"product","2":"type-product","3":"status-publish","4":"has-post-thumbnail","6":"product_cat-hop-dung-cu-cam-tay","8":"first","9":"instock","10":"sale","11":"featured","12":"shipping-taxable","13":"purchasable","14":"product-type-simple"},"_links":{"self":[{"href":"https:\/\/web-ban-le.mbws.vn\/dung-cu-tien-ich\/wp-json\/wp\/v2\/product\/15272","targetHints":{"allow":["GET"]}}],"collection":[{"href":"https:\/\/web-ban-le.mbws.vn\/dung-cu-tien-ich\/wp-json\/wp\/v2\/product"}],"about":[{"href":"https:\/\/web-ban-le.mbws.vn\/dung-cu-tien-ich\/wp-json\/wp\/v2\/types\/product"}],"replies":[{"embeddable":true,"href":"https:\/\/web-ban-le.mbws.vn\/dung-cu-tien-ich\/wp-json\/wp\/v2\/comments?post=15272"}],"wp:featuredmedia":[{"embeddable":true,"href":"https:\/\/web-ban-le.mbws.vn\/dung-cu-tien-ich\/wp-json\/wp\/v2\/media\/15392"}],"wp:attachment":[{"href":"https:\/\/web-ban-le.mbws.vn\/dung-cu-tien-ich\/wp-json\/wp\/v2\/media?parent=15272"}],"wp:term":[{"taxonomy":"product_brand","embeddable":true,"href":"https:\/\/web-ban-le.mbws.vn\/dung-cu-tien-ich\/wp-json\/wp\/v2\/product_brand?post=15272"},{"taxonomy":"product_cat","embeddable":true,"href":"https:\/\/web-ban-le.mbws.vn\/dung-cu-tien-ich\/wp-json\/wp\/v2\/product_cat?post=15272"},{"taxonomy":"product_tag","embeddable":true,"href":"https:\/\/web-ban-le.mbws.vn\/dung-cu-tien-ich\/wp-json\/wp\/v2\/product_tag?post=15272"}],"curies":[{"name":"wp","href":"https:\/\/api.w.org\/{rel}","templated":true}]}}