{"id":87,"date":"2025-06-20T09:04:57","date_gmt":"2025-06-20T02:04:57","guid":{"rendered":"https:\/\/core.mbws.vn\/?page_id=87"},"modified":"2025-11-04T23:34:08","modified_gmt":"2025-11-04T16:34:08","slug":"gioi-thieu","status":"publish","type":"page","link":"https:\/\/web-ban-le.mbws.vn\/giat-giu-cham-soc-nha-cua\/gioi-thieu\/","title":{"rendered":"Gi\u1edbi thi\u1ec7u"},"content":{"rendered":"\n\t<section class=\"section\" id=\"section_1922943899\">\n\t\t<div class=\"section-bg fill\" >\n\t\t\t\t\t\t\t\t\t\n\t\t\t\n\n\t\t<\/div>\n\n\t\t\n\n\t\t<div class=\"section-content relative\">\n\t\t\t\n<div class=\"row align-middle\"  id=\"row-1853628293\">\n\n\t<div id=\"col-1560180582\" class=\"col medium-5 small-12 large-5\"  >\n\t\t\t\t<div class=\"col-inner\"  >\n\t\t\t\n\t\t\t\n\n  <div class=\"banner has-hover\" id=\"banner-2105883215\">\n          <div class=\"banner-inner fill\">\n        <div class=\"banner-bg fill\" >\n            <img loading=\"lazy\" decoding=\"async\" width=\"1020\" height=\"680\" src=\"https:\/\/web-ban-le.mbws.vn\/wp-content\/uploads\/sites\/18\/2025\/11\/74132a28-4773-4fe7-ae63-8a9841aa9593-1024x683.jpg\" class=\"bg attachment-large size-large\" alt=\"\" \/>                                    \n                    <\/div>\n\t\t\n        <div class=\"banner-layers container\">\n            <div class=\"fill banner-link\"><\/div>            \n   <div id=\"text-box-461677114\" class=\"text-box banner-layer x50 md-x50 lg-x50 y50 md-y50 lg-y50 res-text\">\n                                <div class=\"text-box-content text dark\">\n              \n              <div class=\"text-inner text-center\">\n                  \n              <\/div>\n           <\/div>\n                            \n<style>\n#text-box-461677114 {\n  width: 60%;\n}\n#text-box-461677114 .text-box-content {\n  font-size: 100%;\n}\n@media (min-width:550px) {\n  #text-box-461677114 {\n    width: 60%;\n  }\n}\n<\/style>\n    <\/div>\n \n        <\/div>\n      <\/div>\n\n            \n<style>\n#banner-2105883215 {\n  padding-top: 400px;\n  background-color: rgb(255, 255, 255);\n}\n#banner-2105883215 .banner-bg img {\n  object-position: 50% 0%;\n}\n@media (min-width:550px) {\n  #banner-2105883215 {\n    padding-top: 600px;\n  }\n}\n<\/style>\n  <\/div>\n\n\n\t\t<\/div>\n\t\t\t\t\t<\/div>\n\n\t\n\n\t<div id=\"col-2083544702\" class=\"col medium-7 small-12 large-7\"  >\n\t\t\t\t<div class=\"col-inner\"  >\n\t\t\t\n\t\t\t\n<div class=\"container section-title-container\" ><h1 class=\"section-title section-title-normal\"><b><\/b><span class=\"section-title-main\" >Gi\u1edbi thi\u1ec7u<\/span><b><\/b><\/h1><\/div>\n<p><strong>Gi\u1eb7t Gi\u0169 & Ch\u0103m S\u00f3c Nh\u00e0 C\u1eeda<\/strong> t\u1ef1 h\u00e0o l\u00e0 \u0111\u1ecba ch\u1ec9 cung c\u1ea5p gi\u1ea3i ph\u00e1p l\u00e0m s\u1ea1ch to\u00e0n di\u1ec7n, mang \u0111\u1ebfn cho kh\u00e1ch h\u00e0ng v\u00f4 s\u1ed1 l\u1ef1a ch\u1ecdn d\u1ee5ng c\u1ee5, ch\u1ea5t t\u1ea9y r\u1eeda v\u00e0 x\u00e0 b\u00f4ng gi\u1eb7t \u0111\u1ed3 ch\u1ea5t l\u01b0\u1ee3ng cao t\u1eeb nhi\u1ec1u th\u01b0\u01a1ng hi\u1ec7u uy t\u00edn. Ch\u00fang t\u00f4i cam k\u1ebft cung c\u1ea5p h\u00e0ng h\u00f3a ch\u00ednh h\u00e3ng 100%, \u00e1p d\u1ee5ng c\u00f4ng ngh\u1ec7 l\u00e0m s\u1ea1ch ti\u00ean ti\u1ebfn, gi\u00e1 th\u00e0nh c\u1ea1nh tranh, c\u00f9ng h\u00e0ng lo\u1ea1t ch\u01b0\u01a1ng tr\u00ecnh \u01b0u \u0111\u00e3i h\u1ea5p d\u1eabn xuy\u00ean su\u1ed1t n\u0103m.<\/p>\n<p>S\u1ea3n ph\u1ea9m t\u1ea1i<strong> Gi\u1eb7t Gi\u0169 & Ch\u0103m S\u00f3c Nh\u00e0 C\u1eeda<\/strong> \u0111\u01b0\u1ee3c c\u1eadp nh\u1eadt li\u00ean t\u1ee5c, \u0111\u00e1p \u1ee9ng \u0111a d\u1ea1ng nhu c\u1ea7u v\u1ec7 sinh c\u1ee7a m\u1ecdi gia \u0111\u00ecnh \u2013 t\u1eeb nh\u1eefng ch\u1ea5t t\u1ea9y r\u1eeda h\u1eefu c\u01a1 an to\u00e0n, x\u00e0 b\u00f4ng gi\u1eb7t x\u1ea3 th\u01a1m m\u00e1t cho \u0111\u1ebfn c\u00e1c d\u1ee5ng c\u1ee5 v\u1ec7 sinh th\u00f4ng minh, ti\u1ec7n l\u1ee3i. Kh\u00e1ch h\u00e0ng d\u1ec5 d\u00e0ng l\u1ef1a ch\u1ecdn s\u1ea3n ph\u1ea9m ph\u00f9 h\u1ee3p \u0111\u1ec3 x\u1eed l\u00fd m\u1ecdi v\u1ebft b\u1ea9n c\u1ee9ng \u0111\u1ea7u tr\u00ean qu\u1ea7n \u00e1o, s\u00e0n nh\u00e0, b\u1ebfp, v\u00e0 ph\u00f2ng t\u1eafm, ki\u1ebfn t\u1ea1o kh\u00f4ng gian s\u1ed1ng s\u1ea1ch s\u1ebd v\u00e0 trong l\u00e0nh.<\/p>\n<p>\u0110\u1ed9i ng\u0169 nh\u00e2n vi\u00ean t\u01b0 v\u1ea5n chuy\u00ean nghi\u1ec7p, t\u1eadn t\u00e2m v\u00e0 gi\u00e0u kinh nghi\u1ec7m lu\u00f4n s\u1eb5n s\u00e0ng h\u1ed7 tr\u1ee3 gi\u1ea3i \u0111\u00e1p th\u1eafc m\u1eafc, h\u01b0\u1edbng d\u1eabn s\u1eed d\u1ee5ng s\u1ea3n ph\u1ea9m t\u1ed1i \u01b0u, \u0111\u1ed3ng h\u00e0nh c\u00f9ng kh\u00e1ch h\u00e0ng trong su\u1ed1t qu\u00e1 tr\u00ecnh mua s\u1eafm. Ch\u00fang t\u00f4i ch\u00fa tr\u1ecdng x\u00e2y d\u1ef1ng d\u1ecbch v\u1ee5 ch\u0103m s\u00f3c kh\u00e1ch h\u00e0ng chu \u0111\u00e1o, ch\u00ednh s\u00e1ch h\u1eadu m\u00e3i r\u00f5 r\u00e0ng, giao h\u00e0ng nhanh ch\u00f3ng, v\u00e0 \u0111\u1ea3m b\u1ea3o quy\u1ec1n l\u1ee3i t\u1ed1i \u0111a cho ng\u01b0\u1eddi ti\u00eau d\u00f9ng.<\/p>\n<p><strong>Gi\u1eb7t Gi\u0169 & Ch\u0103m S\u00f3c Nh\u00e0 C\u1eeda<\/strong> \u2013 Gi\u1ea3i ph\u00e1p l\u00e0m s\u1ea1ch to\u00e0n di\u1ec7n, \u0111\u1ed3ng h\u00e0nh c\u00f9ng s\u1ee9c kh\u1ecfe gia \u0111\u00ecnh. \u0110a d\u1ea1ng s\u1ea3n ph\u1ea9m, d\u1ecbch v\u1ee5 t\u1eadn t\u00e2m, lu\u00f4n h\u01b0\u1edbng t\u1edbi s\u1ef1 h\u00e0i l\u00f2ng tuy\u1ec7t \u0111\u1ed1i c\u1ee7a b\u1ea1n trong m\u1ecdi c\u00f4ng vi\u1ec7c v\u1ec7 sinh.<\/p>\n<a href=\"\/cua-hang\" class=\"button primary reveal-icon\"  style=\"border-radius:5px;\">\n\t\t<span>Mua h\u00e0ng ngay<\/span>\n\t<i class=\"icon-shopping-cart\" aria-hidden=\"true\" ><\/i><\/a>\n\n<a href=\"\/lien-he\" class=\"button secondary is-outline\"  style=\"border-radius:5px;\">\n\t\t<span>Li\u00ean h\u1ec7<\/span>\n\t<\/a>\n\n\t\t<\/div>\n\t\t\t\t\n<style>\n#col-2083544702 > .col-inner {\n  padding: 0px 1% 0px 1%;\n}\n@media (min-width:550px) {\n  #col-2083544702 > .col-inner {\n    padding: 0px 2% 0px 2%;\n  }\n}\n@media (min-width:850px) {\n  #col-2083544702 > .col-inner {\n    padding: 0px 0px 0px 5%;\n  }\n}\n<\/style>\n\t<\/div>\n\n\t\n<\/div>\n\t\t<\/div>\n\n\t\t\n<style>\n#section_1922943899 {\n  padding-top: 30px;\n  padding-bottom: 30px;\n}\n<\/style>\n\t<\/section>\n\t\n","protected":false},"excerpt":{"rendered":"","protected":false},"author":1,"featured_media":0,"parent":0,"menu_order":12,"comment_status":"closed","ping_status":"closed","template":"page-blank.php","meta":{"footnotes":""},"class_list":["post-87","page","type-page","status-publish","hentry"],"_links":{"self":[{"href":"https:\/\/web-ban-le.mbws.vn\/giat-giu-cham-soc-nha-cua\/wp-json\/wp\/v2\/pages\/87","targetHints":{"allow":["GET"]}}],"collection":[{"href":"https:\/\/web-ban-le.mbws.vn\/giat-giu-cham-soc-nha-cua\/wp-json\/wp\/v2\/pages"}],"about":[{"href":"https:\/\/web-ban-le.mbws.vn\/giat-giu-cham-soc-nha-cua\/wp-json\/wp\/v2\/types\/page"}],"author":[{"embeddable":true,"href":"https:\/\/web-ban-le.mbws.vn\/giat-giu-cham-soc-nha-cua\/wp-json\/wp\/v2\/users\/1"}],"replies":[{"embeddable":true,"href":"https:\/\/web-ban-le.mbws.vn\/giat-giu-cham-soc-nha-cua\/wp-json\/wp\/v2\/comments?post=87"}],"version-history":[{"count":31,"href":"https:\/\/web-ban-le.mbws.vn\/giat-giu-cham-soc-nha-cua\/wp-json\/wp\/v2\/pages\/87\/revisions"}],"predecessor-version":[{"id":14471,"href":"https:\/\/web-ban-le.mbws.vn\/giat-giu-cham-soc-nha-cua\/wp-json\/wp\/v2\/pages\/87\/revisions\/14471"}],"wp:attachment":[{"href":"https:\/\/web-ban-le.mbws.vn\/giat-giu-cham-soc-nha-cua\/wp-json\/wp\/v2\/media?parent=87"}],"curies":[{"name":"wp","href":"https:\/\/api.w.org\/{rel}","templated":true}]}}