{"id":13709,"date":"2025-10-27T09:38:24","date_gmt":"2025-10-27T02:38:24","guid":{"rendered":"https:\/\/web-ban-le.mbws.vn\/giat-giu-cham-soc-nha-cua\/?post_type=product&#038;p=13709"},"modified":"2025-10-27T09:38:47","modified_gmt":"2025-10-27T02:38:47","slug":"combo-3-kem-danh-rang-dang-gel-closeup-trang-rang-tu-nhien-230g","status":"publish","type":"product","link":"https:\/\/web-ban-le.mbws.vn\/giat-giu-cham-soc-nha-cua\/san-pham\/combo-3-kem-danh-rang-dang-gel-closeup-trang-rang-tu-nhien-230g\/","title":{"rendered":"Combo 3 Kem \u0111\u00e1nh r\u0103ng d\u1ea1ng GEL Closeup Tr\u1eafng R\u0103ng T\u1ef1 Nhi\u00ean 230g"},"content":{"rendered":"<div class=\"e8lZp3\">\n<p class=\"QN2lPu\">1\/ H\u01a0I TH\u1ede TH\u01a0M M\u00c1T, S\u00c1T L\u1ea0I G\u1ea6N NHAU V\u1edaI KEM \u0110\u00c1NH R\u0102NG CLOSEUP R\u0102NG T\u1ef0 NHI\u00caN V\u1eca D\u1eeaA TH\u01a0M M\u00c1T<\/p>\n<p class=\"QN2lPu\">\n<p class=\"QN2lPu\"> Kem \u0111\u00e1nh r\u0103ng Closeup Tr\u1eafng R\u0103ng T\u1ef1 Nhi\u00ean V\u1ecb D\u1eeba Th\u01a1m M\u00e1t v\u1edbi chi\u1ebft xu\u1ea5t t\u1eeb d\u1eeba th\u01a1m m\u00e1t c\u00f9ng than ho\u1ea1t t\u00ednh gi\u00fap mang l\u1ea1i n\u1ee5 c\u01b0\u1eddi tr\u1eafng s\u00e1ng t\u1ef1 nhi\u00ean v\u00e0 h\u01a1i th\u1edf th\u01a1m m\u00e1t. Ng\u00f2ai ra, Kem \u0111\u00e1nh r\u0103ng Closeup Tr\u1eafng R\u0103ng T\u1ef1 Nhi\u00ean V\u1ecb D\u1eeba Th\u01a1m M\u00e1t c\u00f2n c\u00f3 c\u00f4ng th\u1ee9c n\u01b0\u1edbc s\u00fac mi\u1ec7ng gi\u00fap di\u1ec7t khu\u1ea9n hi\u1ec7u qu\u1ea3 v\u00e0 l\u00f5i kem d\u1ea1ng del ch\u1ee9a tinh th\u1ec3 tr\u1eafng s\u00e1ng si\u00eau nh\u1ecf Perlite cho n\u1ee5 c\u01b0\u1eddi tr\u1eafng s\u00e1ng g\u1ea5p 2.5 l\u1ea7n ch\u1ec9 sau 2 tu\u1ea7n <\/p>\n<p class=\"QN2lPu\">\n<p class=\"QN2lPu\">\n<p class=\"QN2lPu\"> \u01afU \u0110I\u1ec2M N\u1ed4I B\u1eacT<\/p>\n<p class=\"QN2lPu\">\n<p class=\"QN2lPu\"> &#8211; Chi\u1ebft xu\u1ea5t t\u1eeb d\u1eeba th\u01a1m m\u00e1t c\u00f9ng than ho\u1ea1t t\u00ednh<\/p>\n<p class=\"QN2lPu\">\n<p class=\"QN2lPu\"> &#8211; C\u00f4ng th\u1ee9c n\u01b0\u1edbc s\u00fac mi\u1ec7ng<\/p>\n<p class=\"QN2lPu\">\n<p class=\"QN2lPu\"> &#8211; L\u00f5i kem d\u1ea1ng del ch\u1ee9a rinh th\u1ec3 tr\u1eafng s\u00e1ng si\u00eau nh\u1ecf Perlite<\/p>\n<p class=\"QN2lPu\">\n<p class=\"QN2lPu\">\n<p class=\"QN2lPu\">\n<p class=\"QN2lPu\"> HI\u1ec6U QU\u1ea2 S\u1eec D\u1ee4NG<\/p>\n<p class=\"QN2lPu\">\n<p class=\"QN2lPu\"> &#8211; Mang l\u1ea1i n\u1ee5 c\u01b0\u1eddi tr\u1eafng s\u00e1ng t\u1ef1 nhi\u00ean g\u1ea5p 2.5 l\u1ea7n ch\u1ec9 sau 2 tu\u1ea7n <\/p>\n<p class=\"QN2lPu\">\n<p class=\"QN2lPu\"> &#8211; Mang \u0111\u1ebfn cho b\u1ea1n h\u01a1i th\u1edf c\u1ef1c th\u01a1m m\u00e1t sau m\u1ed7i l\u1ea7n s\u1eed d\u1ee5ng<\/p>\n<p class=\"QN2lPu\">\n<p class=\"QN2lPu\">\n<p class=\"QN2lPu\">2\/ H\u01a0I TH\u1ede TH\u01a0M M\u00c1T, S\u00c1T L\u1ea0I G\u1ea6N NHAU V\u1edaI KEM \u0110\u00c1NH R\u0102NG CLOSEUP R\u0102NG T\u1ef0 NHI\u00caN MU\u1ed0I BI\u1ec2N &amp; CHANH<\/p>\n<p class=\"QN2lPu\">\n<p class=\"QN2lPu\"> Kem \u0111\u00e1nh r\u0103ng Closeup Tr\u1eafng R\u0103ng T\u1ef1 Nhi\u00ean Mu\u1ed1i Bi\u1ec3n &amp; Chanh v\u1edbi chi\u1ebft xu\u1ea5t chanh v\u00e0 mu\u1ed1i bi\u1ec3n gi\u00fap mang l\u1ea1i n\u1ee5 c\u01b0\u1eddi tr\u1eafng s\u00e1ng t\u1ef1 nhi\u00ean v\u00e0 h\u01a1i th\u1edf th\u01a1m m\u00e1t<\/p>\n<p class=\"QN2lPu\">\n<p class=\"QN2lPu\">  Ng\u00f2ai ra, Kem \u0111\u00e1nh r\u0103ng Closeup Tr\u1eafng R\u0103ng T\u1ef1 Nhi\u00ean Mu\u1ed1i Bi\u1ec3n &amp; Chanh c\u00f2n c\u00f3 c\u00f4ng th\u1ee9c n\u01b0\u1edbc s\u00fac mi\u1ec7ng gi\u00fap di\u1ec7t khu\u1ea9n hi\u1ec7u qu\u1ea3 v\u00e0 l\u00f5i kem d\u1ea1ng del ch\u1ee9a tinh th\u1ec3 tr\u1eafng s\u00e1ng si\u00eau nh\u1ecf Perlite cho n\u1ee5 c\u01b0\u1eddi tr\u1eafng s\u00e1ng g\u1ea5p 2.5 l\u1ea7n ch\u1ec9 sau 2 tu\u1ea7n <\/p>\n<p class=\"QN2lPu\">\n<p class=\"QN2lPu\">  \u01afU \u0110I\u1ec2M N\u1ed4I B\u1eacT<\/p>\n<p class=\"QN2lPu\">\n<p class=\"QN2lPu\"> &#8211; Chi\u1ebft xu\u1ea5t chanh v\u00e0 mu\u1ed1i bi\u1ec3n<\/p>\n<p class=\"QN2lPu\">\n<p class=\"QN2lPu\"> &#8211; C\u00f4ng th\u1ee9c n\u01b0\u1edbc s\u00fac mi\u1ec7ng<\/p>\n<p class=\"QN2lPu\">\n<p class=\"QN2lPu\"> &#8211; L\u00f5i kem d\u1ea1ng del ch\u1ee9a rinh th\u1ec3 tr\u1eafng s\u00e1ng si\u00eau nh\u1ecf Perlite<\/p>\n<p class=\"QN2lPu\">\n<p class=\"QN2lPu\">  HI\u1ec6U QU\u1ea2 S\u1eec D\u1ee4NG<\/p>\n<p class=\"QN2lPu\">\n<p class=\"QN2lPu\"> &#8211; Mang l\u1ea1i n\u1ee5 c\u01b0\u1eddi tr\u1eafng s\u00e1ng t\u1ef1 nhi\u00ean g\u1ea5p 2.5 l\u1ea7n ch\u1ec9 sau 2 tu\u1ea7n <\/p>\n<p class=\"QN2lPu\">\n<p class=\"QN2lPu\"> &#8211; Mang \u0111\u1ebfn cho b\u1ea1n h\u01a1i th\u1edf c\u1ef1c th\u01a1m m\u00e1t sau m\u1ed7i l\u1ea7n s\u1eed d\u1ee5ng<\/p>\n<p class=\"QN2lPu\">\n<p class=\"QN2lPu\">\n<p class=\"QN2lPu\">\n<p class=\"QN2lPu\">3\/ H\u01a0I TH\u1ede TH\u01a0M M\u00c1T, S\u00c1T L\u1ea0I G\u1ea6N NHAU V\u1edaI KEM \u0110\u00c1NH R\u0102NG CLOSEUP R\u0102NG T\u1ef0 NHI\u00caN KHO\u00c1NG \u0110\u00c1T S\u00c9T &amp; MATCHA B\u1ea0C H\u00c0<\/p>\n<p class=\"QN2lPu\">\n<p class=\"QN2lPu\">\n<p class=\"QN2lPu\"> Kem \u0111\u00e1nh r\u0103ng Closeup Tr\u1eafng R\u0103ng T\u1ef1 Nhi\u00ean Kho\u00e1ng \u0110\u1ea5t S\u00e9t &amp; Matcha B\u1ea1c H\u00e0 v\u1edbi c\u00f4ng th\u1ee9c kho\u00e1ng \u0111\u1ea5t s\u00e9t t\u1ef1 nhi\u00ean <\/p>\n<p class=\"QN2lPu\">\n<p class=\"QN2lPu\">100% gi\u00fap lo\u1ea1i b\u1ecf m\u1ea3ng b\u00e1m v\u00e0 v\u1ebft \u1ed1 v\u00e0ng tr\u00ean r\u0103ng, tr\u1ea3 l\u1ea1i m\u00e0u tr\u1eafng t\u1ef1 nhi\u00ean cho r\u0103ng. Ng\u00f2ai ra, Kem \u0111\u00e1nh r\u0103ng Closeup Tr\u1eafng R\u0103ng T\u1ef1 Nhi\u00ean Kho\u00e1ng \u0110\u1ea5t S\u00e9t &amp; Matcha B\u1ea1c H\u00e0 c\u00f2n l\u00e0 s\u1ef1 k\u1ebft h\u1ee3p gi\u1eefa chi\u1ebft xu\u1ea5t matcha v\u00e0 l\u00e1 b\u1ea1c h\u00e0, mang \u0111\u1ebfn cho b\u1ea1n h\u01a1i th\u1edf c\u1ef1c th\u01a1m m\u00e1t sau m\u1ed7i l\u1ea7n s\u1eed d\u1ee5ng<\/p>\n<p class=\"QN2lPu\">\n<p class=\"QN2lPu\">\n<p class=\"QN2lPu\">\n<p class=\"QN2lPu\"> \u01afU \u0110I\u1ec2M N\u1ed4I B\u1eacT<\/p>\n<p class=\"QN2lPu\">\n<p class=\"QN2lPu\"> &#8211; C\u00f4ng th\u1ee9c kho\u00e1ng \u0111\u1ea5t s\u00e9t t\u1ef1 nhi\u00ean 100%<\/p>\n<p class=\"QN2lPu\">\n<p class=\"QN2lPu\"> &#8211; Th\u00e0nh ph\u1ea7n c\u00f3 ch\u1ee9a chi\u1ebft xu\u1ea5t matcha v\u00e0 l\u00e1 b\u1ea1c h\u00e0<\/p>\n<p class=\"QN2lPu\">\n<p class=\"QN2lPu\">\n<p class=\"QN2lPu\">\n<p class=\"QN2lPu\"> HI\u1ec6U QU\u1ea2 S\u1eec D\u1ee4NG<\/p>\n<p class=\"QN2lPu\">\n<p class=\"QN2lPu\"> &#8211; Gi\u00fap r\u0103ng tr\u1eafng t\u1ef1 nhi\u00ean g\u1ea5p 2.5 l\u1ea7n<\/p>\n<p class=\"QN2lPu\">\n<p class=\"QN2lPu\"> &#8211; Lo\u1ea1i b\u1ecf m\u1ea3ng b\u00e1m v\u00e0 v\u1ebft \u1ed1 v\u00e0ng tr\u00ean r\u0103ng, tr\u1ea3 l\u1ea1i m\u00e0u tr\u1eafng t\u1ef1 nhi\u00ean cho r\u0103ng trong 2 tu\u1ea7n<\/p>\n<p class=\"QN2lPu\">\n<p class=\"QN2lPu\"> &#8211; Mang \u0111\u1ebfn cho b\u1ea1n h\u01a1i th\u1edf c\u1ef1c th\u01a1m m\u00e1t sau m\u1ed7i l\u1ea7n s\u1eed d\u1ee5ng<\/p>\n<p class=\"QN2lPu\">\n<p class=\"QN2lPu\">\n<p class=\"QN2lPu\">H\u01af\u1edaNG D\u1eaaN S\u1eec D\u1ee4NG<\/p>\n<p class=\"QN2lPu\">\n<p class=\"QN2lPu\"> &#8211; Ch\u1ea3i r\u0103ng \u00edt nh\u1ea5t m\u1ed7i ng\u00e0y 2 l\u1ea7n s\u00e1ng + t\u1ed1i ho\u1eb7c theo h\u01b0\u1edbng d\u1eabn c\u1ee7a nha s\u0129<\/p>\n<p class=\"QN2lPu\">\n<p class=\"QN2lPu\"> &#8211; D\u00f9ng \u00edt nh\u1ea5t 1g kem \u0111\u00e1nh r\u0103ng m\u1ed7i l\u1ea7n<\/p>\n<p class=\"QN2lPu\">\n<p class=\"QN2lPu\"> &#8211; Tr\u1ebb em d\u01b0\u1edbi 6 tu\u1ed5i ch\u1ec9 s\u1eed d\u1ee5ng m\u1ed9t l\u01b0\u1ee3ng kem \u0111\u00e1nh r\u0103ng nh\u1ecf b\u1eb1ng h\u1ea1t \u0111\u1eadu<\/p>\n<p class=\"QN2lPu\">\n<p class=\"QN2lPu\"> &#8211; Ti\u1ebft ki\u1ec7m n\u01b0\u1edbc b\u1eb1ng c\u00e1ch \u0111\u00f3ng v\u00f2i n\u01b0\u1edbc trong khi ch\u1ea3i r\u0103ng<\/p>\n<p class=\"QN2lPu\">\n<p class=\"QN2lPu\">\n<p class=\"QN2lPu\"> S\u1ea2N PH\u1ea8M C\u00d9NG TH\u01af\u01a0NG HI\u1ec6U\/ Xu\u1ea5t x\u1ee9 th\u01b0\u01a1ng hi\u1ec7u:<\/p>\n<p class=\"QN2lPu\">\n<p class=\"QN2lPu\"> N\u01a1i s\u1ea3n xu\u1ea5t:<\/p>\n<p class=\"QN2lPu\">\n<p class=\"QN2lPu\"> Ng\u00e0y s\u1ea3n xu\u1ea5t: Xem tr\u00ean bao b\u00ec s\u1ea3n ph\u1ea9m <\/p>\n<p class=\"QN2lPu\">\n<p class=\"QN2lPu\"> H\u1ea1n s\u1eed d\u1ee5ng: 3 n\u0103m k\u1ec3 t\u1eeb ng\u00e0y s\u1ea3n xu\u1ea5t <\/p>\n<p class=\"QN2lPu\">\n<p class=\"QN2lPu\"> Th\u00e0nh ph\u1ea7n: Xem tr\u00ean bao b\u00ec s\u1ea3n ph\u1ea9m <\/p>\n<p class=\"QN2lPu\">\n<p class=\"QN2lPu\"> H\u01b0\u1edbng d\u1eabn b\u1ea3o qu\u1ea3n: N\u01a1i tho\u00e1ng m\u00e1t, tr\u00e1nh \u00e1nh n\u1eafng tr\u1ef1c ti\u1ebfp, \u0111\u1eady k\u00edn n\u1eafp sau khi s\u1eed d\u1ee5ng<\/p>\n<p class=\"QN2lPu\">\n<p class=\"QN2lPu\">Hi\u1ec7u qu\u1ea3 th\u1ef1c t\u1ebf c\u1ee7a s\u1ea3n ph\u1ea9m tu\u1ef3 thu\u1ed9c v\u00e0o tr\u00ecnh tr\u1ea1ng c\u1ee7a t\u1eebng ng\u01b0\u1eddi s\u1eed d\u1ee5ng<\/p>\n<\/div>\n","protected":false},"excerpt":{"rendered":"<p>1\/ H\u01a0I TH\u1ede TH\u01a0M M\u00c1T, S\u00c1T L\u1ea0I G\u1ea6N NHAU V\u1edaI KEM \u0110\u00c1NH R\u0102NG CLOSEUP R\u0102NG T\u1ef0 NHI\u00caN V\u1eca D\u1eeaA TH\u01a0M M\u00c1T Kem \u0111\u00e1nh r\u0103ng Closeup Tr\u1eafng R\u0103ng T\u1ef1 Nhi\u00ean V\u1ecb D\u1eeba Th\u01a1m M\u00e1t v\u1edbi chi\u1ebft xu\u1ea5t t\u1eeb d\u1eeba th\u01a1m m\u00e1t c\u00f9ng than ho\u1ea1t t\u00ednh gi\u00fap mang l\u1ea1i n\u1ee5 c\u01b0\u1eddi tr\u1eafng s\u00e1ng t\u1ef1 nhi\u00ean v\u00e0 h\u01a1i&#8230;<\/p>\n","protected":false},"featured_media":13721,"comment_status":"open","ping_status":"closed","template":"","meta":[],"product_brand":[],"product_cat":[1212],"product_tag":[],"class_list":{"0":"post-13709","1":"product","2":"type-product","3":"status-publish","4":"has-post-thumbnail","6":"product_cat-kem-danh-rang","8":"first","9":"instock","10":"sale","11":"shipping-taxable","12":"purchasable","13":"product-type-variable"},"_links":{"self":[{"href":"https:\/\/web-ban-le.mbws.vn\/giat-giu-cham-soc-nha-cua\/wp-json\/wp\/v2\/product\/13709","targetHints":{"allow":["GET"]}}],"collection":[{"href":"https:\/\/web-ban-le.mbws.vn\/giat-giu-cham-soc-nha-cua\/wp-json\/wp\/v2\/product"}],"about":[{"href":"https:\/\/web-ban-le.mbws.vn\/giat-giu-cham-soc-nha-cua\/wp-json\/wp\/v2\/types\/product"}],"replies":[{"embeddable":true,"href":"https:\/\/web-ban-le.mbws.vn\/giat-giu-cham-soc-nha-cua\/wp-json\/wp\/v2\/comments?post=13709"}],"wp:featuredmedia":[{"embeddable":true,"href":"https:\/\/web-ban-le.mbws.vn\/giat-giu-cham-soc-nha-cua\/wp-json\/wp\/v2\/media\/13721"}],"wp:attachment":[{"href":"https:\/\/web-ban-le.mbws.vn\/giat-giu-cham-soc-nha-cua\/wp-json\/wp\/v2\/media?parent=13709"}],"wp:term":[{"taxonomy":"product_brand","embeddable":true,"href":"https:\/\/web-ban-le.mbws.vn\/giat-giu-cham-soc-nha-cua\/wp-json\/wp\/v2\/product_brand?post=13709"},{"taxonomy":"product_cat","embeddable":true,"href":"https:\/\/web-ban-le.mbws.vn\/giat-giu-cham-soc-nha-cua\/wp-json\/wp\/v2\/product_cat?post=13709"},{"taxonomy":"product_tag","embeddable":true,"href":"https:\/\/web-ban-le.mbws.vn\/giat-giu-cham-soc-nha-cua\/wp-json\/wp\/v2\/product_tag?post=13709"}],"curies":[{"name":"wp","href":"https:\/\/api.w.org\/{rel}","templated":true}]}}