{"id":13710,"date":"2025-10-27T09:38:24","date_gmt":"2025-10-27T02:38:24","guid":{"rendered":"https:\/\/web-ban-le.mbws.vn\/giat-giu-cham-soc-nha-cua\/?post_type=product&#038;p=13710"},"modified":"2025-10-27T09:38:47","modified_gmt":"2025-10-27T02:38:47","slug":"combo-2-nuoc-lau-san-sunlight-bioshield-ngan-con-trung-hieu-qua-tui-34kg-chanh-yuzu-sa-que-cam-bergamot","status":"publish","type":"product","link":"https:\/\/web-ban-le.mbws.vn\/giat-giu-cham-soc-nha-cua\/san-pham\/combo-2-nuoc-lau-san-sunlight-bioshield-ngan-con-trung-hieu-qua-tui-34kg-chanh-yuzu-sa-que-cam-bergamot\/","title":{"rendered":"Combo 2 N\u01b0\u1edbc Lau S\u00e0n Sunlight BIOSHIELD Ng\u0103n c\u00f4n tr\u00f9ng hi\u1ec7u qu\u1ea3 | T\u00fai 3,4KG | Chanh Yuzu &#038; S\u1ea3 | Qu\u1ebf &#038; Cam Bergamot"},"content":{"rendered":"<div class=\"e8lZp3\">\n<p class=\"QN2lPu\">1. C\u00f4ng ngh\u1ec7 m\u00e0n ch\u1eafn sinh h\u1ecdc BIOSHIELD \u0111\u1ed9t ph\u00e1: men vi sinh t\u1ef1 nhi\u00ean trong s\u1ea3n ph\u1ea9m t\u1ea1o ra m\u00e0n ch\u1eafn sinh h\u1ecdc BIOSHIELD tr\u00ean s\u00e0n nh\u00e0, lo\u1ea1i b\u1ecf nh\u1eefng v\u1ebft b\u1ea9n l\u00e0 th\u1ee9c \u0103n thu h\u00fat c\u00f4n tr\u00f9ng, t\u1eeb \u0111\u00f3 gi\u00fap ng\u0103n c\u00e1c lo\u1ea1i c\u00f4n tr\u00f9ng ph\u1ed5 bi\u1ebfn tr\u00ean s\u00e0n nh\u01b0 gi\u00e1n, ki\u1ebfn,&#8230; hi\u1ec7u qu\u1ea3 l\u00ean \u0111\u1ebfn 24h* <\/p>\n<p class=\"QN2lPu\">\n<p class=\"QN2lPu\">2. Kh\u1eed m\u00f9i hi\u1ec7u qu\u1ea3 kh\u00f4ng lo \u1ea9m m\u1ed1c v\u00ec men vi sinh t\u1ef1 nhi\u00ean trong s\u1ea3n ph\u1ea9m gi\u00fap ng\u0103n ch\u1eb7n s\u1ef1 ph\u00e1t tri\u1ec3n c\u1ee7a vi khu\u1ea9n c\u00f3 h\u1ea1i &amp; n\u1ea5m m\u1ed1c c\u1ea3 tr\u00ean s\u00e0n v\u00e0 tr\u00ean s\u1ea3n ph\u1ea9m lau nh\u00e0.<\/p>\n<p class=\"QN2lPu\">\n<p class=\"QN2lPu\">3. Cho s\u00e0n s\u1ea1ch b\u00f3ng kin k\u00edt, nhanh kh\u00f4, kh\u00f4ng nh\u1eddn r\u00edt <\/p>\n<p class=\"QN2lPu\">\n<p class=\"QN2lPu\">4. Ch\u1ee9a tinh d\u1ea7u th\u1ea3o m\u1ed9c kh\u00f4ng nh\u1eefng \u0111em l\u1ea1i h\u01b0\u01a1ng th\u01a1m th\u01b0 th\u00e1i, d\u1ec5 ch\u1ecbu m\u00e0 c\u00f2n thanh l\u1ecdc kh\u00f4ng gian s\u1ed1ng <\/p>\n<p class=\"QN2lPu\">\n<p class=\"QN2lPu\">5. \u0110em t\u1edbi kh\u00f4ng gian th\u01b0 th\u00e1i, trong l\u00e0nh cho c\u1ea3 gia \u0111\u00ecnh sau khi s\u1eed d\u1ee5ng.<\/p>\n<p class=\"QN2lPu\">\n<p class=\"QN2lPu\">6. Ho\u1ea1t \u0111\u1ed9ng an to\u00e0n, hi\u1ec7u qu\u1ea3 cho m\u1ecdi lo\u1ea1i s\u00e0n**, ti\u00eau bi\u1ec3u nh\u01b0: \u0111\u00e1 c\u1ea9m th\u1ea1ch, g\u1ea1ch men, simili, m\u1eb7t g\u1ed7&#8221;        &#8220;N\u01af\u1edaC LAU S\u00c0N SUNLIGHT BIOSHIELD M\u1edaI &#8211; NG\u0102N C\u00d4N TR\u00d9NG HI\u1ec6U QU\u1ea2 L\u00caN \u0110\u1ebeN 24H <\/p>\n<p class=\"QN2lPu\">\n<p class=\"QN2lPu\">L\u1ea7n \u0111\u1ea7u ti\u00ean tr\u00ean th\u1ecb tr\u01b0\u1eddng ra m\u1eaft Sunlight Lau s\u00e0n BIOSHIELD, v\u1edbi c\u00f4ng ngh\u1ec7 \u0111\u1ed9t ph\u00e1 m\u00e0n ch\u1eafn sinh h\u1ecdc BioShield k\u1ebft h\u1ee3p c\u00f9ng tinh d\u1ea7u th\u1ea3o m\u1ed9c, kh\u00f4ng ch\u1ec9 gi\u00fap s\u00e0n nh\u00e0 s\u1ea1ch b\u00f3ng kin k\u00edt, ng\u00e1t h\u01b0\u01a1ng th\u01a1m m\u00e1t m\u00e0 c\u00f2n ng\u0103n \u0111u\u1ed5i c\u00e1c lo\u1ea1i c\u00f4n tr\u00f9ng ph\u1ed5 bi\u1ebfn nh\u01b0 ki\u1ebfn, gi\u00e1n l\u00ean \u0111\u1ebfn 24h. \u0110a d\u1ea1ng l\u1ef1a ch\u1ecdn v\u1edbi Chanh Yuzu &amp; S\u1ea3 ho\u1eb7c Qu\u1ebf &amp; Cam Bergamot<\/p>\n<p class=\"QN2lPu\">\n<p class=\"QN2lPu\">\u01afU \u0110I\u1ec2M:<\/p>\n<p class=\"QN2lPu\">\n<p class=\"QN2lPu\">1. C\u00f4ng ngh\u1ec7 m\u00e0n ch\u1eafn sinh h\u1ecdc BIOSHIELD \u0111\u1ed9t ph\u00e1: men vi sinh t\u1ef1 nhi\u00ean trong s\u1ea3n ph\u1ea9m t\u1ea1o ra m\u00e0n ch\u1eafn sinh h\u1ecdc BIOSHIELD tr\u00ean s\u00e0n nh\u00e0, lo\u1ea1i b\u1ecf nh\u1eefng v\u1ebft b\u1ea9n l\u00e0 th\u1ee9c \u0103n thu h\u00fat c\u00f4n tr\u00f9ng, t\u1eeb \u0111\u00f3 gi\u00fap ng\u0103n c\u00e1c lo\u1ea1i c\u00f4n tr\u00f9ng ph\u1ed5 bi\u1ebfn tr\u00ean s\u00e0n nh\u01b0 gi\u00e1n, ki\u1ebfn,&#8230; hi\u1ec7u qu\u1ea3 l\u00ean \u0111\u1ebfn 24h* <\/p>\n<p class=\"QN2lPu\">\n<p class=\"QN2lPu\">2. Cho s\u00e0n s\u1ea1ch b\u00f3ng kin k\u00edt, nhanh kh\u00f4, kh\u00f4ng nh\u1eddn r\u00edt <\/p>\n<p class=\"QN2lPu\">\n<p class=\"QN2lPu\">3. Ch\u1ee9a tinh d\u1ea7u th\u1ea3o m\u1ed9c kh\u00f4ng nh\u1eefng \u0111em l\u1ea1i h\u01b0\u01a1ng th\u01a1m th\u01b0 th\u00e1i, d\u1ec5 ch\u1ecbu m\u00e0 c\u00f2n thanh l\u1ecdc kh\u00f4ng gian s\u1ed1ng <\/p>\n<p class=\"QN2lPu\">\n<p class=\"QN2lPu\">4. Ho\u1ea1t \u0111\u1ed9ng an to\u00e0n, hi\u1ec7u qu\u1ea3 cho m\u1ecdi lo\u1ea1i s\u00e0n**, ti\u00eau bi\u1ec3u nh\u01b0: \u0111\u00e1 c\u1ea9m th\u1ea1ch, g\u1ea1ch men, simili, m\u1eb7t g\u1ed7<\/p>\n<p class=\"QN2lPu\">\n<p class=\"QN2lPu\">H\u01af\u1edaNG D\u1eaaN S\u1eec D\u1ee4NG: <\/p>\n<p class=\"QN2lPu\">\n<p class=\"QN2lPu\">&#8211; B\u01b0\u1edbc 1: H\u00f2a 1 n\u1eafp \u0111\u1ea7y (45ml) n\u01b0\u1edbc lau s\u00e0n Sunlight v\u00e0o n\u1eeda x\u00f4 n\u01b0\u1edbc (Lo\u1ea1i x\u00f4 5L).<\/p>\n<p class=\"QN2lPu\">\n<p class=\"QN2lPu\">&#8211; B\u01b0\u1edbc 2: Nh\u00fang \u01b0\u1edbt kh\u0103n ho\u1eb7c c\u00e2y lau s\u00e0n r\u1ed3i lau s\u1ea1ch c\u00e1c v\u1ebft b\u1ea9n.<\/p>\n<p class=\"QN2lPu\">\n<p class=\"QN2lPu\">&#8211; B\u01b0\u1edbc 3: Kh\u00f4ng lau l\u1ea1i b\u1eb1ng n\u01b0\u1edbc. <\/p>\n<p class=\"QN2lPu\">\n<p class=\"QN2lPu\">\n<p class=\"QN2lPu\">Xu\u1ea5t x\u1ee9 th\u01b0\u01a1ng hi\u1ec7u: S\u1ea3n xu\u1ea5t t\u1ea1i Vi\u1ec7t Nam <\/p>\n<p class=\"QN2lPu\">\n<p class=\"QN2lPu\">\n<p class=\"QN2lPu\">S\u1ea3n ph\u1ea9m c\u1ee7a C\u00f4ng ty TNHH Qu\u1ed1c T\u1ebf Unilever Vi\u1ec7t Nam<\/p>\n<p class=\"QN2lPu\">\n<p class=\"QN2lPu\">\n<p class=\"QN2lPu\">Th\u00e0nh ph\u1ea7n (Chanh Yuzu &amp; S\u1ea3): Alcohol Ethoxylate; Ch\u1ea5t th\u01a1m (ch\u1ee9a tinh d\u1ea7u S\u1ea3 (0.25ppm)); Carbomer; Sodium Hydroxide; Isothiazolinones; T\u1ed5 h\u1ee3p khu\u1ea9n probiotics Bacillus (kho\u1ea3ng 5&#215;10^6 l\u1ee3i khu\u1ea9n\/ml); Ch\u1ea5t t\u1ea1o m\u00e0u; N\u01b0\u1edbc.<\/p>\n<p class=\"QN2lPu\">\n<p class=\"QN2lPu\">Th\u00e0nh ph\u1ea7n (Qu\u1ebf &amp; Cam Bergamot): Alcohol Ethoxylate; Ch\u1ea5t th\u01a1m (ch\u1ee9a tinh d\u1ea7u Qu\u1ebf (0.38ppm)); Carbomer; Sodium Hydroxide; Isothiazolinones; T\u1ed5 h\u1ee3p khu\u1ea9n probiotics Bacillus (kho\u1ea3ng 5&#215;10^6 l\u1ee3i khu\u1ea9n\/ml); Ch\u1ea5t t\u1ea1o m\u00e0u; N\u01b0\u1edbc.<\/p>\n<p class=\"QN2lPu\">\n<p class=\"QN2lPu\">Ch\u00fa \u00fd: \u0110\u1ec3 \u0111\u1ea3m b\u1ea3o hi\u1ec7u qu\u1ea3 trong 24h, c\u1ea7n lau l\u1ea1i v\u1edbi Sunlight n\u1ebfu m\u1eb7t s\u00e0n ch\u1ecbu c\u00e1c t\u00e1c \u0111\u1ed9ng lau ch\u00f9i kh\u00e1c. S\u1ea3n ph\u1ea9m n\u00e0y kh\u00f4ng ph\u1ea3i l\u00e0 s\u1ea3n ph\u1ea9m di\u1ec7t c\u00f4n tr\u00f9ng. M\u00e0u s\u1eafc v\u00e0 \u0111\u1ed9 \u0111\u1eadm \u0111\u1eb7c c\u1ee7a s\u1ea3n ph\u1ea9m c\u00f3 th\u1ec3 thay \u0111\u1ed5i theo th\u1eddi gian nh\u01b0ng s\u1ef1 thay \u0111\u1ed5i n\u00e0y kh\u00f4ng \u1ea3nh h\u01b0\u1edfng \u0111\u1ebfn ch\u1ea5t l\u01b0\u1ee3ng c\u1ee7a s\u1ea3n ph\u1ea9m. <\/p>\n<p class=\"QN2lPu\">\n<p class=\"QN2lPu\">H\u1ea1n s\u1eed d\u1ee5ng: 3 n\u0103m k\u1ec3 t\u1eeb ng\u00e0y s\u1ea3n xu\u1ea5t<\/p>\n<p class=\"QN2lPu\">\n<p class=\"QN2lPu\">Quy c\u00e1ch: T\u00fai 3.4kg<\/p>\n<p class=\"QN2lPu\">\n<p class=\"QN2lPu\">H\u01b0\u1edbng d\u1eabn b\u1ea3o qu\u1ea3n: N\u01a1i tho\u00e1ng m\u00e1t, tr\u00e1nh \u00e1nh n\u1eafng tr\u1ef1c ti\u1ebfp<\/p>\n<p class=\"QN2lPu\">\n<p class=\"QN2lPu\">*Th\u1eed nghi\u1ec7m tr\u00ean c\u00e1c lo\u1ea1i c\u00f4n tr\u00f9ng \u0111\u1ea1i di\u1ec7n (gi\u00e1n, ki\u1ebfn) trong \u0111i\u1ec1u ki\u1ec7n ph\u00f2ng th\u00ed nghi\u1ec7m. Th\u1ef1c t\u1ebf c\u00f3 th\u1ec3 thay \u0111\u1ed5i, <\/p>\n<p class=\"QN2lPu\">\n<p class=\"QN2lPu\">** D\u1ef1a tr\u00ean k\u1ebft qu\u1ea3 \u0111\u00e1nh gi\u00e1 tr\u1ef1c quan: an to\u00e0n tr\u00ean c\u00e1c b\u1ec1 m\u1eb7t \u0111\u00e1 c\u1ea9m th\u1ea1ch, g\u1ea1ch men, simili, g\u1ed7 trong \u0111i\u1ec1u ki\u1ec7n th\u00ed nghi\u1ec7m n\u1ed9i b\u1ed9. K\u1ebft qu\u1ea3 th\u1ef1c t\u1ebf c\u00f3 th\u1ec3 thay \u0111\u1ed5i. <\/p>\n<p class=\"QN2lPu\">\n<p class=\"QN2lPu\">\n<p class=\"QN2lPu\">N\u01a1i s\u1ea3n xu\u1ea5t: L\u00f4 A2 &#8211; 3, KCN T\u00e2y B\u1eafc C\u1ee7 Chi, x\u00e3 T\u00e2n An H\u1ed9i, huy\u1ec7n C\u1ee7 Chi, Th\u00e0nh ph\u1ed1 H\u1ed3 Ch\u00ed Minh, Vi\u1ec7t Nam<\/p>\n<p class=\"QN2lPu\">\n<p class=\"QN2lPu\">n\u01b0\u1edbc lau s\u00e0n<\/p>\n<p class=\"QN2lPu\">nuoc lau san<\/p>\n<p class=\"QN2lPu\">lau s\u00e0n<\/p>\n<p class=\"QN2lPu\">lau san<\/p>\n<p class=\"QN2lPu\">n\u01b0\u1edbc lau nh\u00e0<\/p>\n<p class=\"QN2lPu\">nuoc lau nha<\/p>\n<p class=\"QN2lPu\">lau nh\u00e0<\/p>\n<p class=\"QN2lPu\">lau nha<\/p>\n<p class=\"QN2lPu\">n\u01b0\u1edbc lau s\u00e0n nh\u00e0<\/p>\n<p class=\"QN2lPu\">nuoc lau san nha<\/p>\n<p class=\"QN2lPu\">n\u01b0\u1edbc lau s\u00e0n g\u1ed7<\/p>\n<p class=\"QN2lPu\">nuoc lau san go<\/p>\n<p class=\"QN2lPu\">lau s\u00e0n g\u1ed7<\/p>\n<p class=\"QN2lPu\">lau san go<\/p>\n<p class=\"QN2lPu\">lau nh\u00e0 s\u1ea1ch<\/p>\n<p class=\"QN2lPu\">lau nha sach<\/p>\n<p class=\"QN2lPu\">v\u1ec7 sinh nh\u00e0 c\u1eeda<\/p>\n<p class=\"QN2lPu\">ve sinh nha cua<\/p>\n<p class=\"QN2lPu\">n\u01b0\u1edbc lau s\u00e0n th\u01a1m<\/p>\n<p class=\"QN2lPu\">nuoc lau san thom<\/p>\n<p class=\"QN2lPu\">n\u01b0\u1edbc lau s\u00e0n t\u01b0\u01a1i m\u00e1t<\/p>\n<p class=\"QN2lPu\">nuoc lau san tuoi mat<\/p>\n<p class=\"QN2lPu\">ng\u0103n c\u00f4n tr\u00f9ng<\/p>\n<p class=\"QN2lPu\">ngan con trung<\/p>\n<p class=\"QN2lPu\">khu mui hieu qua<\/p>\n<p class=\"QN2lPu\">ngan mui am moc<\/p>\n<\/div>\n","protected":false},"excerpt":{"rendered":"<p>1. C\u00f4ng ngh\u1ec7 m\u00e0n ch\u1eafn sinh h\u1ecdc BIOSHIELD \u0111\u1ed9t ph\u00e1: men vi sinh t\u1ef1 nhi\u00ean trong s\u1ea3n ph\u1ea9m t\u1ea1o ra m\u00e0n ch\u1eafn sinh h\u1ecdc BIOSHIELD tr\u00ean s\u00e0n nh\u00e0, lo\u1ea1i b\u1ecf nh\u1eefng v\u1ebft b\u1ea9n l\u00e0 th\u1ee9c \u0103n thu h\u00fat c\u00f4n tr\u00f9ng, t\u1eeb \u0111\u00f3 gi\u00fap ng\u0103n c\u00e1c lo\u1ea1i c\u00f4n tr\u00f9ng ph\u1ed5 bi\u1ebfn tr\u00ean s\u00e0n nh\u01b0 gi\u00e1n, ki\u1ebfn,&#8230;&#8230;<\/p>\n","protected":false},"featured_media":13736,"comment_status":"open","ping_status":"closed","template":"","meta":[],"product_brand":[],"product_cat":[1215],"product_tag":[],"class_list":{"0":"post-13710","1":"product","2":"type-product","3":"status-publish","4":"has-post-thumbnail","6":"product_cat-nuoc-lau-san","8":"first","9":"instock","10":"sale","11":"shipping-taxable","12":"purchasable","13":"product-type-variable"},"_links":{"self":[{"href":"https:\/\/web-ban-le.mbws.vn\/giat-giu-cham-soc-nha-cua\/wp-json\/wp\/v2\/product\/13710","targetHints":{"allow":["GET"]}}],"collection":[{"href":"https:\/\/web-ban-le.mbws.vn\/giat-giu-cham-soc-nha-cua\/wp-json\/wp\/v2\/product"}],"about":[{"href":"https:\/\/web-ban-le.mbws.vn\/giat-giu-cham-soc-nha-cua\/wp-json\/wp\/v2\/types\/product"}],"replies":[{"embeddable":true,"href":"https:\/\/web-ban-le.mbws.vn\/giat-giu-cham-soc-nha-cua\/wp-json\/wp\/v2\/comments?post=13710"}],"wp:featuredmedia":[{"embeddable":true,"href":"https:\/\/web-ban-le.mbws.vn\/giat-giu-cham-soc-nha-cua\/wp-json\/wp\/v2\/media\/13736"}],"wp:attachment":[{"href":"https:\/\/web-ban-le.mbws.vn\/giat-giu-cham-soc-nha-cua\/wp-json\/wp\/v2\/media?parent=13710"}],"wp:term":[{"taxonomy":"product_brand","embeddable":true,"href":"https:\/\/web-ban-le.mbws.vn\/giat-giu-cham-soc-nha-cua\/wp-json\/wp\/v2\/product_brand?post=13710"},{"taxonomy":"product_cat","embeddable":true,"href":"https:\/\/web-ban-le.mbws.vn\/giat-giu-cham-soc-nha-cua\/wp-json\/wp\/v2\/product_cat?post=13710"},{"taxonomy":"product_tag","embeddable":true,"href":"https:\/\/web-ban-le.mbws.vn\/giat-giu-cham-soc-nha-cua\/wp-json\/wp\/v2\/product_tag?post=13710"}],"curies":[{"name":"wp","href":"https:\/\/api.w.org\/{rel}","templated":true}]}}