{"id":13711,"date":"2025-10-27T09:38:25","date_gmt":"2025-10-27T02:38:25","guid":{"rendered":"https:\/\/web-ban-le.mbws.vn\/giat-giu-cham-soc-nha-cua\/?post_type=product&#038;p=13711"},"modified":"2025-10-27T09:39:12","modified_gmt":"2025-10-27T02:39:12","slug":"nuoc-rua-tay-sach-khuan-lifebuoy-dang-tui-1kg","status":"publish","type":"product","link":"https:\/\/web-ban-le.mbws.vn\/giat-giu-cham-soc-nha-cua\/san-pham\/nuoc-rua-tay-sach-khuan-lifebuoy-dang-tui-1kg\/","title":{"rendered":"N\u01b0\u1edbc r\u1eeda tay s\u1ea1ch khu\u1ea9n Lifebuoy D\u1ea1ng T\u00fai 1KG"},"content":{"rendered":"<div class=\"e8lZp3\">\n<p class=\"QN2lPu\">Tr\u1ebb em v\u00f4 c\u00f9ng hi\u1ebfu \u0111\u1ed9ng, b\u00e9 s\u1ebd th\u01b0\u1eddng xuy\u00ean ti\u1ebfp x\u00fac v\u1edbi vi khu\u1ea9n g\u00e2y b\u1ec7nh. R\u1eeda tay b\u1eb1ng x\u00e0 ph\u00f2ng l\u00e0 c\u00e1ch <\/p>\n<p class=\"QN2lPu\">\n<p class=\"QN2lPu\">t\u1ed1t nh\u1ea5t<\/p>\n<p class=\"QN2lPu\">\n<p class=\"QN2lPu\"> \u0111\u1ec3 b\u1ea3o v\u1ec7 c\u1ea3 nh\u00e0 <\/p>\n<p class=\"QN2lPu\">\n<p class=\"QN2lPu\">kh\u1ecfi<\/p>\n<p class=\"QN2lPu\">\n<p class=\"QN2lPu\"> c\u00e1c b\u1ec7nh truy\u1ec1n nhi\u1ec5m. \u0110\u1ec3 b\u1ea3o v\u1ec7 cho tr\u1ebb v\u00e0 c\u1ea3 gia \u0111\u00ecnh, n\u01b0\u1edbc r\u1eeda tay di\u1ec7t khu\u1ea9n Lifebuoy B\u1ea1c B\u1ea3o V\u1ec7 ra \u0111\u1eddi, gi\u00fap l\u00e0m s\u1ea1ch 99,9% vi khu\u1ea9n, \u0111\u1eb7c bi\u1ec7t l\u00e0 vi khu\u1ea9n g\u00e2y b\u1ec7nh truy\u1ec1n nhi\u1ec5m. <\/p>\n<p class=\"QN2lPu\">C\u00f4ng th\u1ee9c Activ+ h\u1ed7 tr\u1ee3 \u0111\u1ec1 kh\u00e1ng t\u1ef1 nhi\u00ean c\u1ee7a da c\u00f9ng ion B\u1ea1c+ s\u1ebd di\u1ec7t s\u1ea1ch vi khu\u1ea9n hi\u1ec7u qu\u1ea3 \u0111\u1ebfn 99,9%. R\u1eeda tay tr\u01b0\u1edbc khi \u0103n v\u00e0 sau khi \u0111i v\u1ec7 sinh m\u1ed7i ng\u00e0y kh\u00f4ng ch\u1ec9 gi\u00fap ti\u00eau di\u1ec7t vi khu\u1ea9n, m\u00e0 c\u00f2n ch\u0103m s\u00f3c v\u00e0 d\u01b0\u1ee1ng \u1ea9m cho da.<\/p>\n<p class=\"QN2lPu\">N\u01b0\u1edbc r\u1eeda tay Lifebuoy B\u1ea1c B\u1ea3o V\u1ec7 \u0111\u01b0\u1ee3c \u0111\u1ef1ng trong t\u00fai c\u00f3 v\u00f2i chi\u1ebft, gi\u00fap chi\u1ebft d\u1ec5 d\u00e0ng \u0111\u1ec3 b\u1ed5 sung cho chai c\u00f9ng kh\u1ea3 n\u0103ng b\u1ea3o qu\u1ea3n <\/p>\n<p class=\"QN2lPu\">\n<p class=\"QN2lPu\">kh\u1ecfi<\/p>\n<p class=\"QN2lPu\">\n<p class=\"QN2lPu\"> vi khu\u1ea9n x\u00e2m nh\u1eadp, gi\u1ea3m 85% nh\u1ef1a so v\u1edbi khi d\u00f9ng chai<\/p>\n<p class=\"QN2lPu\">Lifebuoy B\u1ea3o V\u1ec7 V\u01b0\u1ee3t Tr\u1ed9i 10<\/p>\n<p class=\"QN2lPu\">Lifebuoy S\u1eefa D\u01b0\u1ee1ng \u1ea8m<\/p>\n<p class=\"QN2lPu\">H\u01b0\u1edbng d\u1eabn s\u1eed d\u1ee5ng: Cho 1 \u00edt s\u1ea3n ph\u1ea9m v\u00e0o l\u00f2ng b\u00e0n tay. T\u1ea1o b\u1ecdt v\u1edbi n\u01b0\u1edbc, r\u1eeda tay \u0111\u1ee7 c\u00e1c b\u01b0\u1edbc r\u1ed3i r\u1eeda s\u1ea1ch v\u1edbi n\u01b0\u1edbc<\/p>\n<p class=\"QN2lPu\">\n<p class=\"QN2lPu\">HSD: 2.5 n\u0103m k\u1ec3 t\u1eeb ng\u00e0y SX<\/p>\n<p class=\"QN2lPu\">Xu\u1ea5t x\u1ee9: Vi\u1ec7t Nam<\/p>\n<p class=\"QN2lPu\">\n<p class=\"QN2lPu\">#nuoc rua tay<\/p>\n<p class=\"QN2lPu\">#sua rua tay<\/p>\n<p class=\"QN2lPu\">#xa phong<\/p>\n<p class=\"QN2lPu\">#diet khuan<\/p>\n<p class=\"QN2lPu\">#nuoc rua tay diet khuan<\/p>\n<p class=\"QN2lPu\">#bao ve vuot troi<\/p>\n<p class=\"QN2lPu\">#sach khuan<\/p>\n<p class=\"QN2lPu\">#ion bac<\/p>\n<p class=\"QN2lPu\">#rua tay<\/p>\n<p class=\"QN2lPu\">\n<p class=\"QN2lPu\">#Lifebuoy rua tay&#8221;<\/p>\n<\/div>\n","protected":false},"excerpt":{"rendered":"<p>Tr\u1ebb em v\u00f4 c\u00f9ng hi\u1ebfu \u0111\u1ed9ng, b\u00e9 s\u1ebd th\u01b0\u1eddng xuy\u00ean ti\u1ebfp x\u00fac v\u1edbi vi khu\u1ea9n g\u00e2y b\u1ec7nh. R\u1eeda tay b\u1eb1ng x\u00e0 ph\u00f2ng l\u00e0 c\u00e1ch t\u1ed1t nh\u1ea5t \u0111\u1ec3 b\u1ea3o v\u1ec7 c\u1ea3 nh\u00e0 kh\u1ecfi c\u00e1c b\u1ec7nh truy\u1ec1n nhi\u1ec5m. \u0110\u1ec3 b\u1ea3o v\u1ec7 cho tr\u1ebb v\u00e0 c\u1ea3 gia \u0111\u00ecnh, n\u01b0\u1edbc r\u1eeda tay di\u1ec7t khu\u1ea9n Lifebuoy B\u1ea1c B\u1ea3o V\u1ec7 ra&#8230;<\/p>\n","protected":false},"featured_media":13748,"comment_status":"open","ping_status":"closed","template":"","meta":[],"product_brand":[],"product_cat":[1217],"product_tag":[],"class_list":{"0":"post-13711","1":"product","2":"type-product","3":"status-publish","4":"has-post-thumbnail","6":"product_cat-cham-soc-tay","8":"first","9":"instock","10":"shipping-taxable","11":"purchasable","12":"product-type-variable"},"_links":{"self":[{"href":"https:\/\/web-ban-le.mbws.vn\/giat-giu-cham-soc-nha-cua\/wp-json\/wp\/v2\/product\/13711","targetHints":{"allow":["GET"]}}],"collection":[{"href":"https:\/\/web-ban-le.mbws.vn\/giat-giu-cham-soc-nha-cua\/wp-json\/wp\/v2\/product"}],"about":[{"href":"https:\/\/web-ban-le.mbws.vn\/giat-giu-cham-soc-nha-cua\/wp-json\/wp\/v2\/types\/product"}],"replies":[{"embeddable":true,"href":"https:\/\/web-ban-le.mbws.vn\/giat-giu-cham-soc-nha-cua\/wp-json\/wp\/v2\/comments?post=13711"}],"wp:featuredmedia":[{"embeddable":true,"href":"https:\/\/web-ban-le.mbws.vn\/giat-giu-cham-soc-nha-cua\/wp-json\/wp\/v2\/media\/13748"}],"wp:attachment":[{"href":"https:\/\/web-ban-le.mbws.vn\/giat-giu-cham-soc-nha-cua\/wp-json\/wp\/v2\/media?parent=13711"}],"wp:term":[{"taxonomy":"product_brand","embeddable":true,"href":"https:\/\/web-ban-le.mbws.vn\/giat-giu-cham-soc-nha-cua\/wp-json\/wp\/v2\/product_brand?post=13711"},{"taxonomy":"product_cat","embeddable":true,"href":"https:\/\/web-ban-le.mbws.vn\/giat-giu-cham-soc-nha-cua\/wp-json\/wp\/v2\/product_cat?post=13711"},{"taxonomy":"product_tag","embeddable":true,"href":"https:\/\/web-ban-le.mbws.vn\/giat-giu-cham-soc-nha-cua\/wp-json\/wp\/v2\/product_tag?post=13711"}],"curies":[{"name":"wp","href":"https:\/\/api.w.org\/{rel}","templated":true}]}}