{"id":13718,"date":"2025-10-27T09:38:25","date_gmt":"2025-10-27T02:38:25","guid":{"rendered":"https:\/\/web-ban-le.mbws.vn\/giat-giu-cham-soc-nha-cua\/?post_type=product&#038;p=13718"},"modified":"2025-10-27T09:39:37","modified_gmt":"2025-10-27T02:39:37","slug":"nuoc-giat-comfort-thien-nhien-thanh-khiet-3kg","status":"publish","type":"product","link":"https:\/\/web-ban-le.mbws.vn\/giat-giu-cham-soc-nha-cua\/san-pham\/nuoc-giat-comfort-thien-nhien-thanh-khiet-3kg\/","title":{"rendered":"N\u01b0\u1edbc Gi\u1eb7t Comfort Thi\u00ean Nhi\u00ean Thanh Khi\u1ebft 3KG"},"content":{"rendered":"<div class=\"e8lZp3\">\n<p class=\"QN2lPu\">N\u01af\u1edaC GI\u1eb6T COMFORT THI\u00caN NHI\u00caN THANH KHI\u1ebeT \u2013 GI\u1eb6T D\u01af\u1ee0NG \u0110A N\u0102NG, L\u01afU H\u01af\u01a0NG THI\u00caN NHI\u00caN SU\u1ed0T 48H<\/p>\n<p class=\"QN2lPu\">\n<p class=\"QN2lPu\">N\u01b0\u1edbc gi\u1eb7t Comfort Thi\u00ean Nhi\u00ean Thanh khi\u1ebft ho\u00e0n to\u00e0n m\u1edbi, v\u1edbi c\u1ea3m h\u1ee9ng t\u1eeb hoa v\u00e0 tr\u00e1i c\u00e2y t\u01b0\u01a1i m\u1ecdng c\u00f9ng kh\u1ea3 n\u0103ng l\u01b0u h\u01b0\u01a1ng \u0111\u1ebfn 48 gi\u1edd, gi\u00fap \u00e1o qu\u1ea7n lu\u00f4n ng\u00e1t h\u01b0\u01a1ng thanh khi\u1ebft, d\u1ec5 ch\u1ecbu, cho kho\u1ea3nh kh\u1eafc ch\u0103m s\u00f3c \u00e1o qu\u1ea7n th\u00eam nh\u1eb9 nh\u00e0ng, th\u01b0 th\u00e1i. Nay c\u00f3 th\u00eam h\u01b0\u01a1ng H\u01b0\u01a1ng hoa Anh \u0110\u00e0o v\u00e0 \u0110\u00e0o t\u01b0\u01a1i ng\u1ecdt ng\u00e0o, th\u01a1m m\u00e1t.<\/p>\n<p class=\"QN2lPu\">\n<p class=\"QN2lPu\">Ngo\u00e0i ra, v\u1edbi c\u00f4ng th\u1ee9c d\u01b0\u1ee1ng v\u1ea3i Multi-care, mang l\u1ea1i gi\u1ea3i ph\u00e1p gi\u1eb7t gi\u0169 t\u1ed1i \u01b0u, ti\u1ec7n l\u1ee3i v\u1edbi nhi\u1ec1u c\u00f4ng n\u0103ng ch\u1ec9 trong 1 b\u01b0\u1edbc gi\u1eb7t: s\u1ea1ch s\u00e2u, b\u1ec1n v\u1ea3i, v\u00e0 t\u01b0\u01a1i m\u00e0u sau nhi\u1ec1u l\u1ea7n gi\u1eb7t, gi\u00fap n\u00e0ng tho\u1ea3i m\u00e1i l\u00ean \u0111\u1ed3, t\u1ef1 tin th\u1ec3 hi\u1ec7n m\u1ecdi phong c\u00e1ch.<\/p>\n<p class=\"QN2lPu\">\n<p class=\"QN2lPu\">\u01afU \u0110I\u1ec2M N\u1ed4I B\u1eacT <\/p>\n<p class=\"QN2lPu\">&#8211; H\u01b0\u01a1ng hoa v\u00e0 tr\u00e1i c\u00e2y t\u01b0\u01a1i m\u00e1t, nh\u1eb9 nh\u00e0ng v\u00e0 thanh khi\u1ebft<\/p>\n<p class=\"QN2lPu\">&#8211; L\u01b0u h\u01b0\u01a1ng thi\u00ean nhi\u00ean su\u1ed1t 48 gi\u1edd<\/p>\n<p class=\"QN2lPu\">&#8211; C\u00f4ng th\u1ee9c d\u01b0\u1ee1ng v\u1ea3i chuy\u00ean s\u00e2u Multi-care: gi\u00fap b\u1ea3o v\u1ec7 m\u00e0u s\u1eafc s\u1ee3i v\u1ea3i cho \u00e1o qu\u1ea7n t\u01b0\u01a1i m\u1edbi, b\u1ec1n \u0111\u1eb9p sau nhi\u1ec1u l\u1ea7n gi\u1eb7t<\/p>\n<p class=\"QN2lPu\">&#8211; Ph\u00f9 h\u1ee3p cho c\u1ea3 m\u00e1y gi\u1eb7t c\u1eeda tr\u00ean &amp; c\u1eeda tr\u01b0\u1edbc<\/p>\n<p class=\"QN2lPu\">\n<p class=\"QN2lPu\">H\u01af\u1edaNG D\u1eaaN S\u1eec D\u1ee4NG <\/p>\n<p class=\"QN2lPu\">Gi\u1eb7t tay: <\/p>\n<p class=\"QN2lPu\">&#8211; D\u00f9ng 1 l\u01b0\u1ee3ng t\u01b0\u01a1ng \u0111\u01b0\u01a1ng 1\/2 n\u1eafp (35ml) cho 3-5L n\u01b0\u1edbc<\/p>\n<p class=\"QN2lPu\">&#8211; V\u00f2 v\u00e0 x\u1ea3 l\u1ea1i b\u1eb1ng n\u01b0\u1edbc s\u1ea1ch <\/p>\n<p class=\"QN2lPu\">Gi\u1eb7t m\u00e1y:<\/p>\n<p class=\"QN2lPu\">&#8211; D\u00f9ng 1 l\u01b0\u1ee3ng t\u01b0\u01a1ng \u0111\u01b0\u01a1ng 1 n\u1eafp (65ml) cho 1 l\u1ea7n gi\u1eb7t th\u00f4ng th\u01b0\u1eddng<\/p>\n<p class=\"QN2lPu\">\n<p class=\"QN2lPu\">L\u01afU \u00dd<\/p>\n<p class=\"QN2lPu\">&#8211; R\u1eeda s\u1ea1ch v\u00e0 lau kh\u00f4 tay sau khi d\u00f9ng<\/p>\n<p class=\"QN2lPu\">&#8211; B\u1ea3o qu\u1ea3n n\u01a1i kh\u00f4 m\u00e1t.<\/p>\n<p class=\"QN2lPu\">&#8211; \u0110\u1ec3 xa t\u1ea7m tay tr\u1ebb em. Kh\u00f4ng \u0111\u01b0\u1ee3c u\u1ed1ng<\/p>\n<p class=\"QN2lPu\">&#8211; \u0110\u1ecdc k\u0129 tem h\u01b0\u1edbng \u0111\u00e3n tr\u00ean qu\u1ea7n \u00e1o tr\u01b0\u1edbc khi gi\u1eb7t<\/p>\n<p class=\"QN2lPu\">&#8211; Unilever \u0111\u1ec1 ngh\u1ecb gi\u1eb7t v\u1edbi nhi\u1ec7t \u0111\u1ed9 th\u01b0\u1eddng<\/p>\n<p class=\"QN2lPu\">&#8211; Tr\u00e1nh ti\u1ebfp x\u00fac v\u1edbi m\u1eaft. N\u1ebfu s\u1ea3n ph\u1ea7m d\u00ednh v\u00e0o m\u1eaft h\u00e3y r\u1eeda k\u0129 v\u1edbi n\u01b0\u1edbc<\/p>\n<p class=\"QN2lPu\">\n<p class=\"QN2lPu\">TH\u00d4NG TIN CHI TI\u1ebeT<\/p>\n<p class=\"QN2lPu\">&#8211; Kh\u1ed1i l\u01b0\u1ee3ng: 3KG (2,9L)<\/p>\n<p class=\"QN2lPu\">&#8211; Xu\u1ea5t x\u1ee9: S\u1ea3n xu\u1ea5t t\u1ea1i Vi\u1ec7t Nam<\/p>\n<p class=\"QN2lPu\">&#8211; Ng\u00e0y s\u1ea3n xu\u1ea5t: Xem tr\u00ean bao b\u00ec s\u1ea3n ph\u1ea9m <\/p>\n<p class=\"QN2lPu\">&#8211; H\u1ea1n s\u1eed d\u1ee5ng; Xem tr\u00ean bao b\u00ec s\u1ea3n ph\u1ea9m <\/p>\n<p class=\"QN2lPu\">&#8211; Th\u00e0nh ph\u1ea7n: Xem tr\u00ean bao b\u00ec s\u1ea3n ph\u1ea9m <\/p>\n<p class=\"QN2lPu\">&#8211; H\u01b0\u1edbng d\u1eabn b\u1ea3o qu\u1ea3n: N\u01a1i tho\u00e1ng m\u00e1t, tr\u00e1nh \u00e1nh n\u1eafng tr\u1ef1c ti\u1ebfp<\/p>\n<p class=\"QN2lPu\">\n<p class=\"QN2lPu\">#nuocgiatComfort <\/p>\n<p class=\"QN2lPu\">#n\u01b0\u1edbcgi\u1eb7tx\u1ea3<\/p>\n<p class=\"QN2lPu\">#n\u01b0\u1edbcgi\u1eb7tth\u01a1m<\/p>\n<p class=\"QN2lPu\">#n\u01b0\u1edbcgi\u1eb7tc\u1eedatr\u01b0\u1edbc<\/p>\n<p class=\"QN2lPu\">#n\u01b0\u1edbcgi\u1eb7tc\u1eedangang<\/p>\n<p class=\"QN2lPu\">#comfort<\/p>\n<p class=\"QN2lPu\">#nuocgiatdachucnang<\/p>\n<p class=\"QN2lPu\">#nuocgiatxa<\/p>\n<p class=\"QN2lPu\">#nuocgiatnhieucongdung<\/p>\n<p class=\"QN2lPu\">#comforthong<\/p>\n<p class=\"QN2lPu\">#nuocgiatgiumau<\/p>\n<p class=\"QN2lPu\">#nuocgiatchamsocquanao<\/p>\n<p class=\"QN2lPu\">#nuocgiatbendep<\/p>\n<p class=\"QN2lPu\">#nuocgiatdiunhe<\/p>\n<p class=\"QN2lPu\">#baovequanao<\/p>\n<p class=\"QN2lPu\">#n\u01b0\u1edbcgi\u1eb7tcomfort<\/p>\n<p class=\"QN2lPu\">#n\u01b0\u1edbcgi\u1eb7tch\u0103ms\u00f3c\u00e1oqu\u1ea7n<\/p>\n<p class=\"QN2lPu\">#n\u01b0\u1edbcgi\u1eb7tgi\u1eefm\u00e0u<\/p>\n<p class=\"QN2lPu\">#gi\u1eb7tx\u1ea3<\/p>\n<p class=\"QN2lPu\">#n\u01b0\u1edbcgi\u1eb7tb\u1ec1n\u0111\u1eb9p<\/p>\n<p class=\"QN2lPu\">#Nuocgiat2trong1<\/p>\n<p class=\"QN2lPu\">#Nuocgiat5trong1<\/p>\n<p class=\"QN2lPu\">#Nuocgiat2in1<\/p>\n<p class=\"QN2lPu\">#Nuocgiatduongvai<\/p>\n<p class=\"QN2lPu\">#Nuocgiatmemvai<\/p>\n<p class=\"QN2lPu\">#n\u01b0\u1edbc gi\u1eb7t qu\u1ea7n \u00e1o m\u00e0u<\/p>\n<p class=\"QN2lPu\">#nuoc tay quan ao<\/p>\n<p class=\"QN2lPu\">#t\u1ea9y qu\u1ea7n \u00e1o tr\u1eafng<\/p>\n<p class=\"QN2lPu\">#thu\u1ed1c t\u1ea9y qu\u1ea7n \u00e1o tr\u1eafng<\/p>\n<p class=\"QN2lPu\">#vi\u00ean gi\u1eb7t x\u1ea3 qu\u1ea7n \u00e1o<\/p>\n<\/div>\n","protected":false},"excerpt":{"rendered":"<p>N\u01af\u1edaC GI\u1eb6T COMFORT THI\u00caN NHI\u00caN THANH KHI\u1ebeT \u2013 GI\u1eb6T D\u01af\u1ee0NG \u0110A N\u0102NG, L\u01afU H\u01af\u01a0NG THI\u00caN NHI\u00caN SU\u1ed0T 48H N\u01b0\u1edbc gi\u1eb7t Comfort Thi\u00ean Nhi\u00ean Thanh khi\u1ebft ho\u00e0n to\u00e0n m\u1edbi, v\u1edbi c\u1ea3m h\u1ee9ng t\u1eeb hoa v\u00e0 tr\u00e1i c\u00e2y t\u01b0\u01a1i m\u1ecdng c\u00f9ng kh\u1ea3 n\u0103ng l\u01b0u h\u01b0\u01a1ng \u0111\u1ebfn 48 gi\u1edd, gi\u00fap \u00e1o qu\u1ea7n lu\u00f4n ng\u00e1t h\u01b0\u01a1ng thanh khi\u1ebft, d\u1ec5&#8230;<\/p>\n","protected":false},"featured_media":13813,"comment_status":"open","ping_status":"closed","template":"","meta":[],"product_brand":[],"product_cat":[1225],"product_tag":[],"class_list":{"0":"post-13718","1":"product","2":"type-product","3":"status-publish","4":"has-post-thumbnail","6":"product_cat-nuoc-giat","8":"first","9":"instock","10":"sale","11":"shipping-taxable","12":"purchasable","13":"product-type-variable"},"_links":{"self":[{"href":"https:\/\/web-ban-le.mbws.vn\/giat-giu-cham-soc-nha-cua\/wp-json\/wp\/v2\/product\/13718","targetHints":{"allow":["GET"]}}],"collection":[{"href":"https:\/\/web-ban-le.mbws.vn\/giat-giu-cham-soc-nha-cua\/wp-json\/wp\/v2\/product"}],"about":[{"href":"https:\/\/web-ban-le.mbws.vn\/giat-giu-cham-soc-nha-cua\/wp-json\/wp\/v2\/types\/product"}],"replies":[{"embeddable":true,"href":"https:\/\/web-ban-le.mbws.vn\/giat-giu-cham-soc-nha-cua\/wp-json\/wp\/v2\/comments?post=13718"}],"wp:featuredmedia":[{"embeddable":true,"href":"https:\/\/web-ban-le.mbws.vn\/giat-giu-cham-soc-nha-cua\/wp-json\/wp\/v2\/media\/13813"}],"wp:attachment":[{"href":"https:\/\/web-ban-le.mbws.vn\/giat-giu-cham-soc-nha-cua\/wp-json\/wp\/v2\/media?parent=13718"}],"wp:term":[{"taxonomy":"product_brand","embeddable":true,"href":"https:\/\/web-ban-le.mbws.vn\/giat-giu-cham-soc-nha-cua\/wp-json\/wp\/v2\/product_brand?post=13718"},{"taxonomy":"product_cat","embeddable":true,"href":"https:\/\/web-ban-le.mbws.vn\/giat-giu-cham-soc-nha-cua\/wp-json\/wp\/v2\/product_cat?post=13718"},{"taxonomy":"product_tag","embeddable":true,"href":"https:\/\/web-ban-le.mbws.vn\/giat-giu-cham-soc-nha-cua\/wp-json\/wp\/v2\/product_tag?post=13718"}],"curies":[{"name":"wp","href":"https:\/\/api.w.org\/{rel}","templated":true}]}}