{"id":13790,"date":"2025-10-27T09:39:13","date_gmt":"2025-10-27T02:39:13","guid":{"rendered":"https:\/\/web-ban-le.mbws.vn\/giat-giu-cham-soc-nha-cua\/?post_type=product&#038;p=13790"},"modified":"2025-10-27T09:39:58","modified_gmt":"2025-10-27T02:39:58","slug":"ls-combo-2-tui-nuoc-giat-omo-matic-cua-truoc-41kg-tui","status":"publish","type":"product","link":"https:\/\/web-ban-le.mbws.vn\/giat-giu-cham-soc-nha-cua\/san-pham\/ls-combo-2-tui-nuoc-giat-omo-matic-cua-truoc-41kg-tui\/","title":{"rendered":"[LS] Combo 2 T\u00fai N\u01b0\u1edbc gi\u1eb7t OMO Matic C\u1eeda tr\u01b0\u1edbc 4,1kg\/t\u00fai"},"content":{"rendered":"<div class=\"e8lZp3\">\n<p class=\"QN2lPu\">N\u01af\u1edaC GI\u1eb6T OMO MATIC C\u1eecA TR\u01af\u1edaC NG\u0102N NG\u1eeaA M\u00d9I \u1ea8M M\u1ed0C H\u01af\u01a0NG HOA ANH TH\u1ea2O T\u01af\u01a0I M\u00c1T \u2013 L\u1ef0A CH\u1eccN HO\u00c0N H\u1ea2O CH\u0102M S\u00d3C QU\u1ea6N \u00c1O CHO GIA \u0110\u00ccNH<\/p>\n<p class=\"QN2lPu\"> N\u01b0\u1edbc gi\u1eb7t OMO Matic C\u1eeda tr\u01b0\u1edbc Ng\u0103n ng\u1eeba m\u00f9i \u1ea9m m\u1ed1c H\u01b0\u01a1ng hoa anh th\u1ea3o t\u01b0\u01a1i m\u00e1t.<\/p>\n<p class=\"QN2lPu\">\n<p class=\"QN2lPu\"> L\u1ea7n \u0111\u1ea7u ti\u00ean gi\u1edbi thi\u1ec7u H\u01b0\u01a1ng hoa anh th\u1ea3o v\u1edbi t\u00ednh n\u0103ng kh\u00f3a h\u01b0\u01a1ng gi\u00fap ng\u0103n ng\u1eeba m\u00f9i \u1ea9m m\u1ed1c khi ph\u01a1i thi\u1ebfu n\u1eafng, ph\u01a1i trong m\u00f9a m\u01b0a, bao b\u1ecdc qu\u1ea7n \u00e1o trong h\u01b0\u01a1ng hoa t\u01b0\u01a1i m\u00e1t su\u1ed1t 24h.<\/p>\n<p class=\"QN2lPu\"> S\u1ea3n ph\u1ea9m n\u01b0\u1edbc gi\u1eb7t OMO Matic Cho M\u00e1y Gi\u1eb7t C\u1eeda tr\u01b0\u1edbc l\u00e0 s\u1ef1 l\u1ef1a ch\u1ecdn h\u00e0ng \u0111\u1ea7u cho m\u00e1y gi\u1eb7t c\u1eeda tr\u01b0\u1edbc v\u00e0 lu\u00f4n \u0111\u01b0\u1ee3c khuy\u00ean d\u00f9ng b\u1edfi 11 h\u00e3ng m\u00e1y gi\u1eb7t h\u00e0ng \u0111\u1ea7u th\u1ebf gi\u1edbi nh\u01b0 Aqua, Panasonic, LG, Sharp&#8230;<\/p>\n<p class=\"QN2lPu\">\n<p class=\"QN2lPu\"> \u01afU \u0110I\u1ec2M N\u1ed4I B\u1eacT:<\/p>\n<p class=\"QN2lPu\"> &#8211; T\u00fai c\u00f3 v\u00f2i, d\u1ec5 s\u1eed d\u1ee5ng<\/p>\n<p class=\"QN2lPu\"> &#8211; Ph\u00f9 h\u1ee3p v\u1edbi m\u00e1y gi\u1eb7t c\u1eeda tr\u01b0\u1edbc<\/p>\n<p class=\"QN2lPu\"> &#8211; Ho\u1ea1t ch\u1ea5t l\u00e0m s\u1ea1ch ngu\u1ed3n g\u1ed1c thi\u00ean nhi\u00ean, th\u00e2n thi\u1ec7n h\u01a1n v\u1edbi m\u00f4i tr\u01b0\u1eddng<\/p>\n<p class=\"QN2lPu\"> &#8211; C\u00f4ng th\u1ee9c M\u00e0n ch\u1eafn Kh\u00e1ng b\u1ea9n Xanh Polyshield \u01b0u vi\u1ec7t<\/p>\n<p class=\"QN2lPu\">\n<p class=\"QN2lPu\"> HI\u1ec6U QU\u1ea2 S\u1eec D\u1ee4NG:<\/p>\n<p class=\"QN2lPu\"> &#8211; Xo\u00e1y bay v\u1ebft b\u1ea9n v\u01b0\u1ee3t tr\u1ed9i<\/p>\n<p class=\"QN2lPu\"> &#8211; Nhi\u1ec1u l\u1ef1a ch\u1ecdn h\u01b0\u01a1ng th\u01a1m, kh\u00f3a h\u01b0\u01a1ng b\u1ec1n l\u00e2u<\/p>\n<p class=\"QN2lPu\">\n<p class=\"QN2lPu\"> H\u01af\u1edaNG D\u1eaaN S\u1eec D\u1ee4NG:<\/p>\n<p class=\"QN2lPu\"> &#8211; \u0110\u1ed5 n\u01b0\u1edbc gi\u1eb7t OMO Matic v\u00e0o n\u1eafp v\u1edbi li\u1ec1u l\u01b0\u1ee3ng theo h\u01b0\u1edbng d\u1eabn.<\/p>\n<p class=\"QN2lPu\"> &#8211; Thoa m\u1ed9t l\u01b0\u1ee3ng nh\u1ecf n\u01b0\u1edbc gi\u1eb7t tr\u1ef1c ti\u1ebfp l\u00ean v\u1ebft b\u1ea9n.<\/p>\n<p class=\"QN2lPu\"> &#8211; \u0110\u1ed5 ph\u1ea7n n\u01b0\u1edbc gi\u1eb7t c\u00f2n l\u1ea1i trong n\u1eafp v\u00e0o m\u00e1y gi\u1eb7t c\u00f9ng v\u1edbi qu\u1ea7n \u00e1o.<\/p>\n<p class=\"QN2lPu\">\n<p class=\"QN2lPu\"> L\u01afU \u00dd:<\/p>\n<p class=\"QN2lPu\"> &#8211; Ki\u1ec3m tra \u0111\u1ed9 b\u1ec1n m\u00e0u tr\u01b0\u1edbc khi s\u1eed d\u1ee5ng.<\/p>\n<p class=\"QN2lPu\"> &#8211; Khuy\u1ebfn ngh\u1ecb gi\u1eb7t v\u1edbi nhi\u1ec7t \u0111\u1ed9 th\u01b0\u1eddng.<\/p>\n<p class=\"QN2lPu\"> &#8211; \u0110\u1ec3 xa t\u1ea7m tay tr\u1ebb em. Kh\u00f4ng \u0111\u01b0\u1ee3c u\u1ed1ng.<\/p>\n<p class=\"QN2lPu\"> &#8211; Tr\u00e1nh \u0111\u1ec3 ti\u1ebfp x\u00fac v\u1edbi m\u1eaft. N\u1ebfu s\u1ea3n ph\u1ea9m d\u00ednh v\u00e0o m\u1eaft h\u00e3y r\u1eeda k\u1ef9 v\u1edbi n\u01b0\u1edbc.<\/p>\n<p class=\"QN2lPu\"> &#8211; R\u1eeda s\u1ea1ch v\u00e0 lau kh\u00f4 tay sau khi s\u1eed d\u1ee5ng.<\/p>\n<p class=\"QN2lPu\">\n<p class=\"QN2lPu\"> Xu\u1ea5t x\u1ee9 th\u01b0\u01a1ng hi\u1ec7u: Vi\u1ec7t Nam<\/p>\n<p class=\"QN2lPu\"> N\u01a1i s\u1ea3n xu\u1ea5t: Vi\u1ec7t Nam<\/p>\n<p class=\"QN2lPu\"> Ng\u00e0y s\u1ea3n xu\u1ea5t: Xem tr\u00ean bao b\u00ec s\u1ea3n ph\u1ea9m<\/p>\n<p class=\"QN2lPu\"> H\u1ea1n s\u1eed d\u1ee5ng: Xem tr\u00ean bao b\u00ec s\u1ea3n ph\u1ea9m<\/p>\n<p class=\"QN2lPu\"> Th\u00e0nh ph\u1ea7n: Xem tr\u00ean bao b\u00ec s\u1ea3n ph\u1ea9m<\/p>\n<p class=\"QN2lPu\"> H\u01b0\u1edbng d\u1eabn b\u1ea3o qu\u1ea3n: N\u01a1i tho\u00e1ng m\u00e1t, tr\u00e1nh \u00e1nh n\u1eafng tr\u1ef1c ti\u1ebfp<\/p>\n<p class=\"QN2lPu\"> Tag: n\u01b0\u1edbc gi\u1eb7t nuoc giat n\u01b0\u1edbc gi\u1eb7t c\u1eeda tr\u01b0\u1edbc nuoc giat cua truoc n\u01b0\u1edbc gi\u1eb7t th\u01a1m nuoc giat thom n\u01b0\u1edbc gi\u1eb7t m\u00e1y nuoc giat may n\u01b0\u1edbc gi\u1eb7t m\u00e1y c\u1eeda tr\u01b0\u1edbc nuoc giat may cua truoc n\u01b0\u1edbc gi\u1eb7t c\u1eeda ngang nuoc giat cu ngang n\u01b0\u1edbc gi\u1eb7t m\u00e1y c\u1eeda ngang nuoc giat may cua ngang n\u01b0\u1edbc gi\u1eb7t qu\u1ea7n \u00e1o nuoc giat quan ao n\u01b0\u1edbc gi\u1eb7t \u0111\u1ed3 nuoc giat do n\u01b0\u1edbc gi\u1eb7t m\u00e1y c\u1eeda tr\u00ean nuoc giat may cua tren; n\u01b0\u1edbc gi\u1eb7t em b\u00e9; nuoc giat em be; n\u01b0\u1edbc gi\u1eb7t cho qu\u1ea7n \u00e1o tr\u1ebb em<\/p>\n<\/div>\n","protected":false},"excerpt":{"rendered":"<p>N\u01af\u1edaC GI\u1eb6T OMO MATIC C\u1eecA TR\u01af\u1edaC NG\u0102N NG\u1eeaA M\u00d9I \u1ea8M M\u1ed0C H\u01af\u01a0NG HOA ANH TH\u1ea2O T\u01af\u01a0I M\u00c1T \u2013 L\u1ef0A CH\u1eccN HO\u00c0N H\u1ea2O CH\u0102M S\u00d3C QU\u1ea6N \u00c1O CHO GIA \u0110\u00ccNH N\u01b0\u1edbc gi\u1eb7t OMO Matic C\u1eeda tr\u01b0\u1edbc Ng\u0103n ng\u1eeba m\u00f9i \u1ea9m m\u1ed1c H\u01b0\u01a1ng hoa anh th\u1ea3o t\u01b0\u01a1i m\u00e1t. L\u1ea7n \u0111\u1ea7u ti\u00ean gi\u1edbi thi\u1ec7u H\u01b0\u01a1ng hoa anh th\u1ea3o&#8230;<\/p>\n","protected":false},"featured_media":13855,"comment_status":"open","ping_status":"closed","template":"","meta":[],"product_brand":[],"product_cat":[1225],"product_tag":[],"class_list":{"0":"post-13790","1":"product","2":"type-product","3":"status-publish","4":"has-post-thumbnail","6":"product_cat-nuoc-giat","8":"first","9":"instock","10":"sale","11":"shipping-taxable","12":"purchasable","13":"product-type-variable"},"_links":{"self":[{"href":"https:\/\/web-ban-le.mbws.vn\/giat-giu-cham-soc-nha-cua\/wp-json\/wp\/v2\/product\/13790","targetHints":{"allow":["GET"]}}],"collection":[{"href":"https:\/\/web-ban-le.mbws.vn\/giat-giu-cham-soc-nha-cua\/wp-json\/wp\/v2\/product"}],"about":[{"href":"https:\/\/web-ban-le.mbws.vn\/giat-giu-cham-soc-nha-cua\/wp-json\/wp\/v2\/types\/product"}],"replies":[{"embeddable":true,"href":"https:\/\/web-ban-le.mbws.vn\/giat-giu-cham-soc-nha-cua\/wp-json\/wp\/v2\/comments?post=13790"}],"wp:featuredmedia":[{"embeddable":true,"href":"https:\/\/web-ban-le.mbws.vn\/giat-giu-cham-soc-nha-cua\/wp-json\/wp\/v2\/media\/13855"}],"wp:attachment":[{"href":"https:\/\/web-ban-le.mbws.vn\/giat-giu-cham-soc-nha-cua\/wp-json\/wp\/v2\/media?parent=13790"}],"wp:term":[{"taxonomy":"product_brand","embeddable":true,"href":"https:\/\/web-ban-le.mbws.vn\/giat-giu-cham-soc-nha-cua\/wp-json\/wp\/v2\/product_brand?post=13790"},{"taxonomy":"product_cat","embeddable":true,"href":"https:\/\/web-ban-le.mbws.vn\/giat-giu-cham-soc-nha-cua\/wp-json\/wp\/v2\/product_cat?post=13790"},{"taxonomy":"product_tag","embeddable":true,"href":"https:\/\/web-ban-le.mbws.vn\/giat-giu-cham-soc-nha-cua\/wp-json\/wp\/v2\/product_tag?post=13790"}],"curies":[{"name":"wp","href":"https:\/\/api.w.org\/{rel}","templated":true}]}}