{"id":13878,"date":"2025-10-27T09:39:59","date_gmt":"2025-10-27T02:39:59","guid":{"rendered":"https:\/\/web-ban-le.mbws.vn\/giat-giu-cham-soc-nha-cua\/?post_type=product&#038;p=13878"},"modified":"2025-10-27T09:40:26","modified_gmt":"2025-10-27T02:40:26","slug":"live-combo-2-tui-nuoc-giat-omo-matic-cua-tren-41kg-tui","status":"publish","type":"product","link":"https:\/\/web-ban-le.mbws.vn\/giat-giu-cham-soc-nha-cua\/san-pham\/live-combo-2-tui-nuoc-giat-omo-matic-cua-tren-41kg-tui\/","title":{"rendered":"[Live] Combo 2 T\u00fai N\u01b0\u1edbc gi\u1eb7t OMO Matic C\u1eeda tr\u00ean 4,1kg\/t\u00fai"},"content":{"rendered":"<div class=\"e8lZp3\">\n<p class=\"QN2lPu\">N\u01af\u1edaC GI\u1eb6T OMO MATIC C\u1eecA TR\u00caN \u2013 L\u1ef0A CH\u1eccN HO\u00c0N H\u1ea2O CH\u0102M S\u00d3C QU\u1ea6N \u00c1O CHO GIA \u0110\u00ccNH<\/p>\n<p class=\"QN2lPu\"> N\u01b0\u1edbc gi\u1eb7t OMO Matic C\u1eeda tr\u00ean c\u00f3 r\u1ea5t nhi\u1ec1u s\u1ef1 l\u1ef1a ch\u1ecdn: H\u01b0\u01a1ng Cam H\u1ed5 Ph\u00e1ch (Chuy\u00ean Gia Gi\u1eef M\u00e0u); H\u01b0\u01a1ng Tinh D\u1ea7u Th\u01a1m; H\u01b0\u01a1ng Hoa H\u1ed3ng Ecuador; Kh\u1eed M\u00f9i<\/p>\n<p class=\"QN2lPu\">\n<p class=\"QN2lPu\"> Tr\u1eddi n\u1eafng n\u00f3ng \u0111\u1ed5 l\u1eeda, \u00e1o qu\u1ea7n c\u0169ng c\u00f3 n\u1ed7i kh\u1ed5 ri\u00eang! Nhi\u1ec1u m\u1ed3 h\u00f4i c\u01a1 th\u1ec3, qu\u1ea7n \u00e1o d\u1ec5 b\u00e1m b\u1ea9n ph\u1ea3i gi\u1eb7t th\u01b0\u1eddng xuy\u00ean h\u01a1n. Th\u00eam vi\u1ec7c ph\u01a1i d\u01b0\u1edbi tr\u1eddi n\u1eafng khi\u1ebfn trang ph\u1ee5c y\u00eau th\u00edch c\u1ee7a b\u1ea1n nhanh ch\u00f3ng b\u1ea1c m\u00e0u. \u0110\u1eebng lo \u0111\u00e3 c\u00f3 OMO Matic C\u1eeda tr\u00ean &#8211; Chuy\u00ean gia gi\u1eef m\u00e0u M\u1edaI: C\u00f4ng th\u1ee9c gi\u1eef m\u00e0u Colorshield v\u1edbi chi\u1ebft xu\u1ea5t l\u1ef1u \u0111\u1ecf ch\u1ed1ng oxy h\u00f3a k\u1ebft h\u1ee3p s\u1ee3i tre ng\u0103n tia UV, gi\u00fap gi\u1eef m\u00e0u qu\u1ea7n \u00e1o b\u1ec1n \u0111\u1eb9p sau 100 l\u1ea7n gi\u1eb7t.<\/p>\n<p class=\"QN2lPu\">\n<p class=\"QN2lPu\"> S\u1ea3n ph\u1ea9m n\u01b0\u1edbc gi\u1eb7t OMO Matic Cho M\u00e1y Gi\u1eb7t C\u1eeda Tr\u00ean l\u00e0 s\u1ef1 l\u1ef1a ch\u1ecdn h\u00e0ng \u0111\u1ea7u cho m\u00e1y gi\u1eb7t c\u1eeda tr\u01b0\u1edbc v\u00e0 lu\u00f4n \u0111\u01b0\u1ee3c khuy\u00ean d\u00f9ng b\u1edfi 11 h\u00e3ng m\u00e1y gi\u1eb7t h\u00e0ng \u0111\u1ea7u th\u1ebf gi\u1edbi nh\u01b0 Aqua, Panasonic, LG, Sharp&#8230;<\/p>\n<p class=\"QN2lPu\">\n<p class=\"QN2lPu\"> \u01afU \u0110I\u1ec2M N\u1ed4I B\u1eacT:<\/p>\n<p class=\"QN2lPu\"> &#8211; T\u00fai c\u00f3 v\u00f2i, d\u1ec5 s\u1eed d\u1ee5ng<\/p>\n<p class=\"QN2lPu\"> &#8211; Ph\u00f9 h\u1ee3p v\u1edbi m\u00e1y gi\u1eb7t c\u1eeda tr\u01b0\u1edbc<\/p>\n<p class=\"QN2lPu\"> &#8211; Ho\u1ea1t ch\u1ea5t l\u00e0m s\u1ea1ch ngu\u1ed3n g\u1ed1c thi\u00ean nhi\u00ean, th\u00e2n thi\u1ec7n h\u01a1n v\u1edbi m\u00f4i tr\u01b0\u1eddng<\/p>\n<p class=\"QN2lPu\"> &#8211; C\u00f4ng th\u1ee9c M\u00e0n ch\u1eafn Kh\u00e1ng b\u1ea9n Xanh Polyshield \u01b0u vi\u1ec7t<\/p>\n<p class=\"QN2lPu\">\n<p class=\"QN2lPu\"> HI\u1ec6U QU\u1ea2 S\u1eec D\u1ee4NG:<\/p>\n<p class=\"QN2lPu\"> &#8211; Xo\u00e1y bay v\u1ebft b\u1ea9n v\u01b0\u1ee3t tr\u1ed9i<\/p>\n<p class=\"QN2lPu\"> &#8211; Nhi\u1ec1u l\u1ef1a ch\u1ecdn h\u01b0\u01a1ng th\u01a1m, kh\u00f3a h\u01b0\u01a1ng b\u1ec1n l\u00e2u<\/p>\n<p class=\"QN2lPu\">\n<p class=\"QN2lPu\"> H\u01af\u1edaNG D\u1eaaN S\u1eec D\u1ee4NG:<\/p>\n<p class=\"QN2lPu\"> &#8211; \u0110\u1ed5 n\u01b0\u1edbc gi\u1eb7t OMO Matic v\u00e0o n\u1eafp v\u1edbi li\u1ec1u l\u01b0\u1ee3ng theo h\u01b0\u1edbng d\u1eabn.<\/p>\n<p class=\"QN2lPu\"> &#8211; Thoa m\u1ed9t l\u01b0\u1ee3ng nh\u1ecf n\u01b0\u1edbc gi\u1eb7t tr\u1ef1c ti\u1ebfp l\u00ean v\u1ebft b\u1ea9n.<\/p>\n<p class=\"QN2lPu\"> &#8211; \u0110\u1ed5 ph\u1ea7n n\u01b0\u1edbc gi\u1eb7t c\u00f2n l\u1ea1i trong n\u1eafp v\u00e0o m\u00e1y gi\u1eb7t c\u00f9ng v\u1edbi qu\u1ea7n \u00e1o.<\/p>\n<p class=\"QN2lPu\">\n<p class=\"QN2lPu\"> L\u01afU \u00dd:<\/p>\n<p class=\"QN2lPu\"> &#8211; Ki\u1ec3m tra \u0111\u1ed9 b\u1ec1n m\u00e0u tr\u01b0\u1edbc khi s\u1eed d\u1ee5ng.<\/p>\n<p class=\"QN2lPu\"> &#8211; Khuy\u1ebfn ngh\u1ecb gi\u1eb7t v\u1edbi nhi\u1ec7t \u0111\u1ed9 th\u01b0\u1eddng.<\/p>\n<p class=\"QN2lPu\"> &#8211; \u0110\u1ec3 xa t\u1ea7m tay tr\u1ebb em. Kh\u00f4ng \u0111\u01b0\u1ee3c u\u1ed1ng.<\/p>\n<p class=\"QN2lPu\"> &#8211; Tr\u00e1nh \u0111\u1ec3 ti\u1ebfp x\u00fac v\u1edbi m\u1eaft. N\u1ebfu s\u1ea3n ph\u1ea9m d\u00ednh v\u00e0o m\u1eaft h\u00e3y r\u1eeda k\u1ef9 v\u1edbi n\u01b0\u1edbc.<\/p>\n<p class=\"QN2lPu\"> &#8211; R\u1eeda s\u1ea1ch v\u00e0 lau kh\u00f4 tay sau khi s\u1eed d\u1ee5ng.<\/p>\n<p class=\"QN2lPu\">\n<p class=\"QN2lPu\"> Xu\u1ea5t x\u1ee9 th\u01b0\u01a1ng hi\u1ec7u: Vi\u1ec7t Nam<\/p>\n<p class=\"QN2lPu\"> N\u01a1i s\u1ea3n xu\u1ea5t: Vi\u1ec7t Nam<\/p>\n<p class=\"QN2lPu\"> Ng\u00e0y s\u1ea3n xu\u1ea5t: Xem tr\u00ean bao b\u00ec s\u1ea3n ph\u1ea9m<\/p>\n<p class=\"QN2lPu\"> H\u1ea1n s\u1eed d\u1ee5ng: Xem tr\u00ean bao b\u00ec s\u1ea3n ph\u1ea9m<\/p>\n<p class=\"QN2lPu\"> Th\u00e0nh ph\u1ea7n: Xem tr\u00ean bao b\u00ec s\u1ea3n ph\u1ea9m<\/p>\n<p class=\"QN2lPu\"> H\u01b0\u1edbng d\u1eabn b\u1ea3o qu\u1ea3n: N\u01a1i tho\u00e1ng m\u00e1t, tr\u00e1nh \u00e1nh n\u1eafng tr\u1ef1c ti\u1ebfp<\/p>\n<p class=\"QN2lPu\"> Tag: n\u01b0\u1edbc gi\u1eb7t, nuoc giat, n\u01b0\u1edbc gi\u1eb7t c\u1eeda tr\u00ean, nuoc giat cua tren, m\u00e1y gi\u1eb7t c\u1eeda tr\u00ean, may giat cua tren, n\u01b0\u1edbc gi\u1eb7c, n\u01b0\u1edbc gi\u1eb7t qu\u1ea7n \u00e1o, n\u01b0\u1edbc gi\u1eb7t \u0111\u1ed3, b\u1ed9t gi\u1eb7t, bot giat, bot giac<\/p>\n<\/div>\n","protected":false},"excerpt":{"rendered":"<p>N\u01af\u1edaC GI\u1eb6T OMO MATIC C\u1eecA TR\u00caN \u2013 L\u1ef0A CH\u1eccN HO\u00c0N H\u1ea2O CH\u0102M S\u00d3C QU\u1ea6N \u00c1O CHO GIA \u0110\u00ccNH N\u01b0\u1edbc gi\u1eb7t OMO Matic C\u1eeda tr\u00ean c\u00f3 r\u1ea5t nhi\u1ec1u s\u1ef1 l\u1ef1a ch\u1ecdn: H\u01b0\u01a1ng Cam H\u1ed5 Ph\u00e1ch (Chuy\u00ean Gia Gi\u1eef M\u00e0u); H\u01b0\u01a1ng Tinh D\u1ea7u Th\u01a1m; H\u01b0\u01a1ng Hoa H\u1ed3ng Ecuador; Kh\u1eed M\u00f9i Tr\u1eddi n\u1eafng n\u00f3ng \u0111\u1ed5 l\u1eeda, \u00e1o qu\u1ea7n&#8230;<\/p>\n","protected":false},"featured_media":13903,"comment_status":"open","ping_status":"closed","template":"","meta":[],"product_brand":[],"product_cat":[1225],"product_tag":[],"class_list":{"0":"post-13878","1":"product","2":"type-product","3":"status-publish","4":"has-post-thumbnail","6":"product_cat-nuoc-giat","8":"first","9":"instock","10":"sale","11":"shipping-taxable","12":"purchasable","13":"product-type-variable"},"_links":{"self":[{"href":"https:\/\/web-ban-le.mbws.vn\/giat-giu-cham-soc-nha-cua\/wp-json\/wp\/v2\/product\/13878","targetHints":{"allow":["GET"]}}],"collection":[{"href":"https:\/\/web-ban-le.mbws.vn\/giat-giu-cham-soc-nha-cua\/wp-json\/wp\/v2\/product"}],"about":[{"href":"https:\/\/web-ban-le.mbws.vn\/giat-giu-cham-soc-nha-cua\/wp-json\/wp\/v2\/types\/product"}],"replies":[{"embeddable":true,"href":"https:\/\/web-ban-le.mbws.vn\/giat-giu-cham-soc-nha-cua\/wp-json\/wp\/v2\/comments?post=13878"}],"wp:featuredmedia":[{"embeddable":true,"href":"https:\/\/web-ban-le.mbws.vn\/giat-giu-cham-soc-nha-cua\/wp-json\/wp\/v2\/media\/13903"}],"wp:attachment":[{"href":"https:\/\/web-ban-le.mbws.vn\/giat-giu-cham-soc-nha-cua\/wp-json\/wp\/v2\/media?parent=13878"}],"wp:term":[{"taxonomy":"product_brand","embeddable":true,"href":"https:\/\/web-ban-le.mbws.vn\/giat-giu-cham-soc-nha-cua\/wp-json\/wp\/v2\/product_brand?post=13878"},{"taxonomy":"product_cat","embeddable":true,"href":"https:\/\/web-ban-le.mbws.vn\/giat-giu-cham-soc-nha-cua\/wp-json\/wp\/v2\/product_cat?post=13878"},{"taxonomy":"product_tag","embeddable":true,"href":"https:\/\/web-ban-le.mbws.vn\/giat-giu-cham-soc-nha-cua\/wp-json\/wp\/v2\/product_tag?post=13878"}],"curies":[{"name":"wp","href":"https:\/\/api.w.org\/{rel}","templated":true}]}}