{"id":13880,"date":"2025-10-27T09:39:59","date_gmt":"2025-10-27T02:39:59","guid":{"rendered":"https:\/\/web-ban-le.mbws.vn\/giat-giu-cham-soc-nha-cua\/?post_type=product&#038;p=13880"},"modified":"2025-10-27T09:40:26","modified_gmt":"2025-10-27T02:40:26","slug":"hc-gift-blind-box-comfort-be-diu-cosplay-dang-yeu-mau-ngau-nhien","status":"publish","type":"product","link":"https:\/\/web-ban-le.mbws.vn\/giat-giu-cham-soc-nha-cua\/san-pham\/hc-gift-blind-box-comfort-be-diu-cosplay-dang-yeu-mau-ngau-nhien\/","title":{"rendered":"[HC Gift] Blind box Comfort B\u00e9 d\u1ecbu cosplay \u0111\u00e1ng y\u00eau (m\u1eabu ng\u1eabu nhi\u00ean)"},"content":{"rendered":"<div class=\"e8lZp3\">\n<p class=\"QN2lPu\">[HC Gift] Blind box Comfort B\u00e9 d\u1ecbu cosplay \u0111\u00e1ng y\u00eau (m\u1eabu ng\u1eabu nhi\u00ean)<\/p>\n<p class=\"QN2lPu\">\n<p class=\"QN2lPu\">Blind Box Comfort B\u00e9 d\u1ecbu cosplay g\u1ed3m 8 nh\u00e2n v\u1eadt m\u00f3c kh\u00f3a b\u00f4ng.<\/p>\n<p class=\"QN2lPu\">&#8211; Xu\u1ea5t x\u1ee9: Vi\u1ec7t Nam<\/p>\n<p class=\"QN2lPu\">&#8211; K\u00edch th\u01b0\u1edbc:20x10x10cm<\/p>\n<p class=\"QN2lPu\">&#8211; Ch\u1ea5t li\u1ec7u: V\u1ea3i nhung m\u1ec1m m\u1ecbn, b\u00f4ng g\u00f2n nh\u00e2n t\u1ea1o (polyester) b\u00ean trong<\/p>\n<p class=\"QN2lPu\">\n<p class=\"QN2lPu\">\u0110\u1eb6C \u0110I\u1ec2M N\u1ed4I B\u1eacT<\/p>\n<p class=\"QN2lPu\">&#8211; C\u1ea3m gi\u00e1c m\u1ec1m m\u1ea1i, d\u1ec5 ch\u1ecbu khi ch\u1ea1m v\u00e0o, \u0111\u00fang tinh th\u1ea7n &#8220;D\u1ecbu nh\u1eb9&#8221; c\u1ee7a Comfort.<\/p>\n<p class=\"QN2lPu\">&#8211; Thi\u1ebft k\u1ebf \u0111\u00e1ng y\u00eau, d\u1ec5 d\u00e0ng tr\u1edf th\u00e0nh m\u00f3n \u0111\u1ed3 ch\u01a1i ho\u1eb7c v\u1eadt trang tr\u00ed tr\u00ean b\u00e0n h\u1ecdc, gi\u01b0\u1eddng ng\u1ee7.<\/p>\n<p class=\"QN2lPu\">&#8211; Kh\u00f4ng c\u00f3 chi ti\u1ebft s\u1eafc nh\u1ecdn, ph\u00f9 h\u1ee3p cho tr\u1ebb em.<\/p>\n<p class=\"QN2lPu\">\n<p class=\"QN2lPu\">#Blindbox#Comfort#quatang#quatangcomfort#bediu#ngaunhien#gift#<\/p>\n<\/div>\n","protected":false},"excerpt":{"rendered":"[HC Gift] Blind box Comfort B\u00e9 d\u1ecbu cosplay \u0111\u00e1ng y\u00eau (m\u1eabu ng\u1eabu nhi\u00ean) Blind Box Comfort B\u00e9 d\u1ecbu cosplay g\u1ed3m 8 nh\u00e2n v\u1eadt m\u00f3c kh\u00f3a b\u00f4ng. &#8211; Xu\u1ea5t x\u1ee9: Vi\u1ec7t Nam &#8211; K\u00edch th\u01b0\u1edbc:20x10x10cm &#8211; Ch\u1ea5t li\u1ec7u: V\u1ea3i nhung m\u1ec1m m\u1ecbn, b\u00f4ng g\u00f2n nh\u00e2n t\u1ea1o (polyester) b\u00ean trong \u0110\u1eb6C \u0110I\u1ec2M N\u1ed4I B\u1eacT &#8211; C\u1ea3m gi\u00e1c&#8230;<\/p>\n","protected":false},"featured_media":13925,"comment_status":"open","ping_status":"closed","template":"","meta":[],"product_brand":[],"product_cat":[1269],"product_tag":[],"class_list":{"0":"post-13880","1":"product","2":"type-product","3":"status-publish","4":"has-post-thumbnail","6":"product_cat-khac-nha-cua-doi-song","8":"first","9":"instock","10":"shipping-taxable","11":"purchasable","12":"product-type-simple"},"_links":{"self":[{"href":"https:\/\/web-ban-le.mbws.vn\/giat-giu-cham-soc-nha-cua\/wp-json\/wp\/v2\/product\/13880","targetHints":{"allow":["GET"]}}],"collection":[{"href":"https:\/\/web-ban-le.mbws.vn\/giat-giu-cham-soc-nha-cua\/wp-json\/wp\/v2\/product"}],"about":[{"href":"https:\/\/web-ban-le.mbws.vn\/giat-giu-cham-soc-nha-cua\/wp-json\/wp\/v2\/types\/product"}],"replies":[{"embeddable":true,"href":"https:\/\/web-ban-le.mbws.vn\/giat-giu-cham-soc-nha-cua\/wp-json\/wp\/v2\/comments?post=13880"}],"wp:featuredmedia":[{"embeddable":true,"href":"https:\/\/web-ban-le.mbws.vn\/giat-giu-cham-soc-nha-cua\/wp-json\/wp\/v2\/media\/13925"}],"wp:attachment":[{"href":"https:\/\/web-ban-le.mbws.vn\/giat-giu-cham-soc-nha-cua\/wp-json\/wp\/v2\/media?parent=13880"}],"wp:term":[{"taxonomy":"product_brand","embeddable":true,"href":"https:\/\/web-ban-le.mbws.vn\/giat-giu-cham-soc-nha-cua\/wp-json\/wp\/v2\/product_brand?post=13880"},{"taxonomy":"product_cat","embeddable":true,"href":"https:\/\/web-ban-le.mbws.vn\/giat-giu-cham-soc-nha-cua\/wp-json\/wp\/v2\/product_cat?post=13880"},{"taxonomy":"product_tag","embeddable":true,"href":"https:\/\/web-ban-le.mbws.vn\/giat-giu-cham-soc-nha-cua\/wp-json\/wp\/v2\/product_tag?post=13880"}],"curies":[{"name":"wp","href":"https:\/\/api.w.org\/{rel}","templated":true}]}}