{"id":13882,"date":"2025-10-27T09:39:59","date_gmt":"2025-10-27T02:39:59","guid":{"rendered":"https:\/\/web-ban-le.mbws.vn\/giat-giu-cham-soc-nha-cua\/?post_type=product&#038;p=13882"},"modified":"2025-10-27T09:40:41","modified_gmt":"2025-10-27T02:40:41","slug":"combo-2-chai-nuoc-giat-do-lot-omo-huong-hoa-anh-dao-thanh-lich-300g","status":"publish","type":"product","link":"https:\/\/web-ban-le.mbws.vn\/giat-giu-cham-soc-nha-cua\/san-pham\/combo-2-chai-nuoc-giat-do-lot-omo-huong-hoa-anh-dao-thanh-lich-300g\/","title":{"rendered":"Combo 2 Chai N\u01b0\u1edbc Gi\u1eb7t \u0110\u1ed3 L\u00f3t OMO H\u01b0\u01a1ng Hoa Anh \u0110\u00e0o Thanh L\u1ecbch 300G"},"content":{"rendered":"<div class=\"e8lZp3\">\n<p class=\"QN2lPu\">&#8220;S\u1ea1ch 99,9%* vi khu\u1ea9n v\u00e0 n\u1ea5m g\u00e2y b\u1ec7nh tr\u00ean \u0111\u1ed3 l\u00f3t.<\/p>\n<p class=\"QN2lPu\"> Th\u00e0nh ph\u1ea7n ti\u00ean ti\u1ebfn gi\u00fap l\u00e0m s\u1ea1ch ho\u00e0n to\u00e0n c\u00e1c v\u1ebft b\u1ea9n c\u1ee9ng \u0111\u1ea7u nh\u01b0 v\u1ebft m\u00e1u, v\u1ebft \u1ed1 v\u00e0ng. <\/p>\n<p class=\"QN2lPu\"> L\u00e0m s\u1ea1ch c\u00e1c v\u1ebft b\u1ea9n c\u1ee9ng \u0111\u1ea7u, vi khu\u1ea9n v\u00e0 n\u1ea5m g\u00e2y b\u1ec7nh.<\/p>\n<p class=\"QN2lPu\"> H\u01b0\u01a1ng hoa anh \u0111\u00e0o thanh l\u1ecbch.<\/p>\n<p class=\"QN2lPu\"> C\u00f4ng th\u1ee9c an to\u00e0n v\u1edbi \u0111\u1ed9 pH trung t\u00ednh d\u1ecbu nh\u1eb9. <\/p>\n<p class=\"QN2lPu\"> \u00cdt b\u1ecdt v\u00e0 d\u1ec5 r\u1eeda s\u1ea1ch.<\/p>\n<p class=\"QN2lPu\">\n<p class=\"QN2lPu\">M\u1edaI &#8211; OMO RA M\u1eaeT N\u01af\u1edaC GI\u1eb6T CHUY\u00caN D\u1ee4NG CHO \u0110\u1ed2 L\u00d3T <\/p>\n<p class=\"QN2lPu\">Gi\u1eefa mu\u00f4n v\u00e0n c\u00f4ng vi\u1ec7c nh\u00e0, gi\u1eb7t gi\u0169 lu\u00f4n l\u00e0 m\u1ed9t ph\u1ea7n quan tr\u1ecdng gi\u00fap cu\u1ed9c s\u1ed1ng th\u00eam g\u1ecdn g\u00e0ng v\u00e0 s\u1ea1ch s\u1ebd. Tuy nhi\u00ean, nhi\u1ec1u ng\u01b0\u1eddi th\u01b0\u1eddng ch\u1ec9 ch\u00fa tr\u1ecdng gi\u1eb7t qu\u1ea7n \u00e1o th\u00f4ng th\u01b0\u1eddng m\u00e0 qu\u00ean r\u1eb1ng, \u0111\u1ed3 l\u00f3t m\u1edbi l\u00e0 v\u1eadt d\u1ee5ng c\u1ea7n \u0111\u01b0\u1ee3c ch\u0103m s\u00f3c \u0111\u1eb7c bi\u1ec7t. Vi\u1ec7c n\u00e0y v\u00f4 c\u00f9ng quan tr\u1ecdng, b\u1edfi \u0111\u00e2y l\u00e0 b\u1ec1 m\u1eb7t ti\u1ebfp x\u00fac tr\u1ef1c ti\u1ebfp v\u1edbi da, c\u00f3 th\u1ec3 \u1ea3nh h\u01b0\u1edfng \u0111\u1ebfn s\u1ee9c kho\u1ebb\/<\/p>\n<p class=\"QN2lPu\">Nay OMO mang \u0111\u1ebfn m\u1ed9t gi\u1ea3i ph\u00e1p gi\u1eb7t gi\u0169 \u0111\u1ed3 l\u00f3t m\u1edbi &#8211; ti\u1ec7n l\u1ee3i- an to\u00e0n. <\/p>\n<p class=\"QN2lPu\">Gi\u1edbi thi\u1ec7u N\u01af\u1edaC GI\u1eb6T \u0110\u1ed2 L\u00d3T CHUY\u00caN D\u1ee4NG OMO! V\u1edbi th\u00e0nh ph\u1ea7n ti\u00ean ti\u1ebfn gi\u00fap gi\u1eb7t s\u1ea1ch c\u00e1c v\u1ebft b\u1ea9n c\u1ee9ng \u0111\u1ea7u, lo\u1ea1i b\u1ecf 99,9% vi khu\u1ea9n v\u00e0 n\u1ea5m g\u00e2y b\u1ec7nh \u1edf \u0111\u1ed3  l\u00f3t c\u00f9ng c\u00f4ng th\u1ee9c d\u1ecbu nh\u1eb9 cho v\u00f9ng da nh\u1ea1y c\u1ea3m. <\/p>\n<p class=\"QN2lPu\">1. \u01afU \u0110I\u1ec2M N\u1ed4I B\u1eacT:<\/p>\n<p class=\"QN2lPu\">L\u00e0m s\u1ea1ch c\u00e1c v\u1ebft b\u1ea9n c\u1ee9ng \u0111\u1ea7u, vi khu\u1ea9n v\u00e0 n\u1ea5m g\u00e2y b\u1ec7nh.<\/p>\n<p class=\"QN2lPu\">H\u01b0\u01a1ng hoa anh \u0111\u00e0o thanh l\u1ecbch.<\/p>\n<p class=\"QN2lPu\">C\u00f4ng th\u1ee9c an to\u00e0n v\u1edbi \u0111\u1ed9 pH trung t\u00ednh d\u1ecbu nh\u1eb9. <\/p>\n<p class=\"QN2lPu\">\u00cdt b\u1ecdt v\u00e0 d\u1ec5 r\u1eeda s\u1ea1ch.<\/p>\n<p class=\"QN2lPu\">2. HI\u1ec6U QU\u1ea2 S\u1eec D\u1ee4NG<\/p>\n<p class=\"QN2lPu\">S\u1ea1ch 99,9%* vi khu\u1ea9n v\u00e0 n\u1ea5m g\u00e2y b\u1ec7nh tr\u00ean \u0111\u1ed3 l\u00f3t.<\/p>\n<p class=\"QN2lPu\">Th\u00e0nh ph\u1ea7n ti\u00ean ti\u1ebfn gi\u00fap l\u00e0m s\u1ea1ch ho\u00e0n to\u00e0n c\u00e1c v\u1ebft b\u1ea9n c\u1ee9ng \u0111\u1ea7u nh\u01b0 v\u1ebft m\u00e1u, v\u1ebft \u1ed1 v\u00e0ng. <\/p>\n<p class=\"QN2lPu\">*Th\u1eed nghi\u1ec7m tr\u00ean c\u00e1c lo\u1ea1i vi khu\u1ea9n S.aureus, E.coli, P.aeruginosa, E.faecalis, E.cloacae, K.pneumoniae v\u00e0 N\u1ea5m Canida albicans. <\/p>\n<p class=\"QN2lPu\">3. H\u01af\u1edaNG D\u1eaaN S\u1eec D\u1ee4NG<\/p>\n<p class=\"QN2lPu\">B\u01b0\u1edbc 1: L\u00e0m \u01b0\u1edbt \u0111\u1ed3 l\u00f3t.<\/p>\n<p class=\"QN2lPu\">B\u01b0\u1edbc 2: D\u00f9ng 2 l\u1ea7n b\u01a1m (kho\u1ea3ng 8g) cho 1-2 chi\u1ebfc qu\u1ea7n l\u00f3t.<\/p>\n<p class=\"QN2lPu\">B\u01b0\u1edbc 3: Gi\u1eb7t \u0111\u1ed3 l\u00f3t trong v\u00f2ng 2-3 ph\u00fat.<\/p>\n<p class=\"QN2lPu\">B\u01b0\u1edbc 4: Gi\u1eb7t l\u1ea1i v\u1edbi n\u01b0\u1edbc v\u00e0 ph\u01a1i \u1edf n\u01a1i tho\u00e1ng m\u00e1t.<\/p>\n<p class=\"QN2lPu\">L\u01b0u \u00fd: \u0110\u1ed1i v\u1edbi c\u00e1c v\u1ebft b\u1ea9n kh\u00f4 c\u1ee9ng, cho tr\u1ef1c ti\u1ebfp n\u01b0\u1edbc gi\u1eb7t l\u00ean v\u1ebft b\u1ea9n, thoa nh\u1eb9 \u0111\u1ec3 trong 15-30 ph\u00fat v\u00e0 sau \u0111\u00f3 m\u1edbi gi\u1eb7t s\u1ea1ch. <\/p>\n<p class=\"QN2lPu\">4. XU\u1ea4T X\u1ee8 TH\u01af\u01a0NG HI\u1ec6U<\/p>\n<p class=\"QN2lPu\">N\u01a1i s\u1ea3n xu\u1ea5t: Trung Qu\u1ed1c<\/p>\n<p class=\"QN2lPu\">Th\u00e0nh ph\u1ea7n: Xem tr\u00ean bao b\u00ec s\u1ea3n ph\u1ea9m<\/p>\n<p class=\"QN2lPu\">Ng\u00e0y s\u1ea3n xu\u1ea5t: Xem tr\u00ean bao b\u00ec s\u1ea3n ph\u1ea9m<\/p>\n<p class=\"QN2lPu\">H\u1ea1n s\u1eed d\u1ee5ng: 3 n\u0103m k\u1ec3 t\u1eeb ng\u00e0y s\u1ea3n xu\u1ea5t<\/p>\n<p class=\"QN2lPu\">H\u01b0\u1edbng d\u1eabn b\u1ea3o qu\u1ea3n: L\u01b0u tr\u1eef s\u1ea3n ph\u1ea9m n\u01a1i kh\u00f4 m\u00e1t, tr\u00e1nh \u00e1nh n\u1eafng tr\u1ef1c ti\u1ebfp.<\/p>\n<p class=\"QN2lPu\">*Tag:<\/p>\n<p class=\"QN2lPu\">N\u01b0\u1edbc gi\u1eb7t, N\u01b0\u1edbc gi\u1eb7t \u0111\u1ed3 l\u00f3t, nuoc giat, nuoc giat do lot, n\u01b0\u1edbc gi\u1eb7t omo, nuoc giat omo, n\u01b0\u1edbc gi\u1eb7t chuy\u00ean d\u1ee5ng, nuoc giat chuyen dung, b\u1ed9t gi\u1eb7t, bot giat.&#8221;<\/p>\n<\/div>\n","protected":false},"excerpt":{"rendered":"<p>&#8220;S\u1ea1ch 99,9%* vi khu\u1ea9n v\u00e0 n\u1ea5m g\u00e2y b\u1ec7nh tr\u00ean \u0111\u1ed3 l\u00f3t. Th\u00e0nh ph\u1ea7n ti\u00ean ti\u1ebfn gi\u00fap l\u00e0m s\u1ea1ch ho\u00e0n to\u00e0n c\u00e1c v\u1ebft b\u1ea9n c\u1ee9ng \u0111\u1ea7u nh\u01b0 v\u1ebft m\u00e1u, v\u1ebft \u1ed1 v\u00e0ng. L\u00e0m s\u1ea1ch c\u00e1c v\u1ebft b\u1ea9n c\u1ee9ng \u0111\u1ea7u, vi khu\u1ea9n v\u00e0 n\u1ea5m g\u00e2y b\u1ec7nh. H\u01b0\u01a1ng hoa anh \u0111\u00e0o thanh l\u1ecbch. C\u00f4ng th\u1ee9c an to\u00e0n v\u1edbi&#8230;<\/p>\n","protected":false},"featured_media":13945,"comment_status":"open","ping_status":"closed","template":"","meta":[],"product_brand":[],"product_cat":[1225],"product_tag":[],"class_list":{"0":"post-13882","1":"product","2":"type-product","3":"status-publish","4":"has-post-thumbnail","6":"product_cat-nuoc-giat","8":"first","9":"instock","10":"sale","11":"shipping-taxable","12":"purchasable","13":"product-type-simple"},"_links":{"self":[{"href":"https:\/\/web-ban-le.mbws.vn\/giat-giu-cham-soc-nha-cua\/wp-json\/wp\/v2\/product\/13882","targetHints":{"allow":["GET"]}}],"collection":[{"href":"https:\/\/web-ban-le.mbws.vn\/giat-giu-cham-soc-nha-cua\/wp-json\/wp\/v2\/product"}],"about":[{"href":"https:\/\/web-ban-le.mbws.vn\/giat-giu-cham-soc-nha-cua\/wp-json\/wp\/v2\/types\/product"}],"replies":[{"embeddable":true,"href":"https:\/\/web-ban-le.mbws.vn\/giat-giu-cham-soc-nha-cua\/wp-json\/wp\/v2\/comments?post=13882"}],"wp:featuredmedia":[{"embeddable":true,"href":"https:\/\/web-ban-le.mbws.vn\/giat-giu-cham-soc-nha-cua\/wp-json\/wp\/v2\/media\/13945"}],"wp:attachment":[{"href":"https:\/\/web-ban-le.mbws.vn\/giat-giu-cham-soc-nha-cua\/wp-json\/wp\/v2\/media?parent=13882"}],"wp:term":[{"taxonomy":"product_brand","embeddable":true,"href":"https:\/\/web-ban-le.mbws.vn\/giat-giu-cham-soc-nha-cua\/wp-json\/wp\/v2\/product_brand?post=13882"},{"taxonomy":"product_cat","embeddable":true,"href":"https:\/\/web-ban-le.mbws.vn\/giat-giu-cham-soc-nha-cua\/wp-json\/wp\/v2\/product_cat?post=13882"},{"taxonomy":"product_tag","embeddable":true,"href":"https:\/\/web-ban-le.mbws.vn\/giat-giu-cham-soc-nha-cua\/wp-json\/wp\/v2\/product_tag?post=13882"}],"curies":[{"name":"wp","href":"https:\/\/api.w.org\/{rel}","templated":true}]}}