{"id":13934,"date":"2025-10-27T09:40:26","date_gmt":"2025-10-27T02:40:26","guid":{"rendered":"https:\/\/web-ban-le.mbws.vn\/giat-giu-cham-soc-nha-cua\/?post_type=product&#038;p=13934"},"modified":"2025-11-04T23:17:43","modified_gmt":"2025-11-04T16:17:43","slug":"bo-3-kem-danh-rang-p-s-trang-rang-lanh-tinh-100-kiem-chung-230g-hop","status":"publish","type":"product","link":"https:\/\/web-ban-le.mbws.vn\/giat-giu-cham-soc-nha-cua\/san-pham\/bo-3-kem-danh-rang-p-s-trang-rang-lanh-tinh-100-kiem-chung-230g-hop\/","title":{"rendered":"B\u1ed9 3 Kem \u0110\u00e1nh R\u0103ng P\/S Tr\u1eafng R\u0103ng L\u00e0nh T\u00ednh &#8211; 100% Ki\u1ec3m Ch\u1ee9ng 230g\/ h\u1ed9p"},"content":{"rendered":"<div class=\"e8lZp3\">\n<p class=\"QN2lPu\">KEM \u0110\u00c1NH R\u0102NG P\/S TR\u1eaeNG R\u0102NG L\u00c0NH T\u00cdNH \u2013 100% KI\u1ec2M CH\u1ee8NG<\/p>\n<p class=\"QN2lPu\">\n<p class=\"QN2lPu\">1. Kem \u0111\u00e1nh r\u0103ng P\/S Than Ho\u1ea1t T\u00ednh m\u1edbi v\u1edbi c\u00f4ng th\u1ee9c n\u00e2ng c\u1ea5p g\u1ea5p 10 l\u1ea7n than ho\u1ea1t t\u00ednh, gi\u00fap lo\u1ea1i b\u1ecf v\u1ebft \u1ed1 v\u01b0\u1ee3t tr\u1ed9i cho r\u0103ng tr\u1eafng h\u01a1n, \u0111\u1ed3ng th\u1eddi l\u00e0nh t\u00ednh cho c\u1ea3 gia \u0111\u00ecnh nh\u1edd v\u00e0o 95% th\u00e0nh ph\u1ea7n g\u1ed1c t\u1ef1 nhi\u00ean<\/p>\n<p class=\"QN2lPu\">&#8211; C\u00f4ng th\u1ee9c m\u1edbi g\u1ea5p 10 l\u1ea7n Than Ho\u1ea1t T\u00ednh gi\u00fap l\u00e0m s\u1ea1ch m\u1ea3ng b\u00e1m, v\u1ebft \u1ed1 v\u00e0ng kh\u00f3 nh\u1eafn nh\u01b0 tr\u00e0, caf\u00e9, c\u00e0-ri, gi\u00fap r\u0103ng tr\u1eafng h\u01a1n<\/p>\n<p class=\"QN2lPu\">&#8211; Tinh ch\u1ea5t tre B\u1eafc \u00c1 gi\u00fap l\u00e0m s\u1ea1ch s\u00e2u v\u00e0 mang l\u1ea1i m\u00f9i th\u01a1m d\u1ec5 ch\u1ecbu<\/p>\n<p class=\"QN2lPu\">\n<p class=\"QN2lPu\">2. Kem \u0111\u00e1nh r\u0103ng P\/S Mu\u1ed1i H\u1ed3ng Hoa C\u00fac v\u1edbi 95% th\u00e0nh ph\u1ea7n g\u1ed1c t\u1ef1 nhi\u00ean k\u1ebft h\u1ee3p trong c\u00f4ng th\u1ee9c P\/S gi\u00fap lo\u1ea1i b\u1ecf v\u1ebft \u1ed1 v\u01b0\u1ee3t tr\u1ed9i cho r\u0103ng tr\u1eafng h\u01a1n, \u0111\u1ed3ng th\u1eddi l\u00e0nh t\u00ednh cho c\u1ea3 gia \u0111\u00ecnh:<\/p>\n<p class=\"QN2lPu\">&#8211; Mu\u1ed1i h\u1ed3ng c\u00f3 t\u00e1c d\u1ee5ng l\u00e0m s\u1ea1ch m\u1ea3ng b\u00e1m, v\u1ebft \u1ed1 v\u00e0ng kh\u00f3 nh\u1eafn nh\u01b0 tr\u00e0, caf\u00e9, c\u00e0-ri, gi\u00fap r\u0103ng tr\u1eafng h\u01a1n<\/p>\n<p class=\"QN2lPu\">&#8211; Tinh d\u1ea7u hoa c\u00fac 100% t\u1ef1 nhi\u00ean gi\u00fap l\u00e0m s\u1ea1ch s\u00e2u v\u00e0 mang l\u1ea1i h\u01b0\u01a1ng hoa th\u01a1m ng\u00e1t<\/p>\n<p class=\"QN2lPu\">\n<p class=\"QN2lPu\">3. Kem \u0111\u00e1nh r\u0103ng P\/S Baking Soda &amp; H\u01b0\u01a1ng Th\u1ea3o v\u1edbi 95% th\u00e0nh ph\u1ea7n g\u1ed1c t\u1ef1 nhi\u00ean k\u1ebft h\u1ee3p trong c\u00f4ng th\u1ee9c P\/S gi\u00fap lo\u1ea1i b\u1ecf v\u1ebft \u1ed1 v\u01b0\u1ee3t tr\u1ed9i cho r\u0103ng tr\u1eafng h\u01a1n, \u0111\u1ed3ng th\u1eddi l\u00e0nh t\u00ednh cho c\u1ea3 gia \u0111\u00ecnh:<\/p>\n<p class=\"QN2lPu\">&#8211; Baking Soda c\u00f3 t\u00e1c d\u1ee5ng l\u00e0m s\u1ea1ch m\u1ea3ng b\u00e1m, v\u1ebft \u1ed1 v\u00e0ng kh\u00f3 nh\u1eafn nh\u01b0 tr\u00e0, caf\u00e9, c\u00e0-ri, gi\u00fap r\u0103ng tr\u1eafng h\u01a1n<\/p>\n<p class=\"QN2lPu\">&#8211; H\u01b0\u01a1ng Th\u1ea3o t\u1ef1 nhi\u00ean c\u00f9ng tinh ch\u1ea5t b\u1ea1c h\u00e0 mang \u0111\u1ebfn h\u01b0\u01a1ng th\u01a1m d\u1ec5 ch\u1ecbu<\/p>\n<p class=\"QN2lPu\">\n<p class=\"QN2lPu\">H\u01af\u1edaNG D\u1eaaN S\u1eec D\u1ee4NG<\/p>\n<p class=\"QN2lPu\">&#8211; Ch\u1ea3i r\u0103ng \u00edt nh\u1ea5t m\u1ed7i ng\u00e0y 2 l\u1ea7n s\u00e1ng v\u00e0 t\u1ed1i ho\u1eb7c theo h\u01b0\u1edbng d\u1eabn c\u1ee7a nha s\u0129.<\/p>\n<p class=\"QN2lPu\">&#8211; D\u00f9ng \u00edt nh\u1ea5t 1g kem \u0111\u00e1nh r\u0103ng m\u1ed7i l\u1ea7n ch\u1ea3i, t\u01b0\u01a1ng \u0111\u01b0\u01a1ng l\u01b0\u1ee3ng kem \u0111\u1ee7 \u0111\u1ec3 ph\u1ee7 \u0111\u1ea7y chi\u1ec1u d\u00e0i l\u00f4ng b\u00e0n ch\u1ea3i P\/S.<\/p>\n<p class=\"QN2lPu\">&#8211; Tr\u1ebb em d\u01b0\u1edbi 6 tu\u1ed5i ch\u1ec9 s\u1eed d\u1ee5ng m\u1ed9t l\u01b0\u1ee3ng kem \u0111\u00e1nh r\u0103ng nh\u1ecf b\u1eb1ng h\u1ea1t \u0111\u1eadu d\u01b0\u1edbi s\u1ef1 gi\u00e1m s\u00e1t c\u1ee7a ng\u01b0\u1eddi l\u1edbn.<\/p>\n<p class=\"QN2lPu\">&#8211; Ti\u1ebft ki\u1ec7m n\u01b0\u1edbc b\u1eb1ng c\u00e1ch \u0111\u00f3ng v\u00f2i n\u01b0\u1edbc trong khi ch\u1ea3i r\u0103ng.<\/p>\n<p class=\"QN2lPu\">&#8211; S\u1ea3n ph\u1ea9m d\u00e0nh cho tr\u1ebb t\u1eeb 2 tu\u1ed5i tr\u1edf l\u00ean.<\/p>\n<p class=\"QN2lPu\">\n<p class=\"QN2lPu\">TH\u00d4NG TIN CHI TI\u1ebeT<\/p>\n<p class=\"QN2lPu\">&#8211; Tr\u1ecdng l\u01b0\u1ee3ng: 230g\/h\u1ed9p<\/p>\n<p class=\"QN2lPu\">&#8211; H\u1ea1n s\u1eed d\u1ee5ng: 3 n\u0103m k\u1ec3 t\u1eeb ng\u00e0y s\u1ea3n xu\u1ea5t<\/p>\n<p class=\"QN2lPu\">&#8211; Th\u00e0nh ph\u1ea7n: Xem tr\u00ean bao b\u00ec s\u1ea3n ph\u1ea9m<\/p>\n<p class=\"QN2lPu\">&#8211; H\u01b0\u1edbng d\u1eabn b\u1ea3o qu\u1ea3n: N\u01a1i tho\u00e1ng m\u00e1t, tr\u00e1nh \u00e1nh n\u1eafng tr\u1ef1c ti\u1ebfp<\/p>\n<p class=\"QN2lPu\">&#8211; Xu\u1ea5t x\u1ee9 th\u01b0\u01a1ng hi\u1ec7u: Xem tr\u00ean bao b\u00ec s\u1ea3n ph\u1ea9m<\/p>\n<p class=\"QN2lPu\">&#8211; Xu\u1ea5t x\u1ee9: Vi\u1ec7t Nam<\/p>\n<p class=\"QN2lPu\">\n<p class=\"QN2lPu\">S\u1ea2N PH\u1ea8M C\u00d9NG TH\u01af\u01a0NG HI\u1ec6U<\/p>\n<p class=\"QN2lPu\">&#8211; \u0110\u01b0\u1ee3c khuy\u1ebfn c\u00e1o s\u1eed d\u1ee5ng c\u00f9ng c\u00e1c d\u00f2ng s\u1ea3n ph\u1ea9m kh\u00e1c c\u00f9ng th\u01b0\u01a1ng hi\u1ec7u P\/S bao g\u1ed3m b\u00e0n ch\u1ea3i v\u00e0 n\u01b0\u1edbc s\u00fac mi\u1ec7ng P\/S \u0111\u1ec3 mang l\u1ea1i hi\u1ec7u qu\u1ea3<\/p>\n<p class=\"QN2lPu\">-Tham kh\u1ea3o th\u00eam t\u1ea1i c\u1eeda h\u00e0ng ch\u00ednh h\u00e3ng c\u1ee7a Unilever tr\u00ean c\u00e1c s\u00e0n th\u01b0\u01a1ng m\u1ea1i \u0111i\u1ec7n t\u1eed.<\/p>\n<p class=\"QN2lPu\">\n<p class=\"QN2lPu\">*Bao b\u00ec thay \u0111\u1ed5i t\u00f9y theo \u0111\u1ee3t nh\u1eadp h\u00e0ng<\/p>\n<p class=\"QN2lPu\">\n<p class=\"QN2lPu\">*D\u1ef1a tr\u00ean k\u1ebft qu\u1ea3 th\u00ed nghi\u1ec7m t\u1ea1i Anh Qu\u1ed1c th\u00e1ng 10 n\u0103m 2022, v\u1ebft \u1ed1 b\u1ec1 m\u1eb7t r\u0103ng do c\u00e0 ph\u00ea, tr\u00e0, ngh\u1ec7, thu\u1ed1c l\u00e1&#8230;<\/p>\n<p class=\"QN2lPu\">\n<p class=\"QN2lPu\">#kemdanhrang #ps #thanhoattinh #trangrang #lanhtinh #giadinh #thiennhien #natural #whitening #100kiemchung<\/p>\n<\/div>\n","protected":false},"excerpt":{"rendered":"<p>KEM \u0110\u00c1NH R\u0102NG P\/S TR\u1eaeNG R\u0102NG L\u00c0NH T\u00cdNH \u2013 100% KI\u1ec2M CH\u1ee8NG 1. Kem \u0111\u00e1nh r\u0103ng P\/S Than Ho\u1ea1t T\u00ednh m\u1edbi v\u1edbi c\u00f4ng th\u1ee9c n\u00e2ng c\u1ea5p g\u1ea5p 10 l\u1ea7n than ho\u1ea1t t\u00ednh, gi\u00fap lo\u1ea1i b\u1ecf v\u1ebft \u1ed1 v\u01b0\u1ee3t tr\u1ed9i cho r\u0103ng tr\u1eafng h\u01a1n, \u0111\u1ed3ng th\u1eddi l\u00e0nh t\u00ednh cho c\u1ea3 gia \u0111\u00ecnh nh\u1edd v\u00e0o 95% th\u00e0nh&#8230;<\/p>\n","protected":false},"featured_media":13989,"comment_status":"open","ping_status":"closed","template":"","meta":[],"product_brand":[1379],"product_cat":[1212],"product_tag":[],"class_list":{"0":"post-13934","1":"product","2":"type-product","3":"status-publish","4":"has-post-thumbnail","6":"product_brand-closeup","7":"product_cat-kem-danh-rang","9":"first","10":"instock","11":"sale","12":"shipping-taxable","13":"purchasable","14":"product-type-variable"},"_links":{"self":[{"href":"https:\/\/web-ban-le.mbws.vn\/giat-giu-cham-soc-nha-cua\/wp-json\/wp\/v2\/product\/13934","targetHints":{"allow":["GET"]}}],"collection":[{"href":"https:\/\/web-ban-le.mbws.vn\/giat-giu-cham-soc-nha-cua\/wp-json\/wp\/v2\/product"}],"about":[{"href":"https:\/\/web-ban-le.mbws.vn\/giat-giu-cham-soc-nha-cua\/wp-json\/wp\/v2\/types\/product"}],"replies":[{"embeddable":true,"href":"https:\/\/web-ban-le.mbws.vn\/giat-giu-cham-soc-nha-cua\/wp-json\/wp\/v2\/comments?post=13934"}],"wp:featuredmedia":[{"embeddable":true,"href":"https:\/\/web-ban-le.mbws.vn\/giat-giu-cham-soc-nha-cua\/wp-json\/wp\/v2\/media\/13989"}],"wp:attachment":[{"href":"https:\/\/web-ban-le.mbws.vn\/giat-giu-cham-soc-nha-cua\/wp-json\/wp\/v2\/media?parent=13934"}],"wp:term":[{"taxonomy":"product_brand","embeddable":true,"href":"https:\/\/web-ban-le.mbws.vn\/giat-giu-cham-soc-nha-cua\/wp-json\/wp\/v2\/product_brand?post=13934"},{"taxonomy":"product_cat","embeddable":true,"href":"https:\/\/web-ban-le.mbws.vn\/giat-giu-cham-soc-nha-cua\/wp-json\/wp\/v2\/product_cat?post=13934"},{"taxonomy":"product_tag","embeddable":true,"href":"https:\/\/web-ban-le.mbws.vn\/giat-giu-cham-soc-nha-cua\/wp-json\/wp\/v2\/product_tag?post=13934"}],"curies":[{"name":"wp","href":"https:\/\/api.w.org\/{rel}","templated":true}]}}