{"id":14000,"date":"2025-10-27T09:41:08","date_gmt":"2025-10-27T02:41:08","guid":{"rendered":"https:\/\/web-ban-le.mbws.vn\/giat-giu-cham-soc-nha-cua\/?post_type=product&#038;p=14000"},"modified":"2025-10-27T09:41:53","modified_gmt":"2025-10-27T02:41:53","slug":"combo-tui-nuoc-giat-omo-matic-cho-quan-ao-be-yeu-41kg-nuoc-xa-vai-comfort-diu-nhe-tui-36l","status":"publish","type":"product","link":"https:\/\/web-ban-le.mbws.vn\/giat-giu-cham-soc-nha-cua\/san-pham\/combo-tui-nuoc-giat-omo-matic-cho-quan-ao-be-yeu-41kg-nuoc-xa-vai-comfort-diu-nhe-tui-36l\/","title":{"rendered":"Combo T\u00fai N\u01b0\u1edbc Gi\u1eb7t Omo Matic Cho qu\u1ea7n \u00e1o b\u00e9 y\u00eau 4,1kg + N\u01b0\u1edbc X\u1ea3 V\u1ea3i Comfort D\u1ecbu Nh\u1eb9 T\u00fai 3,6L"},"content":{"rendered":"<div class=\"e8lZp3\">\n<p class=\"QN2lPu\">M\u00d4 T\u1ea2 S\u1ea2N PH\u1ea8M<\/p>\n<p class=\"QN2lPu\">1\/ N\u01af\u1edaC GI\u1eb6T OMO MATIC CHO QU\u1ea6N \u00c1O B\u00c9 Y\u00caU &#8211; S\u1ef0 L\u1ef0A CH\u1eccN TUY\u1ec6T V\u1edcI D\u00c0NH CHO M\u1eb8<\/p>\n<p class=\"QN2lPu\">\n<p class=\"QN2lPu\">  \u0110\u01b0\u1ee3c B\u1ec7nh Vi\u1ec7n Da Li\u1ec5u Trung \u01af\u01a1ng c\u00f4ng nh\u1eadn, N\u01b0\u1edbc gi\u1eb7t OMO Matic cho Qu\u1ea7n \u00e1o B\u00e9 y\u00eau mang \u0111\u1ebfn cho m\u1eb9 s\u1ef1 y\u00ean t\u00e2m khi s\u1eed d\u1ee5ng cho \u00e1o qu\u1ea7n v\u00e0 \u0111\u1ed3 d\u00f9ng c\u1ee7a b\u00e9.<\/p>\n<p class=\"QN2lPu\">\n<p class=\"QN2lPu\">  V\u1edbi c\u00f4ng th\u1ee9c chuy\u00ean d\u1ee5ng l\u00e0m s\u1ea1ch d\u1ecbu nh\u1eb9 t\u1eeb Anh Qu\u1ed1c v\u00e0 th\u00e0nh ph\u1ea7n c\u00f3 ch\u1ee9a chi\u1ebft xu\u1ea5t tr\u00e0m tr\u00e0 v\u00e0 nha \u0111am, N\u01b0\u1edbc gi\u1eb7t OMO Matic cho Qu\u1ea7n \u00e1o B\u00e9 y\u00eau ch\u0103m s\u00f3c d\u1ecbu nh\u1eb9 t\u1eebng s\u1ee3i v\u1ea3i, gi\u00fap lo\u1ea1i b\u1ecf v\u1ebft b\u1ea9n c\u00e0 vi khu\u1ea9n, gi\u1eef \u00e1o qu\u1ea7n v\u00e0 \u0111\u1ed3 d\u00f9ng c\u1ee7a em b\u00e9 lu\u00f4n m\u1ec1m m\u1ea1i.<\/p>\n<p class=\"QN2lPu\">\n<p class=\"QN2lPu\">  \u01afU \u0110I\u1ec2M N\u1ed4I B\u1eacT<\/p>\n<p class=\"QN2lPu\">  &#8211; Th\u00e0nh ph\u1ea7n ch\u1ee9a chi\u1ebft xu\u1ea5t tr\u00e0m tra v\u00e0 nha \u0111am<\/p>\n<p class=\"QN2lPu\">  &#8211; Ch\u1ee9ng nh\u1eadn an to\u00e0n b\u1edfi Vi\u1ec7n Da Li\u1ec5u Trung \u01af\u01a1ng<\/p>\n<p class=\"QN2lPu\">  &#8211; C\u00f4ng th\u1ee9c chuy\u00ean d\u1ee5ng cho b\u00e9 t\u1eeb Anh Qu\u1ed1c<\/p>\n<p class=\"QN2lPu\">  &#8211; \u0110\u1ed9 pH c\u00e2n b\u1eb1ng. Kh\u00f4ng paraben, ch\u1ea5t t\u1ea1o m\u00e0u, ch\u1ea5t t\u1ea9y tr\u1eafng<\/p>\n<p class=\"QN2lPu\">  &#8211; Ph\u00f9 h\u1ee3p v\u1edbi c\u1ea3 m\u00e1y gi\u1eb7t c\u1eeda tr\u01b0\u1edbc v\u00e0 c\u1eeda tr\u00ean<\/p>\n<p class=\"QN2lPu\">\n<p class=\"QN2lPu\">  H\u01af\u1edaNG D\u1eaaN S\u1eec D\u1ee4NG<\/p>\n<p class=\"QN2lPu\">  &#8211; \u0110\u1ed5 n\u01b0\u1edbc gi\u1eb7t v\u00e0o n\u1eafp v\u1edbi li\u1ec1u l\u01b0\u1ee3ng theo h\u01b0\u1edbng d\u1eabn. <\/p>\n<p class=\"QN2lPu\">  &#8211; Thoa m\u1ed9t l\u01b0\u1ee3ng nh\u1ecf n\u01b0\u1edbc gi\u1eb7t tr\u1ef1c ti\u1ebfp l\u00ean v\u1ebft b\u1ea9n. <\/p>\n<p class=\"QN2lPu\">  &#8211; \u0110\u1ed5 ph\u1ea7n n\u01b0\u1edbc gi\u1eb7t c\u00f2n l\u1ea1i trong n\u1eafp v\u00e0o m\u00e1y gi\u1eb7t c\u00f9ng v\u1edbi qu\u1ea7n \u00e1o.<\/p>\n<p class=\"QN2lPu\">\n<p class=\"QN2lPu\">2\/ COMFORT D\u1ecaU NH\u1eb8 &#8211; G\u1ea4P \u0110\u00d4I M\u1ec0M D\u1ecaU, L\u01afU H\u01af\u01a0NG D\u1ecaU NH\u1eb8  <\/p>\n<p class=\"QN2lPu\">\u0110\u01b0\u1ee3c ch\u1ee9ng nh\u1eadn b\u1edfi B\u1ec7nh Vi\u1ec7n Da Li\u1ec5u Trung \u01af\u01a1ng v\u00e0 Hi\u1ec7p H\u1ed9i Da Li\u1ec5u Anh Qu\u1ed1c, N\u01b0\u1edbc x\u1ea3 v\u1ea3i Comfort D\u1ecbu Nh\u1eb9 ch\u0103m s\u00f3c d\u1ecbu nh\u1eb9 t\u1eebng s\u1ee3i v\u1ea3i v\u1edbi ho\u1ea1t ch\u1ea5t l\u00e0m m\u1ec1m v\u1ea3i t\u1eeb 100% ngu\u1ed3n g\u1ed1c th\u1ef1c v\u1eadt v\u00e0 chi\u1ebft xu\u1ea5t y\u1ebfn m\u1ea1ch, , cho qu\u1ea7n \u00e1o b\u00e9 y\u00eau v\u00e0 c\u1ea3 nh\u00e0 th\u1eadt m\u1ec1m d\u1ecbu m\u00e0 kh\u00f4ng lo k\u00edch \u1ee9ng, c\u00f9ng l\u01b0u h\u01b0\u01a1ng nh\u1eb9 nh\u00e0ng v\u00e0 ng\u1ecdt ng\u00e0o tr\u00ean \u00e1o qu\u1ea7n c\u1ee7a b\u00e9 v\u00e0 c\u1ea3 gia \u0111\u00ecnh.<\/p>\n<p class=\"QN2lPu\">\u01afU \u0110I\u1ec2M N\u1ed4I B\u1eacT <\/p>\n<p class=\"QN2lPu\">&#8211; Ch\u1ee9ng nh\u1eadn an to\u00e0n b\u1edfi Vi\u1ec7n Da Li\u1ec5u Anh Qu\u1ed1c v\u00e0 Vi\u1ec7n Da Li\u1ec5u Trung \u01af\u01a1ng <\/p>\n<p class=\"QN2lPu\">&#8211; G\u1ea5p \u0111\u00f4i \u0111\u1ed9 m\u1ec1m d\u1ecbu cho \u00e1o qu\u1ea7n so v\u1edbi n\u01b0\u1edbc x\u1ea3 v\u1ea3i kh\u00e1c c\u1ee7a Unilever  <\/p>\n<p class=\"QN2lPu\">&#8211; H\u01b0\u01a1ng d\u1ecbu nh\u1eb9 thi\u1ebft k\u1ebf ph\u00f9 h\u1ee3p v\u1edbi qu\u1ea7n \u00e1o em b\u00e9  <\/p>\n<p class=\"QN2lPu\">&#8211; Gi\u00fap \u00e1o qu\u1ea7n tho\u00e1ng kh\u00ed, d\u1ec5 ch\u1ecbu <\/p>\n<p class=\"QN2lPu\">HI\u1ec6U QU\u1ea2 S\u1eec D\u1ee4NG<\/p>\n<p class=\"QN2lPu\">&#8211; L\u00e0m m\u1ec1m v\u1ea3i, ng\u1eeba x\u00f9 l\u00f4ng v\u1ea3i v\u00e0 ng\u0103n \u00e1o qu\u1ea7n t\u0129nh \u0111i\u1ec7n m\u00f9a \u0111\u00f4ng <\/p>\n<p class=\"QN2lPu\">&#8211; Lo\u1ea1i b\u1ecf m\u00f9i h\u00f4i hi\u1ec7u qu\u1ea3 tr\u00ean \u00e1o qu\u1ea7n <\/p>\n<p class=\"QN2lPu\">&#8211; Gi\u00fap \u00e1o qu\u1ea7n kh\u00f4 nhanh h\u01a1n <\/p>\n<p class=\"QN2lPu\">&#8211; C\u00f3 2 l\u1ef1a ch\u1ecdn h\u01b0\u01a1ng th\u01a1m d\u1ec5 ch\u1ecbu, d\u1ecbu nh\u1eb9 cho kh\u1ee9u gi\u00e1c: Th\u01a1m H\u01b0\u01a1ng Ph\u1ea5n &amp; Th\u01a1m D\u1ecbu \u00cam<\/p>\n<p class=\"QN2lPu\">H\u01af\u1edaNG D\u1eaaN S\u1eec D\u1ee4NG: <\/p>\n<p class=\"QN2lPu\">Gi\u1eb7t M\u00e1y: <\/p>\n<p class=\"QN2lPu\">&#8211; \u0110\u1ed5 Comfort v\u00e0o ng\u0103n ch\u1ee9a n\u01b0\u1edbc x\u1ea3 v\u1ea3i. <\/p>\n<p class=\"QN2lPu\">&#8211; D\u00f9ng 1 n\u1eafp cho 1 l\u1ea7n gi\u1eb7t th\u00f4ng th\u01b0\u1eddng. <\/p>\n<p class=\"QN2lPu\">&#8211; \u0110i\u1ec1u ch\u1ec9nh l\u01b0\u1ee3ng d\u00f9ng t\u00f9y v\u00e0o s\u1ed1 l\u01b0\u1ee3ng v\u00e0 ch\u1ea5t li\u1ec7u qu\u1ea7n \u00e1o. <\/p>\n<p class=\"QN2lPu\">Gi\u1eb7t Tay: <\/p>\n<p class=\"QN2lPu\">&#8211; Sau khi gi\u1eb7t, x\u1ea3 s\u1ea1ch b\u1ecdt x\u00e0 ph\u00f2ng v\u1edbi n\u01b0\u1edbc.<\/p>\n<p class=\"QN2lPu\">&#8211; D\u00f9ng 1\/2 n\u1eafp Comfort cho 10-15 chi\u1ebfc qu\u1ea7n \u00e1o. <\/p>\n<p class=\"QN2lPu\">&#8211; H\u00f2a Comfort \u0110\u1eadm \u0110\u1eb7c v\u00e0o n\u01b0\u1edbc x\u1ea3 cu\u1ed1i, \u0111\u1ea3m b\u1ea3o l\u01b0\u1ee3ng n\u01b0\u1edbc \u0111\u1ee7 ng\u1eadp \u0111\u1ee7 h\u1ebft qu\u1ea7n \u00e1o.<\/p>\n<p class=\"QN2lPu\"> XU\u1ea4T X\u1ee8 TH\u01af\u01a0NG HI\u1ec6U<\/p>\n<p class=\"QN2lPu\">N\u01a1i s\u1ea3n xu\u1ea5t: Vi\u1ec7t Nam <\/p>\n<p class=\"QN2lPu\">Ng\u00e0y s\u1ea3n xu\u1ea5t: Xem tr\u00ean bao b\u00ec s\u1ea3n ph\u1ea9m<\/p>\n<p class=\"QN2lPu\"> H\u1ea1n s\u1eed d\u1ee5ng: 15 th\u00e1ng k\u1ec3 t\u1eeb ng\u00e0y s\u1ea3n xu\u1ea5t <\/p>\n<p class=\"QN2lPu\">Th\u00e0nh ph\u1ea7n: Xem tr\u00ean bao b\u00ec s\u1ea3n ph\u1ea9m <\/p>\n<p class=\"QN2lPu\">H\u01b0\u1edbng d\u1eabn b\u1ea3o qu\u1ea3n: N\u01a1i tho\u00e1ng m\u00e1t, tr\u00e1nh \u00e1nh n\u1eafng tr\u1ef1c ti\u1ebfp <\/p>\n<p class=\"QN2lPu\">Tag: n\u01b0\u1edbc x\u1ea3 v\u1ea3i, nuoc xa vai, n\u01b0\u1edbc x\u1ea3, nuoc xa, n\u01b0\u1edbc gi\u1eb7t x\u1ea3, nuoc giat xa, Nuoc xa vai Comfort,, N\u01b0\u1edbc x\u1ea3 v\u1ea3i Comfort, Nuoc xa Comfort, N\u01b0\u1edbc x\u1ea3 Comfort, Xa vai, X\u1ea3 v\u1ea3i, Comfort em b\u00e9, Comfort em be, Comfort cho da nh\u1ea1y c\u1ea3m, Comfort cho da nhay cam, Comfort Diu Nhe<\/p>\n<\/div>\n","protected":false},"excerpt":{"rendered":"<p>M\u00d4 T\u1ea2 S\u1ea2N PH\u1ea8M 1\/ N\u01af\u1edaC GI\u1eb6T OMO MATIC CHO QU\u1ea6N \u00c1O B\u00c9 Y\u00caU &#8211; S\u1ef0 L\u1ef0A CH\u1eccN TUY\u1ec6T V\u1edcI D\u00c0NH CHO M\u1eb8 \u0110\u01b0\u1ee3c B\u1ec7nh Vi\u1ec7n Da Li\u1ec5u Trung \u01af\u01a1ng c\u00f4ng nh\u1eadn, N\u01b0\u1edbc gi\u1eb7t OMO Matic cho Qu\u1ea7n \u00e1o B\u00e9 y\u00eau mang \u0111\u1ebfn cho m\u1eb9 s\u1ef1 y\u00ean t\u00e2m khi s\u1eed d\u1ee5ng cho \u00e1o qu\u1ea7n v\u00e0&#8230;<\/p>\n","protected":false},"featured_media":14041,"comment_status":"open","ping_status":"closed","template":"","meta":[],"product_brand":[],"product_cat":[1224],"product_tag":[],"class_list":{"0":"post-14000","1":"product","2":"type-product","3":"status-publish","4":"has-post-thumbnail","6":"product_cat-chat-lam-mem-quan-ao","8":"first","9":"instock","10":"sale","11":"shipping-taxable","12":"purchasable","13":"product-type-variable"},"_links":{"self":[{"href":"https:\/\/web-ban-le.mbws.vn\/giat-giu-cham-soc-nha-cua\/wp-json\/wp\/v2\/product\/14000","targetHints":{"allow":["GET"]}}],"collection":[{"href":"https:\/\/web-ban-le.mbws.vn\/giat-giu-cham-soc-nha-cua\/wp-json\/wp\/v2\/product"}],"about":[{"href":"https:\/\/web-ban-le.mbws.vn\/giat-giu-cham-soc-nha-cua\/wp-json\/wp\/v2\/types\/product"}],"replies":[{"embeddable":true,"href":"https:\/\/web-ban-le.mbws.vn\/giat-giu-cham-soc-nha-cua\/wp-json\/wp\/v2\/comments?post=14000"}],"wp:featuredmedia":[{"embeddable":true,"href":"https:\/\/web-ban-le.mbws.vn\/giat-giu-cham-soc-nha-cua\/wp-json\/wp\/v2\/media\/14041"}],"wp:attachment":[{"href":"https:\/\/web-ban-le.mbws.vn\/giat-giu-cham-soc-nha-cua\/wp-json\/wp\/v2\/media?parent=14000"}],"wp:term":[{"taxonomy":"product_brand","embeddable":true,"href":"https:\/\/web-ban-le.mbws.vn\/giat-giu-cham-soc-nha-cua\/wp-json\/wp\/v2\/product_brand?post=14000"},{"taxonomy":"product_cat","embeddable":true,"href":"https:\/\/web-ban-le.mbws.vn\/giat-giu-cham-soc-nha-cua\/wp-json\/wp\/v2\/product_cat?post=14000"},{"taxonomy":"product_tag","embeddable":true,"href":"https:\/\/web-ban-le.mbws.vn\/giat-giu-cham-soc-nha-cua\/wp-json\/wp\/v2\/product_tag?post=14000"}],"curies":[{"name":"wp","href":"https:\/\/api.w.org\/{rel}","templated":true}]}}