{"id":14002,"date":"2025-10-27T09:41:08","date_gmt":"2025-10-27T02:41:08","guid":{"rendered":"https:\/\/web-ban-le.mbws.vn\/giat-giu-cham-soc-nha-cua\/?post_type=product&#038;p=14002"},"modified":"2025-10-27T09:41:53","modified_gmt":"2025-10-27T02:41:53","slug":"kem-tay-chuyen-dung-sunlight-phien-ban-nang-cap-tu-cif-sach-sang-chai-690g","status":"publish","type":"product","link":"https:\/\/web-ban-le.mbws.vn\/giat-giu-cham-soc-nha-cua\/san-pham\/kem-tay-chuyen-dung-sunlight-phien-ban-nang-cap-tu-cif-sach-sang-chai-690g\/","title":{"rendered":"Kem t\u1ea9y chuy\u00ean d\u1ee5ng Sunlight | Phi\u00ean b\u1ea3n n\u00e2ng c\u1ea5p t\u1eeb Cif | S\u1ea1ch S\u00e1ng | Chai 690g"},"content":{"rendered":"<div class=\"e8lZp3\">\n<p class=\"QN2lPu\">KEM T\u1ea8Y CHUY\u00caN D\u1ee4NG SUNLIGHT &#8211; T\u1ea8Y S\u1ea0CH V\u1ebeT B\u1ea8N C\u1ee8NG \u0110\u1ea6U &#8211; S\u1ea0CH S\u00c1NG<\/p>\n<p class=\"QN2lPu\">PHI\u00caN B\u1ea2N N\u00c2NG C\u1ea4P T\u1eea CIF KEM T\u1ea8Y<\/p>\n<p class=\"QN2lPu\">\n<p class=\"QN2lPu\">C\u00f3 &#8220;tr\u1ee3 th\u1ee7&#8221; Kem T\u1ea9y Chuy\u00ean D\u1ee5ng Sunlight s\u1ebd gi\u00fap vi\u1ec7c t\u1ea9y r\u1eeda, \u0111\u1eb7c bi\u1ec7t l\u00e0 lau b\u1ebfp tr\u1edf n\u00ean d\u1ec5 d\u00e0ng v\u00e0 nhanh ch\u00f3ng. K\u1ec3 c\u1ea3 nhi\u1ec1u lo\u1ea1i v\u1ebft b\u1ea9n kh\u00f3 t\u1ea9y nh\u01b0: v\u1ebft g\u1ec9 s\u00e9t tr\u00ean b\u1ebfp ga, v\u1ebft b\u00e1m l\u00e2u ng\u00e0y tr\u00ean l\u00f2 vi s\u00f3ng hay m\u00e1y h\u00fat m\u00f9i. Nh\u1edd \u0111\u00f3, lu\u00f4n gi\u1eef cho ng\u00f4i nh\u00e0 b\u1ea1n \u0111\u01b0\u1ee3c s\u1ea1ch s\u1ebd, s\u00e1ng b\u00f3ng.<\/p>\n<p class=\"QN2lPu\">\n<p class=\"QN2lPu\">\u01afU \u0110I\u1ec2M N\u1ed4I B\u1eacT:<\/p>\n<p class=\"QN2lPu\">&#8211; T\u1ea9y s\u1ea1ch c\u00e1c v\u1ebft b\u1ea9n c\u1ee9ng \u0111\u1ea7u b\u00e1m tr\u00ean nhi\u1ec1u b\u1ec1 m\u1eb7t nh\u01b0 b\u1ebfp ga, l\u00f2 vi s\u00f3ng, m\u00e1y h\u00fat m\u00f9i<\/p>\n<p class=\"QN2lPu\">&#8211; H\u1ea1n ch\u1ebf l\u00e0m tr\u1ea7y x\u01b0\u1edbc b\u1ec1 m\u1eb7t, tr\u1ea3 l\u1ea1i v\u1ebb s\u00e1ng b\u00f3ng cho c\u00e1c v\u1eadt d\u1ee5ng<\/p>\n<p class=\"QN2lPu\">&#8211; H\u01b0\u01a1ng chanh thanh m\u00e1t<\/p>\n<p class=\"QN2lPu\">\n<p class=\"QN2lPu\">TH\u00c0NH PH\u1ea6N<\/p>\n<p class=\"QN2lPu\">&#8211; Sodium Linear Alkylbenzene Sulfonate; Laureth-5; Calcium Carbonate (H\u1ea1t l\u00e0m s\u1ea1ch t\u1eeb t\u1ef1 nhi\u00ean 40%); Oleic Fatty Acid; Sodium Carbonate; Poly(dimethylsiloxane) and Treated Amorphous Silica; Acrylates Copolymer; Phenoxyethanol; Ch\u1ea5t th\u01a1m; Ch\u1ea5t t\u1ea1o m\u00e0u; N\u01b0\u1edbc<\/p>\n<p class=\"QN2lPu\">\n<p class=\"QN2lPu\">H\u01af\u1edaNG D\u1eaaN S\u1eec D\u1ee4NG:<\/p>\n<p class=\"QN2lPu\">1. Cho m\u1ed9t l\u01b0\u1ee3ng nh\u1ecf Kem T\u1ea9y Sunlight l\u00ean b\u1ec1 m\u1eb7t c\u1ea7n l\u00e0m s\u1ea1ch (kh\u00f4ng c\u1ea7n ph\u1ea3i l\u00e0m \u01b0\u1edbt b\u1ec1 m\u1eb7t)<\/p>\n<p class=\"QN2lPu\">2. D\u00f9ng kh\u0103n \u1ea9m ho\u1eb7c b\u00e0n ch\u1ea3i m\u1ec1m ch\u00e0 nh\u1eb9 c\u00e1c v\u1ebft b\u1ea9n<\/p>\n<p class=\"QN2lPu\">3. Lau s\u1ea1ch l\u1ea1i b\u1eb1ng kh\u0103n \u1ea9m. Cho b\u1ec1 m\u1eb7t s\u00e1ng b\u00f3ng nh\u01b0 m\u1edbi. Th\u00edch h\u1ee3p v\u1edbi t\u1ea5t c\u1ea3 c\u00e1c b\u1ec1 m\u1eb7t nh\u01b0 g\u1ea1ch men, s\u1ee9, th\u00e9p kh\u00f4ng g\u1ec9, cr\u00f4m v\u00e0 k\u00ednh<\/p>\n<p class=\"QN2lPu\">***Kh\u00f4ng s\u1eed d\u1ee5ng tr\u00ean m\u00e0n h\u00ecnh TV v\u00e0 m\u00e1y t\u00ednh<\/p>\n<p class=\"QN2lPu\">\n<p class=\"QN2lPu\">H\u01af\u1edaNG D\u1eaaN B\u1ea2O QU\u1ea2N<\/p>\n<p class=\"QN2lPu\">&#8211; N\u01a1i tho\u00e1ng m\u00e1t, tr\u00e1nh \u00e1nh n\u1eafng tr\u1ef1c ti\u1ebfp<\/p>\n<p class=\"QN2lPu\">\n<p class=\"QN2lPu\">CH\u00da \u00dd:<\/p>\n<p class=\"QN2lPu\">\u0110\u1ec3 xa t\u1ea7m tay tr\u1ebb em. Kh\u00f4ng \u0111\u01b0\u1ee3c u\u1ed1ng. N\u1ebfu nu\u1ed1t ph\u1ea3i, c\u1ea7n \u0111\u1ebfn ngay c\u01a1 s\u1edf y t\u1ebf, khi \u0111i mang theo s\u1ea3n ph\u1ea9m v\u00e0 nh\u00e3n chai. N\u1ebfu s\u1ea3n ph\u1ea9m ti\u1ebfp x\u00fac v\u1edbi m\u1eaft, c\u1ea7n r\u1eeda ngay b\u1eb1ng n\u01b0\u1edbc s\u1ea1ch. Tr\u00e1nh ti\u1ebfp x\u00fac tr\u1ef1c ti\u1ebfp v\u1edbi v\u00f9ng da nh\u1ea1y c\u1ea3m. Mang g\u0103ng tay khi s\u1eed d\u1ee5ng. N\u00ean th\u1eed s\u1ea3n ph\u1ea9m tr\u00ean di\u1ec7n t\u00edch nh\u1ecf trong l\u1ea7n \u0111\u1ea7u ti\u00ean s\u1eed d\u1ee5ng.<\/p>\n<p class=\"QN2lPu\">\n<p class=\"QN2lPu\">Xu\u1ea5t x\u1ee9 th\u01b0\u01a1ng hi\u1ec7u: Vi\u1ec7t Nam<\/p>\n<p class=\"QN2lPu\">N\u01a1i s\u1ea3n xu\u1ea5t: Vi\u1ec7t Nam<\/p>\n<p class=\"QN2lPu\">Ng\u00e0y s\u1ea3n xu\u1ea5t: Xem tr\u00ean bao b\u00ec s\u1ea3n ph\u1ea9m<\/p>\n<p class=\"QN2lPu\">H\u1ea1n s\u1eed d\u1ee5ng: 3 n\u0103m k\u1ec3 t\u1eeb ng\u00e0y s\u1ea3n xu\u1ea5t<\/p>\n<p class=\"QN2lPu\">Dung t\u00edch: 690g<\/p>\n<p class=\"QN2lPu\">M\u00f9i h\u01b0\u01a1ng: h\u01b0\u01a1ng chanh thanh m\u00e1t<\/p>\n<p class=\"QN2lPu\">\n<p class=\"QN2lPu\">#Sunlight#kemtay#kemtaySunlight#laubep#vetban#giset#sachse#sangbong#Sunlightsangbong#huongchanh#Sunlighthuongchanh#sunlight#kemtaychuyendung#nhabep#laubepsangbong#<\/p>\n<\/div>\n","protected":false},"excerpt":{"rendered":"<p>KEM T\u1ea8Y CHUY\u00caN D\u1ee4NG SUNLIGHT &#8211; T\u1ea8Y S\u1ea0CH V\u1ebeT B\u1ea8N C\u1ee8NG \u0110\u1ea6U &#8211; S\u1ea0CH S\u00c1NG PHI\u00caN B\u1ea2N N\u00c2NG C\u1ea4P T\u1eea CIF KEM T\u1ea8Y C\u00f3 &#8220;tr\u1ee3 th\u1ee7&#8221; Kem T\u1ea9y Chuy\u00ean D\u1ee5ng Sunlight s\u1ebd gi\u00fap vi\u1ec7c t\u1ea9y r\u1eeda, \u0111\u1eb7c bi\u1ec7t l\u00e0 lau b\u1ebfp tr\u1edf n\u00ean d\u1ec5 d\u00e0ng v\u00e0 nhanh ch\u00f3ng. K\u1ec3 c\u1ea3 nhi\u1ec1u lo\u1ea1i v\u1ebft b\u1ea9n kh\u00f3&#8230;<\/p>\n","protected":false},"featured_media":14056,"comment_status":"open","ping_status":"closed","template":"","meta":[],"product_brand":[],"product_cat":[1221],"product_tag":[],"class_list":{"0":"post-14002","1":"product","2":"type-product","3":"status-publish","4":"has-post-thumbnail","6":"product_cat-nuoc-lau-bep","8":"first","9":"instock","10":"shipping-taxable","11":"purchasable","12":"product-type-simple"},"_links":{"self":[{"href":"https:\/\/web-ban-le.mbws.vn\/giat-giu-cham-soc-nha-cua\/wp-json\/wp\/v2\/product\/14002","targetHints":{"allow":["GET"]}}],"collection":[{"href":"https:\/\/web-ban-le.mbws.vn\/giat-giu-cham-soc-nha-cua\/wp-json\/wp\/v2\/product"}],"about":[{"href":"https:\/\/web-ban-le.mbws.vn\/giat-giu-cham-soc-nha-cua\/wp-json\/wp\/v2\/types\/product"}],"replies":[{"embeddable":true,"href":"https:\/\/web-ban-le.mbws.vn\/giat-giu-cham-soc-nha-cua\/wp-json\/wp\/v2\/comments?post=14002"}],"wp:featuredmedia":[{"embeddable":true,"href":"https:\/\/web-ban-le.mbws.vn\/giat-giu-cham-soc-nha-cua\/wp-json\/wp\/v2\/media\/14056"}],"wp:attachment":[{"href":"https:\/\/web-ban-le.mbws.vn\/giat-giu-cham-soc-nha-cua\/wp-json\/wp\/v2\/media?parent=14002"}],"wp:term":[{"taxonomy":"product_brand","embeddable":true,"href":"https:\/\/web-ban-le.mbws.vn\/giat-giu-cham-soc-nha-cua\/wp-json\/wp\/v2\/product_brand?post=14002"},{"taxonomy":"product_cat","embeddable":true,"href":"https:\/\/web-ban-le.mbws.vn\/giat-giu-cham-soc-nha-cua\/wp-json\/wp\/v2\/product_cat?post=14002"},{"taxonomy":"product_tag","embeddable":true,"href":"https:\/\/web-ban-le.mbws.vn\/giat-giu-cham-soc-nha-cua\/wp-json\/wp\/v2\/product_tag?post=14002"}],"curies":[{"name":"wp","href":"https:\/\/api.w.org\/{rel}","templated":true}]}}