{"id":14065,"date":"2025-10-27T09:41:53","date_gmt":"2025-10-27T02:41:53","guid":{"rendered":"https:\/\/web-ban-le.mbws.vn\/giat-giu-cham-soc-nha-cua\/?post_type=product&#038;p=14065"},"modified":"2025-10-27T09:42:55","modified_gmt":"2025-10-27T02:42:55","slug":"combo-2-nuoc-tay-bon-cau-va-nha-ve-sinh-vim-trang-sang-sach-thom-diu-mat-voi-huong-chanh-sa-va-huong-lavender-870ml","status":"publish","type":"product","link":"https:\/\/web-ban-le.mbws.vn\/giat-giu-cham-soc-nha-cua\/san-pham\/combo-2-nuoc-tay-bon-cau-va-nha-ve-sinh-vim-trang-sang-sach-thom-diu-mat-voi-huong-chanh-sa-va-huong-lavender-870ml\/","title":{"rendered":"Combo 2 N\u01b0\u1edbc T\u1ea9y B\u1ed3n C\u1ea7u v\u00e0 Nh\u00e0 V\u1ec7 Sinh Vim Tr\u1eafng S\u00e1ng | S\u1ea1ch Th\u01a1m D\u1ecbu M\u00e1t V\u1edbi H\u01b0\u01a1ng Chanh S\u1ea3 v\u00e0 H\u01b0\u01a1ng Lavender (870ml)"},"content":{"rendered":"<div class=\"e8lZp3\">\n<p class=\"QN2lPu\">GEL T\u1ea8Y R\u1eecA B\u1ed2N C\u1ea6U V\u00c0 NH\u00c0 V\u1ec6 SINH VIM TR\u1eaeNG S\u00c1NG (870ml)<\/p>\n<p class=\"QN2lPu\">\n<p class=\"QN2lPu\">S\u1ea0CH V\u1ebeT \u1ed0 V\u00c0NG NHANH X5 L\u1ea6N, TH\u01a0M D\u1ecaU M\u00c1T<\/p>\n<p class=\"QN2lPu\">\u2022 T\u1ea9y r\u1eeda hi\u1ec7u qu\u1ea3 c\u00e1c m\u1ea3ng b\u00e1m \u1ed1 v\u00e0ng nhanh X5 l\u1ea7n so v\u1edbi b\u1ed9t gi\u1eb7t, kh\u00f4ng g\u00e2y h\u01b0 h\u1ea1i b\u1ec1 m\u1eb7t b\u1ed3n c\u1ea7u.<\/p>\n<p class=\"QN2lPu\">\u2022 C\u00f4ng th\u1ee9c di\u1ec7t 99,99% vi khu\u1ea9n \u0111\u01b0\u1ee3c ki\u1ec3m nghi\u1ec7m v\u00e0 ch\u1ee9ng nh\u1eadn \u0111\u1ecbnh k\u00ec t\u1ea1i vi\u1ec7n Pasteur th\u00e0nh ph\u1ed1 H\u1ed3 Ch\u00ed Minh.<\/p>\n<p class=\"QN2lPu\">\u2022 C\u00f4ng ngh\u1ec7 M\u00e0ng Ch\u1eafn B\u1ea9n Th\u00f4ng Minh, gi\u00fap duy tr\u00ec \u0111\u1ed9 tr\u1eafng s\u00e1ng v\u00e0 h\u1ea1n ch\u1ebf vi khu\u1ea9n b\u00e1m l\u00ean b\u1ec1 m\u1eb7t. <\/p>\n<p class=\"QN2lPu\">\u2022 M\u00f9i th\u01a1m chanh s\u1ea3 d\u1ecbu nh\u1eb9 mang l\u1ea1i tr\u1ea3i nghi\u1ec7m tho\u1ea3i m\u00e1i, d\u1ec5 ch\u1ecbu.<\/p>\n<p class=\"QN2lPu\">\u2022 S\u1eed d\u1ee5ng \u0111\u01b0\u1ee3c cho c\u1ea3 toilet v\u00e0 nh\u00e0 t\u1eafm. <\/p>\n<p class=\"QN2lPu\">N\u01a1i s\u1ea3n xu\u1ea5t: Vi\u1ec7t Nam<\/p>\n<p class=\"QN2lPu\">Ng\u00e0y s\u1ea3n xu\u1ea5t: Xem tr\u00ean bao b\u00ec s\u1ea3n ph\u1ea9m<\/p>\n<p class=\"QN2lPu\">H\u1ea1n s\u1eed d\u1ee5ng: 18 th\u00e1ng k\u1ec3 t\u1eeb ng\u00e0y s\u1ea3n xu\u1ea5t<\/p>\n<p class=\"QN2lPu\">Th\u00e0nh ph\u1ea7n: Xem tr\u00ean bao b\u00ec s\u1ea3n ph\u1ea9m<\/p>\n<p class=\"QN2lPu\">H\u01b0\u1edbng d\u1eabn b\u1ea3o qu\u1ea3n: N\u01a1i tho\u00e1ng m\u00e1t, tr\u00e1nh \u00e1nh n\u1eafng tr\u1ef1c ti\u1ebfp<\/p>\n<p class=\"QN2lPu\">\n<p class=\"QN2lPu\">Tag: N\u01b0\u1edbc t\u1ea9y b\u1ed3n c\u1ea7u, nuoc tay bon cau, t\u1ea9y b\u1ed3n c\u1ea7u, tay bon cau, dung d\u1ecbch v\u1ec7 sinh b\u1ed3n c\u1ea7u, vien ve sinh bon cau, v\u1ec7 sinh nh\u00e0 t\u1eafm, ve sinh nha tam, di\u1ec7t khu\u1ea9n, diet khuan, t\u1ea9y b\u1ed3n c\u1ea7u vim, t\u1ea9y b\u1ed3n c\u1ea7u vim<\/p>\n<\/div>\n","protected":false},"excerpt":{"rendered":"<p>GEL T\u1ea8Y R\u1eecA B\u1ed2N C\u1ea6U V\u00c0 NH\u00c0 V\u1ec6 SINH VIM TR\u1eaeNG S\u00c1NG (870ml) S\u1ea0CH V\u1ebeT \u1ed0 V\u00c0NG NHANH X5 L\u1ea6N, TH\u01a0M D\u1ecaU M\u00c1T \u2022 T\u1ea9y r\u1eeda hi\u1ec7u qu\u1ea3 c\u00e1c m\u1ea3ng b\u00e1m \u1ed1 v\u00e0ng nhanh X5 l\u1ea7n so v\u1edbi b\u1ed9t gi\u1eb7t, kh\u00f4ng g\u00e2y h\u01b0 h\u1ea1i b\u1ec1 m\u1eb7t b\u1ed3n c\u1ea7u. \u2022 C\u00f4ng th\u1ee9c di\u1ec7t 99,99% vi khu\u1ea9n&#8230;<\/p>\n","protected":false},"featured_media":14137,"comment_status":"open","ping_status":"closed","template":"","meta":[],"product_brand":[],"product_cat":[1222],"product_tag":[],"class_list":{"0":"post-14065","1":"product","2":"type-product","3":"status-publish","4":"has-post-thumbnail","6":"product_cat-chat-tay-va-khu-mui-bon-cau","8":"first","9":"instock","10":"sale","11":"shipping-taxable","12":"purchasable","13":"product-type-variable"},"_links":{"self":[{"href":"https:\/\/web-ban-le.mbws.vn\/giat-giu-cham-soc-nha-cua\/wp-json\/wp\/v2\/product\/14065","targetHints":{"allow":["GET"]}}],"collection":[{"href":"https:\/\/web-ban-le.mbws.vn\/giat-giu-cham-soc-nha-cua\/wp-json\/wp\/v2\/product"}],"about":[{"href":"https:\/\/web-ban-le.mbws.vn\/giat-giu-cham-soc-nha-cua\/wp-json\/wp\/v2\/types\/product"}],"replies":[{"embeddable":true,"href":"https:\/\/web-ban-le.mbws.vn\/giat-giu-cham-soc-nha-cua\/wp-json\/wp\/v2\/comments?post=14065"}],"wp:featuredmedia":[{"embeddable":true,"href":"https:\/\/web-ban-le.mbws.vn\/giat-giu-cham-soc-nha-cua\/wp-json\/wp\/v2\/media\/14137"}],"wp:attachment":[{"href":"https:\/\/web-ban-le.mbws.vn\/giat-giu-cham-soc-nha-cua\/wp-json\/wp\/v2\/media?parent=14065"}],"wp:term":[{"taxonomy":"product_brand","embeddable":true,"href":"https:\/\/web-ban-le.mbws.vn\/giat-giu-cham-soc-nha-cua\/wp-json\/wp\/v2\/product_brand?post=14065"},{"taxonomy":"product_cat","embeddable":true,"href":"https:\/\/web-ban-le.mbws.vn\/giat-giu-cham-soc-nha-cua\/wp-json\/wp\/v2\/product_cat?post=14065"},{"taxonomy":"product_tag","embeddable":true,"href":"https:\/\/web-ban-le.mbws.vn\/giat-giu-cham-soc-nha-cua\/wp-json\/wp\/v2\/product_tag?post=14065"}],"curies":[{"name":"wp","href":"https:\/\/api.w.org\/{rel}","templated":true}]}}