{"id":14098,"date":"2025-10-27T09:42:14","date_gmt":"2025-10-27T02:42:14","guid":{"rendered":"https:\/\/web-ban-le.mbws.vn\/giat-giu-cham-soc-nha-cua\/?post_type=product&#038;p=14098"},"modified":"2025-10-27T09:43:17","modified_gmt":"2025-10-27T02:43:17","slug":"nuoc-xa-vai-comfort-huong-nuoc-hoa-100-gio-luu-huong-comfort-thien-nhien-thanh-khiet-tui-3l-3-1l-3-7l","status":"publish","type":"product","link":"https:\/\/web-ban-le.mbws.vn\/giat-giu-cham-soc-nha-cua\/san-pham\/nuoc-xa-vai-comfort-huong-nuoc-hoa-100-gio-luu-huong-comfort-thien-nhien-thanh-khiet-tui-3l-3-1l-3-7l\/","title":{"rendered":"N\u01b0\u1edbc X\u1ea3 V\u1ea3i Comfort H\u01b0\u01a1ng N\u01b0\u1edbc Hoa 100 Gi\u1edd L\u01b0u H\u01b0\u01a1ng &#038; Comfort Thi\u00ean Nhi\u00ean Thanh Khi\u1ebft T\u00fai 3L\/ 3.1L\/3.7L"},"content":{"rendered":"<div class=\"e8lZp3\">\n<p class=\"QN2lPu\">RA M\u1eaeT N\u01af\u1edaC X\u1ea2 COMFORT THI\u00caN NHI\u00caN THANH KHI\u1ebeT M\u1edaI<\/p>\n<p class=\"QN2lPu\">\n<p class=\"QN2lPu\">N\u01b0\u1edbc x\u1ea3 l\u00e0m m\u1ec1m v\u1ea3i Comfort Thi\u00ean Nhi\u00ean Thanh Khi\u1ebft ch\u00ednh l\u00e0 l\u1ef1a ch\u1ecdn ho\u00e0n h\u1ea3o cho nh\u1eefng ai y\u00eau th\u00edch h\u01b0\u01a1ng th\u01a1m nh\u1eb9 nh\u00e0ng, thanh d\u1ecbu v\u00e0 kh\u00f4ng n\u1ed3ng g\u1eaft tr\u00ean \u00e1o qu\u1ea7n. V\u1edbi tinh d\u1ea7u n\u01b0\u1edbc hoa 100% thi\u00ean nhi\u00ean* \u0111\u01b0\u1ee3c ch\u01b0ng c\u1ea5t t\u1ec9 m\u1ec9, Comfort mang \u0111\u1ebfn h\u01b0\u01a1ng th\u01a1m l\u1ea5y c\u1ea3m h\u1ee9ng t\u1eeb hoa t\u01b0\u01a1i v\u00e0 tr\u00e1i c\u00e2y m\u1ecdng n\u01b0\u1edbc, t\u1ecfa h\u01b0\u01a1ng t\u01b0\u01a1i m\u00e1t trong l\u00e0nh, kh\u00f4ng n\u1ed3ng g\u1eaft v\u00e0 b\u1ec1n l\u00e2u tr\u00ean qu\u1ea7n \u00e1o su\u1ed1t 100 gi\u1edd^.<\/p>\n<p class=\"QN2lPu\">\n<p class=\"QN2lPu\">\u01afU \u0110I\u1ec2M N\u1ed4I B\u1eacT:<\/p>\n<p class=\"QN2lPu\">&#8211; H\u01b0\u01a1ng th\u01a1m thi\u00ean nhi\u00ean thanh m\u00e1t, d\u1ecbu nh\u1eb9.<\/p>\n<p class=\"QN2lPu\">&#8211; Tinh d\u1ea7u 100% thi\u00ean nhi\u00ean*, h\u01b0\u01a1ng hoa c\u1ecf v\u00e0 tr\u00e1i c\u00e2y cao c\u1ea5p.<\/p>\n<p class=\"QN2lPu\">&#8211; L\u01b0u h\u01b0\u01a1ng b\u1ebfn l\u00e2u tr\u00ean \u00e1o qu\u1ea7n \u0111\u1ebfn 100 gi\u1edd^.<\/p>\n<p class=\"QN2lPu\">&#8211; C\u00f4ng th\u1ee9c d\u01b0\u1ee1ng m\u1ec1m v\u1ea3i \u01b0u vi\u1ec7t t\u1eeb Comfort.<\/p>\n<p class=\"QN2lPu\">\n<p class=\"QN2lPu\">HI\u1ec6U QU\u1ea2 S\u1eec D\u1ee4NG<\/p>\n<p class=\"QN2lPu\">&#8211; Mang \u0111\u1ebfn cho \u00e1o qu\u1ea7n h\u01b0\u01a1ng th\u01a1m thanh nh\u1eb9 v\u00e0 d\u1ec5 ch\u1ecbu, l\u01b0u h\u01b0\u01a1ng b\u1ec1n l\u00e2u.<\/p>\n<p class=\"QN2lPu\">&#8211; Ch\u0103m s\u00f3c qu\u1ea7n \u00e1o m\u1ec1m m\u1ea1i, gi\u00fap qu\u1ea7n \u00e1o gi\u1eef d\u00e1ng v\u00e0 b\u1ec1n m\u00e0u.<\/p>\n<p class=\"QN2lPu\">\n<p class=\"QN2lPu\">H\u01af\u1edaNG D\u1eaaN S\u1eec D\u1ee4NG<\/p>\n<p class=\"QN2lPu\">GI\u1eb6T TAY:<\/p>\n<p class=\"QN2lPu\">&#8211; D\u00f9ng l\u01b0\u1ee3ng t\u01b0\u01a1ng \u0111\u01b0\u01a1ng 1\/2 n\u1eafp (n\u1eafp 40 ml) cho 10-15 chi\u1ebfc qu\u1ea7n \u00e1o.<\/p>\n<p class=\"QN2lPu\">&#8211; H\u00f2a Comfort Thi\u00ean Nhi\u00ean Thanh Khi\u1ebft v\u00e0o n\u01b0\u1edbc x\u1ea3 cu\u1ed1i, \u0111\u1ea3m b\u1ea3o l\u01b0\u1ee3ng n\u01b0\u1edbc \u0111\u1ee7 ng\u1eadp h\u1ebft qu\u1ea7n \u00e1o.<\/p>\n<p class=\"QN2lPu\">&#8211; Ng\u00e2m qu\u1ea7n \u00e1o 10-15 ph\u00fat. Sau \u0111\u00f3 v\u1eaft v\u00e0 ph\u01a1i kh\u00f4.<\/p>\n<p class=\"QN2lPu\">\n<p class=\"QN2lPu\">GI\u1eb6T M\u00c1Y:<\/p>\n<p class=\"QN2lPu\">&#8211; \u0110\u1ed5 Comfort Thi\u00ean Nhi\u00ean Thanh Khi\u1ebft v\u00e0o ng\u0103n ch\u1ee9a n\u01b0\u1edbc x\u1ea3 v\u1ea3i.<\/p>\n<p class=\"QN2lPu\">&#8211; D\u00f9ng l\u01b0\u1ee3ng t\u01b0\u01a1ng \u0111\u01b0\u01a1ng 1 n\u1eafp (n\u1eafp 40 ml) cho m\u1ed9t l\u1ea7n gi\u1eb7t th\u00f4ng th\u01b0\u1eddng.<\/p>\n<p class=\"QN2lPu\">&#8211; \u0110i\u1ec1u ch\u1ec9nh l\u01b0\u1ee3ng d\u00f9ng t\u00f9y v\u00e0o s\u1ed1 l\u01b0\u1ee3ng v\u00e0 ch\u1ea5t li\u1ec7u qu\u1ea7n \u00e1o.<\/p>\n<p class=\"QN2lPu\">\n<p class=\"QN2lPu\">TH\u00d4NG TIN CHI TI\u1ebeT<\/p>\n<p class=\"QN2lPu\">&#8211; Dung t\u00edch: t\u00fai 3L\/ 3.1L\/3.7L<\/p>\n<p class=\"QN2lPu\">&#8211; Xu\u1ea5t x\u1ee9: s\u1ea3n xu\u1ea5t t\u1ea1i Vi\u1ec7t Nam<\/p>\n<p class=\"QN2lPu\">&#8211; Ng\u00e0y s\u1ea3n xu\u1ea5t: Xem tr\u00ean bao b\u00ec s\u1ea3n ph\u1ea9m<\/p>\n<p class=\"QN2lPu\">&#8211; H\u1ea1n s\u1eed d\u1ee5ng: 3 n\u0103m k\u1ec3 t\u1eeb ng\u00e0y s\u1ea3n xu\u1ea5t<\/p>\n<p class=\"QN2lPu\">&#8211; Th\u00e0nh ph\u1ea7n: Xem tr\u00ean bao b\u00ec s\u1ea3n ph\u1ea9m<\/p>\n<p class=\"QN2lPu\">&#8211; H\u01b0\u1edbng d\u1eabn b\u1ea3o qu\u1ea3n: N\u01a1i tho\u00e1ng m\u00e1t, tr\u00e1nh \u00e1nh n\u1eafng tr\u1ef1c ti\u1ebfp<\/p>\n<p class=\"QN2lPu\">\n<p class=\"QN2lPu\">* Tinh d\u1ea7u B\u1ea1ch \u0110\u00e0n \/ tinh d\u1ea7u Phong L\u1eef v\u00e0 tinh d\u1ea7u Cam trong ch\u1ea5t th\u01a1m.<\/p>\n<p class=\"QN2lPu\">\n<p class=\"QN2lPu\">^ D\u1ef1a tr\u00ean k\u1ebft qu\u1ea3 \u0111\u00e1nh gi\u00e1 n\u1ed9i b\u1ed9 tr\u00ean v\u1ea3i trong \u0111i\u1ec1u ki\u1ec7n th\u00ed nghi\u1ec7m. K\u1ebft qu\u1ea3 th\u1ef1c t\u1ebf c\u00f3 thay \u0111\u1ed5i.<\/p>\n<p class=\"QN2lPu\">\n<p class=\"QN2lPu\">Tag:<\/p>\n<p class=\"QN2lPu\">n\u01b0\u1edbc x\u1ea3, nuoc xa, n\u01b0\u1edbc x\u1ea3 qu\u1ea7n \u00e1o, nuoc xa quan ao, n\u01b0\u1edbc x\u1ea3 v\u1ea3i, nuoc xa vai, n\u01b0\u1edbc x\u1ea3 Comfort, nuoc xa Comfort, n\u01b0\u1edbc x\u1ea3 v\u1ea3i Comfort, nuoc xa vai Comfort, n\u01b0\u1edbc x\u1ea3 Comfort thi\u00ean nhi\u00ean, nuoc xa Comfort thien nhien, n\u01b0\u1edbc x\u1ea3 Comfort h\u01b0\u01a1ng tr\u00e1i c\u00e2y, nuoc xa Comfort huong trai cay, n\u01b0\u1edbc x\u1ea3 th\u01a1m d\u1ec5 ch\u1ecbu, nuoc xa thom de chiu, n\u01b0\u1edbc x\u1ea3 th\u01a1m l\u00e2u, nuoc xa thom lau, n\u01b0\u1edbc x\u1ea3 l\u01b0u h\u01b0\u01a1ng d\u00e0i l\u00e2u, nuoc xa luu huong dai lau, Comfort, Comfort thi\u00ean nhi\u00ean, Comfort thien nhien, n\u01b0\u1edbc x\u1ea3 Comfort thi\u00ean nhi\u00ean, nuoc xa Comfort thien nhien.<\/p>\n<\/div>\n","protected":false},"excerpt":{"rendered":"<p>RA M\u1eaeT N\u01af\u1edaC X\u1ea2 COMFORT THI\u00caN NHI\u00caN THANH KHI\u1ebeT M\u1edaI N\u01b0\u1edbc x\u1ea3 l\u00e0m m\u1ec1m v\u1ea3i Comfort Thi\u00ean Nhi\u00ean Thanh Khi\u1ebft ch\u00ednh l\u00e0 l\u1ef1a ch\u1ecdn ho\u00e0n h\u1ea3o cho nh\u1eefng ai y\u00eau th\u00edch h\u01b0\u01a1ng th\u01a1m nh\u1eb9 nh\u00e0ng, thanh d\u1ecbu v\u00e0 kh\u00f4ng n\u1ed3ng g\u1eaft tr\u00ean \u00e1o qu\u1ea7n. V\u1edbi tinh d\u1ea7u n\u01b0\u1edbc hoa 100% thi\u00ean nhi\u00ean* \u0111\u01b0\u1ee3c ch\u01b0ng c\u1ea5t&#8230;<\/p>\n","protected":false},"featured_media":14161,"comment_status":"open","ping_status":"closed","template":"","meta":[],"product_brand":[],"product_cat":[1224],"product_tag":[],"class_list":{"0":"post-14098","1":"product","2":"type-product","3":"status-publish","4":"has-post-thumbnail","6":"product_cat-chat-lam-mem-quan-ao","8":"first","9":"instock","10":"sale","11":"shipping-taxable","12":"purchasable","13":"product-type-variable"},"_links":{"self":[{"href":"https:\/\/web-ban-le.mbws.vn\/giat-giu-cham-soc-nha-cua\/wp-json\/wp\/v2\/product\/14098","targetHints":{"allow":["GET"]}}],"collection":[{"href":"https:\/\/web-ban-le.mbws.vn\/giat-giu-cham-soc-nha-cua\/wp-json\/wp\/v2\/product"}],"about":[{"href":"https:\/\/web-ban-le.mbws.vn\/giat-giu-cham-soc-nha-cua\/wp-json\/wp\/v2\/types\/product"}],"replies":[{"embeddable":true,"href":"https:\/\/web-ban-le.mbws.vn\/giat-giu-cham-soc-nha-cua\/wp-json\/wp\/v2\/comments?post=14098"}],"wp:featuredmedia":[{"embeddable":true,"href":"https:\/\/web-ban-le.mbws.vn\/giat-giu-cham-soc-nha-cua\/wp-json\/wp\/v2\/media\/14161"}],"wp:attachment":[{"href":"https:\/\/web-ban-le.mbws.vn\/giat-giu-cham-soc-nha-cua\/wp-json\/wp\/v2\/media?parent=14098"}],"wp:term":[{"taxonomy":"product_brand","embeddable":true,"href":"https:\/\/web-ban-le.mbws.vn\/giat-giu-cham-soc-nha-cua\/wp-json\/wp\/v2\/product_brand?post=14098"},{"taxonomy":"product_cat","embeddable":true,"href":"https:\/\/web-ban-le.mbws.vn\/giat-giu-cham-soc-nha-cua\/wp-json\/wp\/v2\/product_cat?post=14098"},{"taxonomy":"product_tag","embeddable":true,"href":"https:\/\/web-ban-le.mbws.vn\/giat-giu-cham-soc-nha-cua\/wp-json\/wp\/v2\/product_tag?post=14098"}],"curies":[{"name":"wp","href":"https:\/\/api.w.org\/{rel}","templated":true}]}}