{"id":14099,"date":"2025-10-27T09:42:14","date_gmt":"2025-10-27T02:42:14","guid":{"rendered":"https:\/\/web-ban-le.mbws.vn\/giat-giu-cham-soc-nha-cua\/?post_type=product&#038;p=14099"},"modified":"2025-10-27T09:43:02","modified_gmt":"2025-10-27T02:43:02","slug":"combo-2-nuoc-rua-chen-bat-sunlight-chanh-100-sach-dau-mo-do-nhua-tui-4x3-1kg","status":"publish","type":"product","link":"https:\/\/web-ban-le.mbws.vn\/giat-giu-cham-soc-nha-cua\/san-pham\/combo-2-nuoc-rua-chen-bat-sunlight-chanh-100-sach-dau-mo-do-nhua-tui-4x3-1kg\/","title":{"rendered":"COMBO 2 N\u01b0\u1edbc R\u1eeda Ch\u00e9n B\u00e1t Sunlight Chanh 100 | S\u1ea1ch D\u1ea7u M\u1ee1 \u0110\u1ed3 Nh\u1ef1a | T\u00fai 4&#215;3.1Kg"},"content":{"rendered":"<div class=\"e8lZp3\">\n<p class=\"QN2lPu\">\u0110\u00c1NH BAY D\u1ea6U M\u1ee0 C\u1ee8NG \u0110\u1ea6U, NGAY C\u1ea2 TR\u00caN \u0110\u1ed2 NH\u1ef0A nh\u1edd c\u00f4ng ngh\u1ec7 S\u1ea1ch Si\u00eau T\u1ed1c <\/p>\n<p class=\"QN2lPu\">H\u01af\u1edaNG D\u1eaaN S\u1eec D\u1ee4NG<\/p>\n<p class=\"QN2lPu\">1. \u0110\u1ed5 tr\u1ef1c ti\u1ebfp s\u1ea3n ph\u1ea9m v\u00e0o mi\u1ebfng r\u1eeda ch\u00e9n \u0111\u00e3 \u0111\u01b0\u1ee3c th\u1ea5m n\u01b0\u1edbc. <\/p>\n<p class=\"QN2lPu\">2. B\u00f3p nh\u1eb9 \u0111\u1ec3 t\u1ea1o b\u1ecdt r\u1ed3i r\u1eeda ch\u00e9n. <\/p>\n<p class=\"QN2lPu\">3. Sau \u0111\u00f3 r\u1eeda l\u1ea1i b\u1eb1ng n\u01b0\u1edbc s\u1ea1ch.H\u1ea1n s\u1eed d\u1ee5ng : 3 n\u0103m k\u1ec3 t\u1eeb ng\u00e0y s\u1ea3n xu\u1ea5t<\/p>\n<p class=\"QN2lPu\">\n<p class=\"QN2lPu\">H\u1ea1n s\u1eed d\u1ee5ng : 3 n\u0103m k\u1ec3 t\u1eeb ng\u00e0y s\u1ea3n xu\u1ea5t<\/p>\n<p class=\"QN2lPu\">Xu\u1ea5t x\u1ee9 : Vi\u1ec7t Nam<\/p>\n<p class=\"QN2lPu\">Bao b\u00ec thay \u0111\u1ed5i theo t\u1eebng \u0111\u1ee3t nh\u1eadp h\u00e0ng <\/p>\n<p class=\"QN2lPu\">\n<p class=\"QN2lPu\">#nuocruachen#sunlight#lamsach#khumuitanh#antoandiunhe<\/p>\n<\/div>\n","protected":false},"excerpt":{"rendered":"<p>\u0110\u00c1NH BAY D\u1ea6U M\u1ee0 C\u1ee8NG \u0110\u1ea6U, NGAY C\u1ea2 TR\u00caN \u0110\u1ed2 NH\u1ef0A nh\u1edd c\u00f4ng ngh\u1ec7 S\u1ea1ch Si\u00eau T\u1ed1c H\u01af\u1edaNG D\u1eaaN S\u1eec D\u1ee4NG 1. \u0110\u1ed5 tr\u1ef1c ti\u1ebfp s\u1ea3n ph\u1ea9m v\u00e0o mi\u1ebfng r\u1eeda ch\u00e9n \u0111\u00e3 \u0111\u01b0\u1ee3c th\u1ea5m n\u01b0\u1edbc. 2. B\u00f3p nh\u1eb9 \u0111\u1ec3 t\u1ea1o b\u1ecdt r\u1ed3i r\u1eeda ch\u00e9n. 3. Sau \u0111\u00f3 r\u1eeda l\u1ea1i b\u1eb1ng n\u01b0\u1edbc s\u1ea1ch.H\u1ea1n s\u1eed d\u1ee5ng :&#8230;<\/p>\n","protected":false},"featured_media":14190,"comment_status":"open","ping_status":"closed","template":"","meta":[],"product_brand":[],"product_cat":[1267],"product_tag":[],"class_list":{"0":"post-14099","1":"product","2":"type-product","3":"status-publish","4":"has-post-thumbnail","6":"product_cat-khac-ve-sinh-bat-dia","8":"first","9":"instock","10":"shipping-taxable","11":"purchasable","12":"product-type-simple"},"_links":{"self":[{"href":"https:\/\/web-ban-le.mbws.vn\/giat-giu-cham-soc-nha-cua\/wp-json\/wp\/v2\/product\/14099","targetHints":{"allow":["GET"]}}],"collection":[{"href":"https:\/\/web-ban-le.mbws.vn\/giat-giu-cham-soc-nha-cua\/wp-json\/wp\/v2\/product"}],"about":[{"href":"https:\/\/web-ban-le.mbws.vn\/giat-giu-cham-soc-nha-cua\/wp-json\/wp\/v2\/types\/product"}],"replies":[{"embeddable":true,"href":"https:\/\/web-ban-le.mbws.vn\/giat-giu-cham-soc-nha-cua\/wp-json\/wp\/v2\/comments?post=14099"}],"wp:featuredmedia":[{"embeddable":true,"href":"https:\/\/web-ban-le.mbws.vn\/giat-giu-cham-soc-nha-cua\/wp-json\/wp\/v2\/media\/14190"}],"wp:attachment":[{"href":"https:\/\/web-ban-le.mbws.vn\/giat-giu-cham-soc-nha-cua\/wp-json\/wp\/v2\/media?parent=14099"}],"wp:term":[{"taxonomy":"product_brand","embeddable":true,"href":"https:\/\/web-ban-le.mbws.vn\/giat-giu-cham-soc-nha-cua\/wp-json\/wp\/v2\/product_brand?post=14099"},{"taxonomy":"product_cat","embeddable":true,"href":"https:\/\/web-ban-le.mbws.vn\/giat-giu-cham-soc-nha-cua\/wp-json\/wp\/v2\/product_cat?post=14099"},{"taxonomy":"product_tag","embeddable":true,"href":"https:\/\/web-ban-le.mbws.vn\/giat-giu-cham-soc-nha-cua\/wp-json\/wp\/v2\/product_tag?post=14099"}],"curies":[{"name":"wp","href":"https:\/\/api.w.org\/{rel}","templated":true}]}}