{"id":14100,"date":"2025-10-27T09:42:14","date_gmt":"2025-10-27T02:42:14","guid":{"rendered":"https:\/\/web-ban-le.mbws.vn\/giat-giu-cham-soc-nha-cua\/?post_type=product&#038;p=14100"},"modified":"2025-10-27T09:43:03","modified_gmt":"2025-10-27T02:43:03","slug":"combo-2-nuoc-tay-bon-cau-va-nha-ve-sinh-vim-diet-khuan-diet-999-vi-khuan-880ml","status":"publish","type":"product","link":"https:\/\/web-ban-le.mbws.vn\/giat-giu-cham-soc-nha-cua\/san-pham\/combo-2-nuoc-tay-bon-cau-va-nha-ve-sinh-vim-diet-khuan-diet-999-vi-khuan-880ml\/","title":{"rendered":"Combo 2 N\u01b0\u1edbc T\u1ea9y B\u1ed3n C\u1ea7u v\u00e0 Nh\u00e0 V\u1ec7 Sinh Vim Di\u1ec7t Khu\u1ea9n| Di\u1ec7t 99,9% Vi Khu\u1ea9n (880ml)"},"content":{"rendered":"<div class=\"e8lZp3\">\n<p class=\"QN2lPu\">N\u01af\u1edaC T\u1ea8Y B\u1ed2N C\u1ea6U VIM DI\u1ec6T KHU\u1ea8N (880ML)<\/p>\n<p class=\"QN2lPu\">\n<p class=\"QN2lPu\">DI\u1ec6T 99,9% VI KHU\u1ea8N &amp; VI-R\u00daT TRONG 10 GI\u00c2Y<\/p>\n<p class=\"QN2lPu\">\u2022 C\u00f4ng th\u1ee9c di\u1ec7t khu\u1ea9n ch\u1ee9a Sodium Hypochlorite c\u00f3 kh\u1ea3 n\u0103ng t\u1ea5n c\u00f4ng h\u00f3a h\u1ecdc v\u00e0o protein c\u1ee7a t\u1ebf b\u00e0o vi khu\u1ea9n, ph\u00e1 h\u1ee7y v\u00e0 di\u1ec7t 99,9 % vi khu\u1ea9n g\u00e2y b\u1ec7nh, \u0111\u01b0\u1ee3c ki\u1ec3m nghi\u1ec7m v\u00e0 ch\u1ee9ng nh\u1eadn \u0111\u1ecbnh k\u1ef3 t\u1ea1i vi\u1ec7n Pasteur TP.HCM<\/p>\n<p class=\"QN2lPu\">\u2022 C\u00f3 kh\u1ea3 n\u0103ng di\u1ec7t c\u1ea3 vi-r\u00fat (si\u00eau vi) nh\u01b0 SARS-CoV-2 ch\u1ec9 trong 10 gi\u00e2y, \u0111\u01b0\u1ee3c ph\u00f2ng th\u00ed nghi\u1ec7m Microbac Hoa K\u1ef3 ki\u1ec3m nghi\u1ec7m trong \u0111i\u1ec1u ki\u1ec7n th\u00ed nghi\u1ec7m.<\/p>\n<p class=\"QN2lPu\">\u2022 T\u1ea9y r\u1eeda hi\u1ec7u qu\u1ea3 c\u00e1c m\u1ea3ng b\u00e1m \u1ed1 v\u00e0ng m\u00e0 kh\u00f4ng g\u00e2y h\u01b0 h\u1ea1i b\u1ec1 m\u1eb7t b\u1ed3n c\u1ea7u.<\/p>\n<p class=\"QN2lPu\">\u2022 S\u1eed d\u1ee5ng \u0111\u01b0\u1ee3c cho c\u1ea3 toilet v\u00e0 nh\u00e0 t\u1eafm. <\/p>\n<p class=\"QN2lPu\">N\u01a1i s\u1ea3n xu\u1ea5t: Vi\u1ec7t Nam<\/p>\n<p class=\"QN2lPu\">Ng\u00e0y s\u1ea3n xu\u1ea5t: Xem tr\u00ean bao b\u00ec s\u1ea3n ph\u1ea9m<\/p>\n<p class=\"QN2lPu\">H\u1ea1n s\u1eed d\u1ee5ng: 18 th\u00e1ng k\u1ec3 t\u1eeb ng\u00e0y s\u1ea3n xu\u1ea5t<\/p>\n<p class=\"QN2lPu\">Th\u00e0nh ph\u1ea7n: Xem tr\u00ean bao b\u00ec s\u1ea3n ph\u1ea9m<\/p>\n<p class=\"QN2lPu\">H\u01b0\u1edbng d\u1eabn b\u1ea3o qu\u1ea3n: N\u01a1i tho\u00e1ng m\u00e1t, tr\u00e1nh \u00e1nh n\u1eafng tr\u1ef1c ti\u1ebfp<\/p>\n<p class=\"QN2lPu\">\n<p class=\"QN2lPu\">Tag: N\u01b0\u1edbc t\u1ea9y b\u1ed3n c\u1ea7u, nuoc tay bon cau, t\u1ea9y b\u1ed3n c\u1ea7u, tay bon cau, dung d\u1ecbch v\u1ec7 sinh b\u1ed3n c\u1ea7u, vien ve sinh bon cau, v\u1ec7 sinh nh\u00e0 t\u1eafm, ve sinh nha tam, di\u1ec7t khu\u1ea9n, diet khuan, t\u1ea9y b\u1ed3n c\u1ea7u vim, t\u1ea9y b\u1ed3n c\u1ea7u vim<\/p>\n<\/div>\n","protected":false},"excerpt":{"rendered":"<p>N\u01af\u1edaC T\u1ea8Y B\u1ed2N C\u1ea6U VIM DI\u1ec6T KHU\u1ea8N (880ML) DI\u1ec6T 99,9% VI KHU\u1ea8N &amp; VI-R\u00daT TRONG 10 GI\u00c2Y \u2022 C\u00f4ng th\u1ee9c di\u1ec7t khu\u1ea9n ch\u1ee9a Sodium Hypochlorite c\u00f3 kh\u1ea3 n\u0103ng t\u1ea5n c\u00f4ng h\u00f3a h\u1ecdc v\u00e0o protein c\u1ee7a t\u1ebf b\u00e0o vi khu\u1ea9n, ph\u00e1 h\u1ee7y v\u00e0 di\u1ec7t 99,9 % vi khu\u1ea9n g\u00e2y b\u1ec7nh, \u0111\u01b0\u1ee3c ki\u1ec3m nghi\u1ec7m v\u00e0 ch\u1ee9ng nh\u1eadn&#8230;<\/p>\n","protected":false},"featured_media":14195,"comment_status":"open","ping_status":"closed","template":"","meta":[],"product_brand":[],"product_cat":[1222],"product_tag":[],"class_list":{"0":"post-14100","1":"product","2":"type-product","3":"status-publish","4":"has-post-thumbnail","6":"product_cat-chat-tay-va-khu-mui-bon-cau","8":"first","9":"instock","10":"sale","11":"shipping-taxable","12":"purchasable","13":"product-type-simple"},"_links":{"self":[{"href":"https:\/\/web-ban-le.mbws.vn\/giat-giu-cham-soc-nha-cua\/wp-json\/wp\/v2\/product\/14100","targetHints":{"allow":["GET"]}}],"collection":[{"href":"https:\/\/web-ban-le.mbws.vn\/giat-giu-cham-soc-nha-cua\/wp-json\/wp\/v2\/product"}],"about":[{"href":"https:\/\/web-ban-le.mbws.vn\/giat-giu-cham-soc-nha-cua\/wp-json\/wp\/v2\/types\/product"}],"replies":[{"embeddable":true,"href":"https:\/\/web-ban-le.mbws.vn\/giat-giu-cham-soc-nha-cua\/wp-json\/wp\/v2\/comments?post=14100"}],"wp:featuredmedia":[{"embeddable":true,"href":"https:\/\/web-ban-le.mbws.vn\/giat-giu-cham-soc-nha-cua\/wp-json\/wp\/v2\/media\/14195"}],"wp:attachment":[{"href":"https:\/\/web-ban-le.mbws.vn\/giat-giu-cham-soc-nha-cua\/wp-json\/wp\/v2\/media?parent=14100"}],"wp:term":[{"taxonomy":"product_brand","embeddable":true,"href":"https:\/\/web-ban-le.mbws.vn\/giat-giu-cham-soc-nha-cua\/wp-json\/wp\/v2\/product_brand?post=14100"},{"taxonomy":"product_cat","embeddable":true,"href":"https:\/\/web-ban-le.mbws.vn\/giat-giu-cham-soc-nha-cua\/wp-json\/wp\/v2\/product_cat?post=14100"},{"taxonomy":"product_tag","embeddable":true,"href":"https:\/\/web-ban-le.mbws.vn\/giat-giu-cham-soc-nha-cua\/wp-json\/wp\/v2\/product_tag?post=14100"}],"curies":[{"name":"wp","href":"https:\/\/api.w.org\/{rel}","templated":true}]}}