{"id":14140,"date":"2025-10-27T09:42:34","date_gmt":"2025-10-27T02:42:34","guid":{"rendered":"https:\/\/web-ban-le.mbws.vn\/giat-giu-cham-soc-nha-cua\/?post_type=product&#038;p=14140"},"modified":"2025-10-27T09:43:38","modified_gmt":"2025-10-27T02:43:38","slug":"nuoc-rua-chen-sunlight-bio-care-voi-thanh-phan-tu-100-tu-nhien-chai-3-5kg","status":"publish","type":"product","link":"https:\/\/web-ban-le.mbws.vn\/giat-giu-cham-soc-nha-cua\/san-pham\/nuoc-rua-chen-sunlight-bio-care-voi-thanh-phan-tu-100-tu-nhien-chai-3-5kg\/","title":{"rendered":"N\u01b0\u1edbc r\u1eeda ch\u00e9n Sunlight Bio-care v\u1edbi th\u00e0nh ph\u1ea7n t\u1eeb 100% t\u1ef1 nhi\u00ean Chai 3.5kg"},"content":{"rendered":"<div class=\"e8lZp3\">\n<p class=\"QN2lPu\">\n<div class=\"QN2lPu\">\n<div style=\"position: relative; width: 100%; padding-bottom: 100%;\"><picture class=\"UkIsx8\"><source srcset=\"https:\/\/down-vn.img.susercontent.com\/file\/vn-11134208-7ras8-mdlbmmx4vkq9e7@resize_w875_nl.webp 1x, https:\/\/down-vn.img.susercontent.com\/file\/vn-11134208-7ras8-mdlbmmx4vkq9e7@resize_w1750_nl.webp 2x\" type=\"image\/webp\" class=\"UkIsx8\"><img decoding=\"async\" width=\"875\" loading=\"lazy\" class=\"uXN1L5 lazyload GqYslU\" srcset=\"https:\/\/down-vn.img.susercontent.com\/file\/vn-11134208-7ras8-mdlbmmx4vkq9e7@resize_w875_nl 1x, https:\/\/down-vn.img.susercontent.com\/file\/vn-11134208-7ras8-mdlbmmx4vkq9e7@resize_w1750_nl 2x\" src=\"https:\/\/down-vn.img.susercontent.com\/file\/vn-11134208-7ras8-mdlbmmx4vkq9e7\" height=\"875\"><\/picture><\/div>\n<\/div>\n<p class=\"QN2lPu\">\n<p class=\"QN2lPu\">Sunlight ra m\u1eaft N\u01b0\u1edbc r\u1eeda ch\u00e9n b\u00e1t Sunlight Bio-care M\u1edbi v\u1edbi c\u00f4ng ngh\u1ec7 \u0111\u1ed9c quy\u1ec1n Rhamno Clean ch\u1ee9a 100% ho\u1ea1t ch\u1ea5t l\u00e0m s\u1ea1ch g\u1ed1c th\u1ef1c v\u1eadt. V\u1edbi c\u1ea3i ti\u1ebfn trong c\u00f4ng th\u1ee9c, Sunlight Bio-care M\u1edbi mang \u0111\u1ebfn chu\u1ea9n m\u1ef1c <\/p>\n<p class=\"QN2lPu\">\n<p class=\"QN2lPu\">an to\u00e0n<\/p>\n<p class=\"QN2lPu\">\n<p class=\"QN2lPu\"> m\u1edbi, \u0111\u1ea3m b\u1ea3o <\/p>\n<p class=\"QN2lPu\">\n<p class=\"QN2lPu\">an to\u00e0n<\/p>\n<p class=\"QN2lPu\">\n<p class=\"QN2lPu\"> cho ch\u00e9n d\u0129a tr\u1ebb em v\u00e0 c\u0169ng r\u1ea5t th\u00e2n thi\u1ec7n v\u1edbi m\u00f4i tr\u01b0\u1eddng. Sunlight cam k\u1ebft 0% h\u00f3a ch\u1ea5t \u0111\u1ed9c h\u1ea1i \u0111\u1ebfn g\u1ea7n gia \u0111\u00ecnh b\u1ea1n, \u0111\u1ea3m b\u1ea3o <\/p>\n<p class=\"QN2lPu\">\n<p class=\"QN2lPu\">an to\u00e0n<\/p>\n<p class=\"QN2lPu\">\n<p class=\"QN2lPu\"> &amp; l\u00e0nh t\u00ednh.<\/p>\n<p class=\"QN2lPu\">\n<p class=\"QN2lPu\">C\u00f4ng th\u1ee9c \u0111\u1ed9c quy\u1ec1n:<\/p>\n<p class=\"QN2lPu\">Th\u00e0nh ph\u1ea7n l\u00e0m s\u1ea1ch t\u1eeb \u0111\u01b0\u1eddng thi\u00ean nhi\u00ean l\u00ean men nh\u1edd vi sinh v\u1eadt c\u00f3 l\u1ee3i, 100% ho\u1ea1t ch\u1ea5t g\u1ed1c th\u1ef1c v\u1eadt.<\/p>\n<p class=\"QN2lPu\">0% th\u00e0nh ph\u1ea7n l\u00e0m s\u1ea1ch g\u1ed1c d\u1ea7u m\u1ecf &amp; 0% ph\u1ea9m m\u00e0u &amp; 0% paraben<\/p>\n<p class=\"QN2lPu\">99.7% ph\u00e2n h\u1ee7y sinh h\u1ecdc<\/p>\n<p class=\"QN2lPu\">Bao b\u00ec nh\u1ef1a t\u00e1i sinh (t\u00ednh tr\u00ean lo\u1ea1i bao b\u00ec t\u1eeb chai)<\/p>\n<p class=\"QN2lPu\">3 c\u00f4ng n\u1eb7ng v\u01b0\u1ee3t tr\u1ed9i:<\/p>\n<p class=\"QN2lPu\">&#8211; <\/p>\n<p class=\"QN2lPu\">\n<p class=\"QN2lPu\">An to\u00e0n<\/p>\n<p class=\"QN2lPu\">\n<p class=\"QN2lPu\"> cho ch\u00e9n d\u0129a tr\u1ebb em k\u1ec3 c\u1ea3 ti gi\u1ea3, b\u00ecnh s\u1eefa, ch\u00e9n d\u0129a \u0103n d\u1eb7m, \u0111\u1ed3 ch\u01a1i c\u1ee7a b\u00e9.<\/p>\n<p class=\"QN2lPu\">&#8211; \u0110\u00e1nh bay d\u1ea7u m\u1ee1 c\u1ee9ng \u0111\u1ea7u<\/p>\n<p class=\"QN2lPu\">&#8211; Th\u00e2n thi\u1ec7n v\u1edbi m\u00f4i tr\u01b0\u1eddng<\/p>\n<p class=\"QN2lPu\">\n<p class=\"QN2lPu\">H\u01b0\u1edbng d\u1eabn s\u1eed d\u1ee5ng:<\/p>\n<p class=\"QN2lPu\">B\u01b0\u1edbc 1: \u0110\u1ed5 tr\u1ef1c ti\u1ebfp s\u1ea3n ph\u1ea9m v\u00e0 mi\u1ebfng r\u1eeda ch\u00e9n \u0111\u00e3 \u0111\u01b0\u1ee3c th\u1ea5m n\u01b0\u1edbc.<\/p>\n<p class=\"QN2lPu\">B\u01b0\u1edbc 2: B\u00f3p nh\u1eb9 \u0111\u1ec3 t\u1ea1o b\u1ecdt r\u1ed3i r\u1eeda ch\u00e9n<\/p>\n<p class=\"QN2lPu\">B\u01b0\u1edbc 3: Sau \u0111\u00f3 tr\u00e1ng l\u1ea1i b\u1eb1ng n\u01b0\u1edbc s\u1ea1ch<\/p>\n<p class=\"QN2lPu\">\n<p class=\"QN2lPu\">L\u01b0u \u00fd:<\/p>\n<p class=\"QN2lPu\">Kh\u00f4ng \u0111\u01b0\u1ee3c u\u1ed1ng. \u0110\u1ec3 xa t\u1ea7m tay tr\u1ebb em. N\u1ebfu s\u1ea3n ph\u1ea9m d\u00ednh v\u00e0o m\u1eaft, r\u1eeda s\u1ea1ch b\u1eb1ng n\u01b0\u1edbc. N\u1ebfu nu\u1ed1t ph\u1ea3i, u\u1ed1ng ngay 1 ly n\u01b0\u1edbc ho\u1eb7c s\u1eefa, n\u1ebfu c\u1ea7n th\u00ec \u0111\u1ebfn c\u01a1 s\u1edf y t\u1ebf.<\/p>\n<p class=\"QN2lPu\">B\u1ea3o qu\u1ea3n: L\u01b0u tr\u1eef n\u01a1i tho\u00e1ng m\u00e1t, tr\u00e1nh \u00e1nh n\u1eafng tr\u1ef1c ti\u1ebfp.<\/p>\n<p class=\"QN2lPu\">Xu\u1ea5t x\u1ee9: Vi\u1ec7t Nam<\/p>\n<p class=\"QN2lPu\">HSD: S\u1eed d\u1ee5ng <\/p>\n<p class=\"QN2lPu\">\n<p class=\"QN2lPu\">t\u1ed1t nh\u1ea5t<\/p>\n<p class=\"QN2lPu\">\n<p class=\"QN2lPu\"> trong 3 n\u0103m k\u1ec3 t\u1eeb ng\u00e0y s\u1ea3n xu\u1ea5t in tr\u00ean bao b\u00ec<\/p>\n<p class=\"QN2lPu\">Bao b\u00ec c\u00f3 th\u1ec3 thay \u0111\u1ed5i t\u00f9y \u0111\u1ee3t nh\u1eadp h\u00e0ng.<\/p>\n<\/div>\n","protected":false},"excerpt":{"rendered":"<p>Sunlight ra m\u1eaft N\u01b0\u1edbc r\u1eeda ch\u00e9n b\u00e1t Sunlight Bio-care M\u1edbi v\u1edbi c\u00f4ng ngh\u1ec7 \u0111\u1ed9c quy\u1ec1n Rhamno Clean ch\u1ee9a 100% ho\u1ea1t ch\u1ea5t l\u00e0m s\u1ea1ch g\u1ed1c th\u1ef1c v\u1eadt. V\u1edbi c\u1ea3i ti\u1ebfn trong c\u00f4ng th\u1ee9c, Sunlight Bio-care M\u1edbi mang \u0111\u1ebfn chu\u1ea9n m\u1ef1c an to\u00e0n m\u1edbi, \u0111\u1ea3m b\u1ea3o an to\u00e0n cho ch\u00e9n d\u0129a tr\u1ebb em v\u00e0 c\u0169ng r\u1ea5t th\u00e2n&#8230;<\/p>\n","protected":false},"featured_media":14204,"comment_status":"open","ping_status":"closed","template":"","meta":[],"product_brand":[],"product_cat":[1267],"product_tag":[],"class_list":{"0":"post-14140","1":"product","2":"type-product","3":"status-publish","4":"has-post-thumbnail","6":"product_cat-khac-ve-sinh-bat-dia","8":"first","9":"instock","10":"sale","11":"shipping-taxable","12":"purchasable","13":"product-type-variable"},"_links":{"self":[{"href":"https:\/\/web-ban-le.mbws.vn\/giat-giu-cham-soc-nha-cua\/wp-json\/wp\/v2\/product\/14140","targetHints":{"allow":["GET"]}}],"collection":[{"href":"https:\/\/web-ban-le.mbws.vn\/giat-giu-cham-soc-nha-cua\/wp-json\/wp\/v2\/product"}],"about":[{"href":"https:\/\/web-ban-le.mbws.vn\/giat-giu-cham-soc-nha-cua\/wp-json\/wp\/v2\/types\/product"}],"replies":[{"embeddable":true,"href":"https:\/\/web-ban-le.mbws.vn\/giat-giu-cham-soc-nha-cua\/wp-json\/wp\/v2\/comments?post=14140"}],"wp:featuredmedia":[{"embeddable":true,"href":"https:\/\/web-ban-le.mbws.vn\/giat-giu-cham-soc-nha-cua\/wp-json\/wp\/v2\/media\/14204"}],"wp:attachment":[{"href":"https:\/\/web-ban-le.mbws.vn\/giat-giu-cham-soc-nha-cua\/wp-json\/wp\/v2\/media?parent=14140"}],"wp:term":[{"taxonomy":"product_brand","embeddable":true,"href":"https:\/\/web-ban-le.mbws.vn\/giat-giu-cham-soc-nha-cua\/wp-json\/wp\/v2\/product_brand?post=14140"},{"taxonomy":"product_cat","embeddable":true,"href":"https:\/\/web-ban-le.mbws.vn\/giat-giu-cham-soc-nha-cua\/wp-json\/wp\/v2\/product_cat?post=14140"},{"taxonomy":"product_tag","embeddable":true,"href":"https:\/\/web-ban-le.mbws.vn\/giat-giu-cham-soc-nha-cua\/wp-json\/wp\/v2\/product_tag?post=14140"}],"curies":[{"name":"wp","href":"https:\/\/api.w.org\/{rel}","templated":true}]}}