{"id":14141,"date":"2025-10-27T09:42:35","date_gmt":"2025-10-27T02:42:35","guid":{"rendered":"https:\/\/web-ban-le.mbws.vn\/giat-giu-cham-soc-nha-cua\/?post_type=product&#038;p=14141"},"modified":"2025-10-27T09:43:26","modified_gmt":"2025-10-27T02:43:26","slug":"vien-tha-ve-sinh-bon-cau-vim-sach-khuan-sang-bong-den-1600-lan-xa-4x45g-vi","status":"publish","type":"product","link":"https:\/\/web-ban-le.mbws.vn\/giat-giu-cham-soc-nha-cua\/san-pham\/vien-tha-ve-sinh-bon-cau-vim-sach-khuan-sang-bong-den-1600-lan-xa-4x45g-vi\/","title":{"rendered":"Vi\u00ean Th\u1ea3 V\u1ec7 Sinh B\u1ed3n C\u1ea7u Vim| S\u1ea1ch Khu\u1ea9n, S\u00e1ng B\u00f3ng \u0111\u1ebfn 1600 L\u1ea7n X\u1ea3 (4x45g\/v\u1ec9)"},"content":{"rendered":"<div class=\"e8lZp3\">\n<p class=\"QN2lPu\">&#8220;VI\u00caN TH\u1ea2 V\u1ec6 SINH B\u1ed2N C\u1ea6U VIM \u2013 H\u01af\u01a0NG B\u1ea0C H\u00c0 M\u00c1T L\u1ea0NH<\/p>\n<p class=\"QN2lPu\">S\u1ea0CH KHU\u1ea8N T\u1edaI 1600 L\u1ea6N X\u1ea2<\/p>\n<p class=\"QN2lPu\">Vi\u00ean th\u1ea3 v\u1ec7 sinh b\u1ed3n c\u1ea7u Vim v\u1edbi c\u00f4ng ngh\u1ec7 kh\u1eed m\u00f9i k\u00e9p, gi\u00fap \u0111\u00e1nh bay m\u00f9i h\u00f4i v\u1edbi h\u01b0\u01a1ng b\u1ea1c h\u00e0 m\u00e1t l\u1ea1nh trong m\u1ed7i l\u1ea7n x\u1ea3. S\u1ea3n ph\u1ea9m h\u00f2a tan v\u00e0o d\u00f2ng n\u01b0\u1edbc, hi\u1ec7u qu\u1ea3 s\u1eed d\u1ee5ng l\u00ean \u0111\u1ebfn 400 l\u1ea7n x\u1ea3*, gi\u1eef cho b\u1ed3n c\u1ea7u s\u1ea1ch khu\u1ea9n v\u00e0 s\u00e1ng b\u00f3ng d\u00e0i l\u00e2u.<\/p>\n<p class=\"QN2lPu\">________________________________________<\/p>\n<p class=\"QN2lPu\">\u0110\u1eb6C \u0110I\u1ec2M N\u1ed4I B\u1eacT<\/p>\n<p class=\"QN2lPu\">C\u00f4ng th\u1ee9c c\u1ea3i ti\u1ebfn c\u00f9ng c\u00f4ng ngh\u1ec7 kh\u1eed m\u00f9i k\u00e9p gi\u00fap lo\u1ea1i b\u1ecf m\u00f9i kh\u00f3 ch\u1ecbu, m\u00f9i m\u1ed1c, v\u00e0 mang l\u1ea1i c\u1ea3m gi\u00e1c s\u1ea1ch s\u1ebd, d\u1ec5 ch\u1ecbu cho kh\u00f4ng gian nh\u00e0 v\u1ec7 sinh.<\/p>\n<p class=\"QN2lPu\">________________________________________<\/p>\n<p class=\"QN2lPu\">4 T\u00c1C \u0110\u1ed8NG V\u01af\u1ee2T TR\u1ed8I<\/p>\n<p class=\"QN2lPu\">\u2022        Kh\u1eed m\u00f9i k\u00e9p hi\u1ec7u qu\u1ea3: Lo\u1ea1i b\u1ecf m\u00f9i h\u00f4i v\u00e0 m\u00f9i m\u1ed1c, l\u01b0u l\u1ea1i h\u01b0\u01a1ng b\u1ea1c h\u00e0 t\u01b0\u01a1i m\u00e1t.<\/p>\n<p class=\"QN2lPu\">\u2022        L\u00e0m s\u1ea1ch b\u1ec1 m\u1eb7t b\u1ed3n c\u1ea7u: Ch\u1ee9a ho\u1ea1t ch\u1ea5t l\u00e0m s\u1ea1ch m\u00e0u xanh lam gi\u00fap \u0111\u00e1nh bay c\u00e1c v\u1ebft b\u1ea9n c\u1ee9ng \u0111\u1ea7u, h\u00f2a tan v\u00e0o n\u01b0\u1edbc<\/p>\n<p class=\"QN2lPu\">\u2022        S\u1ea1ch khu\u1ea9n: Lo\u1ea1i b\u1ecf vi khu\u1ea9n \u0111\u1ea1i di\u1ec7n nh\u01b0 E.coli v\u00e0 S.aureus*.<\/p>\n<p class=\"QN2lPu\">\u2022        S\u1eed d\u1ee5ng \u0111\u1ebfn 400 l\u1ea7n x\u1ea3*: H\u00f2a tan t\u1eeb t\u1eeb, ti\u1ebft ki\u1ec7m v\u00e0 hi\u1ec7u qu\u1ea3 l\u00e2u d\u00e0i.<\/p>\n<p class=\"QN2lPu\">________________________________________<\/p>\n<p class=\"QN2lPu\">H\u01af\u1edaNG D\u1eaaN S\u1eec D\u1ee4NG<\/p>\n<p class=\"QN2lPu\">\u2022        B\u01b0\u1edbc 1: X\u00e9 b\u1ecf n\u1eafp nh\u1ef1a b\u00ean ngo\u00e0i \u0111\u1ec3 l\u1ea5y vi\u00ean th\u1ea3 v\u1ec7 sinh b\u1ed3n c\u1ea7u. KH\u00d4NG x\u00e9 b\u1ecf m\u00e0ng bao v\u00ec \u0111\u00e2y l\u00e0 m\u00e0ng t\u1ef1 tan trong n\u01b0\u1edbc.<\/p>\n<p class=\"QN2lPu\">\u2022        B\u01b0\u1edbc 2: \u0110\u1eb7t vi\u00ean th\u1ea3 v\u00e0o k\u00e9t n\u01b0\u1edbc b\u1ed3n c\u1ea7u, v\u1ecb tr\u00ed s\u00e1t th\u00e0nh b\u1ed3n ho\u1eb7c d\u01b0\u1edbi phao \u0111\u1ec3 k\u00e9o d\u00e0i th\u1eddi gian s\u1eed d\u1ee5ng.<\/p>\n<p class=\"QN2lPu\">\u2022        B\u01b0\u1edbc 3: Trong l\u1ea7n \u0111\u1ea7u s\u1eed d\u1ee5ng, ch\u1edd kho\u1ea3ng 10 ph\u00fat tr\u01b0\u1edbc khi x\u1ea3 n\u01b0\u1edbc.<\/p>\n<p class=\"QN2lPu\">\u2022        B\u01b0\u1edbc 4: Khi m\u00e0u xanh c\u1ee7a n\u01b0\u1edbc x\u1ea3 nh\u1ea1t d\u1ea7n, thay vi\u00ean m\u1edbi \u0111\u1ec3 duy tr\u00ec hi\u1ec7u qu\u1ea3 v\u1ec7 sinh.<\/p>\n<p class=\"QN2lPu\">________________________________________<\/p>\n<p class=\"QN2lPu\">TH\u00d4NG TIN KH\u00c1C<\/p>\n<p class=\"QN2lPu\">\u2022        Tr\u1ecdng l\u01b0\u1ee3ng: 4 vi\u00ean x 45g\/ vi\u00ean<\/p>\n<p class=\"QN2lPu\">\u2022        Th\u00e0nh ph\u1ea7n ch\u00ednh: Sodium Alkylbenzene Sulfonate, Benzalkonium Chloride, Sodium Bicarbonate,\u2026<\/p>\n<p class=\"QN2lPu\">\u2022        Nh\u1eadp kh\u1ea9u b\u1edfi: C\u00f4ng ty TNHH Qu\u1ed1c t\u1ebf Unilever Vi\u1ec7t Nam<\/p>\n<p class=\"QN2lPu\">\u2022        S\u1ea3n xu\u1ea5t t\u1ea1i: Trung Qu\u1ed1c<\/p>\n<p class=\"QN2lPu\">\u2022        Xu\u1ea5t x\u1ee9: Trung Qu\u1ed1c<\/p>\n<p class=\"QN2lPu\">\u2022        H\u1ea1n s\u1eed d\u1ee5ng: 2 n\u0103m k\u1ec3 t\u1eeb ng\u00e0y s\u1ea3n xu\u1ea5t<\/p>\n<p class=\"QN2lPu\">\u2022        Ng\u00e0y s\u1ea3n xu\u1ea5t: Xem tr\u00ean bao b\u00ec s\u1ea3n ph\u1ea9m<\/p>\n<p class=\"QN2lPu\">\u2022        T\u01b0 v\u1ea5n kh\u00e1ch h\u00e0ng: 028-38236651 | Zalo: Unilever Ch\u0103m S\u00f3c Kh\u00e1ch H\u00e0ng<\/p>\n<p class=\"QN2lPu\">________________________________________<\/p>\n<p class=\"QN2lPu\">L\u01afU \u00dd<\/p>\n<p class=\"QN2lPu\">\u2022        \u0110\u1ec3 xa t\u1ea7m tay tr\u1ebb em v\u00e0 v\u1eadt nu\u00f4i. Tr\u00e1nh ti\u1ebfp x\u00fac v\u1edbi m\u1eaft v\u00e0 da. N\u1ebfu d\u00ednh v\u00e0o m\u1eaft, r\u1eeda ngay v\u1edbi nhi\u1ec1u n\u01b0\u1edbc. N\u1ebfu nu\u1ed1t ph\u1ea3i, kh\u00f4ng c\u1ed1 n\u00f4n m\u00e0 \u0111\u1ebfn c\u01a1 s\u1edf y t\u1ebf ngay v\u00e0 mang theo bao b\u00ec.<\/p>\n<p class=\"QN2lPu\">\u2022        B\u1ea3o qu\u1ea3n n\u01a1i kh\u00f4 r\u00e1o, tr\u00e1nh \u00e1nh n\u1eafng tr\u1ef1c ti\u1ebfp v\u00e0 n\u01a1i \u1ea9m \u01b0\u1edbt. Kh\u00f4ng m\u1edf bao b\u00ec khi ch\u01b0a s\u1eed d\u1ee5ng.<\/p>\n<p class=\"QN2lPu\">________________________________________<\/p>\n<p class=\"QN2lPu\">*D\u1ef1a tr\u00ean k\u1ebft qu\u1ea3 n\u1ed9i b\u1ed9 trong \u0111i\u1ec1u ki\u1ec7n th\u00ed nghi\u1ec7m, m\u1ed9t vi\u00ean c\u00f3 th\u1ec3 d\u00f9ng \u0111\u1ebfn 400 l\u1ea7n x\u1ea3. S\u1ed1 l\u1ea7n th\u1ef1c t\u1ebf c\u00f3 th\u1ec3 thay \u0111\u1ed5i t\u00f9y \u0111i\u1ec1u ki\u1ec7n s\u1eed d\u1ee5ng.<\/p>\n<p class=\"QN2lPu\">**\u0110\u00e3 th\u1eed nghi\u1ec7m v\u1edbi vi khu\u1ea9n \u0111\u1ea1i di\u1ec7n E.coli v\u00e0 S.aureus trong \u0111i\u1ec1u ki\u1ec7n ph\u00f2ng th\u00ed nghi\u1ec7m.<\/p>\n<p class=\"QN2lPu\">________________________________________<\/p>\n<p class=\"QN2lPu\">#vi\u00eant\u1ea9yb\u1ed3nc\u1ea7u #vi\u00eantreob\u1ed3nc\u1ea7u #vi\u00eanv\u1ec7sinhb\u1ed3nc\u1ea7u #vimth\u1ea3k\u00e9t #vi\u00eankh\u1eedm\u00f9inhavesinh #vimblock #vimincistern<\/p>\n<p class=\"QN2lPu\">&#8220;<\/p>\n<\/div>\n","protected":false},"excerpt":{"rendered":"<p>&#8220;VI\u00caN TH\u1ea2 V\u1ec6 SINH B\u1ed2N C\u1ea6U VIM \u2013 H\u01af\u01a0NG B\u1ea0C H\u00c0 M\u00c1T L\u1ea0NH S\u1ea0CH KHU\u1ea8N T\u1edaI 1600 L\u1ea6N X\u1ea2 Vi\u00ean th\u1ea3 v\u1ec7 sinh b\u1ed3n c\u1ea7u Vim v\u1edbi c\u00f4ng ngh\u1ec7 kh\u1eed m\u00f9i k\u00e9p, gi\u00fap \u0111\u00e1nh bay m\u00f9i h\u00f4i v\u1edbi h\u01b0\u01a1ng b\u1ea1c h\u00e0 m\u00e1t l\u1ea1nh trong m\u1ed7i l\u1ea7n x\u1ea3. S\u1ea3n ph\u1ea9m h\u00f2a tan v\u00e0o d\u00f2ng n\u01b0\u1edbc, hi\u1ec7u&#8230;<\/p>\n","protected":false},"featured_media":14223,"comment_status":"open","ping_status":"closed","template":"","meta":[],"product_brand":[],"product_cat":[1222],"product_tag":[],"class_list":{"0":"post-14141","1":"product","2":"type-product","3":"status-publish","4":"has-post-thumbnail","6":"product_cat-chat-tay-va-khu-mui-bon-cau","8":"first","9":"instock","10":"shipping-taxable","11":"purchasable","12":"product-type-simple"},"_links":{"self":[{"href":"https:\/\/web-ban-le.mbws.vn\/giat-giu-cham-soc-nha-cua\/wp-json\/wp\/v2\/product\/14141","targetHints":{"allow":["GET"]}}],"collection":[{"href":"https:\/\/web-ban-le.mbws.vn\/giat-giu-cham-soc-nha-cua\/wp-json\/wp\/v2\/product"}],"about":[{"href":"https:\/\/web-ban-le.mbws.vn\/giat-giu-cham-soc-nha-cua\/wp-json\/wp\/v2\/types\/product"}],"replies":[{"embeddable":true,"href":"https:\/\/web-ban-le.mbws.vn\/giat-giu-cham-soc-nha-cua\/wp-json\/wp\/v2\/comments?post=14141"}],"wp:featuredmedia":[{"embeddable":true,"href":"https:\/\/web-ban-le.mbws.vn\/giat-giu-cham-soc-nha-cua\/wp-json\/wp\/v2\/media\/14223"}],"wp:attachment":[{"href":"https:\/\/web-ban-le.mbws.vn\/giat-giu-cham-soc-nha-cua\/wp-json\/wp\/v2\/media?parent=14141"}],"wp:term":[{"taxonomy":"product_brand","embeddable":true,"href":"https:\/\/web-ban-le.mbws.vn\/giat-giu-cham-soc-nha-cua\/wp-json\/wp\/v2\/product_brand?post=14141"},{"taxonomy":"product_cat","embeddable":true,"href":"https:\/\/web-ban-le.mbws.vn\/giat-giu-cham-soc-nha-cua\/wp-json\/wp\/v2\/product_cat?post=14141"},{"taxonomy":"product_tag","embeddable":true,"href":"https:\/\/web-ban-le.mbws.vn\/giat-giu-cham-soc-nha-cua\/wp-json\/wp\/v2\/product_tag?post=14141"}],"curies":[{"name":"wp","href":"https:\/\/api.w.org\/{rel}","templated":true}]}}