{"id":14142,"date":"2025-10-27T09:42:35","date_gmt":"2025-10-27T02:42:35","guid":{"rendered":"https:\/\/web-ban-le.mbws.vn\/giat-giu-cham-soc-nha-cua\/?post_type=product&#038;p=14142"},"modified":"2025-10-27T09:43:30","modified_gmt":"2025-10-27T02:43:30","slug":"bot-tuyet-lau-bep-sunlight-powerfoam-danh-bay-dau-mo-100-tien-loi-trong-5-giay-500ml","status":"publish","type":"product","link":"https:\/\/web-ban-le.mbws.vn\/giat-giu-cham-soc-nha-cua\/san-pham\/bot-tuyet-lau-bep-sunlight-powerfoam-danh-bay-dau-mo-100-tien-loi-trong-5-giay-500ml\/","title":{"rendered":"B\u1ecdt tuy\u1ebft lau b\u1ebfp Sunlight POWERFOAM &#8211; \u0110\u00e1nh bay d\u1ea7u m\u1ee1 100%, ti\u1ec7n l\u1ee3i trong 5 gi\u00e2y | 500ml"},"content":{"rendered":"<div class=\"e8lZp3\">\n<p class=\"QN2lPu\">B\u1eccT TUY\u1ebeT LAU B\u1ebeP SUNLIGHT POWERFOAM &#8211; \u0110\u00c1NH BAY 100% D\u1ea6U M\u1ee0 TI\u1ec6N TRONG 5 GI\u00c2Y<\/p>\n<p class=\"QN2lPu\">\n<p class=\"QN2lPu\">Nhu c\u1ea7u v\u1ec7 sinh c\u00e1c b\u1ec1 m\u1eb7t b\u1ebfp ng\u00e0y c\u00e0ng t\u0103ng cao v\u00ec b\u1ebfp l\u00e0 khu v\u1ef1c n\u1ea5u \u0103n v\u00e0 \u0103n u\u1ed1ng m\u1ed7i ng\u00e0y, c\u1ed9ng h\u01b0\u1edfng v\u1edbi s\u1ef1 gia t\u0103ng c\u00e1c thi\u1ebft b\u1ecb b\u1ebfp nh\u01b0 n\u1ed3i chi\u00ean kh\u00f4ng d\u1ea7u, l\u00f2 vi s\u00f3ng,\u2026 Nh\u01b0ng b\u1ea1n b\u0103n kho\u0103n gi\u1ea3i ph\u00e1p n\u00e0o l\u00e0 hi\u1ec7u qu\u1ea3.<\/p>\n<p class=\"QN2lPu\">N\u1ebfu d\u00f9ng n\u01b0\u1edbc r\u1eeda ch\u00e9n tuy s\u1ea1ch, nh\u01b0ng l\u1ea1i t\u1ed1n c\u00f4ng lau \u0111i lau l\u1ea1i cho h\u1ebft nh\u1eddn r\u00edt, n\u1ebfu d\u00f9ng x\u1ecbt th\u00f4ng th\u01b0\u1eddng tuy ti\u1ec7n nh\u01b0ng l\u1ea1i kh\u00f4ng th\u1ef1c s\u1ef1 lo\u1ea1i b\u1ecf d\u1ea7u m\u1ee1.<\/p>\n<p class=\"QN2lPu\">B\u1ecdt tuy\u1ebft lau b\u1ebfp Sunlight POWERFOAM l\u00e0 s\u1ef1 k\u1ebft h\u1ee3p gi\u1eefa s\u1ee9c m\u1ea1nh v\u01b0\u1ee3t tr\u00f4i c\u1ee7a n\u01b0\u1edbc r\u1eeda ch\u00e9n v\u00e0 s\u1ef1 ti\u1ec7n l\u1ee3i c\u1ee7a x\u1ecbt lau th\u00f4ng th\u01b0\u1eddng.<\/p>\n<p class=\"QN2lPu\">\n<p class=\"QN2lPu\">\u01afU \u0110I\u1ec2M N\u1ed4I B\u1eacT: <\/p>\n<p class=\"QN2lPu\">&#8211; POWERFOAM \u0111\u00e1nh bay d\u1ea7u m\u1ee1 100% ch\u1ec9 trong 5 gi\u00e2y<\/p>\n<p class=\"QN2lPu\">&#8211; D\u1ea1ng b\u1ecdt ti\u1ec7n l\u1ee3i, kh\u00f4ng c\u1ea7n lau \u0111i lau l\u1ea1i<\/p>\n<p class=\"QN2lPu\">&#8211; Ch\u1ee9a th\u00e0nh ph\u1ea7n l\u00e0m s\u1ea1ch 100% ngu\u1ed3n g\u1ed1c thi\u00ean nhi\u00ean<\/p>\n<p class=\"QN2lPu\">&#8211; Hi\u1ec7u qu\u1ea3 v\u00e0 ph\u00f9 h\u1ee3p tr\u00ean c\u00e1c thi\u1ebft b\u1ecb nh\u01b0 b\u1ebfp gas, b\u1ebfp t\u1eeb, l\u00f2 vi s\u00f3ng, l\u00f2 n\u01b0\u1edbng, m\u1eb7t b\u00e0n b\u1ebfp, m\u00e1y h\u00fat kh\u00f3i&#8230; &amp; c\u00e1c b\u1ec1 m\u1eb7t g\u1ea1ch men, inox,&#8230; <\/p>\n<p class=\"QN2lPu\">&#8211; Lau s\u1ea1ch v\u1ebft d\u1ea7u m\u1ee1 ch\u1ec9 v\u1edbi m\u1ed9t l\u1ea7n lau, cho b\u1ec1 m\u1eb7t s\u1ea1ch s\u00e1ng b\u00f3ng, v\u1edbi h\u01b0\u01a1ng chanh d\u1ecbu nh\u1eb9 kh\u1eed m\u00f9i khu v\u1ef1c nh\u00e0 b\u1ebfp.<\/p>\n<p class=\"QN2lPu\">\n<p class=\"QN2lPu\">TH\u00c0NH PH\u1ea6N<\/p>\n<p class=\"QN2lPu\">&#8211; Th\u00e0nh ph\u1ea7n: Amine Oxide; Sodium Hydroxide; Sodium Carbonate; Acrylates copolymer; Tetrasodium Glutamate Diacetate; Phenoxyethanol; Ch\u1ea5t th\u01a1m; N\u01b0\u1edbc<\/p>\n<p class=\"QN2lPu\">\n<p class=\"QN2lPu\">H\u01af\u1edaNG D\u1eaaN S\u1eec D\u1ee4NG:<\/p>\n<p class=\"QN2lPu\">&#8211; B\u01b0\u1edbc 1: Xoay m\u1edf \u0111\u1ea7u v\u00f2i<\/p>\n<p class=\"QN2lPu\">&#8211; B\u01b0\u1edbc 2: X\u1ecbt b\u1ecdt tuy\u1ebft<\/p>\n<p class=\"QN2lPu\">&#8211; B\u01b0\u1edbc 3: Lau v\u1ebft b\u1ea9n b\u1eb1ng kh\u0103n \u1ea9m<\/p>\n<p class=\"QN2lPu\">&#8211; B\u01b0\u1edbc 4: Xoay \u0111\u00f3ng \u0111\u1ea7u v\u00f2i<\/p>\n<p class=\"QN2lPu\">\n<p class=\"QN2lPu\">**\u0110\u1ec3 c\u00f3 k\u1ebft qu\u1ea3 tr\u00ean nh\u1eefng v\u1ebft b\u00e1m c\u1ee9ng \u0111\u1ea7u, n\u00ean ch\u1edd \u00edt ph\u00fat m\u1edbi lau s\u1ea1ch.<\/p>\n<p class=\"QN2lPu\">\n<p class=\"QN2lPu\">L\u01afU \u00dd: <\/p>\n<p class=\"QN2lPu\">&#8211; \u0110\u1ec3 xa th\u1ef1c ph\u1ea9m v\u00e0 t\u1ea7m v\u1edbi c\u1ee7a tr\u1ebb nh\u1ecf v\u00e0 th\u00fa nu\u00f4i. Kh\u00f4ng \u0111\u01b0\u1ee3c u\u1ed1ng. N\u1ebfu nu\u1ed1t ph\u1ea3i, c\u1ea7n \u0111\u1ebfn ngay c\u01a1 s\u1edf y t\u1ebf. Khi \u0111i mang theo s\u1ea3n ph\u1ea9m v\u00e0 nh\u00e3n chai. N\u1ebfu s\u1ea3n ph\u1ea9m ti\u1ebfp x\u00fac v\u1edbi m\u1eaft, c\u1ea7n r\u1eeda ngay b\u1eb1ng n\u01b0\u1edbc s\u1ea1ch. Tr\u00e1nh ti\u1ebfp x\u00fac v\u1edbi v\u00f9ng da nh\u1ea1y c\u1ea3m. Kh\u00f4ng h\u00f2a chung B\u1ecdt tuy\u1ebft lau b\u1ebfp Sunlight v\u1edbi b\u1ea5t k\u1ef3 ch\u1ea5t t\u1ea9y r\u1eeda hay h\u00f3a ch\u1ea5t n\u00e0o kh\u00e1c. N\u00ean th\u1eed s\u1ea3n ph\u1ea9m tr\u00ean di\u1ec7n t\u00edch nh\u1ecf trong l\u1ea7n \u0111\u1ea7u ti\u00ean s\u1eed d\u1ee5ng \u0111\u1ec3 tr\u00e1nh h\u01b0 h\u1ecfng c\u00e1c b\u1ec1 m\u1eb7t \u0111\u1eb7c bi\u1ec7t nh\u1ea1y c\u1ea3m. Kh\u00f4ng s\u1eed d\u1ee5ng s\u1ea3n ph\u1ea9m tr\u00ean b\u1ec1 m\u1eb7t c\u00f2n n\u00f3ng. Lau l\u1ea1i s\u1ea1ch v\u1edbi n\u01b0\u1edbc khi s\u1eed d\u1ee5ng tr\u00ean b\u1ec1 m\u1eb7t \u0111\u00e1 c\u1ea9m th\u1ea1ch, vinyl v\u00e0 nh\u00f4m. B\u1ea3o qu\u1ea3n n\u01a1i kh\u00f4 r\u00e1o, tr\u00e1nh \u00e1nh n\u1eafng tr\u1ef1c ti\u1ebfp.<\/p>\n<p class=\"QN2lPu\">\n<p class=\"QN2lPu\">\n<p class=\"QN2lPu\">TH\u00d4NG TIN CHI TI\u1ebeT<\/p>\n<p class=\"QN2lPu\">&#8211; Dung t\u00edch: 500ml\/chai<\/p>\n<p class=\"QN2lPu\">&#8211; H\u01b0\u01a1ng th\u01a1m: h\u01b0\u01a1ng chanh<\/p>\n<p class=\"QN2lPu\">&#8211; Xu\u1ea5t x\u1ee9 th\u01b0\u01a1ng hi\u1ec7u: Vi\u1ec7t Nam<\/p>\n<p class=\"QN2lPu\">&#8211; N\u01a1i s\u1ea3n xu\u1ea5t: Vi\u1ec7t Nam<\/p>\n<p class=\"QN2lPu\">&#8211; Ng\u00e0y s\u1ea3n xu\u1ea5t: Xem tr\u00ean bao b\u00ec s\u1ea3n ph\u1ea9m <\/p>\n<p class=\"QN2lPu\">&#8211; H\u1ea1n s\u1eed d\u1ee5ng: 3 n\u0103m k\u1ec3 t\u1eeb ng\u00e0y s\u1ea3n xu\u1ea5t<\/p>\n<p class=\"QN2lPu\">&#8211; H\u01b0\u1edbng d\u1eabn b\u1ea3o qu\u1ea3n: N\u01a1i tho\u00e1ng m\u00e1t, tr\u00e1nh \u00e1nh n\u1eafng tr\u1ef1c ti\u1ebfp<\/p>\n<p class=\"QN2lPu\">\n<p class=\"QN2lPu\">#SUNLIGHT#POWERFOAM#bottuyet#bottuyetlaubep#sangbong#huongchanh#danhbaydaumo#khumui#<\/p>\n<\/div>\n","protected":false},"excerpt":{"rendered":"<p>B\u1eccT TUY\u1ebeT LAU B\u1ebeP SUNLIGHT POWERFOAM &#8211; \u0110\u00c1NH BAY 100% D\u1ea6U M\u1ee0 TI\u1ec6N TRONG 5 GI\u00c2Y Nhu c\u1ea7u v\u1ec7 sinh c\u00e1c b\u1ec1 m\u1eb7t b\u1ebfp ng\u00e0y c\u00e0ng t\u0103ng cao v\u00ec b\u1ebfp l\u00e0 khu v\u1ef1c n\u1ea5u \u0103n v\u00e0 \u0103n u\u1ed1ng m\u1ed7i ng\u00e0y, c\u1ed9ng h\u01b0\u1edfng v\u1edbi s\u1ef1 gia t\u0103ng c\u00e1c thi\u1ebft b\u1ecb b\u1ebfp nh\u01b0 n\u1ed3i chi\u00ean kh\u00f4ng d\u1ea7u,&#8230;<\/p>\n","protected":false},"featured_media":14230,"comment_status":"open","ping_status":"closed","template":"","meta":[],"product_brand":[],"product_cat":[1221],"product_tag":[],"class_list":{"0":"post-14142","1":"product","2":"type-product","3":"status-publish","4":"has-post-thumbnail","6":"product_cat-nuoc-lau-bep","8":"first","9":"instock","10":"shipping-taxable","11":"purchasable","12":"product-type-simple"},"_links":{"self":[{"href":"https:\/\/web-ban-le.mbws.vn\/giat-giu-cham-soc-nha-cua\/wp-json\/wp\/v2\/product\/14142","targetHints":{"allow":["GET"]}}],"collection":[{"href":"https:\/\/web-ban-le.mbws.vn\/giat-giu-cham-soc-nha-cua\/wp-json\/wp\/v2\/product"}],"about":[{"href":"https:\/\/web-ban-le.mbws.vn\/giat-giu-cham-soc-nha-cua\/wp-json\/wp\/v2\/types\/product"}],"replies":[{"embeddable":true,"href":"https:\/\/web-ban-le.mbws.vn\/giat-giu-cham-soc-nha-cua\/wp-json\/wp\/v2\/comments?post=14142"}],"wp:featuredmedia":[{"embeddable":true,"href":"https:\/\/web-ban-le.mbws.vn\/giat-giu-cham-soc-nha-cua\/wp-json\/wp\/v2\/media\/14230"}],"wp:attachment":[{"href":"https:\/\/web-ban-le.mbws.vn\/giat-giu-cham-soc-nha-cua\/wp-json\/wp\/v2\/media?parent=14142"}],"wp:term":[{"taxonomy":"product_brand","embeddable":true,"href":"https:\/\/web-ban-le.mbws.vn\/giat-giu-cham-soc-nha-cua\/wp-json\/wp\/v2\/product_brand?post=14142"},{"taxonomy":"product_cat","embeddable":true,"href":"https:\/\/web-ban-le.mbws.vn\/giat-giu-cham-soc-nha-cua\/wp-json\/wp\/v2\/product_cat?post=14142"},{"taxonomy":"product_tag","embeddable":true,"href":"https:\/\/web-ban-le.mbws.vn\/giat-giu-cham-soc-nha-cua\/wp-json\/wp\/v2\/product_tag?post=14142"}],"curies":[{"name":"wp","href":"https:\/\/api.w.org\/{rel}","templated":true}]}}