{"id":14182,"date":"2025-10-27T09:42:56","date_gmt":"2025-10-27T02:42:56","guid":{"rendered":"https:\/\/web-ban-le.mbws.vn\/giat-giu-cham-soc-nha-cua\/?post_type=product&#038;p=14182"},"modified":"2025-10-27T09:44:03","modified_gmt":"2025-10-27T02:44:03","slug":"nuoc-rua-chen-bat-sunlight-chanh-100-sach-dau-mo-do-nhua-tui-3-5kg-3-1kg","status":"publish","type":"product","link":"https:\/\/web-ban-le.mbws.vn\/giat-giu-cham-soc-nha-cua\/san-pham\/nuoc-rua-chen-bat-sunlight-chanh-100-sach-dau-mo-do-nhua-tui-3-5kg-3-1kg\/","title":{"rendered":"N\u01b0\u1edbc R\u1eeda Ch\u00e9n B\u00e1t Sunlight Chanh 100 | S\u1ea1ch D\u1ea7u M\u1ee1 \u0110\u1ed3 Nh\u1ef1a | T\u00fai 3.5KG\/3.1Kg"},"content":{"rendered":"<div class=\"e8lZp3\">\n<p class=\"QN2lPu\">N\u01b0\u1edbc r\u1eeda ch\u00e9n Sunlight Chanh, nay v\u1edbi c\u00f4ng ngh\u1ec7 x\u1ea3 b\u1ecdt nhanh mang l\u1ea1i kh\u1ea3 n\u0103ng \u0111\u00e1nh bay d\u1ea7u m\u1ee1 hi\u1ec7u qu\u1ea3 h\u01a1n, kh\u00f4ng b\u00e1m b\u1ecdt.<\/p>\n<p class=\"QN2lPu\">\n<p class=\"QN2lPu\">S\u1ea3n ph\u1ea9m c\u00f3 kh\u1ea3 n\u0103ng r\u1eeda s\u1ea1ch d\u1ea7u m\u1ee1 c\u1ea3 tr\u00ean \u0111\u1ed3 nh\u1ef1a v\u00e0 d\u1ecbu nh\u1eb9 d\u1ecbu v\u1edbi da tay, d\u1ec5 ch\u1ecbu cho ng\u01b0\u1eddi d\u00f9ng. V\u1edbi h\u01b0\u01a1ng chanh t\u01b0\u01a1i m\u00e1t, \u0111\u00e2y s\u1ebd l\u00e0 s\u1ef1 l\u1ef1a ch\u1ecdn ho\u00e0n h\u1ea3o cho c\u00e1c b\u00e0 n\u1ed9i tr\u1ee3.<\/p>\n<p class=\"QN2lPu\">\n<p class=\"QN2lPu\">H\u01af\u1edaNG D\u1eaaN S\u1eec D\u1ee4NG<\/p>\n<p class=\"QN2lPu\">&#8211; Pha lo\u00e3ng s\u1ea3n ph\u1ea9m v\u00e0o n\u01b0\u1edbc ho\u1eb7c s\u1eed d\u1ee5ng tr\u1ef1c ti\u1ebfp, r\u1eeda s\u1ea1ch c\u00e1c v\u1ebft b\u1ea9n v\u00e0 tr\u00e1ng l\u1ea1i ch\u00e9n \u0111\u0129a b\u1eb1ng n\u01b0\u1edbc s\u1ea1ch.<\/p>\n<p class=\"QN2lPu\">\n<p class=\"QN2lPu\">H\u01af\u1edaNG D\u1eaaN B\u1ea2O QU\u1ea2N<\/p>\n<p class=\"QN2lPu\">&#8211; B\u1ea3o qu\u1ea3n \u1edf n\u01a1i tho\u00e1ng m\u00e1t, tr\u00e1nh ti\u1ebfp x\u00fac tr\u1ef1c ti\u1ebfp v\u1edbi \u00e1nh n\u1eafng m\u1eb7t tr\u1eddi<\/p>\n<p class=\"QN2lPu\">\n<p class=\"QN2lPu\">L\u01afU \u00dd<\/p>\n<p class=\"QN2lPu\">&#8211; Kh\u00f4ng \u0111\u01b0\u1ee3c u\u1ed1ng. \u0110\u1ec3 xa t\u1ea7m tay tr\u1ebb em. N\u1ebfu s\u1ea3n ph\u1ea9m d\u00ednh v\u00e0o m\u1eaft, r\u1eeda s\u1ea1ch b\u1eb1ng n\u01b0\u1edbc. N\u1ebfu nu\u1ed1t ph\u1ea3i, u\u1ed1ng ngay 1 ly n\u01b0\u1edbc ho\u1eb7c s\u1eefa, n\u1ebfu c\u1ea7n th\u00ec \u0111\u1ebfn c\u01a1 s\u1edf y t\u1ebf.<\/p>\n<p class=\"QN2lPu\">&#8211; L\u01b0u tr\u1eef n\u01a1i kh\u00f4 r\u00e1o, tr\u00e1nh \u00e1nh n\u1eafng tr\u1ef1c ti\u1ebfp<\/p>\n<p class=\"QN2lPu\">\n<p class=\"QN2lPu\">TH\u00d4NG TIN CHI TI\u1ebeT<\/p>\n<p class=\"QN2lPu\">&#8211; Kh\u1ed1i l\u01b0\u1ee3ng: 3.5Kg\/3.1Kg<\/p>\n<p class=\"QN2lPu\">&#8211; H\u01b0\u01a1ng th\u01a1m: h\u01b0\u01a1ng Chanh<\/p>\n<p class=\"QN2lPu\">&#8211; Xu\u1ea5t x\u1ee9: Vi\u1ec7t Nam<\/p>\n<p class=\"QN2lPu\">&#8211; H\u1ea1n s\u1eed d\u1ee5ng: 3 n\u0103m k\u1ec3 t\u1eeb ng\u00e0y s\u1ea3n xu\u1ea5t<\/p>\n<p class=\"QN2lPu\">&#8211; Th\u00e0nh ph\u1ea7n: Xem tr\u00ean bao b\u00ec s\u1ea3n ph\u1ea9m<\/p>\n<p class=\"QN2lPu\">\n<p class=\"QN2lPu\">***Bao b\u00ec thay \u0111\u1ed5i theo t\u1eebng \u0111\u1ee3t nh\u1eadp h\u00e0ng<\/p>\n<p class=\"QN2lPu\">\n<p class=\"QN2lPu\">#nuocruachen#sunlight#lamsach#khumuitanh#antoandiunhe<\/p>\n<\/div>\n","protected":false},"excerpt":{"rendered":"<p>N\u01b0\u1edbc r\u1eeda ch\u00e9n Sunlight Chanh, nay v\u1edbi c\u00f4ng ngh\u1ec7 x\u1ea3 b\u1ecdt nhanh mang l\u1ea1i kh\u1ea3 n\u0103ng \u0111\u00e1nh bay d\u1ea7u m\u1ee1 hi\u1ec7u qu\u1ea3 h\u01a1n, kh\u00f4ng b\u00e1m b\u1ecdt. S\u1ea3n ph\u1ea9m c\u00f3 kh\u1ea3 n\u0103ng r\u1eeda s\u1ea1ch d\u1ea7u m\u1ee1 c\u1ea3 tr\u00ean \u0111\u1ed3 nh\u1ef1a v\u00e0 d\u1ecbu nh\u1eb9 d\u1ecbu v\u1edbi da tay, d\u1ec5 ch\u1ecbu cho ng\u01b0\u1eddi d\u00f9ng. V\u1edbi h\u01b0\u01a1ng chanh t\u01b0\u01a1i&#8230;<\/p>\n","protected":false},"featured_media":14259,"comment_status":"open","ping_status":"closed","template":"","meta":[],"product_brand":[],"product_cat":[1267],"product_tag":[],"class_list":{"0":"post-14182","1":"product","2":"type-product","3":"status-publish","4":"has-post-thumbnail","6":"product_cat-khac-ve-sinh-bat-dia","8":"first","9":"instock","10":"sale","11":"shipping-taxable","12":"purchasable","13":"product-type-variable"},"_links":{"self":[{"href":"https:\/\/web-ban-le.mbws.vn\/giat-giu-cham-soc-nha-cua\/wp-json\/wp\/v2\/product\/14182","targetHints":{"allow":["GET"]}}],"collection":[{"href":"https:\/\/web-ban-le.mbws.vn\/giat-giu-cham-soc-nha-cua\/wp-json\/wp\/v2\/product"}],"about":[{"href":"https:\/\/web-ban-le.mbws.vn\/giat-giu-cham-soc-nha-cua\/wp-json\/wp\/v2\/types\/product"}],"replies":[{"embeddable":true,"href":"https:\/\/web-ban-le.mbws.vn\/giat-giu-cham-soc-nha-cua\/wp-json\/wp\/v2\/comments?post=14182"}],"wp:featuredmedia":[{"embeddable":true,"href":"https:\/\/web-ban-le.mbws.vn\/giat-giu-cham-soc-nha-cua\/wp-json\/wp\/v2\/media\/14259"}],"wp:attachment":[{"href":"https:\/\/web-ban-le.mbws.vn\/giat-giu-cham-soc-nha-cua\/wp-json\/wp\/v2\/media?parent=14182"}],"wp:term":[{"taxonomy":"product_brand","embeddable":true,"href":"https:\/\/web-ban-le.mbws.vn\/giat-giu-cham-soc-nha-cua\/wp-json\/wp\/v2\/product_brand?post=14182"},{"taxonomy":"product_cat","embeddable":true,"href":"https:\/\/web-ban-le.mbws.vn\/giat-giu-cham-soc-nha-cua\/wp-json\/wp\/v2\/product_cat?post=14182"},{"taxonomy":"product_tag","embeddable":true,"href":"https:\/\/web-ban-le.mbws.vn\/giat-giu-cham-soc-nha-cua\/wp-json\/wp\/v2\/product_tag?post=14182"}],"curies":[{"name":"wp","href":"https:\/\/api.w.org\/{rel}","templated":true}]}}