{"id":14292,"date":"2025-10-27T09:44:04","date_gmt":"2025-10-27T02:44:04","guid":{"rendered":"https:\/\/web-ban-le.mbws.vn\/giat-giu-cham-soc-nha-cua\/?post_type=product&#038;p=14292"},"modified":"2025-10-27T09:44:45","modified_gmt":"2025-10-27T02:44:45","slug":"nuoc-lau-san-sunlight-tinh-dau-thao-moc-sach-bong-tui-36-kg-hoa-ha-bac-ha-lily-bach-tra-hoa-lavender","status":"publish","type":"product","link":"https:\/\/web-ban-le.mbws.vn\/giat-giu-cham-soc-nha-cua\/san-pham\/nuoc-lau-san-sunlight-tinh-dau-thao-moc-sach-bong-tui-36-kg-hoa-ha-bac-ha-lily-bach-tra-hoa-lavender\/","title":{"rendered":"N\u01b0\u1edbc Lau S\u00e0n Sunlight Tinh D\u1ea7u Th\u1ea3o M\u1ed9c S\u1ea1ch B\u00f3ng | T\u00fai 3,6 KG | Hoa H\u1ea1 &#8211; B\u1ea1c H\u00e0 | Lily &#8211; B\u1ea1ch Tr\u00e0 | Hoa Lavender"},"content":{"rendered":"<div class=\"e8lZp3\">\n<div class=\"QN2lPu\">\n<div style=\"position: relative; width: 100%; padding-bottom: 100%;\"><picture class=\"UkIsx8\"><source srcset=\"https:\/\/down-vn.img.susercontent.com\/file\/sg-11134202-7rff9-m30en4ql5ut515@resize_w875_nl.webp 1x, https:\/\/down-vn.img.susercontent.com\/file\/sg-11134202-7rff9-m30en4ql5ut515@resize_w1750_nl.webp 2x\" type=\"image\/webp\" class=\"UkIsx8\"><img decoding=\"async\" width=\"875\" loading=\"lazy\" class=\"uXN1L5 lazyload GqYslU\" srcset=\"https:\/\/down-vn.img.susercontent.com\/file\/sg-11134202-7rff9-m30en4ql5ut515@resize_w875_nl 1x, https:\/\/down-vn.img.susercontent.com\/file\/sg-11134202-7rff9-m30en4ql5ut515@resize_w1750_nl 2x\" src=\"https:\/\/down-vn.img.susercontent.com\/file\/sg-11134202-7rff9-m30en4ql5ut515\" height=\"875\"><\/picture><\/div>\n<\/div>\n<div class=\"QN2lPu\">\n<div style=\"position: relative; width: 100%; padding-bottom: 100%;\"><picture class=\"UkIsx8\"><source srcset=\"https:\/\/down-vn.img.susercontent.com\/file\/sg-11134202-7rff7-m30enb41n2261a@resize_w875_nl.webp 1x, https:\/\/down-vn.img.susercontent.com\/file\/sg-11134202-7rff7-m30enb41n2261a@resize_w1750_nl.webp 2x\" type=\"image\/webp\" class=\"UkIsx8\"><img decoding=\"async\" width=\"875\" loading=\"lazy\" class=\"uXN1L5 lazyload GqYslU\" srcset=\"https:\/\/down-vn.img.susercontent.com\/file\/sg-11134202-7rff7-m30enb41n2261a@resize_w875_nl 1x, https:\/\/down-vn.img.susercontent.com\/file\/sg-11134202-7rff7-m30enb41n2261a@resize_w1750_nl 2x\" src=\"https:\/\/down-vn.img.susercontent.com\/file\/sg-11134202-7rff7-m30enb41n2261a\" height=\"875\"><\/picture><\/div>\n<\/div>\n<div class=\"QN2lPu\">\n<div style=\"position: relative; width: 100%; padding-bottom: 100%;\"><picture class=\"UkIsx8\"><source srcset=\"https:\/\/down-vn.img.susercontent.com\/file\/sg-11134202-7rfhw-m30enfxgla0n8d@resize_w875_nl.webp 1x, https:\/\/down-vn.img.susercontent.com\/file\/sg-11134202-7rfhw-m30enfxgla0n8d@resize_w1750_nl.webp 2x\" type=\"image\/webp\" class=\"UkIsx8\"><img decoding=\"async\" width=\"875\" loading=\"lazy\" class=\"uXN1L5 lazyload GqYslU\" srcset=\"https:\/\/down-vn.img.susercontent.com\/file\/sg-11134202-7rfhw-m30enfxgla0n8d@resize_w875_nl 1x, https:\/\/down-vn.img.susercontent.com\/file\/sg-11134202-7rfhw-m30enfxgla0n8d@resize_w1750_nl 2x\" src=\"https:\/\/down-vn.img.susercontent.com\/file\/sg-11134202-7rfhw-m30enfxgla0n8d\" height=\"875\"><\/picture><\/div>\n<\/div>\n<div class=\"QN2lPu\">\n<div style=\"position: relative; width: 100%; padding-bottom: 100%;\"><picture class=\"UkIsx8\"><source srcset=\"https:\/\/down-vn.img.susercontent.com\/file\/sg-11134202-7rffv-m30eniz24we4e1@resize_w875_nl.webp 1x, https:\/\/down-vn.img.susercontent.com\/file\/sg-11134202-7rffv-m30eniz24we4e1@resize_w1750_nl.webp 2x\" type=\"image\/webp\" class=\"UkIsx8\"><img decoding=\"async\" width=\"875\" loading=\"lazy\" class=\"uXN1L5 lazyload GqYslU\" srcset=\"https:\/\/down-vn.img.susercontent.com\/file\/sg-11134202-7rffv-m30eniz24we4e1@resize_w875_nl 1x, https:\/\/down-vn.img.susercontent.com\/file\/sg-11134202-7rffv-m30eniz24we4e1@resize_w1750_nl 2x\" src=\"https:\/\/down-vn.img.susercontent.com\/file\/sg-11134202-7rffv-m30eniz24we4e1\" height=\"875\"><\/picture><\/div>\n<\/div>\n<div class=\"QN2lPu\">\n<div style=\"position: relative; width: 100%; padding-bottom: 100%;\"><picture class=\"UkIsx8\"><source srcset=\"https:\/\/down-vn.img.susercontent.com\/file\/sg-11134202-7rff2-m30enmhb1k4uba@resize_w875_nl.webp 1x, https:\/\/down-vn.img.susercontent.com\/file\/sg-11134202-7rff2-m30enmhb1k4uba@resize_w1750_nl.webp 2x\" type=\"image\/webp\" class=\"UkIsx8\"><img decoding=\"async\" width=\"875\" loading=\"lazy\" class=\"uXN1L5 lazyload GqYslU\" srcset=\"https:\/\/down-vn.img.susercontent.com\/file\/sg-11134202-7rff2-m30enmhb1k4uba@resize_w875_nl 1x, https:\/\/down-vn.img.susercontent.com\/file\/sg-11134202-7rff2-m30enmhb1k4uba@resize_w1750_nl 2x\" src=\"https:\/\/down-vn.img.susercontent.com\/file\/sg-11134202-7rff2-m30enmhb1k4uba\" height=\"875\"><\/picture><\/div>\n<\/div>\n<div class=\"QN2lPu\">\n<div style=\"position: relative; width: 100%; padding-bottom: 100%;\"><picture class=\"UkIsx8\"><source srcset=\"https:\/\/down-vn.img.susercontent.com\/file\/sg-11134202-7rffg-m30enpsw54x01a@resize_w875_nl.webp 1x, https:\/\/down-vn.img.susercontent.com\/file\/sg-11134202-7rffg-m30enpsw54x01a@resize_w1750_nl.webp 2x\" type=\"image\/webp\" class=\"UkIsx8\"><img decoding=\"async\" width=\"875\" loading=\"lazy\" class=\"uXN1L5 lazyload GqYslU\" srcset=\"https:\/\/down-vn.img.susercontent.com\/file\/sg-11134202-7rffg-m30enpsw54x01a@resize_w875_nl 1x, https:\/\/down-vn.img.susercontent.com\/file\/sg-11134202-7rffg-m30enpsw54x01a@resize_w1750_nl 2x\" src=\"https:\/\/down-vn.img.susercontent.com\/file\/sg-11134202-7rffg-m30enpsw54x01a\" height=\"875\"><\/picture><\/div>\n<\/div>\n<p class=\"QN2lPu\">1. Kh\u00f4ng ch\u1ec9 gi\u00fap lau nh\u00e0 s\u1ea1ch hi\u1ec7u qu\u1ea3, m\u00e0 c\u00f2n gi\u00fap thanh l\u1ecdc kh\u00f4ng gian s\u1ed1ng v\u1edbi h\u01b0\u01a1ng th\u01a1m thi\u00ean nhi\u00ean<\/p>\n<p class=\"QN2lPu\">2. Ch\u1ee9a tinh d\u1ea7u th\u1ea3o m\u1ed9c, \u0111em l\u1ea1i h\u01b0\u01a1ng th\u01a1m th\u01b0 th\u00e1i, d\u1ec5 ch\u1ecbu<\/p>\n<p class=\"QN2lPu\">3. L\u00e0m s\u1ea1ch <\/p>\n<p class=\"QN2lPu\">\n<p class=\"QN2lPu\">\n<p class=\"QN2lPu\">an to\u00e0n<\/p>\n<p class=\"QN2lPu\">\n<p class=\"QN2lPu\">\n<p class=\"QN2lPu\"> v\u00e0 \u0111\u1ed9 pH trung t\u00ednh, <\/p>\n<p class=\"QN2lPu\">\n<p class=\"QN2lPu\">\n<p class=\"QN2lPu\">an to\u00e0n<\/p>\n<p class=\"QN2lPu\">\n<p class=\"QN2lPu\">\n<p class=\"QN2lPu\"> cho da<\/p>\n<p class=\"QN2lPu\">4. Hi\u1ec7u qu\u1ea3 tr\u00ean nhi\u1ec1u lo\u1ea1i s\u00e0n, ph\u00f9 h\u1ee3p v\u1edbi \u0111\u00e1 m\u00e0i, g\u1ea1ch men, simili, m\u1eb7t g\u1ed7&#8221; &#8220;N\u01af\u1edaC LAU S\u00c0N SUNLIGHT TINH D\u1ea6U TH\u1ea2O M\u1ed8C &#8211; S\u00c0N NH\u00c0 S\u1ea0CH TH\u01a0M QUY\u1ebeN R\u0168<\/p>\n<p class=\"QN2lPu\">\n<p class=\"QN2lPu\">Tr\u1edf v\u1ec1 nh\u00e0 sau ng\u00e0y d\u00e0i, ch\u1eafc h\u1eb3n ai c\u0169ng mong nh\u00e0 m\u00ecnh l\u01b0u l\u1ea1i h\u01b0\u01a1ng th\u01a1m ph\u1ea3ng ph\u1ea5t d\u00e0i l\u00e2u \u0111\u00fang kh\u00f4ng nh\u1ec9? Hi\u1ec3u r\u00f5 nhu c\u1ea7u c\u1ee7a m\u1ecdi ng\u01b0\u1eddi, v\u1edbi n\u01b0\u1edbc lau s\u00e0n Sunlight ch\u1ee9a tinh d\u1ea7u th\u1ea3o m\u1ed9c v\u00e0 h\u01b0\u01a1ng hoa Lily thi\u00ean nhi\u00ean s\u1ebd gi\u00fap s\u00e0n nh\u00e0 s\u1ea1ch b\u00f3ng v\u01b0\u1ee3t tr\u1ed9i v\u00e0 l\u01b0u l\u1ea1i h\u01b0\u01a1ng th\u01a1m quy\u1ebfn r\u0169, cho kh\u00f4ng gian s\u1ed1ng th\u00eam b\u1ed3ng b\u1ec1nh.<\/p>\n<p class=\"QN2lPu\">\n<p class=\"QN2lPu\">\u01afU \u0110I\u1ec2M N\u1ed4I B\u1eacT:<\/p>\n<p class=\"QN2lPu\">\n<p class=\"QN2lPu\">Sunlight lau s\u00e0n ho\u1ea1t \u0111\u1ed9ng hi\u1ec7u qu\u1ea3 cho m\u1ecdi lo\u1ea1i s\u00e0n:<\/p>\n<p class=\"QN2lPu\">\n<p class=\"QN2lPu\">&#8211; \u0110\u00e1 m\u00e0i<\/p>\n<p class=\"QN2lPu\">\n<p class=\"QN2lPu\">&#8211; G\u1ea1ch men<\/p>\n<p class=\"QN2lPu\">\n<p class=\"QN2lPu\">&#8211; Simili<\/p>\n<p class=\"QN2lPu\">\n<p class=\"QN2lPu\">&#8211; M\u1eb7t g\u1ed7<\/p>\n<p class=\"QN2lPu\">\n<p class=\"QN2lPu\">H\u01af\u1edaNG D\u1eaaN S\u1eec D\u1ee4NG:<\/p>\n<p class=\"QN2lPu\">\n<p class=\"QN2lPu\">&#8211; B\u01b0\u1edbc 1: H\u00f2a 1 n\u1eafp \u0111\u1ea7y n\u01b0\u1edbc lau s\u00e0n Sunlight v\u00e0o n\u1eeda x\u00f4 n\u01b0\u1edbc (Lo\u1ea1i x\u00f4 5L).<\/p>\n<p class=\"QN2lPu\">\n<p class=\"QN2lPu\">&#8211; B\u01b0\u1edbc 2: Nh\u00fang \u01b0\u1edbt gi\u1ebb r\u1ed3i lau s\u1ea1ch c\u00e1c v\u1ebft b\u1ea9n.<\/p>\n<p class=\"QN2lPu\">\n<p class=\"QN2lPu\">&#8211; B\u01b0\u1edbc 3: Kh\u00f4ng lau l\u1ea1i b\u1eb1ng n\u01b0\u1edbc.<\/p>\n<p class=\"QN2lPu\">\n<p class=\"QN2lPu\">Xu\u1ea5t x\u1ee9 th\u01b0\u01a1ng hi\u1ec7u: S\u1ea3n xu\u1ea5t t\u1ea1i Vi\u1ec7t Nam<\/p>\n<p class=\"QN2lPu\">\n<p class=\"QN2lPu\">S\u1ea3n ph\u1ea9m c\u1ee7a C\u00f4ng ty TNHH Qu\u1ed1c T\u1ebf Unilever Vi\u1ec7t Nam<\/p>\n<p class=\"QN2lPu\">\n<p class=\"QN2lPu\">N\u01a1i s\u1ea3n xu\u1ea5t: L\u00f4 A2 &#8211; 3, KCN T\u00e2y B\u1eafc C\u1ee7 Chi, x\u00e3 T\u00e2n An H\u1ed9i, huy\u1ec7n C\u1ee7 Chi, Th\u00e0nh ph\u1ed1 H\u1ed3 Ch\u00ed Minh, Vi\u1ec7t Nam<\/p>\n<p class=\"QN2lPu\">\n<p class=\"QN2lPu\">HSD: S\u1eed d\u1ee5ng <\/p>\n<p class=\"QN2lPu\">\n<p class=\"QN2lPu\">\n<p class=\"QN2lPu\">t\u1ed1t nh\u1ea5t<\/p>\n<p class=\"QN2lPu\">\n<p class=\"QN2lPu\">\n<p class=\"QN2lPu\"> trong 3 n\u0103m k\u1ec3 t\u1eeb ng\u00e0y s\u1ea3n xu\u1ea5t<\/p>\n<p class=\"QN2lPu\">\n<p class=\"QN2lPu\">Th\u00e0nh ph\u1ea7n (Lily &amp; B\u1ea1ch Tr\u00e0): Alcohol Ethoxylate; Ch\u1ea5t th\u01a1m (ch\u1ee9a tinh d\u1ea7u Ho\u1eafc h\u01b0\u01a1ng (13ppm) v\u00e0 tinh d\u1ea7u Nhai B\u00e1ch (13ppm)); Carbomer; Sodium Hydroxide; Isothiazolinones; Ch\u1ea5t t\u1ea1o m\u00e0u; N\u01b0\u1edbc.<\/p>\n<p class=\"QN2lPu\">\n<p class=\"QN2lPu\">B\u1ea3o qu\u1ea3n: N\u01a1i tho\u00e1ng m\u00e1t, tr\u00e1nh \u00e1nh n\u1eafng tr\u1ef1c ti\u1ebfp<\/p>\n<p class=\"QN2lPu\">\n<p class=\"QN2lPu\">n\u01b0\u1edbc lau s\u00e0n<\/p>\n<p class=\"QN2lPu\">nuoc lau san<\/p>\n<p class=\"QN2lPu\">lau s\u00e0n<\/p>\n<p class=\"QN2lPu\">lau san<\/p>\n<p class=\"QN2lPu\">n\u01b0\u1edbc lau nh\u00e0<\/p>\n<p class=\"QN2lPu\">nuoc lau nha<\/p>\n<p class=\"QN2lPu\">lau nh\u00e0<\/p>\n<p class=\"QN2lPu\">lau nha<\/p>\n<p class=\"QN2lPu\">n\u01b0\u1edbc lau s\u00e0n nh\u00e0<\/p>\n<p class=\"QN2lPu\">nuoc lau san nha<\/p>\n<p class=\"QN2lPu\">n\u01b0\u1edbc lau s\u00e0n g\u1ed7<\/p>\n<p class=\"QN2lPu\">nuoc lau san go<\/p>\n<p class=\"QN2lPu\">lau s\u00e0n g\u1ed7<\/p>\n<p class=\"QN2lPu\">lau san go<\/p>\n<p class=\"QN2lPu\">lau nh\u00e0 s\u1ea1ch<\/p>\n<p class=\"QN2lPu\">lau nha sach<\/p>\n<p class=\"QN2lPu\">v\u1ec7 sinh nh\u00e0 c\u1eeda<\/p>\n<p class=\"QN2lPu\">ve sinh nha cua<\/p>\n<p class=\"QN2lPu\">n\u01b0\u1edbc lau s\u00e0n th\u01a1m<\/p>\n<p class=\"QN2lPu\">nuoc lau san thom<\/p>\n<p class=\"QN2lPu\">n\u01b0\u1edbc lau s\u00e0n t\u01b0\u01a1i m\u00e1t<\/p>\n<p class=\"QN2lPu\">nuoc lau san tuoi mat<\/p>\n<\/div>\n","protected":false},"excerpt":{"rendered":"<p>1. Kh\u00f4ng ch\u1ec9 gi\u00fap lau nh\u00e0 s\u1ea1ch hi\u1ec7u qu\u1ea3, m\u00e0 c\u00f2n gi\u00fap thanh l\u1ecdc kh\u00f4ng gian s\u1ed1ng v\u1edbi h\u01b0\u01a1ng th\u01a1m thi\u00ean nhi\u00ean 2. Ch\u1ee9a tinh d\u1ea7u th\u1ea3o m\u1ed9c, \u0111em l\u1ea1i h\u01b0\u01a1ng th\u01a1m th\u01b0 th\u00e1i, d\u1ec5 ch\u1ecbu 3. L\u00e0m s\u1ea1ch an to\u00e0n v\u00e0 \u0111\u1ed9 pH trung t\u00ednh, an to\u00e0n cho da 4. Hi\u1ec7u qu\u1ea3 tr\u00ean nhi\u1ec1u&#8230;<\/p>\n","protected":false},"featured_media":14330,"comment_status":"open","ping_status":"closed","template":"","meta":[],"product_brand":[],"product_cat":[1215],"product_tag":[],"class_list":{"0":"post-14292","1":"product","2":"type-product","3":"status-publish","4":"has-post-thumbnail","6":"product_cat-nuoc-lau-san","8":"first","9":"instock","10":"sale","11":"shipping-taxable","12":"purchasable","13":"product-type-variable"},"_links":{"self":[{"href":"https:\/\/web-ban-le.mbws.vn\/giat-giu-cham-soc-nha-cua\/wp-json\/wp\/v2\/product\/14292","targetHints":{"allow":["GET"]}}],"collection":[{"href":"https:\/\/web-ban-le.mbws.vn\/giat-giu-cham-soc-nha-cua\/wp-json\/wp\/v2\/product"}],"about":[{"href":"https:\/\/web-ban-le.mbws.vn\/giat-giu-cham-soc-nha-cua\/wp-json\/wp\/v2\/types\/product"}],"replies":[{"embeddable":true,"href":"https:\/\/web-ban-le.mbws.vn\/giat-giu-cham-soc-nha-cua\/wp-json\/wp\/v2\/comments?post=14292"}],"wp:featuredmedia":[{"embeddable":true,"href":"https:\/\/web-ban-le.mbws.vn\/giat-giu-cham-soc-nha-cua\/wp-json\/wp\/v2\/media\/14330"}],"wp:attachment":[{"href":"https:\/\/web-ban-le.mbws.vn\/giat-giu-cham-soc-nha-cua\/wp-json\/wp\/v2\/media?parent=14292"}],"wp:term":[{"taxonomy":"product_brand","embeddable":true,"href":"https:\/\/web-ban-le.mbws.vn\/giat-giu-cham-soc-nha-cua\/wp-json\/wp\/v2\/product_brand?post=14292"},{"taxonomy":"product_cat","embeddable":true,"href":"https:\/\/web-ban-le.mbws.vn\/giat-giu-cham-soc-nha-cua\/wp-json\/wp\/v2\/product_cat?post=14292"},{"taxonomy":"product_tag","embeddable":true,"href":"https:\/\/web-ban-le.mbws.vn\/giat-giu-cham-soc-nha-cua\/wp-json\/wp\/v2\/product_tag?post=14292"}],"curies":[{"name":"wp","href":"https:\/\/api.w.org\/{rel}","templated":true}]}}