{"id":14293,"date":"2025-10-27T09:44:04","date_gmt":"2025-10-27T02:44:04","guid":{"rendered":"https:\/\/web-ban-le.mbws.vn\/giat-giu-cham-soc-nha-cua\/?post_type=product&#038;p=14293"},"modified":"2025-10-27T09:44:35","modified_gmt":"2025-10-27T02:44:35","slug":"nuoc-lau-da-nang-sunlight-chanh-sa-phien-ban-nang-cap-tu-cif-sach-bong-kin-kit-khong-nhon-rit-chai-500ml","status":"publish","type":"product","link":"https:\/\/web-ban-le.mbws.vn\/giat-giu-cham-soc-nha-cua\/san-pham\/nuoc-lau-da-nang-sunlight-chanh-sa-phien-ban-nang-cap-tu-cif-sach-bong-kin-kit-khong-nhon-rit-chai-500ml\/","title":{"rendered":"N\u01b0\u1edbc lau \u0111a n\u0103ng Sunlight Chanh &#038; S\u1ea3 | Phi\u00ean b\u1ea3n n\u00e2ng c\u1ea5p t\u1eeb Cif | S\u1ea1ch b\u00f3ng kin k\u00edt, kh\u00f4ng nh\u1eddn r\u00edt | Chai 500ml"},"content":{"rendered":"<div class=\"e8lZp3\">\n<p class=\"QN2lPu\">N\u01af\u1edaC LAU \u0110A N\u0102NG SUNLIGHT CHANH &amp; S\u1ea2 &#8211; S\u1ea0CH B\u00d3NG KIN K\u00cdT, KH\u00d4NG NH\u1edcN R\u00cdT<\/p>\n<p class=\"QN2lPu\">PHI\u00caN B\u1ea2N N\u00c2NG C\u1ea4P T\u1eea CIF LAU \u0110A N\u0102NG<\/p>\n<p class=\"QN2lPu\">\n<p class=\"QN2lPu\">B\u1ea1n lo ng\u1ea1i c\u00e1c dung d\u1ecbch v\u1ec7 sinh nh\u00e0 c\u1eeda ch\u1ee9a nhi\u1ec1u h\u00f3a ch\u1ea5t g\u00e2y h\u1ea1i v\u00e0 c\u00f3 m\u00f9i kh\u00f3 ch\u1ecbu khi s\u1eed d\u1ee5ng? \u0110\u1eebng lo N\u01b0\u1edbc lau \u0111a n\u0103ng Sunlight Chanh &amp; S\u1ea3 v\u1edbi c\u00f4ng th\u1ee9c ch\u1ee9a ch\u1ea5t l\u00e0m s\u1ea1ch c\u00f3 ngu\u1ed3n g\u1ed1c 100% thi\u00ean nhi\u00ean gi\u00fap l\u00e0m s\u1ea1ch v\u1ebft b\u1ea9n v\u00e0 s\u00e1ng b\u1ec1 m\u1eb7t \u0111\u1ec3 b\u1ea1n an t\u00e2m s\u1eed d\u1ee5ng m\u1ed7i ng\u00e0y. <\/p>\n<p class=\"QN2lPu\">\n<p class=\"QN2lPu\">\u01afU \u0110I\u1ec2M N\u1ed4I B\u1eacT: <\/p>\n<p class=\"QN2lPu\">&#8211; K\u1ebft h\u1ee3p s\u1ee9c m\u1ea1nh t\u1eeb thi\u00ean nhi\u00ean c\u1ee7a chanh v\u00e0 s\u1ea3 ch\u1ec9 trong m\u1ed9t chai x\u1ecbt, gi\u00fap lau d\u1ea7u m\u1ee1 d\u1ec5 d\u00e0ng m\u00e0 kh\u00f4ng c\u1ea7n t\u1ed1n th\u1eddi gian t\u1ef1 pha ch\u1ebf. <\/p>\n<p class=\"QN2lPu\">&#8211; C\u00f4ng th\u1ee9c c\u00f3 \u0111\u1ed9 pH trung t\u00ednh, d\u1ecbu nh\u1eb9 tr\u00ean da, \u0111\u01b0\u1ee3c B\u1ec7nh Vi\u1ec7n Da Li\u1ec5u Trung \u01af\u01a1ng th\u1eed nghi\u1ec7m v\u00e0 ch\u1ee9ng nh\u1eadn.<\/p>\n<p class=\"QN2lPu\">&#8211; N\u01b0\u1edbc lau \u0111a n\u0103ng Sunlight Chanh &amp; S\u1ea3 s\u1eed d\u1ee5ng hi\u1ec7u qu\u1ea3 v\u00e0 ph\u00f9 h\u1ee3p tr\u00ean c\u00e1c b\u1ec1 m\u1eb7t nh\u01b0 m\u1eb7t b\u00e0n, m\u1eb7t gh\u1ebf (g\u1ea1ch men, kim lo\u1ea1i, g\u1ed7&#8230;) v\u00e0 c\u00e1c b\u1ec1 m\u1eb7t kh\u00e1c nh\u01b0 tivi, t\u1ee7 l\u1ea1nh, l\u00f2 vi s\u00f3ng,&#8230; lau s\u1ea1ch v\u1ebft b\u1ea9n ch\u1ec9 v\u1edbi m\u1ed9t l\u1ea7n lau, cho b\u1ec1 m\u1eb7t s\u1ea1ch s\u00e1ng b\u00f3ng, l\u01b0u l\u1ea1i h\u01b0\u01a1ng chanh s\u1ea3 d\u1ecbu nh\u1eb9*.<\/p>\n<p class=\"QN2lPu\">*Tinh d\u1ea7u s\u1ea3 trong ch\u1ea5t th\u01a1m.<\/p>\n<p class=\"QN2lPu\">\n<p class=\"QN2lPu\">TH\u00c0NH PH\u1ea6N<\/p>\n<p class=\"QN2lPu\">&#8211; Benzalkonium Chlorine; Decyl Glucoside; Sodium Hydroxide; Sodium Carbonate; Sodium Bicarbonate; Citric Acid; Chi\u1ebft xu\u1ea5t Chanh (10ppm); Ch\u1ea5t th\u01a1m (Ch\u1ee9a Tinh d\u1ea7u S\u1ea3 0,12ppm); N\u01b0\u1edbc<\/p>\n<p class=\"QN2lPu\">\n<p class=\"QN2lPu\">H\u01af\u1edaNG D\u1eaaN S\u1eec D\u1ee4NG:<\/p>\n<p class=\"QN2lPu\">&#8211; B\u01b0\u1edbc 1: V\u1eb7n \u0111\u1ea7u v\u00f2i x\u1ecbt qua ON.<\/p>\n<p class=\"QN2lPu\">&#8211; B\u01b0\u1edbc 2: Phun N\u01b0\u1edbc Lau \u0110a N\u0103ng Sunlight l\u00ean b\u1ec1 m\u1eb7t c\u1ea7n l\u00e0m s\u1ea1ch.<\/p>\n<p class=\"QN2lPu\">&#8211; B\u01b0\u1edbc 3: Lau s\u1ea1ch b\u1eb1ng kh\u0103n kh\u00f4.<\/p>\n<p class=\"QN2lPu\">&#8211; B\u01b0\u1edbc 4: Sau khi s\u1eed d\u1ee5ng, v\u1eb7n \u0111\u1ea7u v\u00f2i x\u1ecbt tr\u1edf l\u1ea1i OFF.<\/p>\n<p class=\"QN2lPu\">*\u0110\u1ec3 c\u00f3 k\u1ebft qu\u1ea3 tr\u00ean nh\u1eefng v\u1ebft b\u00e1m c\u1ee9ng \u0111\u1ea7u, n\u00ean ch\u1edd \u00edt ph\u00fat m\u1edbi lau s\u1ea1ch.<\/p>\n<p class=\"QN2lPu\">\n<p class=\"QN2lPu\">L\u01afU \u00dd: <\/p>\n<p class=\"QN2lPu\">&#8211; \u0110\u1ec3 xa th\u1ef1c ph\u1ea9m v\u00e0 t\u1ea7m v\u1edbi c\u1ee7a tr\u1ebb nh\u1ecf v\u00e0 th\u00fa nu\u00f4i. Kh\u00f4ng \u0111\u01b0\u1ee3c u\u1ed1ng. N\u1ebfu nu\u1ed1t ph\u1ea3i, c\u1ea7n \u0111\u1ebfn ngay c\u01a1 s\u1edf y t\u1ebf. Khi \u0111i mang theo s\u1ea3n ph\u1ea9m v\u00e0 nh\u00e3n chai. N\u1ebfu s\u1ea3n ph\u1ea9m ti\u1ebfp x\u00fac v\u1edbi m\u1eaft, c\u1ea7n r\u1eeda ngay b\u1eb1ng n\u01b0\u1edbc s\u1ea1ch. Tr\u00e1nh ti\u1ebfp x\u00fac v\u1edbi v\u00f9ng da nh\u1ea1y c\u1ea3m. Kh\u00f4ng h\u00f2a chung N\u01b0\u1edbc Lau \u0110a N\u0103ng Sunlight v\u1edbi b\u1ea5t k\u1ef3 ch\u1ea5t t\u1ea9y r\u1eeda hay h\u00f3a ch\u1ea5t n\u00e0o kh\u00e1c. N\u00ean th\u1eed s\u1ea3n ph\u1ea9m tr\u00ean di\u1ec7n t\u00edch nh\u1ecf trong l\u1ea7n \u0111\u1ea7u ti\u00ean s\u1eed d\u1ee5ng \u0111\u1ec3 tr\u00e1nh h\u01b0 h\u1ecfng c\u00e1c b\u1ec1 m\u1eb7t \u0111\u1eb7c bi\u1ec7t nh\u1ea1y c\u1ea3m. B\u1ea3o qu\u1ea3n n\u01a1i kh\u00f4 r\u00e1o, tr\u00e1nh \u00e1nh n\u1eafng tr\u1ef1c ti\u1ebfp.<\/p>\n<p class=\"QN2lPu\">\n<p class=\"QN2lPu\">TH\u00d4NG TIN CHI TI\u1ebeT<\/p>\n<p class=\"QN2lPu\">&#8211; Dung t\u00edch: 500ml<\/p>\n<p class=\"QN2lPu\">&#8211; H\u01b0\u01a1ng th\u01a1m: H\u01b0\u01a1ng Chanh &amp; S\u1ea3<\/p>\n<p class=\"QN2lPu\">&#8211; H\u1ea1n s\u1eed d\u1ee5ng: 3 n\u0103m k\u1ec3 t\u1eeb ng\u00e0y s\u1ea3n xu\u1ea5t<\/p>\n<p class=\"QN2lPu\">&#8211; Xu\u1ea5t x\u1ee9 th\u01b0\u01a1ng hi\u1ec7u: Vi\u1ec7t Nam<\/p>\n<p class=\"QN2lPu\">&#8211; N\u01a1i s\u1ea3n xu\u1ea5t: Vi\u1ec7t Nam<\/p>\n<p class=\"QN2lPu\">&#8211; Ng\u00e0y s\u1ea3n xu\u1ea5t: Xem tr\u00ean bao b\u00ec s\u1ea3n ph\u1ea9m <\/p>\n<p class=\"QN2lPu\">&#8211; H\u01b0\u1edbng d\u1eabn b\u1ea3o qu\u1ea3n: N\u01a1i tho\u00e1ng m\u00e1t, tr\u00e1nh \u00e1nh n\u1eafng tr\u1ef1c ti\u1ebfp<\/p>\n<p class=\"QN2lPu\">\n<p class=\"QN2lPu\">t\u1ea9y r\u1eeda \u0111a n\u0103ng<\/p>\n<p class=\"QN2lPu\">tay rua da nang<\/p>\n<p class=\"QN2lPu\">t\u1ea9y \u0111a n\u0103ng<\/p>\n<p class=\"QN2lPu\">tay da nang<\/p>\n<p class=\"QN2lPu\">t\u1ea9y d\u1ea7u m\u1ee1<\/p>\n<p class=\"QN2lPu\">tay dau mo<\/p>\n<p class=\"QN2lPu\">ch\u1ea5t t\u1ea9y r\u1eeda<\/p>\n<p class=\"QN2lPu\">chat tay rua<\/p>\n<p class=\"QN2lPu\">h\u00f3a ch\u1ea5t t\u1ea9y d\u1ea7u m\u1ee1<\/p>\n<p class=\"QN2lPu\">hoa chat tay dau mo<\/p>\n<p class=\"QN2lPu\">kem lau \u0111a n\u0103ng<\/p>\n<p class=\"QN2lPu\">kem lau da nang<\/p>\n<p class=\"QN2lPu\">chai x\u1ecbt t\u1ea9y \u0111a n\u0103ng<\/p>\n<p class=\"QN2lPu\">chai xit tay da nang<\/p>\n<p class=\"QN2lPu\">t\u1ea9y v\u1ebft d\u1ea7u m\u1ee1<\/p>\n<p class=\"QN2lPu\">tay vet dau mo<\/p>\n<p class=\"QN2lPu\">kem t\u1ea9y r\u1eeda chuy\u00ean d\u1ee5ng<\/p>\n<p class=\"QN2lPu\">kem tay rua chuyen dung<\/p>\n<p class=\"QN2lPu\">n\u01b0\u1edbc lau b\u1ebfp<\/p>\n<p class=\"QN2lPu\">nuoc lau bep<\/p>\n<p class=\"QN2lPu\">n\u01b0\u1edbc lau k\u00ednh<\/p>\n<p class=\"QN2lPu\">nuoc lau kinh<\/p>\n<p class=\"QN2lPu\">n\u01b0\u1edbc lau \u0111a n\u0103ng<\/p>\n<p class=\"QN2lPu\">nuoc lau da nang<\/p>\n<\/div>\n","protected":false},"excerpt":{"rendered":"<p>N\u01af\u1edaC LAU \u0110A N\u0102NG SUNLIGHT CHANH &amp; S\u1ea2 &#8211; S\u1ea0CH B\u00d3NG KIN K\u00cdT, KH\u00d4NG NH\u1edcN R\u00cdT PHI\u00caN B\u1ea2N N\u00c2NG C\u1ea4P T\u1eea CIF LAU \u0110A N\u0102NG B\u1ea1n lo ng\u1ea1i c\u00e1c dung d\u1ecbch v\u1ec7 sinh nh\u00e0 c\u1eeda ch\u1ee9a nhi\u1ec1u h\u00f3a ch\u1ea5t g\u00e2y h\u1ea1i v\u00e0 c\u00f3 m\u00f9i kh\u00f3 ch\u1ecbu khi s\u1eed d\u1ee5ng? \u0110\u1eebng lo N\u01b0\u1edbc lau \u0111a n\u0103ng&#8230;<\/p>\n","protected":false},"featured_media":14345,"comment_status":"open","ping_status":"closed","template":"","meta":[],"product_brand":[],"product_cat":[1219],"product_tag":[],"class_list":{"0":"post-14293","1":"product","2":"type-product","3":"status-publish","4":"has-post-thumbnail","6":"product_cat-nuoc-rua-chen-cho-may","8":"first","9":"instock","10":"shipping-taxable","11":"purchasable","12":"product-type-simple"},"_links":{"self":[{"href":"https:\/\/web-ban-le.mbws.vn\/giat-giu-cham-soc-nha-cua\/wp-json\/wp\/v2\/product\/14293","targetHints":{"allow":["GET"]}}],"collection":[{"href":"https:\/\/web-ban-le.mbws.vn\/giat-giu-cham-soc-nha-cua\/wp-json\/wp\/v2\/product"}],"about":[{"href":"https:\/\/web-ban-le.mbws.vn\/giat-giu-cham-soc-nha-cua\/wp-json\/wp\/v2\/types\/product"}],"replies":[{"embeddable":true,"href":"https:\/\/web-ban-le.mbws.vn\/giat-giu-cham-soc-nha-cua\/wp-json\/wp\/v2\/comments?post=14293"}],"wp:featuredmedia":[{"embeddable":true,"href":"https:\/\/web-ban-le.mbws.vn\/giat-giu-cham-soc-nha-cua\/wp-json\/wp\/v2\/media\/14345"}],"wp:attachment":[{"href":"https:\/\/web-ban-le.mbws.vn\/giat-giu-cham-soc-nha-cua\/wp-json\/wp\/v2\/media?parent=14293"}],"wp:term":[{"taxonomy":"product_brand","embeddable":true,"href":"https:\/\/web-ban-le.mbws.vn\/giat-giu-cham-soc-nha-cua\/wp-json\/wp\/v2\/product_brand?post=14293"},{"taxonomy":"product_cat","embeddable":true,"href":"https:\/\/web-ban-le.mbws.vn\/giat-giu-cham-soc-nha-cua\/wp-json\/wp\/v2\/product_cat?post=14293"},{"taxonomy":"product_tag","embeddable":true,"href":"https:\/\/web-ban-le.mbws.vn\/giat-giu-cham-soc-nha-cua\/wp-json\/wp\/v2\/product_tag?post=14293"}],"curies":[{"name":"wp","href":"https:\/\/api.w.org\/{rel}","templated":true}]}}