{"id":14294,"date":"2025-10-27T09:44:04","date_gmt":"2025-10-27T02:44:04","guid":{"rendered":"https:\/\/web-ban-le.mbws.vn\/giat-giu-cham-soc-nha-cua\/?post_type=product&#038;p=14294"},"modified":"2025-11-04T23:16:46","modified_gmt":"2025-11-04T16:16:46","slug":"nuoc-rua-chen-bat-sunlight-chanh-100-sach-nhanh-xa-bot-nhanh-rua-sach-dau-mo-3-6kg","status":"publish","type":"product","link":"https:\/\/web-ban-le.mbws.vn\/giat-giu-cham-soc-nha-cua\/san-pham\/nuoc-rua-chen-bat-sunlight-chanh-100-sach-nhanh-xa-bot-nhanh-rua-sach-dau-mo-3-6kg\/","title":{"rendered":"N\u01b0\u1edbc R\u1eeda Ch\u00e9n B\u00e1t Sunlight Chanh 100 S\u1ea1ch Nhanh X\u1ea3 B\u1ecdt Nhanh R\u1eeda S\u1ea1ch D\u1ea7u M\u1ee1 3.6kg"},"content":{"rendered":"<div class=\"e8lZp3\">\n<p class=\"QN2lPu\">N\u01af\u1edaC R\u1eecA CH\u00c9N SUNLIGHT CHANH 100<\/p>\n<p class=\"QN2lPu\">\n<p class=\"QN2lPu\"> V\u1edbi c\u00f4ng ngh\u1ec7 X\u1ea3 b\u1ecdt nhanh, n\u01b0\u1edbc r\u1eeda ch\u00e9n Sunlight Chanh 100 gi\u00fap \u0111\u00e1nh bay d\u1ea7u m\u1ee1 hi\u1ec7u qu\u1ea3 v\u00e0 ti\u1ebft ki\u1ec7m th\u1eddi gian, c\u00f4ng s\u1ee9c cho ch\u1ecb em n\u1ed9i tr\u1ee3:<\/p>\n<p class=\"QN2lPu\"> &#8211; C\u00f4ng ngh\u1ec7 X\u1ea3 b\u1ecdt nhanh gi\u00fap s\u1ea1ch nhanh, x\u1ea3 b\u1ecdt nhanh<\/p>\n<p class=\"QN2lPu\"> &#8211; H\u01b0\u01a1ng chanh t\u01b0\u01a1i m\u00e1t.<\/p>\n<p class=\"QN2lPu\"> &#8211; D\u1ecbu nh\u1eb9 v\u1edbi da tay, \u0111\u01b0\u1ee3c ki\u1ec3m nghi\u1ec7m v\u00e0 ch\u1ee9ng nh\u1eadn b\u1edfi Vi\u1ec7n Da Li\u1ec5u.<\/p>\n<p class=\"QN2lPu\"> &#8211; Dung t\u00edch chai l\u1edbn 3.6kg s\u1eed d\u1ee5ng ti\u1ebft ki\u1ec7m h\u01a1n.<\/p>\n<p class=\"QN2lPu\"> &#8211; R\u1eeda s\u1ea1ch d\u1ea7u m\u1ee1 tr\u00ean c\u1ea3 \u0111\u1ed3 nh\u1ef1a. <\/p>\n<p class=\"QN2lPu\">\n<p class=\"QN2lPu\"> H\u01b0\u1edbng d\u1eabn s\u1eed d\u1ee5ng<\/p>\n<p class=\"QN2lPu\"> &#8211; B\u01b0\u1edbc 1: \u0110\u1ed5 tr\u1ef1c ti\u1ebfp s\u1ea3n ph\u1ea9m v\u00e0o mi\u1ebfng r\u1eeda ch\u00e9n \u0111\u00e3 \u0111\u01b0\u1ee3c th\u1ea5m n\u01b0\u1edbc.<\/p>\n<p class=\"QN2lPu\"> &#8211; B\u01b0\u1edbc 2: B\u00f3p nh\u1eb9 \u0111\u1ec3 t\u1ea1o b\u1ecdt r\u1ed3i r\u1eeda ch\u00e9n.<\/p>\n<p class=\"QN2lPu\"> &#8211; B\u01b0\u1edbc 3: Sau \u0111\u00f3 tr\u00e1ng l\u1ea1i b\u1eb1ng n\u01b0\u1edbc s\u1ea1ch.<\/p>\n<p class=\"QN2lPu\">\n<p class=\"QN2lPu\"> L\u01b0u \u00fd:<\/p>\n<p class=\"QN2lPu\"> &#8211; Kh\u00f4ng \u0111\u01b0\u1ee3c u\u1ed1ng. \u0110\u1ec3 xa t\u1ea7m tay tr\u1ebb em. N\u1ebfu s\u1ea3n ph\u1ea9m d\u00ednh v\u00e0o m\u1eaft, r\u1eeda s\u1ea1ch b\u1eb1ng n\u01b0\u1edbc. N\u1ebfu nu\u1ed1t ph\u1ea3i, u\u1ed1ng ngay 1 ly n\u01b0\u1edbc ho\u1eb7c s\u1eefa, n\u1ebfu c\u1ea7n th\u00ec \u0111\u1ebfn c\u01a1 s\u1edf y t\u1ebf.<\/p>\n<p class=\"QN2lPu\"> &#8211; B\u1ea3o qu\u1ea3n v\u00e0 l\u01b0u tr\u1eef n\u01a1i tho\u00e1ng m\u00e1t, tr\u00e1nh \u00e1nh n\u1eafng tr\u1ef1c ti\u1ebfp.<\/p>\n<p class=\"QN2lPu\">\n<p class=\"QN2lPu\"> Xu\u1ea5t x\u1ee9 th\u01b0\u01a1ng hi\u1ec7u: Vi\u1ec7t Nam<\/p>\n<p class=\"QN2lPu\"> N\u01a1i s\u1ea3n xu\u1ea5t: Vi\u1ec7t Nam<\/p>\n<p class=\"QN2lPu\"> Ng\u00e0y s\u1ea3n xu\u1ea5t: Xem tr\u00ean bao b\u00ec s\u1ea3n ph\u1ea9m <\/p>\n<p class=\"QN2lPu\"> H\u1ea1n s\u1eed d\u1ee5ng: 3 n\u0103m k\u1ec3 t\u1eeb ng\u00e0y s\u1ea3n xu\u1ea5t<\/p>\n<p class=\"QN2lPu\"> Th\u00e0nh ph\u1ea7n: Xem tr\u00ean bao b\u00ec s\u1ea3n ph\u1ea9m <\/p>\n<p class=\"QN2lPu\"> H\u01b0\u1edbng d\u1eabn b\u1ea3o qu\u1ea3n: N\u01a1i tho\u00e1ng m\u00e1t, tr\u00e1nh \u00e1nh n\u1eafng tr\u1ef1c ti\u1ebfp<\/p>\n<p class=\"QN2lPu\">\n<p class=\"QN2lPu\"> &#8220;n\u01b0\u1edbc r\u1eeda ch\u00e9n<\/p>\n<p class=\"QN2lPu\"> r\u1eeda ch\u00e9n<\/p>\n<p class=\"QN2lPu\"> n\u01b0\u1edbc r\u1eeda b\u00e1t<\/p>\n<p class=\"QN2lPu\"> nuoc rua chen<\/p>\n<p class=\"QN2lPu\"> rua chen<\/p>\n<p class=\"QN2lPu\"> nuoc rua bat<\/p>\n<p class=\"QN2lPu\"> n\u01b0\u1edbc r\u1eeda ch\u00e9n sunlight<\/p>\n<p class=\"QN2lPu\"> nuoc rua chen <\/p>\n<p class=\"QN2lPu\"> n\u01b0\u1edbc r\u1eeda b\u00e1t sunlight<\/p>\n<p class=\"QN2lPu\"> nuoc rua bat sunlight<\/p>\n<p class=\"QN2lPu\"> n\u01b0\u1edbc r\u1eeda ch\u00e9n sunlight tr\u00e0 xanh<\/p>\n<p class=\"QN2lPu\"> nuoc rua chen sunlight tra xanh<\/p>\n<p class=\"QN2lPu\"> r\u1eeda ch\u00e9n sunlight<\/p>\n<p class=\"QN2lPu\"> rua chen sunlight<\/p>\n<p class=\"QN2lPu\"> n\u01b0\u1edbc r\u1eeda ch\u00e9n sunlight chanh<\/p>\n<p class=\"QN2lPu\"> nuoc rua chen sunlight chanh<\/p>\n<p class=\"QN2lPu\"> n\u01b0\u1edbc r\u1eeda ch\u00e9n kh\u00f4ng h\u1ea1i da tay<\/p>\n<p class=\"QN2lPu\"> nuoc rua chen khong hai da tay&#8221;<\/p>\n<\/div>\n","protected":false},"excerpt":{"rendered":"<p>N\u01af\u1edaC R\u1eecA CH\u00c9N SUNLIGHT CHANH 100 V\u1edbi c\u00f4ng ngh\u1ec7 X\u1ea3 b\u1ecdt nhanh, n\u01b0\u1edbc r\u1eeda ch\u00e9n Sunlight Chanh 100 gi\u00fap \u0111\u00e1nh bay d\u1ea7u m\u1ee1 hi\u1ec7u qu\u1ea3 v\u00e0 ti\u1ebft ki\u1ec7m th\u1eddi gian, c\u00f4ng s\u1ee9c cho ch\u1ecb em n\u1ed9i tr\u1ee3: &#8211; C\u00f4ng ngh\u1ec7 X\u1ea3 b\u1ecdt nhanh gi\u00fap s\u1ea1ch nhanh, x\u1ea3 b\u1ecdt nhanh &#8211; H\u01b0\u01a1ng chanh t\u01b0\u01a1i m\u00e1t. &#8211;&#8230;<\/p>\n","protected":false},"featured_media":14353,"comment_status":"open","ping_status":"closed","template":"","meta":[],"product_brand":[1376],"product_cat":[1267],"product_tag":[],"class_list":{"0":"post-14294","1":"product","2":"type-product","3":"status-publish","4":"has-post-thumbnail","6":"product_brand-sunlight","7":"product_cat-khac-ve-sinh-bat-dia","9":"first","10":"instock","11":"sale","12":"featured","13":"shipping-taxable","14":"purchasable","15":"product-type-simple"},"_links":{"self":[{"href":"https:\/\/web-ban-le.mbws.vn\/giat-giu-cham-soc-nha-cua\/wp-json\/wp\/v2\/product\/14294","targetHints":{"allow":["GET"]}}],"collection":[{"href":"https:\/\/web-ban-le.mbws.vn\/giat-giu-cham-soc-nha-cua\/wp-json\/wp\/v2\/product"}],"about":[{"href":"https:\/\/web-ban-le.mbws.vn\/giat-giu-cham-soc-nha-cua\/wp-json\/wp\/v2\/types\/product"}],"replies":[{"embeddable":true,"href":"https:\/\/web-ban-le.mbws.vn\/giat-giu-cham-soc-nha-cua\/wp-json\/wp\/v2\/comments?post=14294"}],"wp:featuredmedia":[{"embeddable":true,"href":"https:\/\/web-ban-le.mbws.vn\/giat-giu-cham-soc-nha-cua\/wp-json\/wp\/v2\/media\/14353"}],"wp:attachment":[{"href":"https:\/\/web-ban-le.mbws.vn\/giat-giu-cham-soc-nha-cua\/wp-json\/wp\/v2\/media?parent=14294"}],"wp:term":[{"taxonomy":"product_brand","embeddable":true,"href":"https:\/\/web-ban-le.mbws.vn\/giat-giu-cham-soc-nha-cua\/wp-json\/wp\/v2\/product_brand?post=14294"},{"taxonomy":"product_cat","embeddable":true,"href":"https:\/\/web-ban-le.mbws.vn\/giat-giu-cham-soc-nha-cua\/wp-json\/wp\/v2\/product_cat?post=14294"},{"taxonomy":"product_tag","embeddable":true,"href":"https:\/\/web-ban-le.mbws.vn\/giat-giu-cham-soc-nha-cua\/wp-json\/wp\/v2\/product_tag?post=14294"}],"curies":[{"name":"wp","href":"https:\/\/api.w.org\/{rel}","templated":true}]}}