{"id":14340,"date":"2025-10-27T09:44:25","date_gmt":"2025-10-27T02:44:25","guid":{"rendered":"https:\/\/web-ban-le.mbws.vn\/giat-giu-cham-soc-nha-cua\/?post_type=product&#038;p=14340"},"modified":"2025-11-04T23:14:49","modified_gmt":"2025-11-04T16:14:49","slug":"nuoc-giat-omo-matic-4-1kg-tui","status":"publish","type":"product","link":"https:\/\/web-ban-le.mbws.vn\/giat-giu-cham-soc-nha-cua\/san-pham\/nuoc-giat-omo-matic-4-1kg-tui\/","title":{"rendered":"N\u01b0\u1edbc gi\u1eb7t OMO Matic 4.1kg (T\u00fai)"},"content":{"rendered":"<div class=\"e8lZp3\">\n<div class=\"QN2lPu\">\n<div style=\"position: relative; width: 100%; padding-bottom: 96.1538%;\"><picture class=\"UkIsx8\"><source srcset=\"https:\/\/down-vn.img.susercontent.com\/file\/cn-11134208-7r98o-lusxi392k2ps85@resize_w875_nl.webp 1x, https:\/\/down-vn.img.susercontent.com\/file\/cn-11134208-7r98o-lusxi392k2ps85@resize_w1750_nl.webp 2x\" type=\"image\/webp\" class=\"UkIsx8\"><img decoding=\"async\" width=\"875\" loading=\"lazy\" class=\"uXN1L5 lazyload GqYslU\" srcset=\"https:\/\/down-vn.img.susercontent.com\/file\/cn-11134208-7r98o-lusxi392k2ps85@resize_w875_nl 1x, https:\/\/down-vn.img.susercontent.com\/file\/cn-11134208-7r98o-lusxi392k2ps85@resize_w1750_nl 2x\" src=\"https:\/\/down-vn.img.susercontent.com\/file\/cn-11134208-7r98o-lusxi392k2ps85\" height=\"841\"><\/picture><\/div>\n<\/div>\n<div class=\"QN2lPu\">\n<div style=\"position: relative; width: 100%; padding-bottom: 125.786%;\"><picture class=\"UkIsx8\"><source srcset=\"https:\/\/down-vn.img.susercontent.com\/file\/cn-11134208-7r98o-lusxi392lha8a7@resize_w875_nl.webp 1x, https:\/\/down-vn.img.susercontent.com\/file\/cn-11134208-7r98o-lusxi392lha8a7@resize_w1750_nl.webp 2x\" type=\"image\/webp\" class=\"UkIsx8\"><img decoding=\"async\" width=\"875\" loading=\"lazy\" class=\"uXN1L5 lazyload GqYslU\" srcset=\"https:\/\/down-vn.img.susercontent.com\/file\/cn-11134208-7r98o-lusxi392lha8a7@resize_w875_nl 1x, https:\/\/down-vn.img.susercontent.com\/file\/cn-11134208-7r98o-lusxi392lha8a7@resize_w1750_nl 2x\" src=\"https:\/\/down-vn.img.susercontent.com\/file\/cn-11134208-7r98o-lusxi392lha8a7\" height=\"1101\"><\/picture><\/div>\n<\/div>\n<div class=\"QN2lPu\">\n<div style=\"position: relative; width: 100%; padding-bottom: 97.4659%;\"><picture class=\"UkIsx8\"><source srcset=\"https:\/\/down-vn.img.susercontent.com\/file\/cn-11134208-7r98o-lusxi392mvuoba@resize_w875_nl.webp 1x, https:\/\/down-vn.img.susercontent.com\/file\/cn-11134208-7r98o-lusxi392mvuoba@resize_w1750_nl.webp 2x\" type=\"image\/webp\" class=\"UkIsx8\"><img decoding=\"async\" width=\"875\" loading=\"lazy\" class=\"uXN1L5 lazyload GqYslU\" srcset=\"https:\/\/down-vn.img.susercontent.com\/file\/cn-11134208-7r98o-lusxi392mvuoba@resize_w875_nl 1x, https:\/\/down-vn.img.susercontent.com\/file\/cn-11134208-7r98o-lusxi392mvuoba@resize_w1750_nl 2x\" src=\"https:\/\/down-vn.img.susercontent.com\/file\/cn-11134208-7r98o-lusxi392mvuoba\" height=\"853\"><\/picture><\/div>\n<\/div>\n<p class=\"QN2lPu\">T\u1ef0 H\u00c0O L\u1ea4M B\u1ea8N \u2013 N\u1ed6 L\u1ef0C \u0110\u1ebeN C\u00d9NG<\/p>\n<p class=\"QN2lPu\"> OMO hi\u1ec3u r\u1eb1ng, t\u1eebng v\u1ec7t m\u1ed3 h\u00f4i, v\u1ec7t \u1ed1 v\u00e0ng b\u00e1m l\u1ea1i tr\u00ean qu\u1ea7n \u00e1o b\u1ea1n l\u00e0 minh ch\u1ee9ng cho n\u1ed7 l\u1ef1c kh\u00f4ng ng\u1eebng ngh\u1ec9 m\u1ed7i ng\u00e0y.<\/p>\n<p class=\"QN2lPu\"> \u0110\u1eebng \u0111\u1ec3 nh\u1eefng l\u1ea5m b\u1ea9n c\u1ea3n tr\u1edf b\u1ea1n tr\u00ean h\u00e0nh tr\u00ecnh chinh ph\u1ee5c \u01b0\u1edbc m\u01a1. V\u1edbi t\u00ednh n\u0103ng l\u00e0m s\u1ea1ch v\u01b0\u1ee3t tr\u1ed9i \u0111\u01b0\u1ee3c h\u00e0ng tri\u1ec7u ng\u01b0\u1eddi Vi\u1ec7t Nam tin d\u00f9ng, OMO Matic gi\u00fap \u0111\u00e1nh bay nh\u1eefng v\u1ebft b\u1ea9n ngay t\u1eeb l\u1ea7n gi\u1eb7t \u0111\u1ea7u ti\u00ean*, \u0111\u1ec3 b\u1ea1n lu\u00f4n b\u1ec1n ch\u00ed v\u01b0\u1ee3t m\u1ecdi th\u1eed th\u00e1ch.<\/p>\n<p class=\"QN2lPu\"> H\u01af\u1edaNG D\u1eaaN S\u1eec D\u1ee4NG<\/p>\n<p class=\"QN2lPu\"> 1. \u0110\u1ed5 n\u01b0\u1edbc gi\u1eb7t OMO Matic v\u00e0o n\u1eafp<\/p>\n<p class=\"QN2lPu\"> 2. D\u00f9ng m\u1ed9t l\u01b0\u1ee3ng t\u01b0\u01a1ng \u0111\u01b0\u01a1ng m\u1ed9t n\u1eafp (65ml) cho m\u1ed9t l\u1ea7n gi\u1eb7t th\u00f4ng th\u01b0\u1eddng. \u0110i\u1ec1u ch\u1ec9nh l\u01b0\u1ee3ng n\u01b0\u1edbc gi\u1eb7t t\u01b0\u01a1ng \u1ee9ng v\u1edbi l\u01b0\u1ee3ng qu\u1ea7n \u00e1o v\u00e0 \u0111\u1ed9 b\u1ea9n.<\/p>\n<p class=\"QN2lPu\"> 3. X\u1eed l\u00fd d\u00e0nh cho v\u1ebft b\u1ea9n c\u1ee9ng \u0111\u1ea7u:<\/p>\n<p class=\"QN2lPu\"> a. Ch\u1ea5m m\u1ed9t \u00edt n\u01b0\u1edbc gi\u1eb7t OMO Matic<\/p>\n<p class=\"QN2lPu\"> b. Thoa nh\u1eb9 l\u00ean v\u1ebft b\u1ea9n<\/p>\n<p class=\"QN2lPu\"> 4. \u0110\u1ed5 ph\u1ea7n n\u01b0\u1edbc gi\u1eb7t c\u00f2n l\u1ea1i v\u00e0o m\u00e1y gi\u1eb7t<\/p>\n<p class=\"QN2lPu\"> \u01afU \u0110I\u1ec2M N\u1ed4I B\u1eacT<\/p>\n<p class=\"QN2lPu\"> \u2022 \u0110\u00e1nh bay v\u1ebft b\u1ea9n v\u01b0\u1ee3t tr\u1ed9i<\/p>\n<p class=\"QN2lPu\"> C\u00f4ng th\u1ee9c \u01b0u vi\u1ec7t t\u1eeb ho\u1ea1t ch\u1ea5t l\u00e0m s\u1ea1ch g\u1ed1c th\u1ef1c v\u1eadt gi\u00fap lo\u1ea1i b\u1ecf nh\u1eefng v\u1ebft \u1ed1 v\u00e0ng v\u00e0 v\u1ebft b\u1ea9n t\u1eeb th\u1ee9c \u0103n, b\u00f9n \u0111\u1ea5t ngay t\u1eeb l\u1ea7n gi\u1eb7t \u0111\u1ea7u ti\u00ean, cho qu\u1ea7n \u00e1o s\u1ea1ch s\u1ebd nh\u01b0 m\u1edbi.<\/p>\n<p class=\"QN2lPu\">\n<p class=\"QN2lPu\"> 1.N\u01b0\u1edbc Gi\u1eb7t OMO Matic Chuy\u00ean Gia C\u1eeda Tr\u00ean S\u1ea1ch S\u00e2u V\u01b0\u1ee3t Tr\u1ed9i:<\/p>\n<p class=\"QN2lPu\"> \u2022 B\u1ea3o V\u1ec7 \u00c1o Qu\u1ea7n**<\/p>\n<p class=\"QN2lPu\"> C\u00f4ng ngh\u1ec7 NANO Clean &#8211; v\u1edbi ph\u1ea7n t\u1eed li ti d\u1ec5 ti\u1ebfp c\u1eadn v\u00e0 len v\u00e0o s\u00e2u t\u1eebng s\u1ee3i v\u1ea3i, gi\u00fap lo\u1ea1i b\u1ecf c\u00e1c v\u1ebft b\u1ea9n c\u1ee9ng \u0111\u1ea7u m\u00e0 kh\u00f4ng l\u00e0m h\u01b0 h\u1ea1i qu\u1ea7n \u00e1o.<\/p>\n<p class=\"QN2lPu\"> \u2022 L\u01b0u H\u01b0\u01a1ng D\u00e0i L\u00e2u<\/p>\n<p class=\"QN2lPu\"> V\u1edbi c\u00f4ng th\u1ee9c l\u01b0u h\u01b0\u01a1ng t\u01b0\u01a1i m\u00e1t c\u1ee7a OMO, gi\u1edd \u0111\u00e2y b\u1ea1n c\u00f3 th\u1ec3 t\u1eadn h\u01b0\u1edfng qu\u1ea7n \u00e1o s\u1ea1ch, th\u01a1m su\u1ed1t c\u1ea3 ng\u00e0y d\u00e0i+.<\/p>\n<p class=\"QN2lPu\"> 2. N\u01b0\u1edbc gi\u1eb7t OMO Matic Chuy\u00ean Gia C\u1eeda Tr\u00ean Comfort Tinh D\u1ea7u N\u01b0\u1edbc Hoa Tinh T\u1ebf:<\/p>\n<p class=\"QN2lPu\"> \u2022 L\u01b0u H\u01b0\u01a1ng N\u01b0\u1edbc Hoa D\u00e0i L\u00e2u<\/p>\n<p class=\"QN2lPu\"> V\u1edbi c\u00f4ng th\u1ee9c l\u01b0u h\u01b0\u01a1ng n\u01b0\u1edbc hoa c\u1ee7a OMO, h\u01b0\u01a1ng th\u01a1m l\u01b0u l\u1ea1i tr\u00ean s\u1ee3i v\u1ea3i t\u1ea1o c\u1ea3m gi\u00e1c th\u01a1m m\u00e1t, d\u1ec5 ch\u1ecbu k\u00e9o d\u00e0i \u0111\u1ebfn 72h sau khi gi\u1eb7t+.<\/p>\n<p class=\"QN2lPu\"> \u2022 Tinh ch\u1ebf b\u1edfi Nh\u00e0 Thi\u1ebft K\u1ebf n\u01b0\u1edbc hoa<\/p>\n<p class=\"QN2lPu\"> L\u1ea5y c\u1ea3m h\u1ee9ng t\u1eeb c\u00e1c lo\u00e0i hoa nhi\u1ec7t \u0111\u1edbi t\u1eeb r\u1eebng Amazon, c\u00e1c Nh\u00e0 Thi\u1ebft K\u1ebf n\u01b0\u1edbc hoa c\u1ee7a OMO \u0111\u00e3 \u0111\u1eb7c bi\u1ec7t tinh ch\u1ebf ra h\u01b0\u01a1ng th\u01a1m \u0111\u1ea7y tinh t\u1ebf, sang tr\u1ecdng, mang cho b\u1ea1n s\u1ef1 t\u01b0\u01a1i m\u1edbi v\u00e0 t\u1ef1 tin c\u1ea3 ng\u00e0y d\u00e0i.<\/p>\n<p class=\"QN2lPu\">\n<p class=\"QN2lPu\"> 3. N\u01b0\u1edbc gi\u1eb7t OMO Matic Chuy\u00ean Gia C\u1eeda Tr\u00ean Comfort H\u01b0\u01a1ng Hoa H\u1ed3ng Ecuador<\/p>\n<p class=\"QN2lPu\"> \u2022 L\u01b0u H\u01b0\u01a1ng N\u01b0\u1edbc Hoa D\u00e0i L\u00e2u<\/p>\n<p class=\"QN2lPu\"> V\u1edbi c\u00f4ng th\u1ee9c l\u01b0u h\u01b0\u01a1ng n\u01b0\u1edbc hoa c\u1ee7a OMO, h\u01b0\u01a1ng th\u01a1m l\u01b0u l\u1ea1i tr\u00ean s\u1ee3i v\u1ea3i t\u1ea1o c\u1ea3m gi\u00e1c th\u01a1m m\u00e1t, d\u1ec5 ch\u1ecbu k\u00e9o d\u00e0i \u0111\u1ebfn 72h sau khi gi\u1eb7t+.<\/p>\n<p class=\"QN2lPu\"> \u2022 Tinh ch\u1ebf b\u1edfi Nh\u00e0 Thi\u1ebft K\u1ebf n\u01b0\u1edbc hoa<\/p>\n<p class=\"QN2lPu\"> L\u1ea5y c\u1ea3m h\u1ee9ng t\u1eeb lo\u00e0i hoa h\u1ed3ng Ecuador, c\u00e1c nh\u00e0 thi\u1ebft k\u1ebf n\u01b0\u1edbc hoa c\u1ee7a OMO \u0111\u00e3 \u0111\u1eb7c bi\u1ec7t tinh ch\u1ebf ra h\u01b0\u01a1ng th\u01a1m sang tr\u1ecdng \u0111\u1ea7y m\u00ea ho\u1eb7c, mang cho b\u1ea1n c\u1ea3m gi\u00e1c t\u1ef1 tin, quy\u1ebfn r\u0169 trong t\u1eebng chuy\u1ec3n \u0111\u1ed9ng.<\/p>\n<p class=\"QN2lPu\">\n<p class=\"QN2lPu\"> 4. N\u01b0\u1edbc Gi\u1eb7t OMO Matic Chuy\u00ean Gia C\u1eeda Tr\u00ean Chuy\u00ean Gia Gi\u1eef M\u00e0u<\/p>\n<p class=\"QN2lPu\"> \u2022 Gi\u1eef M\u00e0u B\u1ec1n \u0110\u1eb9p<\/p>\n<p class=\"QN2lPu\"> C\u00f4ng ngh\u1ec7 Gi\u1eef M\u00e0u ColorShield c\u00f3 kh\u1ea3 n\u0103ng b\u1ea3o v\u1ec7 qu\u1ea7n \u00e1o <\/p>\n<p class=\"QN2lPu\">\n<p class=\"QN2lPu\">\n<p class=\"QN2lPu\">kh\u1ecfi<\/p>\n<p class=\"QN2lPu\">\n<p class=\"QN2lPu\">\n<p class=\"QN2lPu\"> b\u1ea1c m\u00e0u, gi\u00fap m\u00e0u s\u1eafc qu\u1ea7n \u00e1o lu\u00f4n t\u01b0\u01a1i m\u1edbi ngay c\u1ea3 sau 100 l\u1ea7n gi\u1eb7t**.<\/p>\n<p class=\"QN2lPu\"> \u2022 L\u01b0u H\u01b0\u01a1ng D\u00e0i L\u00e2u<\/p>\n<p class=\"QN2lPu\"> V\u1edbi c\u00f4ng th\u1ee9c l\u01b0u h\u01b0\u01a1ng t\u01b0\u01a1i m\u00e1t c\u1ee7a OMO, gi\u1edd \u0111\u00e2y b\u1ea1n c\u00f3 th\u1ec3 t\u1eadn h\u01b0\u1edfng qu\u1ea7n \u00e1o s\u1ea1ch, th\u01a1m su\u1ed1t c\u1ea3 ng\u00e0y d\u00e0i+<\/p>\n<p class=\"QN2lPu\">\n<p class=\"QN2lPu\"> 5. N\u01b0\u1edbc Gi\u1eb7t OMO Matic Chuy\u00ean Gia C\u1eeda Tr\u01b0\u1edbc H\u01b0\u01a1ng Hoa O\u1ea3i H\u01b0\u01a1ng Th\u01b0 Th\u00e1i<\/p>\n<p class=\"QN2lPu\"> \u2022 B\u1ea3o V\u1ec7 L\u1ed3ng Gi\u1eb7t <\/p>\n<p class=\"QN2lPu\">\n<p class=\"QN2lPu\">\n<p class=\"QN2lPu\">Kh\u1ecfi<\/p>\n<p class=\"QN2lPu\">\n<p class=\"QN2lPu\">\n<p class=\"QN2lPu\"> C\u1eb7n B\u1ea9n**<\/p>\n<p class=\"QN2lPu\"> C\u00f4ng Ngh\u1ec7 Proclean t\u1ea1o \u00edt b\u1ecdt, kh\u00f4ng \u0111\u00f3ng c\u1eb7n, gi\u00fap b\u1ea3o v\u1ec7 l\u1ed3ng gi\u1eb7t c\u1eeda tr\u01b0\u1edbc <\/p>\n<p class=\"QN2lPu\">\n<p class=\"QN2lPu\">\n<p class=\"QN2lPu\">kh\u1ecfi<\/p>\n<p class=\"QN2lPu\">\n<p class=\"QN2lPu\">\n<p class=\"QN2lPu\"> c\u1eb7n b\u1ea9n t\u00edch t\u1ee5 trong th\u1eddi gian d\u00e0i s\u1eed d\u1ee5ng<\/p>\n<p class=\"QN2lPu\"> \u2022 L\u01b0u H\u01b0\u01a1ng D\u00e0i L\u00e2u<\/p>\n<p class=\"QN2lPu\"> C\u00f4ng th\u1ee9c v\u1edbi chi\u1ebft xu\u1ea5t hoa o\u1ea3i h\u01b0\u01a1ng, l\u01b0u h\u01b0\u01a1ng b\u1ec1n l\u00e2u, gi\u1edd \u0111\u00e2y b\u1ea1n c\u00f3 th\u1ec3 t\u1eadn h\u01b0\u1edfng qu\u1ea7n \u00e1o s\u1ea1ch, th\u01a1m su\u1ed1t c\u1ea3 ng\u00e0y d\u00e0i+<\/p>\n<p class=\"QN2lPu\">\n<p class=\"QN2lPu\"> 6. N\u01b0\u1edbc Gi\u1eb7t OMO Matic Chuy\u00ean Gia C\u1eeda Tr\u01b0\u1edbc Chuy\u00ean Gia Gi\u1eef M\u00e0u<\/p>\n<p class=\"QN2lPu\"> \u2022 B\u1ea3o V\u1ec7 L\u1ed3ng Gi\u1eb7t <\/p>\n<p class=\"QN2lPu\">\n<p class=\"QN2lPu\">\n<p class=\"QN2lPu\">Kh\u1ecfi<\/p>\n<p class=\"QN2lPu\">\n<p class=\"QN2lPu\">\n<p class=\"QN2lPu\"> C\u1eb7n B\u1ea9n<\/p>\n<p class=\"QN2lPu\"> C\u00f4ng Ngh\u1ec7 Proclean t\u1ea1o \u00edt b\u1ecdt, kh\u00f4ng \u0111\u00f3ng c\u1eb7n, gi\u00fap b\u1ea3o v\u1ec7 l\u1ed3ng gi\u1eb7t c\u1eeda tr\u01b0\u1edbc <\/p>\n<p class=\"QN2lPu\">\n<p class=\"QN2lPu\">\n<p class=\"QN2lPu\">kh\u1ecfi<\/p>\n<p class=\"QN2lPu\">\n<p class=\"QN2lPu\">\n<p class=\"QN2lPu\"> c\u1eb7n b\u1ea9n t\u00edch t\u1ee5 trong th\u1eddi gian d\u00e0i s\u1eed d\u1ee5ng.<\/p>\n<p class=\"QN2lPu\"> \u2022 Gi\u1eef M\u00e0u B\u1ec1n \u0110\u1eb9p &amp; L\u01b0u H\u01b0\u01a1ng B\u1ec1n L\u00e2u<\/p>\n<p class=\"QN2lPu\"> C\u00f4ng th\u1ee9c gi\u1eef m\u00e0u c\u1ee7a OMO c\u00f3 kh\u1ea3 n\u0103ng b\u1ea3o v\u1ec7 qu\u1ea7n \u00e1o <\/p>\n<p class=\"QN2lPu\">\n<p class=\"QN2lPu\">\n<p class=\"QN2lPu\">kh\u1ecfi<\/p>\n<p class=\"QN2lPu\">\n<p class=\"QN2lPu\">\n<p class=\"QN2lPu\"> b\u1ea1c m\u00e0u, gi\u00fap m\u00e0u s\u1eafc qu\u1ea7n \u00e1o lu\u00f4n t\u01b0\u01a1i m\u1edbi ngay c\u1ea3 sau 100 l\u1ea7n gi\u1eb7t.<\/p>\n<p class=\"QN2lPu\">\n<p class=\"QN2lPu\"> 7. N\u01b0\u1edbc Gi\u1eb7t OMO Matic Chuy\u00ean Gia C\u1eeda Tr\u01b0\u1edbc <\/p>\n<p class=\"QN2lPu\">\n<p class=\"QN2lPu\">\n<p class=\"QN2lPu\">Ng\u0103n Ng\u1eeba<\/p>\n<p class=\"QN2lPu\">\n<p class=\"QN2lPu\">\n<p class=\"QN2lPu\"> M\u00f9i \u1ea8m M\u1ed1c<\/p>\n<p class=\"QN2lPu\"> &#8211; B\u1ea3o V\u1ec7 L\u1ed3ng Gi\u1eb7t <\/p>\n<p class=\"QN2lPu\">\n<p class=\"QN2lPu\">\n<p class=\"QN2lPu\">Kh\u1ecfi<\/p>\n<p class=\"QN2lPu\">\n<p class=\"QN2lPu\">\n<p class=\"QN2lPu\"> C\u1eb7n B\u1ea9n<\/p>\n<p class=\"QN2lPu\"> C\u00f4ng Ngh\u1ec7 Proclean t\u1ea1o \u00edt b\u1ecdt, kh\u00f4ng \u0111\u00f3ng c\u1eb7n, gi\u00fap b\u1ea3o v\u1ec7 l\u1ed3ng gi\u1eb7t c\u1eeda tr\u01b0\u1edbc <\/p>\n<p class=\"QN2lPu\">\n<p class=\"QN2lPu\">\n<p class=\"QN2lPu\">kh\u1ecfi<\/p>\n<p class=\"QN2lPu\">\n<p class=\"QN2lPu\">\n<p class=\"QN2lPu\"> c\u1eb7n b\u1ea9n t\u00edch t\u1ee5 trong th\u1eddi gian d\u00e0i s\u1eed d\u1ee5ng.<\/p>\n<p class=\"QN2lPu\"> &#8211; Thanh L\u1ecdc M\u00f9i \u1ea8m M\u1ed1c \u0110\u1ebfn 24h^<\/p>\n<p class=\"QN2lPu\"> H\u01b0\u01a1ng hoa anh th\u1ea3o t\u01b0\u01a1i m\u00e1t su\u1ed1t c\u1ea3 ng\u00e0y d\u00e0i, gi\u00fap lo\u1ea1i b\u1ecf m\u00f9i h\u00f4i v\u00e0 m\u00f9i \u1ea9m m\u1ed1c b\u00e1m tr\u00ean \u00e1o qu\u1ea7n.<\/p>\n<p class=\"QN2lPu\">\n<p class=\"QN2lPu\"> 8. N\u01b0\u1edbc Gi\u1eb7t OMO Matic Cho Qu\u1ea7n \u00c1o B\u00e9 Y\u00eau<\/p>\n<p class=\"QN2lPu\"> N\u01af\u1edaC GI\u1eb6T OMO MATIC CHO QU\u1ea6N \u00c1O B\u00c9 Y\u00caU &#8211; S\u1ef0 <\/p>\n<p class=\"QN2lPu\">\n<p class=\"QN2lPu\">\n<p class=\"QN2lPu\">L\u1ef0A CH\u1eccN<\/p>\n<p class=\"QN2lPu\">\n<p class=\"QN2lPu\">\n<p class=\"QN2lPu\">\n<p class=\"QN2lPu\">\n<p class=\"QN2lPu\">\n<p class=\"QN2lPu\">TUY\u1ec6T V\u1edcI<\/p>\n<p class=\"QN2lPu\">\n<p class=\"QN2lPu\">\n<p class=\"QN2lPu\"> D\u00c0NH CHO <\/p>\n<p class=\"QN2lPu\">M\u1eb8<\/p>\n<p class=\"QN2lPu\">\n<p class=\"QN2lPu\"> \u0110\u01b0\u1ee3c Vi\u1ec7n Da Li\u1ec5u Trung \u01af\u01a1ng c\u00f4ng nh\u1eadn, N\u01b0\u1edbc gi\u1eb7t OMO Matic cho Qu\u1ea7n \u00e1o B\u00e9 y\u00eau mang \u0111\u1ebfn cho <\/p>\n<p class=\"QN2lPu\">m\u1eb9<\/p>\n<p class=\"QN2lPu\"> s\u1ef1 y\u00ean t\u00e2m khi s\u1eed d\u1ee5ng cho \u00e1o qu\u1ea7n v\u00e0 \u0111\u1ed3 d\u00f9ng c\u1ee7a b\u00e9.<\/p>\n<p class=\"QN2lPu\">\n<p class=\"QN2lPu\"> V\u1edbi c\u00f4ng th\u1ee9c chuy\u00ean d\u1ee5ng l\u00e0m s\u1ea1ch d\u1ecbu nh\u1eb9 t\u1eeb Anh Qu\u1ed1c v\u00e0 th\u00e0nh ph\u1ea7n c\u00f3 ch\u1ee9a chi\u1ebft xu\u1ea5t tr\u00e0m tr\u00e0 v\u00e0 nha \u0111am, N\u01b0\u1edbc gi\u1eb7t OMO Matic cho Qu\u1ea7n \u00e1o B\u00e9 y\u00eau ch\u0103m s\u00f3c d\u1ecbu nh\u1eb9 t\u1eebng s\u1ee3i v\u1ea3i, gi\u00fap lo\u1ea1i b\u1ecf v\u1ebft b\u1ea9n c\u00e0 vi khu\u1ea9n, gi\u1eef \u00e1o qu\u1ea7n v\u00e0 \u0111\u1ed3 d\u00f9ng c\u1ee7a em b\u00e9 lu\u00f4n m\u1ec1m m\u1ea1i.<\/p>\n<p class=\"QN2lPu\">\n<p class=\"QN2lPu\"> \u01afU \u0110I\u1ec2M N\u1ed4I B\u1eacT<\/p>\n<p class=\"QN2lPu\"> &#8211; Th\u00e0nh ph\u1ea7n ch\u1ee9a chi\u1ebft xu\u1ea5t tr\u00e0m tra v\u00e0 nha \u0111am<\/p>\n<p class=\"QN2lPu\"> &#8211; Ch\u1ee9ng nh\u1eadn <\/p>\n<p class=\"QN2lPu\">\n<p class=\"QN2lPu\">\n<p class=\"QN2lPu\">an to\u00e0n<\/p>\n<p class=\"QN2lPu\">\n<p class=\"QN2lPu\">\n<p class=\"QN2lPu\"> b\u1edfi Vi\u1ec7n Da Li\u1ec5u Trung \u01af\u01a1ng<\/p>\n<p class=\"QN2lPu\"> &#8211; C\u00f4ng th\u1ee9c chuy\u00ean d\u1ee5ng cho b\u00e9 t\u1eeb Anh Qu\u1ed1c<\/p>\n<p class=\"QN2lPu\"> &#8211; \u0110\u1ed9 pH c\u00e2n b\u1eb1ng. Kh\u00f4ng paraben, ch\u1ea5t t\u1ea1o m\u00e0u, ch\u1ea5t t\u1ea9y tr\u1eafng<\/p>\n<p class=\"QN2lPu\"> &#8211; Ph\u00f9 h\u1ee3p v\u1edbi c\u1ea3 m\u00e1y gi\u1eb7t c\u1eeda tr\u01b0\u1edbc v\u00e0 c\u1eeda tr\u00ean<\/p>\n<p class=\"QN2lPu\">\n<p class=\"QN2lPu\"> Th\u1eddi gian \u201cs\u1eed d\u1ee5ng <\/p>\n<p class=\"QN2lPu\">\n<p class=\"QN2lPu\">\n<p class=\"QN2lPu\">t\u1ed1t nh\u1ea5t<\/p>\n<p class=\"QN2lPu\">\n<p class=\"QN2lPu\">\n<p class=\"QN2lPu\">\u201d c\u1ee7a c\u00e1c s\u1ea3n ph\u1ea9m n\u01b0\u1edbc gi\u1eb7t Omo Matic (Unilever Vi\u1ec7t Nam khuy\u1ebfn ngh\u1ecb, trong \u0111i\u1ec1u ki\u1ec7n l\u01b0u tr\u1eef nh\u01b0 \u0111\u01b0\u1ee3c h\u01b0\u1edbng d\u1eabn tr\u00ean bao b\u00ec): 24 th\u00e1ng t\u1eeb ng\u00e0y s\u1ea3n xu\u1ea5t. Bao b\u00ec thay \u0111\u1ed5i t\u00f9y theo \u0111\u1ee3t nh\u1eadp h\u00e0ng.<\/p>\n<\/div>\n","protected":false},"excerpt":{"rendered":"<p>T\u1ef0 H\u00c0O L\u1ea4M B\u1ea8N \u2013 N\u1ed6 L\u1ef0C \u0110\u1ebeN C\u00d9NG OMO hi\u1ec3u r\u1eb1ng, t\u1eebng v\u1ec7t m\u1ed3 h\u00f4i, v\u1ec7t \u1ed1 v\u00e0ng b\u00e1m l\u1ea1i tr\u00ean qu\u1ea7n \u00e1o b\u1ea1n l\u00e0 minh ch\u1ee9ng cho n\u1ed7 l\u1ef1c kh\u00f4ng ng\u1eebng ngh\u1ec9 m\u1ed7i ng\u00e0y. \u0110\u1eebng \u0111\u1ec3 nh\u1eefng l\u1ea5m b\u1ea9n c\u1ea3n tr\u1edf b\u1ea1n tr\u00ean h\u00e0nh tr\u00ecnh chinh ph\u1ee5c \u01b0\u1edbc m\u01a1. V\u1edbi t\u00ednh n\u0103ng l\u00e0m&#8230;<\/p>\n","protected":false},"featured_media":14413,"comment_status":"open","ping_status":"closed","template":"","meta":[],"product_brand":[1377],"product_cat":[1225],"product_tag":[],"class_list":{"0":"post-14340","1":"product","2":"type-product","3":"status-publish","4":"has-post-thumbnail","6":"product_brand-omo","7":"product_cat-nuoc-giat","9":"first","10":"instock","11":"sale","12":"featured","13":"shipping-taxable","14":"purchasable","15":"product-type-variable"},"_links":{"self":[{"href":"https:\/\/web-ban-le.mbws.vn\/giat-giu-cham-soc-nha-cua\/wp-json\/wp\/v2\/product\/14340","targetHints":{"allow":["GET"]}}],"collection":[{"href":"https:\/\/web-ban-le.mbws.vn\/giat-giu-cham-soc-nha-cua\/wp-json\/wp\/v2\/product"}],"about":[{"href":"https:\/\/web-ban-le.mbws.vn\/giat-giu-cham-soc-nha-cua\/wp-json\/wp\/v2\/types\/product"}],"replies":[{"embeddable":true,"href":"https:\/\/web-ban-le.mbws.vn\/giat-giu-cham-soc-nha-cua\/wp-json\/wp\/v2\/comments?post=14340"}],"wp:featuredmedia":[{"embeddable":true,"href":"https:\/\/web-ban-le.mbws.vn\/giat-giu-cham-soc-nha-cua\/wp-json\/wp\/v2\/media\/14413"}],"wp:attachment":[{"href":"https:\/\/web-ban-le.mbws.vn\/giat-giu-cham-soc-nha-cua\/wp-json\/wp\/v2\/media?parent=14340"}],"wp:term":[{"taxonomy":"product_brand","embeddable":true,"href":"https:\/\/web-ban-le.mbws.vn\/giat-giu-cham-soc-nha-cua\/wp-json\/wp\/v2\/product_brand?post=14340"},{"taxonomy":"product_cat","embeddable":true,"href":"https:\/\/web-ban-le.mbws.vn\/giat-giu-cham-soc-nha-cua\/wp-json\/wp\/v2\/product_cat?post=14340"},{"taxonomy":"product_tag","embeddable":true,"href":"https:\/\/web-ban-le.mbws.vn\/giat-giu-cham-soc-nha-cua\/wp-json\/wp\/v2\/product_tag?post=14340"}],"curies":[{"name":"wp","href":"https:\/\/api.w.org\/{rel}","templated":true}]}}