{"id":21257,"date":"2025-11-14T11:13:32","date_gmt":"2025-11-14T04:13:32","guid":{"rendered":"https:\/\/web-ban-le.mbws.vn\/giay-dep-nam-nu\/?post_type=product&#038;p=21257"},"modified":"2025-11-14T11:14:04","modified_gmt":"2025-11-14T04:14:04","slug":"giay-nam-lucky-h227-giay-sneaker-nam-thoang-khi-kieu-dang-basic-de-phoi-do","status":"publish","type":"product","link":"https:\/\/web-ban-le.mbws.vn\/giay-dep-nam-nu\/san-pham\/giay-nam-lucky-h227-giay-sneaker-nam-thoang-khi-kieu-dang-basic-de-phoi-do\/","title":{"rendered":"Gi\u00e0y Nam Lucky H227, Gi\u00e0y Sneaker Nam Tho\u00e1ng Kh\u00ed Ki\u1ec3u D\u00e1ng Basic D\u1ec5 Ph\u1ed1i \u0110\u1ed3"},"content":{"rendered":"<div class=\"e8lZp3\">\n<p class=\"QN2lPu\">\u00c1CH CH\u1eccN SIZE Gi\u00e0y Sneaker Nam:<\/p>\n<p class=\"QN2lPu\">Chi\u1ec1u d\u00e0i b\u00e0n ch\u00e2n (\u0111o t\u1eeb g\u00f3t ch\u00e2n \u0111\u1ebfn ng\u00f3n c\u00e1i) v\u00e0 Chi\u1ec1u r\u1ed9ng b\u00e0n ch\u00e2n PH\u1ea2I NH\u1ece H\u01a0N KICH TH\u01af\u1edaC T\u01af\u01a0NG \u1ee8NG D\u01af\u1edaI \u0110\u00c2Y:<\/p>\n<p class=\"QN2lPu\">Size 39 chi\u1ec1u d\u00e0i b\u00ean trong Gi\u00e0y 24.5cm, Chi\u1ec1u r\u1ed9ng b\u00ean trong Gi\u00e0y 9.5cm<\/p>\n<p class=\"QN2lPu\">Size 40 chi\u1ec1u d\u00e0i b\u00ean trong Gi\u00e0y 25cm, Chi\u1ec1u r\u1ed9ng b\u00ean trong Gi\u00e0y 9.5cm -10cm<\/p>\n<p class=\"QN2lPu\">Size 41 chi\u1ec1u d\u00e0i b\u00ean trong Gi\u00e0y 25.5cm, Chi\u1ec1u r\u1ed9ng b\u00ean trong Gi\u00e0y 10cm<\/p>\n<p class=\"QN2lPu\">Size 42 chi\u1ec1u d\u00e0i b\u00ean trong Gi\u00e0y 26cm, Chi\u1ec1u r\u1ed9ng b\u00ean trong Gi\u00e0y 10cm &#8211; 10.5cm<\/p>\n<p class=\"QN2lPu\">Size 43 chi\u1ec1u d\u00e0i b\u00ean trong Gi\u00e0y 26.5cm, Chi\u1ec1u r\u1ed9ng b\u00ean trong Gi\u00e0y 10.5cm<\/p>\n<p class=\"QN2lPu\">Size 44 chi\u1ec1u d\u00e0i b\u00ean trong Gi\u00e0y 27cm, Chi\u1ec1u r\u1ed9ng b\u00ean trong Gi\u00e0y 10.5cm -11cm<\/p>\n<p class=\"QN2lPu\">#giaythethao; #giaynam; #giaysneaker; #giaysneakernam; #giaythethaonam; #giaynamsneaker; #giaychaybonam; #giaynamdep; #giaynamthethao; #sneakernam; #giaynamtrang; #giaynamcongso; #giaynamdecao; #giaythethaosneaker; #giaysneakernamtrang; #giaybuocday; #giaycocao; #giaycaoco;<\/p>\n<div class=\"QN2lPu\">\n<div style=\"position: relative; width: 100%; padding-bottom: 118.906%;\"><picture class=\"UkIsx8\"><source srcset=\"https:\/\/down-vn.img.susercontent.com\/file\/sg-11134202-7rcf0-ltn9tnge36icb5@resize_w875_nl.webp 1x, https:\/\/down-vn.img.susercontent.com\/file\/sg-11134202-7rcf0-ltn9tnge36icb5@resize_w1750_nl.webp 2x\" type=\"image\/webp\" class=\"UkIsx8\"><img decoding=\"async\" width=\"875\" loading=\"lazy\" class=\"uXN1L5 lazyload GqYslU\" srcset=\"https:\/\/down-vn.img.susercontent.com\/file\/sg-11134202-7rcf0-ltn9tnge36icb5@resize_w875_nl 1x, https:\/\/down-vn.img.susercontent.com\/file\/sg-11134202-7rcf0-ltn9tnge36icb5@resize_w1750_nl 2x\" src=\"https:\/\/down-vn.img.susercontent.com\/file\/sg-11134202-7rcf0-ltn9tnge36icb5\" height=\"1040\"><\/picture><\/div>\n<\/div>\n<div class=\"QN2lPu\">\n<div style=\"position: relative; width: 100%; padding-bottom: 118.906%;\"><picture class=\"UkIsx8\"><source srcset=\"https:\/\/down-vn.img.susercontent.com\/file\/sg-11134202-7rcck-ltn9tomadvknf8@resize_w875_nl.webp 1x, https:\/\/down-vn.img.susercontent.com\/file\/sg-11134202-7rcck-ltn9tomadvknf8@resize_w1750_nl.webp 2x\" type=\"image\/webp\" class=\"UkIsx8\"><img decoding=\"async\" width=\"875\" loading=\"lazy\" class=\"uXN1L5 lazyload GqYslU\" srcset=\"https:\/\/down-vn.img.susercontent.com\/file\/sg-11134202-7rcck-ltn9tomadvknf8@resize_w875_nl 1x, https:\/\/down-vn.img.susercontent.com\/file\/sg-11134202-7rcck-ltn9tomadvknf8@resize_w1750_nl 2x\" src=\"https:\/\/down-vn.img.susercontent.com\/file\/sg-11134202-7rcck-ltn9tomadvknf8\" height=\"1040\"><\/picture><\/div>\n<\/div>\n<div class=\"QN2lPu\">\n<div style=\"position: relative; width: 100%; padding-bottom: 118.906%;\"><picture class=\"UkIsx8\"><source srcset=\"https:\/\/down-vn.img.susercontent.com\/file\/sg-11134202-7rceb-ltn9tp1jrjqo9f@resize_w875_nl.webp 1x, https:\/\/down-vn.img.susercontent.com\/file\/sg-11134202-7rceb-ltn9tp1jrjqo9f@resize_w1750_nl.webp 2x\" type=\"image\/webp\" class=\"UkIsx8\"><img decoding=\"async\" width=\"875\" loading=\"lazy\" class=\"uXN1L5 lazyload GqYslU\" srcset=\"https:\/\/down-vn.img.susercontent.com\/file\/sg-11134202-7rceb-ltn9tp1jrjqo9f@resize_w875_nl 1x, https:\/\/down-vn.img.susercontent.com\/file\/sg-11134202-7rceb-ltn9tp1jrjqo9f@resize_w1750_nl 2x\" src=\"https:\/\/down-vn.img.susercontent.com\/file\/sg-11134202-7rceb-ltn9tp1jrjqo9f\" height=\"1040\"><\/picture><\/div>\n<\/div>\n<div class=\"QN2lPu\">\n<div style=\"position: relative; width: 100%; padding-bottom: 118.906%;\"><picture class=\"UkIsx8\"><source srcset=\"https:\/\/down-vn.img.susercontent.com\/file\/sg-11134202-7rcdq-ltn9tpc3c4910b@resize_w875_nl.webp 1x, https:\/\/down-vn.img.susercontent.com\/file\/sg-11134202-7rcdq-ltn9tpc3c4910b@resize_w1750_nl.webp 2x\" type=\"image\/webp\" class=\"UkIsx8\"><img decoding=\"async\" width=\"875\" loading=\"lazy\" class=\"uXN1L5 lazyload GqYslU\" srcset=\"https:\/\/down-vn.img.susercontent.com\/file\/sg-11134202-7rcdq-ltn9tpc3c4910b@resize_w875_nl 1x, https:\/\/down-vn.img.susercontent.com\/file\/sg-11134202-7rcdq-ltn9tpc3c4910b@resize_w1750_nl 2x\" src=\"https:\/\/down-vn.img.susercontent.com\/file\/sg-11134202-7rcdq-ltn9tpc3c4910b\" height=\"1040\"><\/picture><\/div>\n<\/div>\n<div class=\"QN2lPu\">\n<div style=\"position: relative; width: 100%; padding-bottom: 118.906%;\"><picture class=\"UkIsx8\"><source srcset=\"https:\/\/down-vn.img.susercontent.com\/file\/sg-11134202-7rccs-ltn9tqgvoetv6e@resize_w875_nl.webp 1x, https:\/\/down-vn.img.susercontent.com\/file\/sg-11134202-7rccs-ltn9tqgvoetv6e@resize_w1750_nl.webp 2x\" type=\"image\/webp\" class=\"UkIsx8\"><img decoding=\"async\" width=\"875\" loading=\"lazy\" class=\"uXN1L5 lazyload GqYslU\" srcset=\"https:\/\/down-vn.img.susercontent.com\/file\/sg-11134202-7rccs-ltn9tqgvoetv6e@resize_w875_nl 1x, https:\/\/down-vn.img.susercontent.com\/file\/sg-11134202-7rccs-ltn9tqgvoetv6e@resize_w1750_nl 2x\" src=\"https:\/\/down-vn.img.susercontent.com\/file\/sg-11134202-7rccs-ltn9tqgvoetv6e\" height=\"1040\"><\/picture><\/div>\n<\/div>\n<div class=\"QN2lPu\">\n<div style=\"position: relative; width: 100%; padding-bottom: 118.906%;\"><picture class=\"UkIsx8\"><source srcset=\"https:\/\/down-vn.img.susercontent.com\/file\/sg-11134202-7rces-ltn9trge9uvlb8@resize_w875_nl.webp 1x, https:\/\/down-vn.img.susercontent.com\/file\/sg-11134202-7rces-ltn9trge9uvlb8@resize_w1750_nl.webp 2x\" type=\"image\/webp\" class=\"UkIsx8\"><img decoding=\"async\" width=\"875\" loading=\"lazy\" class=\"uXN1L5 lazyload GqYslU\" srcset=\"https:\/\/down-vn.img.susercontent.com\/file\/sg-11134202-7rces-ltn9trge9uvlb8@resize_w875_nl 1x, https:\/\/down-vn.img.susercontent.com\/file\/sg-11134202-7rces-ltn9trge9uvlb8@resize_w1750_nl 2x\" src=\"https:\/\/down-vn.img.susercontent.com\/file\/sg-11134202-7rces-ltn9trge9uvlb8\" height=\"1040\"><\/picture><\/div>\n<\/div>\n<div class=\"QN2lPu\">\n<div style=\"position: relative; width: 100%; padding-bottom: 118.906%;\"><picture class=\"UkIsx8\"><source srcset=\"https:\/\/down-vn.img.susercontent.com\/file\/sg-11134202-7rccp-ltn9tsv665957f@resize_w875_nl.webp 1x, https:\/\/down-vn.img.susercontent.com\/file\/sg-11134202-7rccp-ltn9tsv665957f@resize_w1750_nl.webp 2x\" type=\"image\/webp\" class=\"UkIsx8\"><img decoding=\"async\" width=\"875\" loading=\"lazy\" class=\"uXN1L5 lazyload GqYslU\" srcset=\"https:\/\/down-vn.img.susercontent.com\/file\/sg-11134202-7rccp-ltn9tsv665957f@resize_w875_nl 1x, https:\/\/down-vn.img.susercontent.com\/file\/sg-11134202-7rccp-ltn9tsv665957f@resize_w1750_nl 2x\" src=\"https:\/\/down-vn.img.susercontent.com\/file\/sg-11134202-7rccp-ltn9tsv665957f\" height=\"1040\"><\/picture><\/div>\n<\/div>\n<div class=\"QN2lPu\">\n<div style=\"position: relative; width: 100%; padding-bottom: 118.906%;\"><picture class=\"UkIsx8\"><source srcset=\"https:\/\/down-vn.img.susercontent.com\/file\/sg-11134202-7rcec-ltn9tucg06ts39@resize_w875_nl.webp 1x, https:\/\/down-vn.img.susercontent.com\/file\/sg-11134202-7rcec-ltn9tucg06ts39@resize_w1750_nl.webp 2x\" type=\"image\/webp\" class=\"UkIsx8\"><img decoding=\"async\" width=\"875\" loading=\"lazy\" class=\"uXN1L5 lazyload GqYslU\" srcset=\"https:\/\/down-vn.img.susercontent.com\/file\/sg-11134202-7rcec-ltn9tucg06ts39@resize_w875_nl 1x, https:\/\/down-vn.img.susercontent.com\/file\/sg-11134202-7rcec-ltn9tucg06ts39@resize_w1750_nl 2x\" src=\"https:\/\/down-vn.img.susercontent.com\/file\/sg-11134202-7rcec-ltn9tucg06ts39\" height=\"1040\"><\/picture><\/div>\n<\/div>\n<div class=\"QN2lPu\">\n<div style=\"position: relative; width: 100%; padding-bottom: 118.906%;\"><picture class=\"UkIsx8\"><source srcset=\"https:\/\/down-vn.img.susercontent.com\/file\/sg-11134202-7rce9-ltn9tup7hi9ycc@resize_w875_nl.webp 1x, https:\/\/down-vn.img.susercontent.com\/file\/sg-11134202-7rce9-ltn9tup7hi9ycc@resize_w1750_nl.webp 2x\" type=\"image\/webp\" class=\"UkIsx8\"><img decoding=\"async\" width=\"875\" loading=\"lazy\" class=\"uXN1L5 lazyload QSLoEa GqYslU\" srcset=\"https:\/\/down-vn.img.susercontent.com\/file\/sg-11134202-7rce9-ltn9tup7hi9ycc@resize_w875_nl 1x, https:\/\/down-vn.img.susercontent.com\/file\/sg-11134202-7rce9-ltn9tup7hi9ycc@resize_w1750_nl 2x\" src=\"https:\/\/down-vn.img.susercontent.com\/file\/sg-11134202-7rce9-ltn9tup7hi9ycc\" height=\"1040\"><\/picture><\/div>\n<\/div>\n<div class=\"QN2lPu\">\n<div style=\"position: relative; width: 100%; padding-bottom: 118.906%;\"><picture class=\"UkIsx8\"><source srcset=\"https:\/\/down-vn.img.susercontent.com\/file\/sg-11134202-7rccl-ltn9tv28yf318f@resize_w875_nl.webp 1x, https:\/\/down-vn.img.susercontent.com\/file\/sg-11134202-7rccl-ltn9tv28yf318f@resize_w1750_nl.webp 2x\" type=\"image\/webp\" class=\"UkIsx8\"><img decoding=\"async\" width=\"875\" loading=\"lazy\" class=\"uXN1L5 lazyload QSLoEa GqYslU\" srcset=\"https:\/\/down-vn.img.susercontent.com\/file\/sg-11134202-7rccl-ltn9tv28yf318f@resize_w875_nl 1x, https:\/\/down-vn.img.susercontent.com\/file\/sg-11134202-7rccl-ltn9tv28yf318f@resize_w1750_nl 2x\" src=\"https:\/\/down-vn.img.susercontent.com\/file\/sg-11134202-7rccl-ltn9tv28yf318f\" height=\"1040\"><\/picture><\/div>\n<\/div>\n<div class=\"QN2lPu\">\n<div style=\"position: relative; width: 100%; padding-bottom: 118.906%;\"><picture class=\"UkIsx8\"><source srcset=\"https:\/\/down-vn.img.susercontent.com\/file\/sg-11134202-7rcdn-ltn9tv9gnv2uae@resize_w875_nl.webp 1x, https:\/\/down-vn.img.susercontent.com\/file\/sg-11134202-7rcdn-ltn9tv9gnv2uae@resize_w1750_nl.webp 2x\" type=\"image\/webp\" class=\"UkIsx8\"><img decoding=\"async\" width=\"875\" loading=\"lazy\" class=\"uXN1L5 lazyload QSLoEa GqYslU\" srcset=\"https:\/\/down-vn.img.susercontent.com\/file\/sg-11134202-7rcdn-ltn9tv9gnv2uae@resize_w875_nl 1x, https:\/\/down-vn.img.susercontent.com\/file\/sg-11134202-7rcdn-ltn9tv9gnv2uae@resize_w1750_nl 2x\" src=\"https:\/\/down-vn.img.susercontent.com\/file\/sg-11134202-7rcdn-ltn9tv9gnv2uae\" height=\"1040\"><\/picture><\/div>\n<\/div>\n<div class=\"QN2lPu\">\n<div style=\"position: relative; width: 100%; padding-bottom: 118.906%;\"><picture class=\"UkIsx8\"><source srcset=\"https:\/\/down-vn.img.susercontent.com\/file\/sg-11134202-7rcdu-ltn9tx9bqp5wed@resize_w875_nl.webp 1x, https:\/\/down-vn.img.susercontent.com\/file\/sg-11134202-7rcdu-ltn9tx9bqp5wed@resize_w1750_nl.webp 2x\" type=\"image\/webp\" class=\"UkIsx8\"><img decoding=\"async\" width=\"875\" loading=\"lazy\" class=\"uXN1L5 lazyload QSLoEa GqYslU\" srcset=\"https:\/\/down-vn.img.susercontent.com\/file\/sg-11134202-7rcdu-ltn9tx9bqp5wed@resize_w875_nl 1x, https:\/\/down-vn.img.susercontent.com\/file\/sg-11134202-7rcdu-ltn9tx9bqp5wed@resize_w1750_nl 2x\" src=\"https:\/\/down-vn.img.susercontent.com\/file\/sg-11134202-7rcdu-ltn9tx9bqp5wed\" height=\"1040\"><\/picture><\/div>\n<\/div>\n<\/div>\n","protected":false},"excerpt":{"rendered":"<p>\u00c1CH CH\u1eccN SIZE Gi\u00e0y Sneaker Nam: Chi\u1ec1u d\u00e0i b\u00e0n ch\u00e2n (\u0111o t\u1eeb g\u00f3t ch\u00e2n \u0111\u1ebfn ng\u00f3n c\u00e1i) v\u00e0 Chi\u1ec1u r\u1ed9ng b\u00e0n ch\u00e2n PH\u1ea2I NH\u1ece H\u01a0N KICH TH\u01af\u1edaC T\u01af\u01a0NG \u1ee8NG D\u01af\u1edaI \u0110\u00c2Y: Size 39 chi\u1ec1u d\u00e0i b\u00ean trong Gi\u00e0y 24.5cm, Chi\u1ec1u r\u1ed9ng b\u00ean trong Gi\u00e0y 9.5cm Size 40 chi\u1ec1u d\u00e0i b\u00ean trong Gi\u00e0y 25cm, Chi\u1ec1u r\u1ed9ng&#8230;<\/p>\n","protected":false},"featured_media":21291,"comment_status":"open","ping_status":"closed","template":"","meta":[],"product_brand":[],"product_cat":[1313],"product_tag":[],"class_list":{"0":"post-21257","1":"product","2":"type-product","3":"status-publish","4":"has-post-thumbnail","6":"product_cat-giay-the-thao-sneakers","8":"first","9":"instock","10":"sale","11":"shipping-taxable","12":"product-type-variable"},"_links":{"self":[{"href":"https:\/\/web-ban-le.mbws.vn\/giay-dep-nam-nu\/wp-json\/wp\/v2\/product\/21257","targetHints":{"allow":["GET"]}}],"collection":[{"href":"https:\/\/web-ban-le.mbws.vn\/giay-dep-nam-nu\/wp-json\/wp\/v2\/product"}],"about":[{"href":"https:\/\/web-ban-le.mbws.vn\/giay-dep-nam-nu\/wp-json\/wp\/v2\/types\/product"}],"replies":[{"embeddable":true,"href":"https:\/\/web-ban-le.mbws.vn\/giay-dep-nam-nu\/wp-json\/wp\/v2\/comments?post=21257"}],"wp:featuredmedia":[{"embeddable":true,"href":"https:\/\/web-ban-le.mbws.vn\/giay-dep-nam-nu\/wp-json\/wp\/v2\/media\/21291"}],"wp:attachment":[{"href":"https:\/\/web-ban-le.mbws.vn\/giay-dep-nam-nu\/wp-json\/wp\/v2\/media?parent=21257"}],"wp:term":[{"taxonomy":"product_brand","embeddable":true,"href":"https:\/\/web-ban-le.mbws.vn\/giay-dep-nam-nu\/wp-json\/wp\/v2\/product_brand?post=21257"},{"taxonomy":"product_cat","embeddable":true,"href":"https:\/\/web-ban-le.mbws.vn\/giay-dep-nam-nu\/wp-json\/wp\/v2\/product_cat?post=21257"},{"taxonomy":"product_tag","embeddable":true,"href":"https:\/\/web-ban-le.mbws.vn\/giay-dep-nam-nu\/wp-json\/wp\/v2\/product_tag?post=21257"}],"curies":[{"name":"wp","href":"https:\/\/api.w.org\/{rel}","templated":true}]}}