{"id":21489,"date":"2025-11-14T11:14:53","date_gmt":"2025-11-14T04:14:53","guid":{"rendered":"https:\/\/web-ban-le.mbws.vn\/giay-dep-nam-nu\/?post_type=product&#038;p=21489"},"modified":"2025-11-14T11:15:09","modified_gmt":"2025-11-14T04:15:09","slug":"giay-nam-lucky-185-giay-the-thao-nam-vai-thoang-khi-kieu-dang-basic-de-phoi-do","status":"publish","type":"product","link":"https:\/\/web-ban-le.mbws.vn\/giay-dep-nam-nu\/san-pham\/giay-nam-lucky-185-giay-the-thao-nam-vai-thoang-khi-kieu-dang-basic-de-phoi-do\/","title":{"rendered":"Gi\u00e0y Nam Lucky 185, Gi\u00e0y Th\u1ec3 Thao Nam V\u1ea3i Tho\u00e1ng Kh\u00ed, Ki\u1ec3u D\u00e1ng Basic D\u1ec5 Ph\u1ed1i \u0110\u1ed3"},"content":{"rendered":"<div class=\"e8lZp3\">\n<p class=\"QN2lPu\">\u2022 Ch\u1ea5t li\u1ec7u: da <\/p>\n<p class=\"QN2lPu\">\u2022 \u0110\u1ebf cao su mang l\u1ea1i s\u1ef1 \u00eam \u00e1i khi \u0111i. <\/p>\n<p class=\"QN2lPu\">\u2022 Thi\u1ebft k\u1ebf phong c\u00e1ch, tr\u1ebb trung, n\u0103ng \u0111\u1ed9ng, t\u00f4n d\u00e1ng khi \u0111i. <\/p>\n<p class=\"QN2lPu\">\u2022 Form \u00f4m ch\u00e2n tho\u1ea3i m\u00e1i ngay c\u1ea3 khi mang gi\u00e0y c\u1ea3 ng\u00e0y d\u00e0i. <\/p>\n<p class=\"QN2lPu\">\u2022 Theo d\u00f5i shop \u0111\u1ec3 nh\u1eadn th\u00eam voucher c\u0169ng nh\u01b0 \u01b0u \u0111\u00e3i ri\u00eang nh\u00e9<\/p>\n<p class=\"QN2lPu\">B\u1ea3ng size gi\u00e0y form chu\u1ea9n cho c\u00e1c b\u1ea1n tham kh\u1ea3o ho\u1eb7c c\u00f3 th\u1ec3 ch\u1ecdn size m\u00e0 m\u00ecnh hay \u0111i<\/p>\n<p class=\"QN2lPu\">\u2022 Size 39: 24-24.5cm <\/p>\n<p class=\"QN2lPu\">\u2022 Size 40: 24.5-25cm <\/p>\n<p class=\"QN2lPu\">\u2022 Size 41: 25-25.5cm <\/p>\n<p class=\"QN2lPu\">\u2022 Size 42: 25.5-26cm <\/p>\n<p class=\"QN2lPu\">\u2022 Size 43: 26-26.5cm <\/p>\n<p class=\"QN2lPu\">\u2022 Size 44: 26.5-27cm<\/p>\n<p class=\"QN2lPu\">\n<p class=\"QN2lPu\">#giaynam #giay #the #thao #nam #sneaker #giaythethaonam #giaysneaker #gia #re #dep #giayluoi #giaycongso #giaytangchieucao #giaytrang #giaytapgym #giaychaybo #giaynamstore<\/p>\n<\/div>\n","protected":false},"excerpt":{"rendered":"<p>\u2022 Ch\u1ea5t li\u1ec7u: da \u2022 \u0110\u1ebf cao su mang l\u1ea1i s\u1ef1 \u00eam \u00e1i khi \u0111i. \u2022 Thi\u1ebft k\u1ebf phong c\u00e1ch, tr\u1ebb trung, n\u0103ng \u0111\u1ed9ng, t\u00f4n d\u00e1ng khi \u0111i. \u2022 Form \u00f4m ch\u00e2n tho\u1ea3i m\u00e1i ngay c\u1ea3 khi mang gi\u00e0y c\u1ea3 ng\u00e0y d\u00e0i. \u2022 Theo d\u00f5i shop \u0111\u1ec3 nh\u1eadn th\u00eam voucher c\u0169ng nh\u01b0 \u01b0u \u0111\u00e3i ri\u00eang&#8230;<\/p>\n","protected":false},"featured_media":21502,"comment_status":"open","ping_status":"closed","template":"","meta":[],"product_brand":[],"product_cat":[1313],"product_tag":[],"class_list":{"0":"post-21489","1":"product","2":"type-product","3":"status-publish","4":"has-post-thumbnail","6":"product_cat-giay-the-thao-sneakers","8":"first","9":"instock","10":"sale","11":"shipping-taxable","12":"product-type-variable"},"_links":{"self":[{"href":"https:\/\/web-ban-le.mbws.vn\/giay-dep-nam-nu\/wp-json\/wp\/v2\/product\/21489","targetHints":{"allow":["GET"]}}],"collection":[{"href":"https:\/\/web-ban-le.mbws.vn\/giay-dep-nam-nu\/wp-json\/wp\/v2\/product"}],"about":[{"href":"https:\/\/web-ban-le.mbws.vn\/giay-dep-nam-nu\/wp-json\/wp\/v2\/types\/product"}],"replies":[{"embeddable":true,"href":"https:\/\/web-ban-le.mbws.vn\/giay-dep-nam-nu\/wp-json\/wp\/v2\/comments?post=21489"}],"wp:featuredmedia":[{"embeddable":true,"href":"https:\/\/web-ban-le.mbws.vn\/giay-dep-nam-nu\/wp-json\/wp\/v2\/media\/21502"}],"wp:attachment":[{"href":"https:\/\/web-ban-le.mbws.vn\/giay-dep-nam-nu\/wp-json\/wp\/v2\/media?parent=21489"}],"wp:term":[{"taxonomy":"product_brand","embeddable":true,"href":"https:\/\/web-ban-le.mbws.vn\/giay-dep-nam-nu\/wp-json\/wp\/v2\/product_brand?post=21489"},{"taxonomy":"product_cat","embeddable":true,"href":"https:\/\/web-ban-le.mbws.vn\/giay-dep-nam-nu\/wp-json\/wp\/v2\/product_cat?post=21489"},{"taxonomy":"product_tag","embeddable":true,"href":"https:\/\/web-ban-le.mbws.vn\/giay-dep-nam-nu\/wp-json\/wp\/v2\/product_tag?post=21489"}],"curies":[{"name":"wp","href":"https:\/\/api.w.org\/{rel}","templated":true}]}}